{"id":27216,"date":"2025-08-14T11:20:44","date_gmt":"2025-08-14T11:20:44","guid":{"rendered":"https:\/\/globalsourcechemicals.com\/?page_id=27216"},"modified":"2025-10-13T09:52:58","modified_gmt":"2025-10-13T09:52:58","slug":"navrat","status":"publish","type":"page","link":"https:\/\/globalsourcechemicals.com\/sk\/navrat\/","title":{"rendered":"Vr\u00e1tenie tovaru"},"content":{"rendered":"<p><strong>Z\u00e1sady vr\u00e1tenia tovaru<\/strong><\/p>\n\n\n\n<p>Pod\u013ea z\u00e1kona o predaji na dia\u013eku maj\u00fa spotrebitelia pri n\u00e1kupoch online pr\u00e1vo na 14-d\u0148ov\u00fa lehotu na rozmyslenie odo d\u0148a prevzatia produktu. Po\u010das tejto lehoty m\u00f4\u017ee spotrebite\u013e vr\u00e1ti\u0165 produkt bez udania d\u00f4vodu.<\/p>\n\n\n\n<p><strong>Zmluvn\u00e9 podmienky<\/strong><\/p>\n\n\n\n<p>Uplatnenie pr\u00e1va na odst\u00fapenie od zmluvy podlieha ur\u010dit\u00fdm z\u00e1konn\u00fdm ustanoveniam. Po\u010das lehoty na rozmyslenie mus\u00ed spotrebite\u013e zaobch\u00e1dza\u0165 s v\u00fdrobkom aj s jeho obalom opatrne. Produkt sa smie rozbali\u0165 alebo pou\u017ei\u0165 len v rozsahu potrebnom na pos\u00fadenie, \u010di si spotrebite\u013e \u017eel\u00e1 produkt ponecha\u0165. Ak sa uplatn\u00ed pr\u00e1vo na odst\u00fapenie od zmluvy, produkt mus\u00ed by\u0165 vr\u00e1ten\u00fd na adresu globalsourcechemicals.com spolu so v\u0161etk\u00fdm dodan\u00fdm pr\u00edslu\u0161enstvom v p\u00f4vodnom stave a balen\u00ed.<\/p>\n\n\n\n<p>Produkty, ktor\u00e9 s\u00fa vr\u00e1ten\u00e9 po\u0161koden\u00e9, ne\u00fapln\u00e9 alebo boli silne pou\u017e\u00edvan\u00e9, nie s\u00fa opr\u00e1vnen\u00e9 na vr\u00e1tenie pe\u0148az\u00ed v plnej v\u00fd\u0161ke.<\/p>\n\n\n\n<p>N\u00e1klady a rizik\u00e1 spojen\u00e9 so sp\u00e4tnou prepravou zn\u00e1\u0161a z\u00e1kazn\u00edk. Spolo\u010dnos\u0165 globalsourcechemicals.com je povinn\u00e1 vr\u00e1ti\u0165 zaplaten\u00fa sumu bez n\u00e1kladov na vr\u00e1tenie do 30 dn\u00ed.<\/p>\n\n\n\n<p><strong>Zru\u0161i\u0165 pred odoslan\u00edm<\/strong><\/p>\n\n\n\n<p>Pokia\u013e objedn\u00e1vka e\u0161te nebola zaplaten\u00e1, zabalen\u00e1 a\/alebo odoslan\u00e1, je mo\u017en\u00e9 ju zru\u0161i\u0165 zaslan\u00edm e-mailu na adresu info<a>@globalsourcechemicals.com<\/a><\/p>\n\n\n\n<p><strong>Vr\u00e1tenie tovaru po prijat\u00ed<\/strong><\/p>\n\n\n\n<p>Po prijat\u00ed objedn\u00e1vky a ak ju chcete vr\u00e1ti\u0165, mus\u00edte najprv posla\u0165 e-mail na adresu info<a>@globalsourcechemicals.com<\/a><\/p>\n\n\n\n<p>Zodpoved\u00e1te iba za n\u00e1klady na spiato\u010dn\u00fa prepravu. Pln\u00e1 n\u00e1hrada v\u00e1m bude vydan\u00e1 po tom, ako spolo\u010dnos\u0165 globalsourcechemicals.com dostane vr\u00e1ten\u00fa polo\u017eku.<\/p>\n\n\n\n<p>Upozor\u0148ujeme, \u017ee bez oh\u013eadu na d\u00f4vod zru\u0161enia mus\u00edte kona\u0165 v z\u00e1konnej lehote. To znamen\u00e1, \u017ee mus\u00edte informova\u0165 globalsourcechemicals.com do 14 dn\u00ed od doru\u010denia va\u0161ej objedn\u00e1vky a produkt vr\u00e1ti\u0165 do 14 dn\u00ed.<\/p>\n\n\n\n<p><strong>Z\u00e1sady vr\u00e1tenia tovaru<\/strong><\/p>\n\n\n\n<p>Produkt m\u00f4\u017eete vr\u00e1ti\u0165 v r\u00e1mci pr\u00e1va na odst\u00fapenie od zmluvy, ak:<\/p>\n\n\n\n<ul class=\"wp-block-list\">\n<li>Produkt nebol pou\u017eit\u00fd.<\/li>\n\n\n\n<li>Nie s\u00fa \u017eiadne vidite\u013en\u00e9 po\u0161kodenia ani zjavn\u00e9 zn\u00e1mky pou\u017e\u00edvania.<\/li>\n\n\n\n<li>Produkt vr\u00e1tane v\u0161etk\u00fdch komponentov sa vracia v rovnakom stave, v akom bol prijat\u00fd.<\/li>\n<\/ul>\n\n\n\n<p>Vr\u00e1ten\u00e1 suma sa m\u00f4\u017ee zn\u00ed\u017ei\u0165, ak:<\/p>\n\n\n\n<ul class=\"wp-block-list\">\n<li>Produkt bol po\u0161koden\u00fd pou\u017e\u00edvate\u013eom alebo po\u010das spiato\u010dnej prepravy.<\/li>\n\n\n\n<li>Obalov\u00fd materi\u00e1l nie je v p\u00f4vodnom stave (napr\u00edklad ak bol obal otvoren\u00fd alebo po\u0161koden\u00fd).<\/li>\n<\/ul>\n\n\n\n<p>Ak odmietnete svoju objedn\u00e1vku alebo jasne neuvediete, \u017ee chcete uplatni\u0165 svoje pr\u00e1vo na odst\u00fapenie od zmluvy v stanovenej lehote, spolo\u010dnos\u0165 globalsourcechemicals.com nem\u00f4\u017ee ur\u010di\u0165, pre\u010do bola objedn\u00e1vka odmietnut\u00e1. V tak\u00fdchto pr\u00edpadoch v\u00e1m bude \u00fa\u010dtovan\u00e1 cena objedn\u00e1vky aj v\u0161etky dodato\u010dn\u00e9 n\u00e1klady. Ste zo z\u00e1kona povinn\u00fd v\u010das informova\u0165 spolo\u010dnos\u0165 Researchchemicalskopen.net o svojom z\u00e1mere vr\u00e1ti\u0165 produkty v dohodnutej lehote.<\/p>\n\n\n\n<p>Vr\u00e1ten\u00e9 produkty musia by\u0165 v rovnakom stave, v akom opustili n\u00e1\u0161 sklad.<\/p>","protected":false},"excerpt":{"rendered":"<p>Z\u00e1sady vr\u00e1tenia tovaru Pod\u013ea z\u00e1kona o predaji na dia\u013eku maj\u00fa spotrebitelia pr\u00e1vo na 14-d\u0148ov\u00fa lehotu na rozmyslenie pri online n\u00e1kupoch.<\/p>","protected":false},"author":1,"featured_media":0,"parent":0,"menu_order":0,"comment_status":"closed","ping_status":"closed","template":"","meta":{"footnotes":""},"class_list":["post-27216","page","type-page","status-publish","hentry"],"_links":{"self":[{"href":"https:\/\/globalsourcechemicals.com\/sk\/wp-json\/wp\/v2\/pages\/27216","targetHints":{"allow":["GET"]}}],"collection":[{"href":"https:\/\/globalsourcechemicals.com\/sk\/wp-json\/wp\/v2\/pages"}],"about":[{"href":"https:\/\/globalsourcechemicals.com\/sk\/wp-json\/wp\/v2\/types\/page"}],"author":[{"embeddable":true,"href":"https:\/\/globalsourcechemicals.com\/sk\/wp-json\/wp\/v2\/users\/1"}],"replies":[{"embeddable":true,"href":"https:\/\/globalsourcechemicals.com\/sk\/wp-json\/wp\/v2\/comments?post=27216"}],"version-history":[{"count":2,"href":"https:\/\/globalsourcechemicals.com\/sk\/wp-json\/wp\/v2\/pages\/27216\/revisions"}],"predecessor-version":[{"id":27515,"href":"https:\/\/globalsourcechemicals.com\/sk\/wp-json\/wp\/v2\/pages\/27216\/revisions\/27515"}],"wp:attachment":[{"href":"https:\/\/globalsourcechemicals.com\/sk\/wp-json\/wp\/v2\/media?parent=27216"}],"curies":[{"name":"pracovn\u00fd list","href":"https:\/\/api.w.org\/{rel}","templated":true}]}}