{"id":27214,"date":"2025-08-14T11:19:38","date_gmt":"2025-08-14T11:19:38","guid":{"rendered":"https:\/\/globalsourcechemicals.com\/?page_id=27214"},"modified":"2025-10-13T09:54:25","modified_gmt":"2025-10-13T09:54:25","slug":"odoslanie","status":"publish","type":"page","link":"https:\/\/globalsourcechemicals.com\/sk\/odoslanie\/","title":{"rendered":"Odoslanie"},"content":{"rendered":"<p>Na globalsourcechemicals.com odosielame bal\u00edky \u010do najr\u00fdchlej\u0161ie. Objedn\u00e1vky zadan\u00e9 pred 17:00 a s prijatou platbou bud\u00fa odoslan\u00e9 v ten ist\u00fd de\u0148, pokia\u013e si nevyberiete mo\u017enos\u0165 \u201eVyzdvihn\u00fa\u0165\u201c.<\/p>\n\n\n\n<p>V\u0161etky objedn\u00e1vky s\u00fa odosielan\u00e9 vami zvolen\u00fdm dopravcom. V\u017edy dostanete k\u00f3d na sledovanie z\u00e1sielky, aby ste mohli sledova\u0165 svoju objedn\u00e1vku.<\/p>\n\n\n\n<p>Ak v\u00e1\u0161 bal\u00edk nebol doru\u010den\u00fd do 10 pracovn\u00fdch dn\u00ed, kontaktujte n\u00e1s, aby sme mohli situ\u00e1ciu \u010falej pre\u0161etri\u0165.<\/p>\n\n\n\n<p><strong>Doprava zdarma Holandsko + Belgicko: objedn\u00e1vka nad 75 \u20ac<\/strong><br><strong>Doprava zdarma do ostatn\u00fdch kraj\u00edn: objedn\u00e1vka nad 250 \u20ac<\/strong><\/p>\n\n\n\n<hr class=\"wp-block-separator has-alpha-channel-opacity\"\/>\n\n\n\n<figure class=\"wp-block-table\"><table class=\"has-fixed-layout\"><tbody><tr><td><strong>Krajina<\/strong><\/td><td><strong>Dodacia lehota<\/strong><br><small><em>Zaplaten\u00e9 pred 17:00,<br>odoslan\u00e9 v ten ist\u00fd de\u0148<\/em><\/small><\/td><td><strong>PostNL<\/strong><\/td><td><strong>DHL<\/strong><\/td><td><strong>DPD<\/strong><\/td><\/tr><tr><td>Holandsko<\/td><td>1-2 pracovn\u00e9 dni<\/td><td>\u20ac4,95<\/td><td>\u20ac4,95<\/td><td>po<\/td><\/tr><tr><td>Belgicko<\/td><td>1 \u2013 4 pracovn\u00e9 dni<\/td><td>\u20ac4,95<\/td><td>\u20ac7,95<\/td><td>po<\/td><\/tr><tr><td>Bulharsko<\/td><td>2-8 pracovn\u00fdch dn\u00ed<\/td><td>po<\/td><td>\u20ac17,95<\/td><td>\u20ac9,95<\/td><\/tr><tr><td>Est\u00f3nsko<\/td><td>2-8 pracovn\u00fdch dn\u00ed<\/td><td>po<\/td><td>\u20ac34,95<\/td><td>\u20ac14,95<\/td><\/tr><tr><td>Franc\u00fazsko<\/td><td>2-8 pracovn\u00fdch dn\u00ed<\/td><td>po<\/td><td>\u20ac12,95<\/td><td>\u20ac8,95<\/td><\/tr><tr><td>Gr\u00e9cko<\/td><td>2-8 pracovn\u00fdch dn\u00ed<\/td><td>po<\/td><td>\u20ac14,95<\/td><td>\u20ac39,95<\/td><\/tr><tr><td>Ma\u010farsko<\/td><td>2-8 pracovn\u00fdch dn\u00ed<\/td><td>po<\/td><td>\u20ac14,95<\/td><td>\u20ac9,95<\/td><\/tr><tr><td>\u00cdrsko<\/td><td>2-8 pracovn\u00fdch dn\u00ed<\/td><td>po<\/td><td>\u20ac12,95<\/td><td>\u20ac24,95<\/td><\/tr><tr><td>Taliansko<\/td><td>2-8 pracovn\u00fdch dn\u00ed<\/td><td>po<\/td><td>\u20ac10,95<\/td><td>\u20ac9,95<\/td><\/tr><tr><td>Chorv\u00e1tsko<\/td><td>2-8 pracovn\u00fdch dn\u00ed<\/td><td>po<\/td><td>\u20ac19,95<\/td><td>\u20ac10,95<\/td><\/tr><tr><td>Loty\u0161sko<\/td><td>2-8 pracovn\u00fdch dn\u00ed<\/td><td>po<\/td><td>\u20ac34,95<\/td><td>\u20ac15,95<\/td><\/tr><tr><td>Litva<\/td><td>2-8 pracovn\u00fdch dn\u00ed<\/td><td>po<\/td><td>\u20ac34,95<\/td><td>\u20ac12,95<\/td><\/tr><tr><td>Luxembursko<\/td><td>2-8 pracovn\u00fdch dn\u00ed<\/td><td>po<\/td><td>po<\/td><td>\u20ac8,95<\/td><\/tr><tr><td>Rak\u00fasko<\/td><td>2-8 pracovn\u00fdch dn\u00ed<\/td><td>po<\/td><td>\u20ac11,95<\/td><td>\u20ac9,95<\/td><\/tr><tr><td>Po\u013esko<\/td><td>2-8 pracovn\u00fdch dn\u00ed<\/td><td>po<\/td><td>\u20ac14,95<\/td><td>\u20ac9,95<\/td><\/tr><tr><td>Portugalsko<\/td><td>2-8 pracovn\u00fdch dn\u00ed<\/td><td>po<\/td><td>\u20ac19,95<\/td><td>\u20ac9,95<\/td><\/tr><tr><td>Rumunsko<\/td><td>2-8 pracovn\u00fdch dn\u00ed<\/td><td>po<\/td><td>\u20ac16,95<\/td><td>\u20ac9,95<\/td><\/tr><tr><td>Slovinsko<\/td><td>2-8 pracovn\u00fdch dn\u00ed<\/td><td>po<\/td><td>\u20ac18,95<\/td><td>\u20ac12,95<\/td><\/tr><tr><td>Slovensko<\/td><td>2-8 pracovn\u00fdch dn\u00ed<\/td><td>po<\/td><td>\u20ac18,95<\/td><td>\u20ac12,95<\/td><\/tr><tr><td>\u010cesk\u00e1 republika<\/td><td>2-8 pracovn\u00fdch dn\u00ed<\/td><td>po<\/td><td>\u20ac14,95<\/td><td>\u20ac11,95<\/td><\/tr><\/tbody><\/table><\/figure>","protected":false},"excerpt":{"rendered":"<p>Bij de globalsourcechemicals.com versturen we pakketten zo snel mogelijk. Elke bestelling die v\u00f3\u00f3r 17:00u is besteld waarvan de betaling bij<\/p>","protected":false},"author":1,"featured_media":0,"parent":0,"menu_order":0,"comment_status":"closed","ping_status":"closed","template":"","meta":{"footnotes":""},"class_list":["post-27214","page","type-page","status-publish","hentry"],"_links":{"self":[{"href":"https:\/\/globalsourcechemicals.com\/sk\/wp-json\/wp\/v2\/pages\/27214","targetHints":{"allow":["GET"]}}],"collection":[{"href":"https:\/\/globalsourcechemicals.com\/sk\/wp-json\/wp\/v2\/pages"}],"about":[{"href":"https:\/\/globalsourcechemicals.com\/sk\/wp-json\/wp\/v2\/types\/page"}],"author":[{"embeddable":true,"href":"https:\/\/globalsourcechemicals.com\/sk\/wp-json\/wp\/v2\/users\/1"}],"replies":[{"embeddable":true,"href":"https:\/\/globalsourcechemicals.com\/sk\/wp-json\/wp\/v2\/comments?post=27214"}],"version-history":[{"count":2,"href":"https:\/\/globalsourcechemicals.com\/sk\/wp-json\/wp\/v2\/pages\/27214\/revisions"}],"predecessor-version":[{"id":28552,"href":"https:\/\/globalsourcechemicals.com\/sk\/wp-json\/wp\/v2\/pages\/27214\/revisions\/28552"}],"wp:attachment":[{"href":"https:\/\/globalsourcechemicals.com\/sk\/wp-json\/wp\/v2\/media?parent=27214"}],"curies":[{"name":"pracovn\u00fd list","href":"https:\/\/api.w.org\/{rel}","templated":true}]}}