{"id":27210,"date":"2025-08-14T11:12:54","date_gmt":"2025-08-14T11:12:54","guid":{"rendered":"https:\/\/globalsourcechemicals.com\/?page_id=27210"},"modified":"2025-10-13T09:44:09","modified_gmt":"2025-10-13T09:44:09","slug":"dodacia-lehota-a-naklady-na-dopravu","status":"publish","type":"page","link":"https:\/\/globalsourcechemicals.com\/sk\/dodacia-lehota-a-naklady-na-dopravu\/","title":{"rendered":"Dodacia lehota a n\u00e1klady na dopravu"},"content":{"rendered":"<p>Dodacia lehota a n\u00e1klady na dopravu<br>Sna\u017e\u00edme sa va\u0161u objedn\u00e1vku doru\u010di\u0165 \u010do najr\u00fdchlej\u0161ie. Objedn\u00e1vky zadan\u00e9 v pracovn\u00e9 dni pred 17:00 odosielame v ten ist\u00fd de\u0148. Nie je to v\u0161ak v\u017edy mo\u017en\u00e9; niekedy s\u00fa produkty vypredan\u00e9 a doru\u010denie m\u00f4\u017ee trva\u0165 o nie\u010do dlh\u0161ie. Dodacia lehota je uveden\u00e1 na str\u00e1nke produktu. Ak z ak\u00e9hoko\u013evek d\u00f4vodu nebudeme m\u00f4c\u0165 t\u00fato dodaciu lehotu dodr\u017ea\u0165, budeme v\u00e1s samozrejme \u010do najsk\u00f4r informova\u0165.<\/p>\n\n\n\n<p>Po uskuto\u010dnen\u00ed n\u00e1kupu v\u00e1m po\u0161leme potvrdzovac\u00ed e-mail. Tento e-mail obsahuje \u010d\u00edslo va\u0161ej objedn\u00e1vky, pomocou ktor\u00e9ho si m\u00f4\u017eete skontrolova\u0165 stav n\u00e1kupu. Po zabalen\u00ed a odoslan\u00ed objedn\u00e1vky dostanete \u010fal\u0161\u00ed e-mail s podrobnos\u0165ami o va\u0161om n\u00e1kupe. Odpor\u00fa\u010dame skontrolova\u0165 prie\u010dinok so spamom, preto\u017ee potvrdzovac\u00ed e-mail sa mohol dosta\u0165 do\u0148. Ak ste e-mail nedostali do jedn\u00e9ho pracovn\u00e9ho d\u0148a a skontrolovali ste si prie\u010dinok so spamom, ihne\u010f n\u00e1s kontaktujte.<\/p>\n\n\n\n<p>Dod\u00e1vate\u013esk\u00e1 slu\u017eba chemik\u00e1li\u00ed od spolo\u010dnosti Global Source<br>Objedn\u00e1vky zadan\u00e9 na globalsourcechemicals.com pred 17:00 v Holandsku bud\u00fa doru\u010den\u00e9 nasleduj\u00faci pracovn\u00fd de\u0148, s v\u00fdnimkou Waddensk\u00fdch ostrovov z d\u00f4vodu me\u0161kan\u00ed sp\u00f4soben\u00fdch prepravou. PostNL zaru\u010duje bezpe\u010dn\u00e9 a r\u00fdchle doru\u010denie. Pri objedn\u00e1vkach nad 50 \u20ac v na\u0161om internetovom obchode je doprava v r\u00e1mci Holandska bezplatn\u00e1.<\/p>\n\n\n\n<p>Diskr\u00e9tne a anonymn\u00e9 balenie<br>Na\u0161e produkty s\u00fa balen\u00e9 diskr\u00e9tne a anonymne, tak\u017ee nikto nevid\u00ed, \u010do ste si objednali. Na vonkaj\u0161ej strane bal\u00edka je vytla\u010den\u00e1 iba va\u0161a dodacia adresa.<\/p>\n\n\n\n<p>Doru\u010denie va\u0161ich objedn\u00e1vok<br>Na prevzatie objedn\u00e1vky mus\u00edte by\u0165 v de\u0148 doru\u010denia doma. Ak nie ste doma, objedn\u00e1vka bude nieko\u013ekokr\u00e1t odoslan\u00e1 v z\u00e1vislosti od dopravcu. Ak st\u00e1le nie ste doma, doru\u010dovate\u013e sa pok\u00fasi doru\u010di\u0165 ju susedovi alebo na bl\u00edzke zbern\u00e9 miesto. Doru\u010dovate\u013e v\u00e1m v\u017edy zanech\u00e1 odkaz s inform\u00e1ciou o polohe v\u00e1\u0161ho bal\u00edka. Spolo\u010dnos\u0165 globalsourcechemicals.com zabezpe\u010d\u00ed doru\u010denie na zbern\u00e9 miesto, po ktorom si ho budete musie\u0165 vyzdvihn\u00fa\u0165 sami. Doru\u010dovanie sa zvy\u010dajne uskuto\u010d\u0148uje od utorka do soboty medzi 8:00 a 18:00. Z d\u00f4vodu z\u00e1vislosti dopravcu nem\u00f4\u017eeme zaru\u010di\u0165 presn\u00e9 \u010dasy doru\u010denia.<\/p>\n\n\n\n<p>Po\u0161tovn\u00e9 a prepravn\u00e9 n\u00e1klady do eur\u00f3pskych kraj\u00edn<br>V Holandsku si m\u00f4\u017eete vybra\u0165 z nasleduj\u00facich mo\u017enost\u00ed doru\u010denia:<\/p>\n\n\n\n<p>Po\u0161tov\u00e1 z\u00e1sielka so sledovan\u00edm z\u00e1sielky, tak\u017ee m\u00f4\u017eete sledova\u0165 svoju objedn\u00e1vku, za 4,75 \u20ac. Objedn\u00e1vky nad 50 \u20ac s\u00fa v r\u00e1mci Holandska doru\u010dovan\u00e9 bezplatne.<\/p>\n\n\n\n<p>V Belgicku s\u00fa mo\u017enosti:<\/p>\n\n\n\n<p>Po\u0161tov\u00e1 z\u00e1sielka so sledovan\u00edm z\u00e1sielky za 9,95 \u20ac. Objedn\u00e1vky nad 100 \u20ac s\u00fa v r\u00e1mci Belgicka doru\u010dovan\u00e9 zdarma.<\/p>\n\n\n\n<p>Upozornenie: Objedn\u00e1vky zadan\u00e9 mimo Holandska odosielate na vlastn\u00e9 riziko! (Aktu\u00e1lne ceny a sp\u00f4soby dopravy n\u00e1jdete na na\u0161ej str\u00e1nke platby.)<\/p>\n\n\n\n<p>Ni\u017e\u0161ie n\u00e1jdete tabu\u013eku s cenami dopravy pod\u013ea krajiny:<\/p>\n\n\n\n<p>Pokyny pre bezpe\u010dnos\u0165 v\u00fdrobkov<br>Zd\u00f4raz\u0148ujeme, \u017ee na\u0161e produkty na globalsourcechemicals.com s\u00fa ur\u010den\u00e9 len na v\u00fdskumn\u00e9 \u00fa\u010dely a nie na osobn\u00e9 pou\u017eitie. Pred n\u00e1kupom na globalsourcechemicals.com si pre\u010d\u00edtajte na\u0161e zmluvn\u00e9 podmienky a bezpe\u010dnostn\u00e9 pokyny. Ak z ak\u00e9hoko\u013evek d\u00f4vodu nie ste spokojn\u00ed s objedn\u00e1vkou, pre\u010d\u00edtajte si na\u0161e podmienky vr\u00e1tenia tovaru.<\/p>\n\n\n\n<p><\/p>","protected":false},"excerpt":{"rendered":"<p>Levertijd en verzendkostenWe doen ons best om de bestelling zo snel mogelijk bij u af te leveren. Bestellingen die op<\/p>","protected":false},"author":1,"featured_media":0,"parent":0,"menu_order":0,"comment_status":"closed","ping_status":"closed","template":"","meta":{"footnotes":""},"class_list":["post-27210","page","type-page","status-publish","hentry"],"_links":{"self":[{"href":"https:\/\/globalsourcechemicals.com\/sk\/wp-json\/wp\/v2\/pages\/27210","targetHints":{"allow":["GET"]}}],"collection":[{"href":"https:\/\/globalsourcechemicals.com\/sk\/wp-json\/wp\/v2\/pages"}],"about":[{"href":"https:\/\/globalsourcechemicals.com\/sk\/wp-json\/wp\/v2\/types\/page"}],"author":[{"embeddable":true,"href":"https:\/\/globalsourcechemicals.com\/sk\/wp-json\/wp\/v2\/users\/1"}],"replies":[{"embeddable":true,"href":"https:\/\/globalsourcechemicals.com\/sk\/wp-json\/wp\/v2\/comments?post=27210"}],"version-history":[{"count":3,"href":"https:\/\/globalsourcechemicals.com\/sk\/wp-json\/wp\/v2\/pages\/27210\/revisions"}],"predecessor-version":[{"id":28543,"href":"https:\/\/globalsourcechemicals.com\/sk\/wp-json\/wp\/v2\/pages\/27210\/revisions\/28543"}],"wp:attachment":[{"href":"https:\/\/globalsourcechemicals.com\/sk\/wp-json\/wp\/v2\/media?parent=27210"}],"curies":[{"name":"pracovn\u00fd list","href":"https:\/\/api.w.org\/{rel}","templated":true}]}}