{"id":27204,"date":"2025-08-14T10:59:23","date_gmt":"2025-08-14T10:59:23","guid":{"rendered":"https:\/\/globalsourcechemicals.com\/?page_id=27204"},"modified":"2025-10-03T19:35:52","modified_gmt":"2025-10-03T19:35:52","slug":"pravo-na-odstupenie-od-zmluvy","status":"publish","type":"page","link":"https:\/\/globalsourcechemicals.com\/sk\/pravo-na-odstupenie-od-zmluvy\/","title":{"rendered":"Pr\u00e1vo na odst\u00fapenie od zmluvy"},"content":{"rendered":"<p>Ako z\u00e1kazn\u00edk m\u00e1te pr\u00e1vo na odst\u00fapenie od zmluvy do 14 dn\u00ed od doru\u010denia objedn\u00e1vky bez udania d\u00f4vodu. Doru\u010den\u00e9 produkty m\u00e1te povolen\u00e9 rozbali\u0165 alebo otestova\u0165 v rozsahu potrebnom na pos\u00fadenie ich vlastnost\u00ed, charakterist\u00edk a funk\u010dnosti. Ak sa rozhodnete uplatni\u0165 si pr\u00e1vo na odst\u00fapenie od zmluvy, mus\u00edte s produktmi zaobch\u00e1dza\u0165 opatrne a vr\u00e1ti\u0165 ich spolo\u010dnosti globalsourcechemicals v p\u00f4vodnom stave a balen\u00ed. Kupuj\u00faci je zodpovedn\u00fd za n\u00e1klady na vr\u00e1tenie produktov. \u010eal\u0161ie inform\u00e1cie o vr\u00e1ten\u00ed produktov n\u00e1jdete v na\u0161ich pokynoch na vr\u00e1tenie a v\u00fdmenu.<\/p>\n\n\n\n<p>V\u00fdnimky pre r\u00fdchlo sa kaziace a hygienick\u00e9 v\u00fdrobky<br>Produkty zak\u00fapen\u00e9 od spolo\u010dnosti globalsourcechemicals s obmedzenou trvanlivos\u0165ou (ako s\u00fa hygienick\u00e9 produkty alebo personalizovan\u00e9 produkty) nie je mo\u017en\u00e9 vr\u00e1ti\u0165, ak je pe\u010da\u0165 po dodan\u00ed poru\u0161en\u00e1. Pr\u00e1vo na odst\u00fapenie od zmluvy sa na t\u00fato kateg\u00f3riu produktov nevz\u0165ahuje. Predaj je kone\u010dn\u00fd po \u00faspe\u0161nom dokon\u010den\u00ed platby, ako je jasne uveden\u00e9 v na\u0161ej ponuke.<\/p>","protected":false},"excerpt":{"rendered":"<p>Als klant heeft u de mogelijkheid om binnen een termijn van 14 dagen na ontvangst van uw bestelling zonder opgave<\/p>","protected":false},"author":1,"featured_media":0,"parent":0,"menu_order":0,"comment_status":"closed","ping_status":"closed","template":"","meta":{"footnotes":""},"class_list":["post-27204","page","type-page","status-publish","hentry"],"_links":{"self":[{"href":"https:\/\/globalsourcechemicals.com\/sk\/wp-json\/wp\/v2\/pages\/27204","targetHints":{"allow":["GET"]}}],"collection":[{"href":"https:\/\/globalsourcechemicals.com\/sk\/wp-json\/wp\/v2\/pages"}],"about":[{"href":"https:\/\/globalsourcechemicals.com\/sk\/wp-json\/wp\/v2\/types\/page"}],"author":[{"embeddable":true,"href":"https:\/\/globalsourcechemicals.com\/sk\/wp-json\/wp\/v2\/users\/1"}],"replies":[{"embeddable":true,"href":"https:\/\/globalsourcechemicals.com\/sk\/wp-json\/wp\/v2\/comments?post=27204"}],"version-history":[{"count":3,"href":"https:\/\/globalsourcechemicals.com\/sk\/wp-json\/wp\/v2\/pages\/27204\/revisions"}],"predecessor-version":[{"id":28532,"href":"https:\/\/globalsourcechemicals.com\/sk\/wp-json\/wp\/v2\/pages\/27204\/revisions\/28532"}],"wp:attachment":[{"href":"https:\/\/globalsourcechemicals.com\/sk\/wp-json\/wp\/v2\/media?parent=27204"}],"curies":[{"name":"pracovn\u00fd list","href":"https:\/\/api.w.org\/{rel}","templated":true}]}}