{"id":171,"date":"2024-10-25T11:14:50","date_gmt":"2024-10-25T11:14:50","guid":{"rendered":"https:\/\/dummy.xtemos.com\/woodmart2\/makeup-elementor\/?page_id=171"},"modified":"2024-10-25T11:14:50","modified_gmt":"2024-10-25T11:14:50","slug":"o-nas","status":"publish","type":"page","link":"https:\/\/globalsourcechemicals.com\/sk\/o-nas\/","title":{"rendered":"O n\u00e1s"},"content":{"rendered":"<div data-elementor-type=\"wp-page\" data-elementor-id=\"171\" class=\"elementor elementor-171\">\n\t\t\t\t<div class=\"wd-negative-gap elementor-element elementor-element-e0982c1 wd-section-stretch color-scheme-light e-flex e-con-boxed e-con e-parent\" data-id=\"e0982c1\" data-element_type=\"container\" data-e-type=\"container\" data-settings=\"{&quot;background_background&quot;:&quot;classic&quot;}\">\n\t\t\t\t\t<div class=\"e-con-inner\">\n\t\t\t\t<div class=\"elementor-element elementor-element-ddf64ce wd-width-100 elementor-widget elementor-widget-wd_title\" data-id=\"ddf64ce\" data-element_type=\"widget\" data-e-type=\"widget\" data-widget_type=\"wd_title.default\">\n\t\t\t\t<div class=\"elementor-widget-container\">\n\t\t\t\t\t\t\t<div class=\"title-wrapper wd-set-mb reset-last-child wd-title-color-default wd-title-style-default wd-title-size-default text-left\">\n\n\t\t\t\n\t\t\t<div class=\"liner-continer\">\n\t\t\t\t<h4 class=\"woodmart-title-container title wd-fontsize-l\">Kompletn\u00fd sortiment kozmetiky na dotyk prsta.<\/h4> \n\t\t\t\t\t\t\t<\/div>\n\n\t\t\t\t\t<\/div>\n\t\t\t\t\t\t<\/div>\n\t\t\t\t<\/div>\n\t\t\t\t<div class=\"elementor-element elementor-element-31f1d95 elementor-widget elementor-widget-wd_text_block\" data-id=\"31f1d95\" data-element_type=\"widget\" data-e-type=\"widget\" data-widget_type=\"wd_text_block.default\">\n\t\t\t\t<div class=\"elementor-widget-container\">\n\t\t\t\t\t\t\t<div class=\"wd-text-block reset-last-child text-left\">\n\t\t\t\n\t\t\t<p>Care to Beauty je o zjednodu\u0161en\u00ed va\u0161ej cesty ku kr\u00e1se a starostlivosti o ple\u0165. Nech ste kdeko\u013evek na svete, ver\u00edme, \u017ee si zasl\u00fa\u017eite tie najlep\u0161ie produkty.<\/p>\n\t\t\t\t\t<\/div>\n\t\t\t\t\t\t<\/div>\n\t\t\t\t<\/div>\n\t\t\t\t<div class=\"elementor-element elementor-element-ba24215 wd-width-100 elementor-widget elementor-widget-wd_images_gallery\" data-id=\"ba24215\" data-element_type=\"widget\" data-e-type=\"widget\" data-widget_type=\"wd_images_gallery.default\">\n\t\t\t\t<div class=\"elementor-widget-container\">\n\t\t\t\t\t\t\t<div class=\"wd-images-gallery wd-carousel-container\" style=\"--wd-align-items:center; --wd-justify-content:center;\">\n\t\t\t\t\t\t\t<div class=\"wd-carousel-inner\">\n\t\t\t\t\t\t<div class=\"wd-carousel wd-grid\" data-scroll_per_page=\"yes\" style=\"--wd-col-lg:3.5;--wd-col-md:3;--wd-col-sm:1;--wd-gap-lg:20px;--wd-gap-sm:10px;--wd-carousel-overflow: visible\">\n\t\t\t\t\t\t\t\t\t<div class=\"wd-carousel-wrap\">\n\t\t\t\t\t\t\t\t\t\t\t\t\t\t\t\t\t\t\t\t\t\t\t\t\t\t\t\t\t\t\t\t\t\t\t\t\t\t\t\t\t\t\t\t<\/div>\n\t\t\t\t\t\t\t\t<\/div>\n\t\t\t\t\t\t\t\t\t\t\t\t\t\t<div class=\"wd-nav-arrows wd-pos-sep wd-hover-1 wd-icon-1\">\n\t\t\t<div class=\"wd-btn-arrow wd-prev wd-disabled\">\n\t\t\t\t<div class=\"wd-arrow-inner\"><\/div>\n\t\t\t<\/div>\n\t\t\t<div class=\"wd-btn-arrow wd-next\">\n\t\t\t\t<div class=\"wd-arrow-inner\"><\/div>\n\t\t\t<\/div>\n\t\t<\/div>\n\t\t\t\t\t\t\n\t\t\t\t<\/div>\n\n\t\t\t\t\t\t\t\t\t\t\t\t\t<\/div>\n\t\t\t\t\t\t<\/div>\n\t\t\t\t<\/div>\n\t\t\t\t\t<\/div>\n\t\t\t\t<\/div>\n\t\t<div class=\"wd-negative-gap elementor-element elementor-element-b5c72e1 e-flex e-con-boxed e-con e-parent\" data-id=\"b5c72e1\" data-element_type=\"container\" data-e-type=\"container\" data-settings=\"{&quot;background_background&quot;:&quot;classic&quot;}\">\n\t\t\t\t\t<div class=\"e-con-inner\">\n\t\t\t\t<div class=\"elementor-element elementor-element-6ae4cf8 wd-width-100 elementor-widget elementor-widget-wd_title\" data-id=\"6ae4cf8\" data-element_type=\"widget\" data-e-type=\"widget\" data-widget_type=\"wd_title.default\">\n\t\t\t\t<div class=\"elementor-widget-container\">\n\t\t\t\t\t\t\t<div class=\"title-wrapper wd-set-mb reset-last-child wd-title-color-default wd-title-style-default wd-title-size-default text-center\">\n\n\t\t\t\n\t\t\t<div class=\"liner-continer\">\n\t\t\t\t<h4 class=\"woodmart-title-container title wd-fontsize-l\">Zozn\u00e1mte sa s t\u00edmom<\/h4> \n\t\t\t\t\t\t\t<\/div>\n\n\t\t\t\t\t\t\t<div class=\"title-after_title reset-last-child wd-fontsize-xs\">\n\t\t\t\t\t<p>Ka\u017ed\u00fd \u010dlen vynik\u00e1 profesion\u00e1lne aj osobne a prispieva svojimi jedine\u010dn\u00fdmi talentmi k vytvoreniu harmonick\u00e9ho a efekt\u00edvneho pracovn\u00e9ho prostredia.<\/p>\t\t\t\t<\/div>\n\t\t\t\t\t<\/div>\n\t\t\t\t\t\t<\/div>\n\t\t\t\t<\/div>\n\t\t\t\t<div class=\"elementor-element elementor-element-73cdcb9 elementor-widget elementor-widget-wd_marquee\" data-id=\"73cdcb9\" data-element_type=\"widget\" data-e-type=\"widget\" data-widget_type=\"wd_marquee.default\">\n\t\t\t\t<div class=\"elementor-widget-container\">\n\t\t\t\t\t\t\t<div class=\"wd-marquee\">\n\t\t\t<div class=\"wd-marquee-content\">\n\t\t\t\t\t\t\t<span class=\"wd-marquee-item\">\n\t\t\t\t\n\t\t\t\t\n\t\t\t\t\t\t\t<\/span>\n\t\t\t\t\t\t<span class=\"wd-marquee-item\">\n\t\t\t\t\n\t\t\t\t\n\t\t\t\t\t\t\t<\/span>\n\t\t\t\t\t\t<span class=\"wd-marquee-item\">\n\t\t\t\t\n\t\t\t\t\n\t\t\t\t\t\t\t<\/span>\n\t\t\t\t\t\t<span class=\"wd-marquee-item\">\n\t\t\t\t\n\t\t\t\t\n\t\t\t\t\t\t\t<\/span>\n\t\t\t\t\t\t<span class=\"wd-marquee-item\">\n\t\t\t\t\n\t\t\t\t\n\t\t\t\t\t\t\t<\/span>\n\t\t\t\t\t\t<span class=\"wd-marquee-item\">\n\t\t\t\t\n\t\t\t\t\n\t\t\t\t\t\t\t<\/span>\n\t\t\t\t\t\t<span class=\"wd-marquee-item\">\n\t\t\t\t\n\t\t\t\t\n\t\t\t\t\t\t\t<\/span>\n\t\t\t\t\t\t<span class=\"wd-marquee-item\">\n\t\t\t\t\n\t\t\t\t\n\t\t\t\t\t\t\t<\/span>\n\t\t\t\t\t\t<span class=\"wd-marquee-item\">\n\t\t\t\t\n\t\t\t\t\n\t\t\t\t\t\t\t<\/span>\n\t\t\t\t\t\t<\/div>\n\t\t\t<div class=\"wd-marquee-content\">\n\t\t\t\t\t\t\t<span class=\"wd-marquee-item\">\n\t\t\t\t\n\t\t\t\t\n\t\t\t\t\t\t\t<\/span>\n\t\t\t\t\t\t<span class=\"wd-marquee-item\">\n\t\t\t\t\n\t\t\t\t\n\t\t\t\t\t\t\t<\/span>\n\t\t\t\t\t\t<span class=\"wd-marquee-item\">\n\t\t\t\t\n\t\t\t\t\n\t\t\t\t\t\t\t<\/span>\n\t\t\t\t\t\t<span class=\"wd-marquee-item\">\n\t\t\t\t\n\t\t\t\t\n\t\t\t\t\t\t\t<\/span>\n\t\t\t\t\t\t<span class=\"wd-marquee-item\">\n\t\t\t\t\n\t\t\t\t\n\t\t\t\t\t\t\t<\/span>\n\t\t\t\t\t\t<span class=\"wd-marquee-item\">\n\t\t\t\t\n\t\t\t\t\n\t\t\t\t\t\t\t<\/span>\n\t\t\t\t\t\t<span class=\"wd-marquee-item\">\n\t\t\t\t\n\t\t\t\t\n\t\t\t\t\t\t\t<\/span>\n\t\t\t\t\t\t<span class=\"wd-marquee-item\">\n\t\t\t\t\n\t\t\t\t\n\t\t\t\t\t\t\t<\/span>\n\t\t\t\t\t\t<span class=\"wd-marquee-item\">\n\t\t\t\t\n\t\t\t\t\n\t\t\t\t\t\t\t<\/span>\n\t\t\t\t\t\t<\/div>\n\t\t<\/div>\n\t\t\t\t\t\t<\/div>\n\t\t\t\t<\/div>\n\t\t\t\t\t<\/div>\n\t\t\t\t<\/div>\n\t\t<div class=\"wd-negative-gap elementor-element elementor-element-2a484a6 e-flex e-con-boxed e-con e-parent\" data-id=\"2a484a6\" data-element_type=\"container\" data-e-type=\"container\">\n\t\t\t\t\t<div class=\"e-con-inner\">\n\t\t<div class=\"elementor-element elementor-element-3f43773 e-con-full color-scheme-light e-flex e-con e-child\" data-id=\"3f43773\" data-element_type=\"container\" data-e-type=\"container\" data-settings=\"{&quot;background_background&quot;:&quot;classic&quot;}\">\n\t\t\t\t<div class=\"elementor-element elementor-element-058753b wd-width-100 elementor-widget elementor-widget-wd_title\" data-id=\"058753b\" data-element_type=\"widget\" data-e-type=\"widget\" data-widget_type=\"wd_title.default\">\n\t\t\t\t<div class=\"elementor-widget-container\">\n\t\t\t\t\t\t\t<div class=\"title-wrapper wd-set-mb reset-last-child wd-title-color-default wd-title-style-default wd-title-size-default text-center\">\n\n\t\t\t\t\t\t\t\t\t\t\t<div class=\"title-subtitle subtitle-color-default subtitle-style-default wd-fontsize-xs\">\n\t\t\t\t\tKozmetick\u00e9 kolekcie\t\t\t\t<\/div>\n\t\t\t\n\t\t\t<div class=\"liner-continer\">\n\t\t\t\t<h4 class=\"woodmart-title-container title wd-fontsize-l\">Ako za\u010d\u00edname s podnikan\u00edm<\/h4> \n\t\t\t\t\t\t\t<\/div>\n\n\t\t\t\t\t<\/div>\n\t\t\t\t\t\t<\/div>\n\t\t\t\t<\/div>\n\t\t\t\t<div class=\"elementor-element elementor-element-5806cc5 wd-width-100 elementor-widget elementor-widget-wd_video\" data-id=\"5806cc5\" data-element_type=\"widget\" data-e-type=\"widget\" data-widget_type=\"wd_video.default\">\n\t\t\t\t<div class=\"elementor-widget-container\">\n\t\t\t\t\t\n\t\t<div class=\"wd-el-video wd-action-play wd-video-youtube text-center\">\n\t\t\t\n\t\t\t\n\t\t\t\t\t\t\t<a href=\"https:\/\/www.youtube.com\/watch?v=XHOmBV4js_E\" class=\"wd-el-video-btn\" aria-label=\"Play video\" target=\"_blank\" rel=\"noopener\">\n\t\t\t\t\t<span class=\"wd-el-video-play-btn\"><\/span>\n\t\t\t\t\t\t\t\t\t<\/a>\n\t\t\t\n\t\t\t\t\t<\/div>\n\t\t\t\t\t\t<\/div>\n\t\t\t\t<\/div>\n\t\t\t\t<\/div>\n\t\t<div class=\"elementor-element elementor-element-24ea206 e-con-full color-scheme-light e-flex e-con e-child\" data-id=\"24ea206\" data-element_type=\"container\" data-e-type=\"container\" data-settings=\"{&quot;background_background&quot;:&quot;classic&quot;}\">\n\t\t<div class=\"elementor-element elementor-element-7fc94d0 e-con-full e-flex e-con e-child\" data-id=\"7fc94d0\" data-element_type=\"container\" data-e-type=\"container\">\n\t\t\t\t<div class=\"elementor-element elementor-element-1aa9f8f wd-width-100 elementor-widget elementor-widget-wd_title\" data-id=\"1aa9f8f\" data-element_type=\"widget\" data-e-type=\"widget\" data-widget_type=\"wd_title.default\">\n\t\t\t\t<div class=\"elementor-widget-container\">\n\t\t\t\t\t\t\t<div class=\"title-wrapper wd-set-mb reset-last-child wd-title-color-default wd-title-style-default wd-title-size-default text-left\">\n\n\t\t\t\n\t\t\t<div class=\"liner-continer\">\n\t\t\t\t<h4 class=\"woodmart-title-container title wd-fontsize-l\">Sta\u0148te sa \u010dlenom klubu<\/h4> \n\t\t\t\t\t\t\t<\/div>\n\n\t\t\t\t\t<\/div>\n\t\t\t\t\t\t<\/div>\n\t\t\t\t<\/div>\n\t\t\t\t<div class=\"elementor-element elementor-element-5963db3 elementor-widget elementor-widget-wd_text_block\" data-id=\"5963db3\" data-element_type=\"widget\" data-e-type=\"widget\" data-widget_type=\"wd_text_block.default\">\n\t\t\t\t<div class=\"elementor-widget-container\">\n\t\t\t\t\t\t\t<div class=\"wd-text-block reset-last-child text-left\">\n\t\t\t\n\t\t\t<p>S ka\u017ed\u00fdm n\u00e1kupom, ktor\u00fd uskuto\u010dn\u00edte, z\u00edskate cashback prip\u00edsan\u00fd na v\u00e1\u0161 \u00fa\u010det Woodmart Club spolu s \u010fal\u0161\u00edmi v\u00fdhodami.<\/p>\n\t\t\t\t\t<\/div>\n\t\t\t\t\t\t<\/div>\n\t\t\t\t<\/div>\n\t\t\t\t<div class=\"elementor-element elementor-element-adc97ee elementor-widget elementor-widget-wd_text_block\" data-id=\"adc97ee\" data-element_type=\"widget\" data-e-type=\"widget\" data-widget_type=\"wd_text_block.default\">\n\t\t\t\t<div class=\"elementor-widget-container\">\n\t\t\t\t\t\t\t<div class=\"wd-text-block reset-last-child text-left\">\n\t\t\t\n\t\t\t<p>Bude sa pou\u017e\u00edva\u0165 v s\u00falade s na\u0161imi <a href=\"#\">Z\u00e1sady ochrany osobn\u00fdch \u00fadajov<\/a><\/p>\n\t\t\t\t\t<\/div>\n\t\t\t\t\t\t<\/div>\n\t\t\t\t<\/div>\n\t\t\t\t<\/div>\n\t\t\t\t<div class=\"elementor-element elementor-element-d79ce9b elementor-widget__width-initial elementor-widget-mobile__width-inherit elementor-widget elementor-widget-wd_image_or_svg\" data-id=\"d79ce9b\" data-element_type=\"widget\" data-e-type=\"widget\" data-widget_type=\"wd_image_or_svg.default\">\n\t\t\t\t<div class=\"elementor-widget-container\">\n\t\t\t\t\t\n\t\t<div class=\"wd-image text-left\">\n\t\t\t\t\t\t\t\t\t\t\t\t\t<\/div>\n\n\t\t\t\t\t\t<\/div>\n\t\t\t\t<\/div>\n\t\t\t\t<\/div>\n\t\t\t\t\t<\/div>\n\t\t\t\t<\/div>\n\t\t<div class=\"wd-negative-gap elementor-element elementor-element-4c5a19c e-flex e-con-boxed e-con e-parent\" data-id=\"4c5a19c\" data-element_type=\"container\" data-e-type=\"container\">\n\t\t\t\t\t<div class=\"e-con-inner\">\n\t\t\t\t<div class=\"elementor-element elementor-element-c82ffb3 elementor-widget elementor-widget-wd_products_brands\" data-id=\"c82ffb3\" data-element_type=\"widget\" data-e-type=\"widget\" data-widget_type=\"wd_products_brands.default\">\n\t\t\t\t<div class=\"elementor-widget-container\">\n\t\t\t\t\t\t\t<div class=\"wd-brands brands-widget slider-brands_7046 wd-hover-default wd-style-default wd-with-bg wd-layout-carousel wd-carousel-container\" id=\"brands_7046\">\n\t\t\t\t\t\t\t<div class=\"wd-carousel-inner\">\n\t\t\t\n\t\t\t<div class=\"wd-carousel wd-grid\" data-scroll_per_page=\"yes\" style=\"--wd-col-lg:7;--wd-col-md:4;--wd-col-sm:2;\">\n\t\t\t\t\t\t\t\t\t<div class=\"wd-carousel-wrap\">\n\t\t\t\t\n\t\t\t\t\t\t\t\t\t\t\t\t\t\t\t\n\t\t\t\t\t\t<div class=\"wd-carousel-item\">\n\t\t\t\t\t\t\t<div class=\"wd-brand-item brand-item\">\n\t\t\t\t\t\t\t\t\t\t\t\t\t\t\t\t\t\t\t\t\t\t\t\t\t\t\t<a title=\"Research Chemical\" href=\"https:\/\/globalsourcechemicals.com\/sk\/zna%c4%8dka\/vyskumna-chemikalia\/\">\n\t\t\t\t\t\t\t\t\t\n\t\t\t\t\t\t\t\t\tResearch Chemical\n\t\t\t\t\t\t\t\t\t\t\t\t\t\t\t\t\t\t\t<\/a>\n\t\t\t\t\t\t\t\t\t\t\t\t\t\t\t\t\t\t\t\t\t\t\t\t<\/div>\n\t\t\t\t\t\t<\/div>\n\t\t\t\t\t\t\t\t\t\t\t\t\t\t\t\t\t\t<\/div>\n\t\t\t\t\t\t\t<\/div>\n\n\t\t\t\t\t\t\t\t\t\t\t\t\t\t<div class=\"wd-nav-arrows wd-pos-sep wd-hover-1 wd-icon-1\">\n\t\t\t<div class=\"wd-btn-arrow wd-prev wd-disabled\">\n\t\t\t\t<div class=\"wd-arrow-inner\"><\/div>\n\t\t\t<\/div>\n\t\t\t<div class=\"wd-btn-arrow wd-next\">\n\t\t\t\t<div class=\"wd-arrow-inner\"><\/div>\n\t\t\t<\/div>\n\t\t<\/div>\n\t\t\t\t\t\t\n\t\t\t\t<\/div>\n\n\t\t\t\t\t\t\t\t\t\t\t\t\t<\/div>\n\t\t\t\t\t\t<\/div>\n\t\t\t\t<\/div>\n\t\t\t\t\t<\/div>\n\t\t\t\t<\/div>\n\t\t<div class=\"wd-negative-gap elementor-element elementor-element-2bf9e11 wd-collapsible-content e-flex e-con-boxed e-con e-parent\" data-id=\"2bf9e11\" data-element_type=\"container\" data-e-type=\"container\">\n\t\t\t\t\t<div class=\"e-con-inner\">\n\t\t\t\t<div class=\"elementor-element elementor-element-5472f22 wd-width-100 elementor-widget elementor-widget-wd_title\" data-id=\"5472f22\" data-element_type=\"widget\" data-e-type=\"widget\" data-widget_type=\"wd_title.default\">\n\t\t\t\t<div class=\"elementor-widget-container\">\n\t\t\t\t\t\t\t<div class=\"title-wrapper wd-set-mb reset-last-child wd-title-color-default wd-title-style-default wd-title-size-default text-left\">\n\n\t\t\t\n\t\t\t<div class=\"liner-continer\">\n\t\t\t\t<h4 class=\"woodmart-title-container title wd-fontsize-l\">L\u00ed\u010denie na \u0161peci\u00e1lne udalosti: za\u017eiarte jedine\u010dne!<\/h4> \n\t\t\t\t\t\t\t<\/div>\n\n\t\t\t\t\t<\/div>\n\t\t\t\t\t\t<\/div>\n\t\t\t\t<\/div>\n\t\t\t\t<div class=\"elementor-element elementor-element-5dcf304 elementor-widget elementor-widget-wd_text_block\" data-id=\"5dcf304\" data-element_type=\"widget\" data-e-type=\"widget\" data-widget_type=\"wd_text_block.default\">\n\t\t\t\t<div class=\"elementor-widget-container\">\n\t\t\t\t\t\t\t<div class=\"wd-text-block reset-last-child text-left\">\n\t\t\t\n\t\t\t<p>\u0160peci\u00e1lny de\u0148 si vy\u017eaduje \u0161peci\u00e1lny vzh\u013ead a \u017eiariv\u00fd make-up bude jeho vrcholom. \u010ci u\u017e ide o svadbu, firemn\u00fa akciu alebo romantick\u00fa ve\u010deru, spr\u00e1vny make-up v\u00e1m pom\u00f4\u017ee c\u00edti\u0165 sa sebavedomo a nezabudnute\u013ene. \u00da\u010dinn\u00e1 rutina starostlivosti o ple\u0165 za\u010d\u00edna \u00fa\u010dinnou starostlivos\u0165ou.\u00a0<em>o\u010dista<\/em>\u00a0rutina. Dne\u0161n\u00e9 \u010distiace prostriedky nie s\u00fa pr\u00edli\u0161 agres\u00edvnymi \u010distiacimi prostriedkami ako v minulosti, ale maj\u00fa \u010dasto jemn\u00e9 a \u0161etrn\u00e9 zlo\u017eenie, ktor\u00e9 dobre vyhovuje \u0161pecifick\u00fdm potreb\u00e1m r\u00f4znych typov pleti, odstra\u0148uje ne\u010distoty a zvy\u0161ky make-upu bez toho, aby zbavovali ple\u0165 jej prirodzen\u00fdch olejov.<\/p><h3>L\u00ed\u010denie by malo ladi\u0165 s va\u0161\u00edm oble\u010den\u00edm, \u00fa\u010desom a doplnkami.<\/h3><p>Ak u\u017e nejak\u00fd \u010das sledujete Care to Beauty, viete, \u017ee sa \u0161pecializujeme na franc\u00fazsku lek\u00e1rensk\u00fa starostlivos\u0165 o ple\u0165. Toto boli prv\u00e9 zna\u010dky, s ktor\u00fdmi sme spolupracovali, a s ich etosom sa na\u010falej stoto\u017e\u0148ujeme \u2013 pre n\u00e1s nie je ni\u010d lep\u0161ie ako jemn\u00e9 produkty starostlivosti o ple\u0165, ktor\u00e9 sa zameriavaj\u00fa na rie\u0161enie probl\u00e9mov s poko\u017ekou bez naru\u0161enia ko\u017enej bari\u00e9ry.<\/p><p>Ak h\u013ead\u00e1te sp\u00f4soby, ako doplni\u0165 svoje z\u00e1soby starostlivosti o ple\u0165 franc\u00fazskymi lek\u00e1rensk\u00fdmi produktmi za z\u013eavnen\u00e9 ceny, m\u00e1me pre v\u00e1s ponuky a\u017e do v\u00fd\u0161ky 501 TP3T \u2013 je \u010das z\u00e1sobi\u0165 sa ikonick\u00fdmi hydrata\u010dn\u00fdmi kr\u00e9mami, ako je Avenge Tolerance Control Soothing Skin Recovery Cream, alebo bohat\u00fdmi balzamami na pery, ako je NUKE Rave de Miel Honey Lip Balm Ultra Nourishing and Repairing.<\/p><p>V Care to Beauty sme z\u00e1stancami opa\u013eovac\u00edch kr\u00e9mov: ak v r\u00e1mci svojej dennej starostlivosti o ple\u0165 nepou\u017e\u00edvate ni\u010d in\u00e9, pou\u017e\u00edvajte opa\u013eovac\u00ed kr\u00e9m. Opa\u013eovac\u00ed kr\u00e9m m\u00e1 viacero v\u00fdhod, od kozmetick\u00fdch (pom\u00e1ha predch\u00e1dza\u0165 fotostarnutiu a niektor\u00fdm form\u00e1m tmav\u00fdch \u0161kv\u0155n a hyperpigment\u00e1cie) a\u017e po zdravotn\u00e9 (je na\u0161ou prvou obrannou l\u00edniou proti rakovine ko\u017ee). Existuje mno\u017estvo mo\u017enost\u00ed opa\u013eovac\u00edch kr\u00e9mov, \u010di u\u017e ide o miner\u00e1lne alebo chemick\u00e9, t\u00f3novan\u00e9 alebo netonovan\u00e9, s mlie\u010dnou alebo kr\u00e9movou text\u00farou alebo dokonca s g\u00e9lovou konzistenciou, tak\u017ee vieme, \u017ee si vyberiete ten prav\u00fd.<\/p>\n\t\t\t\t\t<\/div>\n\t\t\t\t\t\t<\/div>\n\t\t\t\t<\/div>\n\t\t\t\t<div class=\"elementor-element elementor-element-c051139 elementor-widget elementor-widget-wd_button\" data-id=\"c051139\" data-element_type=\"widget\" data-e-type=\"widget\" data-widget_type=\"wd_button.default\">\n\t\t\t\t<div class=\"elementor-widget-container\">\n\t\t\t\t\t\t\t<div class=\"wd-button-wrapper text-left wd-collapsible-button\" >\n\t\t\t<a class=\"btn btn-style-default btn-shape-round btn-size-default btn-color-white btn-icon-pos-right\"  href=\"#\">\n\t\t\t\t<span class=\"wd-btn-text\" data-elementor-setting-key=\"text\">\n\t\t\t\t\t\u010c\u00edta\u0165 \u010falej\t\t\t\t<\/span>\n\n\t\t\t\t\t\t\t\t\t<span class=\"wd-btn-icon\">\n\t\t\t\t\t\t<img decoding=\"async\"  src=\"https:\/\/globalsourcechemicals.com\/wp-content\/uploads\/2024\/10\/chevron-down-black.svg\" title=\"chevron-down-black\" loading=\"lazy\" width=\"15\" height=\"15\">\t\t\t\t\t<\/span>\n\t\t\t\t\t\t\t<\/a>\n\t\t<\/div>\n\t\t\t\t\t\t<\/div>\n\t\t\t\t<\/div>\n\t\t\t\t\t<\/div>\n\t\t\t\t<\/div>\n\t\t\t\t<\/div>","protected":false},"excerpt":{"rendered":"<p>A Complete Assortment of Cosmetics, At the Touch of a Finger. Care to Beauty is all about simplifying your way<\/p>","protected":false},"author":1,"featured_media":0,"parent":0,"menu_order":0,"comment_status":"closed","ping_status":"closed","template":"","meta":{"footnotes":""},"class_list":["post-171","page","type-page","status-publish","hentry"],"_links":{"self":[{"href":"https:\/\/globalsourcechemicals.com\/sk\/wp-json\/wp\/v2\/pages\/171","targetHints":{"allow":["GET"]}}],"collection":[{"href":"https:\/\/globalsourcechemicals.com\/sk\/wp-json\/wp\/v2\/pages"}],"about":[{"href":"https:\/\/globalsourcechemicals.com\/sk\/wp-json\/wp\/v2\/types\/page"}],"author":[{"embeddable":true,"href":"https:\/\/globalsourcechemicals.com\/sk\/wp-json\/wp\/v2\/users\/1"}],"replies":[{"embeddable":true,"href":"https:\/\/globalsourcechemicals.com\/sk\/wp-json\/wp\/v2\/comments?post=171"}],"version-history":[{"count":0,"href":"https:\/\/globalsourcechemicals.com\/sk\/wp-json\/wp\/v2\/pages\/171\/revisions"}],"wp:attachment":[{"href":"https:\/\/globalsourcechemicals.com\/sk\/wp-json\/wp\/v2\/media?parent=171"}],"curies":[{"name":"pracovn\u00fd list","href":"https:\/\/api.w.org\/{rel}","templated":true}]}}