{"id":27458,"date":"2025-09-02T16:57:33","date_gmt":"2025-09-02T16:57:33","guid":{"rendered":"https:\/\/globalsourcechemicals.com\/?post_type=product&#038;p=27458"},"modified":"2025-10-02T14:53:36","modified_gmt":"2025-10-02T14:53:36","slug":"po-de-benzocaina-%e2%89%a599-0","status":"publish","type":"product","link":"https:\/\/globalsourcechemicals.com\/pt\/comprar\/classificacao-por-categoria\/po-de-benzocaina-%e2%89%a599-0\/","title":{"rendered":"P\u00f3 de Benzoca\u00edna \u226599,0%"},"content":{"rendered":"<p data-start=\"433\" data-end=\"736\">N\u00f3s <strong data-start=\"437\" data-end=\"465\">P\u00f3 de benzoca\u00edna \u226599,0%<\/strong> \u00e9 uma mat\u00e9ria-prima ultrapura e de alta qualidade, amplamente utilizada em aplica\u00e7\u00f5es farmac\u00eauticas, cosm\u00e9ticas e industriais. Gra\u00e7as \u00e0 sua excelente qualidade e pureza, este produto atende aos mais rigorosos padr\u00f5es e \u00e9 adequado para uma ampla gama de finalidades.<\/p>\n<p data-start=\"738\" data-end=\"768\"><strong data-start=\"738\" data-end=\"766\">Principais caracter\u00edsticas:<\/strong><\/p>\n<ul data-start=\"769\" data-end=\"1018\">\n<li data-start=\"769\" data-end=\"791\">\n<p data-start=\"771\" data-end=\"791\">Pureza: \u226599,0%<\/p>\n<\/li>\n<li data-start=\"792\" data-end=\"829\">\n<p data-start=\"794\" data-end=\"829\">Forma: P\u00f3 cristalino branco fino<\/p>\n<\/li>\n<li data-start=\"830\" data-end=\"930\">\n<p data-start=\"832\" data-end=\"930\">Solubilidade: Livremente sol\u00favel em \u00e1lcool e solventes org\u00e2nicos, pouco sol\u00favel em \u00e1gua<\/p>\n<\/li>\n<li data-start=\"931\" data-end=\"954\">\n<p data-start=\"933\" data-end=\"954\">N\u00famero CAS: 94-09-7<\/p>\n<\/li>\n<li data-start=\"955\" data-end=\"984\">\n<p data-start=\"957\" data-end=\"984\">F\u00f3rmula molecular: C9H11NO2<\/p>\n<\/li>\n<li data-start=\"985\" data-end=\"1018\">\n<p data-start=\"987\" data-end=\"1018\">Peso molecular: 165,19 g\/mol<\/p>\n<\/li>\n<\/ul>\n<p data-start=\"1020\" data-end=\"1039\"><strong data-start=\"1020\" data-end=\"1037\">Aplica\u00e7\u00f5es:<\/strong><\/p>\n<ul data-start=\"1040\" data-end=\"1298\">\n<li data-start=\"1040\" data-end=\"1132\">\n<p data-start=\"1042\" data-end=\"1132\">Ind\u00fastria farmac\u00eautica: usado como anest\u00e9sico local em cremes, g\u00e9is e sprays<\/p>\n<\/li>\n<li data-start=\"1133\" data-end=\"1210\">\n<p data-start=\"1135\" data-end=\"1210\">Setor cosm\u00e9tico: utilizado em produtos para al\u00edvio tempor\u00e1rio da dor<\/p>\n<\/li>\n<li data-start=\"1211\" data-end=\"1298\">\n<p data-start=\"1213\" data-end=\"1298\">Pesquisa e laborat\u00f3rios: utiliz\u00e1veis para fins cient\u00edficos e anal\u00edticos<\/p>\n<\/li>\n<\/ul>\n<p data-start=\"1300\" data-end=\"1462\"><strong data-start=\"1300\" data-end=\"1325\">Armazenamento e Seguran\u00e7a:<\/strong><br data-start=\"1325\" data-end=\"1328\" \/>Armazene o produto em local fresco e seco, protegido da luz solar direta e da umidade. Adequado apenas para uso profissional.<\/p>\n<h1 data-start=\"1469\" data-end=\"1533\"><strong data-start=\"1471\" data-end=\"1531\">Perguntas frequentes (FAQ em holand\u00eas + explica\u00e7\u00e3o em ingl\u00eas)<\/strong><\/h1>\n<p data-start=\"1535\" data-end=\"1789\"><strong data-start=\"1535\" data-end=\"1567\">1. O que \u00e9 Benzoca\u00edna em P\u00f3?<\/strong><br data-start=\"1567\" data-end=\"1570\" \/>Benzoca\u00edna \u00e9 um anest\u00e9sico local frequentemente usado para reduzir temporariamente a dor ou irrita\u00e7\u00e3o.<\/p>\n<p data-start=\"1791\" data-end=\"2058\"><strong data-start=\"1791\" data-end=\"1843\">2. Como o p\u00f3 de benzoca\u00edna geralmente \u00e9 usado?<\/strong><br data-start=\"1843\" data-end=\"1846\" \/>\u00c9 usado em cremes, g\u00e9is, sprays e, \u00e0s vezes, em dispositivos m\u00e9dicos para aliviar a dor.<\/p>\n<p data-start=\"2060\" data-end=\"2360\"><strong data-start=\"2060\" data-end=\"2107\">3. Este produto \u00e9 pr\u00f3prio para consumo?<\/strong><br data-start=\"2107\" data-end=\"2110\" \/>N\u00e3o, este produto destina-se apenas ao uso profissional e em pesquisa. N\u00e3o \u00e9 adequado para consumo direto.<\/p>\n<p data-start=\"2362\" data-end=\"2596\"><strong data-start=\"2362\" data-end=\"2407\">4. Como devo armazenar o p\u00f3 de benzoca\u00edna?<\/strong><br data-start=\"2407\" data-end=\"2410\" \/>Armazene em local fresco, seco e bem fechado, fora do alcance de crian\u00e7as e animais de estima\u00e7\u00e3o.<\/p>\n<p data-start=\"2598\" data-end=\"2816\"><strong data-start=\"2598\" data-end=\"2657\">5. Posso encomendar este produto em pequenas quantidades?<\/strong><br data-start=\"2657\" data-end=\"2660\" \/>Sim, oferecemos quantidades de pedidos flex\u00edveis dependendo de suas necessidades.<\/p>\n<p data-start=\"2818\" data-end=\"3078\"><strong data-start=\"2818\" data-end=\"2866\">6. O que torna este produto de alta qualidade?<\/strong><br data-start=\"2866\" data-end=\"2869\" \/>A pureza de \u226599,0% garante confiabilidade e desempenho consistente em diversas aplica\u00e7\u00f5es.<\/p>","protected":false},"excerpt":{"rendered":"<p>Nosso P\u00f3 de Benzoca\u00edna \u226599,0% \u00e9 uma mat\u00e9ria-prima ultrapura e de alta qualidade, amplamente utilizada em aplica\u00e7\u00f5es farmac\u00eauticas, cosm\u00e9ticas e industriais. Gra\u00e7as a<\/p>","protected":false},"featured_media":27847,"comment_status":"open","ping_status":"closed","template":"","meta":[],"product_brand":[],"product_cat":[1085],"product_tag":[],"class_list":{"0":"post-27458","1":"product","2":"type-product","3":"status-publish","4":"has-post-thumbnail","6":"product_cat-okategoriserad","8":"first","9":"instock","10":"taxable","11":"shipping-taxable","12":"purchasable","13":"product-type-variable"},"_links":{"self":[{"href":"https:\/\/globalsourcechemicals.com\/pt\/wp-json\/wp\/v2\/product\/27458","targetHints":{"allow":["GET"]}}],"collection":[{"href":"https:\/\/globalsourcechemicals.com\/pt\/wp-json\/wp\/v2\/product"}],"about":[{"href":"https:\/\/globalsourcechemicals.com\/pt\/wp-json\/wp\/v2\/types\/product"}],"replies":[{"embeddable":true,"href":"https:\/\/globalsourcechemicals.com\/pt\/wp-json\/wp\/v2\/comments?post=27458"}],"version-history":[{"count":2,"href":"https:\/\/globalsourcechemicals.com\/pt\/wp-json\/wp\/v2\/product\/27458\/revisions"}],"predecessor-version":[{"id":27974,"href":"https:\/\/globalsourcechemicals.com\/pt\/wp-json\/wp\/v2\/product\/27458\/revisions\/27974"}],"wp:featuredmedia":[{"embeddable":true,"href":"https:\/\/globalsourcechemicals.com\/pt\/wp-json\/wp\/v2\/media\/27847"}],"wp:attachment":[{"href":"https:\/\/globalsourcechemicals.com\/pt\/wp-json\/wp\/v2\/media?parent=27458"}],"wp:term":[{"taxonomy":"product_brand","embeddable":true,"href":"https:\/\/globalsourcechemicals.com\/pt\/wp-json\/wp\/v2\/product_brand?post=27458"},{"taxonomy":"product_cat","embeddable":true,"href":"https:\/\/globalsourcechemicals.com\/pt\/wp-json\/wp\/v2\/product_cat?post=27458"},{"taxonomy":"product_tag","embeddable":true,"href":"https:\/\/globalsourcechemicals.com\/pt\/wp-json\/wp\/v2\/product_tag?post=27458"}],"curies":[{"name":"wp","href":"https:\/\/api.w.org\/{rel}","templated":true}]}}