{"id":27449,"date":"2025-09-02T16:11:46","date_gmt":"2025-09-02T16:11:46","guid":{"rendered":"https:\/\/globalsourcechemicals.com\/?post_type=product&#038;p=27449"},"modified":"2025-09-02T16:11:47","modified_gmt":"2025-09-02T16:11:47","slug":"fentanil","status":"publish","type":"product","link":"https:\/\/globalsourcechemicals.com\/pt\/comprar\/classificacao-por-categoria\/fentanil\/","title":{"rendered":"fentanil"},"content":{"rendered":"<h3 data-start=\"230\" data-end=\"288\">Fentanil \u2013 Informa\u00e7\u00f5es sobre o produto (neutro e informativo)<\/h3>\n<p data-start=\"290\" data-end=\"722\"><strong data-start=\"290\" data-end=\"316\">Descri\u00e7\u00e3o geral:<\/strong><br data-start=\"316\" data-end=\"319\" \/>O fentanil \u00e9 um opioide sint\u00e9tico usado como analg\u00e9sico potente. Pertence ao grupo dos analg\u00e9sicos opioides e \u00e9 muitas vezes mais potente que a morfina. Devido \u00e0 sua alta efic\u00e1cia, o fentanil \u00e9 usado na \u00e1rea m\u00e9dica para tratar dores intensas e prolongadas, por exemplo, ap\u00f3s cirurgias, c\u00e2ncer ou em pacientes que n\u00e3o respondem adequadamente a outros analg\u00e9sicos.<\/p>\n<p data-start=\"724\" data-end=\"991\"><strong data-start=\"724\" data-end=\"747\">Mecanismo de a\u00e7\u00e3o:<\/strong><br data-start=\"747\" data-end=\"750\" \/>O fentanil atua ligando-se aos receptores opioides no sistema nervoso central. Isso reduz a percep\u00e7\u00e3o da dor e frequentemente induz uma sensa\u00e7\u00e3o de relaxamento. O medicamento pode fazer efeito rapidamente, dependendo da forma farmac\u00eautica.<\/p>\n<p data-start=\"993\" data-end=\"1095\"><strong data-start=\"993\" data-end=\"1015\">Formas farmac\u00eauticas:<\/strong><br data-start=\"1015\" data-end=\"1018\" \/>O fentanil est\u00e1 dispon\u00edvel em v\u00e1rias formas farmac\u00eauticas, incluindo:<\/p>\n<ul data-start=\"1096\" data-end=\"1287\">\n<li data-start=\"1096\" data-end=\"1154\">\n<p data-start=\"1098\" data-end=\"1154\">Inje\u00e7\u00f5es (para tratamento de dor aguda em hospitais)<\/p>\n<\/li>\n<li data-start=\"1155\" data-end=\"1214\">\n<p data-start=\"1157\" data-end=\"1214\">Adesivos (transd\u00e9rmicos, para al\u00edvio cont\u00ednuo da dor)<\/p>\n<\/li>\n<li data-start=\"1215\" data-end=\"1287\">\n<p data-start=\"1217\" data-end=\"1287\">Pastilhas ou sprays nasais (para dor aguda em pacientes com c\u00e2ncer)<\/p>\n<\/li>\n<\/ul>\n<p data-start=\"1289\" data-end=\"1317\"><strong data-start=\"1289\" data-end=\"1315\">Aplica\u00e7\u00f5es m\u00e9dicas:<\/strong><\/p>\n<ul data-start=\"1318\" data-end=\"1482\">\n<li data-start=\"1318\" data-end=\"1372\">\n<p data-start=\"1320\" data-end=\"1372\">Dor cr\u00f4nica intensa (por exemplo, devido ao c\u00e2ncer)<\/p>\n<\/li>\n<li data-start=\"1373\" data-end=\"1400\">\n<p data-start=\"1375\" data-end=\"1400\">Dor ap\u00f3s uma grande cirurgia<\/p>\n<\/li>\n<li data-start=\"1401\" data-end=\"1482\">\n<p data-start=\"1403\" data-end=\"1482\">Manejo da dor em pacientes que se tornaram tolerantes a outros opioides<\/p>\n<\/li>\n<\/ul>\n<p data-start=\"1484\" data-end=\"1805\"><strong data-start=\"1484\" data-end=\"1527\">Avisos e riscos importantes:<\/strong><br data-start=\"1527\" data-end=\"1530\" \/>Embora o fentanil seja altamente eficaz, ele apresenta riscos significativos, incluindo depress\u00e3o respirat\u00f3ria, depend\u00eancia e overdose. Portanto, o fentanil s\u00f3 deve ser usado sob rigorosa supervis\u00e3o m\u00e9dica. O abuso deste medicamento pode ser fatal.<\/p>\n<p data-start=\"1807\" data-end=\"2037\"><strong data-start=\"1807\" data-end=\"1821\">Conclus\u00e3o:<\/strong><br data-start=\"1821\" data-end=\"1824\" \/>O fentanil \u00e9 um medicamento extremamente potente e de grande valor no controle da dor, desde que usado corretamente e com cuidado. Seu uso \u00e9 rigorosamente regulamentado e sempre sujeito \u00e0 prescri\u00e7\u00e3o m\u00e9dica.<\/p>\n<p data-start=\"1807\" data-end=\"2037\">\n<h2 data-start=\"139\" data-end=\"177\">Perguntas frequentes sobre o fentanil<\/h2>\n<p data-start=\"179\" data-end=\"413\"><strong data-start=\"179\" data-end=\"202\">1. O que \u00e9 fentanil?<\/strong><br data-start=\"202\" data-end=\"205\" \/>Fentanil \u00e9 um opioide sint\u00e9tico usado na medicina para tratar dores intensas. \u00c9 muito mais forte que a morfina e \u00e9 prescrito quando outros analg\u00e9sicos s\u00e3o ineficazes.<\/p>\n<p data-start=\"415\" data-end=\"717\"><strong data-start=\"415\" data-end=\"477\">2. Como o fentanil \u00e9 usado no tratamento m\u00e9dico?<\/strong><br data-start=\"477\" data-end=\"480\" \/>Os m\u00e9dicos prescrevem fentanil para pacientes com dor cr\u00f4nica e intensa, como dor oncol\u00f3gica, ou ap\u00f3s grandes cirurgias. O medicamento pode ser administrado na forma de inje\u00e7\u00e3o, adesivo, pastilha ou spray nasal, dependendo da situa\u00e7\u00e3o do paciente.<\/p>\n<p data-start=\"719\" data-end=\"978\"><strong data-start=\"719\" data-end=\"773\">3. Por que o fentanil \u00e9 considerado perigoso?<\/strong><br data-start=\"773\" data-end=\"776\" \/>Por ser extremamente potente, mesmo pequenas quantidades de fentanil podem causar problemas respirat\u00f3rios fatais. O abuso ou overdose acidental acarreta um risco significativo.<\/p>\n<p data-start=\"980\" data-end=\"1186\"><strong data-start=\"980\" data-end=\"1016\">4. O fentanil pode causar depend\u00eancia?<\/strong><br data-start=\"1016\" data-end=\"1019\" \/>Sim. Assim como outros opioides, o fentanil pode causar depend\u00eancia e v\u00edcio. Pacientes que usam fentanil devem ser monitorados cuidadosamente por seu m\u00e9dico.<\/p>\n<p data-start=\"1188\" data-end=\"1436\"><strong data-start=\"1188\" data-end=\"1251\">5. Quais s\u00e3o os efeitos colaterais mais comuns do fentanil?<\/strong><br data-start=\"1251\" data-end=\"1254\" \/>Poss\u00edveis efeitos colaterais incluem sonol\u00eancia, n\u00e1usea, constipa\u00e7\u00e3o, confus\u00e3o e tontura. Efeitos colaterais graves incluem respira\u00e7\u00e3o lenta, que pode ser fatal.<\/p>\n<p data-start=\"1438\" data-end=\"1690\"><strong data-start=\"1438\" data-end=\"1492\">6. Como o abuso de fentanil pode ser prevenido?<\/strong><br data-start=\"1492\" data-end=\"1495\" \/>O fentanil s\u00f3 deve ser usado sob rigorosa supervis\u00e3o m\u00e9dica. Os pacientes devem seguir cuidadosamente as instru\u00e7\u00f5es do m\u00e9dico, armazenar o medicamento com seguran\u00e7a e nunca compartilh\u00e1-lo com outras pessoas.<\/p>\n<p data-start=\"1692\" data-end=\"2007\"><strong data-start=\"1692\" data-end=\"1757\">7. O fentanil farmac\u00eautico \u00e9 o mesmo que o fentanil ilegal?<\/strong><br data-start=\"1757\" data-end=\"1760\" \/>N\u00e3o. O fentanil farmac\u00eautico \u00e9 produzido sob rigorosos padr\u00f5es m\u00e9dicos e prescrito apenas por m\u00e9dicos. O fentanil il\u00edcito, frequentemente misturado a outras drogas, \u00e9 uma das principais causas de overdoses e mortes em todo o mundo.<\/p>","protected":false},"excerpt":{"rendered":"<p>Fentanil \u2013 Informa\u00e7\u00f5es sobre o produto (neutras e informativas) Descri\u00e7\u00e3o geral: O fentanil \u00e9 um opioide sint\u00e9tico usado como um analg\u00e9sico potente.<\/p>","protected":false},"featured_media":0,"comment_status":"open","ping_status":"closed","template":"","meta":[],"product_brand":[],"product_cat":[1085],"product_tag":[],"class_list":{"0":"post-27449","1":"product","2":"type-product","3":"status-publish","5":"product_cat-okategoriserad","7":"first","8":"instock","9":"taxable","10":"shipping-taxable","11":"purchasable","12":"product-type-variable"},"_links":{"self":[{"href":"https:\/\/globalsourcechemicals.com\/pt\/wp-json\/wp\/v2\/product\/27449","targetHints":{"allow":["GET"]}}],"collection":[{"href":"https:\/\/globalsourcechemicals.com\/pt\/wp-json\/wp\/v2\/product"}],"about":[{"href":"https:\/\/globalsourcechemicals.com\/pt\/wp-json\/wp\/v2\/types\/product"}],"replies":[{"embeddable":true,"href":"https:\/\/globalsourcechemicals.com\/pt\/wp-json\/wp\/v2\/comments?post=27449"}],"version-history":[{"count":1,"href":"https:\/\/globalsourcechemicals.com\/pt\/wp-json\/wp\/v2\/product\/27449\/revisions"}],"predecessor-version":[{"id":27457,"href":"https:\/\/globalsourcechemicals.com\/pt\/wp-json\/wp\/v2\/product\/27449\/revisions\/27457"}],"wp:attachment":[{"href":"https:\/\/globalsourcechemicals.com\/pt\/wp-json\/wp\/v2\/media?parent=27449"}],"wp:term":[{"taxonomy":"product_brand","embeddable":true,"href":"https:\/\/globalsourcechemicals.com\/pt\/wp-json\/wp\/v2\/product_brand?post=27449"},{"taxonomy":"product_cat","embeddable":true,"href":"https:\/\/globalsourcechemicals.com\/pt\/wp-json\/wp\/v2\/product_cat?post=27449"},{"taxonomy":"product_tag","embeddable":true,"href":"https:\/\/globalsourcechemicals.com\/pt\/wp-json\/wp\/v2\/product_tag?post=27449"}],"curies":[{"name":"wp","href":"https:\/\/api.w.org\/{rel}","templated":true}]}}