{"id":26112,"date":"2025-05-01T01:20:16","date_gmt":"2025-05-01T01:20:16","guid":{"rendered":"https:\/\/globalsourcechemicals.com\/?post_type=product&#038;p=26112"},"modified":"2025-10-02T15:01:30","modified_gmt":"2025-10-02T15:01:30","slug":"caluanie-muelear-oxidar","status":"publish","type":"product","link":"https:\/\/globalsourcechemicals.com\/pt\/comprar\/classificacao-por-categoria\/caluanie-muelear-oxidar\/","title":{"rendered":"Caluanie Muelear Oxidado"},"content":{"rendered":"<p class=\"\" data-start=\"268\" data-end=\"544\"><strong data-start=\"268\" data-end=\"296\">Caluanie Muelear Oxidado<\/strong> \u00e9 um poderoso <strong data-start=\"314\" data-end=\"337\">reagentes qu\u00edmicos<\/strong> que \u00e9 mais conhecido por sua habilidade de <strong data-start=\"382\" data-end=\"427\">para quebrar metais e materiais fortes<\/strong>. \u00c9 amplamente utilizado na <strong data-start=\"459\" data-end=\"541\">setor industrial, metalurgia, pesquisa laboratorial e aplica\u00e7\u00f5es de minera\u00e7\u00e3o<\/strong>. Caluanie muelear oxidado, pre\u00e7o de Caluanie muelear oxidado nos EUA, Caluanie muelear oxidado EUA, pre\u00e7o de Caluanie muelear oxidado, fabricante de Caluanie muelear oxidado nos EUA, Caluanie muelear oxidado \u00e0 venda<\/p>\n<p class=\"\" data-start=\"546\" data-end=\"822\">Este l\u00edquido de alta viscosidade e cor \u00e2mbar \u00e9 conhecido por sua profunda <strong data-start=\"644\" data-end=\"672\">propriedades oxidativas<\/strong>. Devido \u00e0 sua composi\u00e7\u00e3o qu\u00edmica \u00fanica, o Caluanie pode atacar liga\u00e7\u00f5es moleculares em materiais duros, tornando-os mais macios ou quebradi\u00e7os.<a href=\"https:\/\/globalsourcechemicals.com\/pt\/comprar\/top-10-research-chemicals\/saco-de-3-cmc-hcl-1gr\/\">Sach\u00ea de 3-CMC HCl 1g<\/a><\/p>\n<hr class=\"\" data-start=\"824\" data-end=\"827\" \/>\n<h2 class=\"\" data-start=\"829\" data-end=\"862\">\u2699\ufe0f Principais Caracter\u00edsticas<\/h2>\n<ul data-start=\"864\" data-end=\"1189\">\n<li class=\"\" data-start=\"864\" data-end=\"918\">\n<p class=\"\" data-start=\"866\" data-end=\"918\"><strong data-start=\"866\" data-end=\"885\">Forma qu\u00edmica:<\/strong> L\u00edquido espesso e \u00e2mbar<\/p>\n<\/li>\n<li class=\"\" data-start=\"919\" data-end=\"1018\">\n<p class=\"\" data-start=\"921\" data-end=\"1018\"><strong data-start=\"921\" data-end=\"943\">Principais aplica\u00e7\u00f5es:<\/strong> Processamento de metais, demoli\u00e7\u00e3o de materiais, minera\u00e7\u00e3o, pesquisa cient\u00edfica<\/p>\n<\/li>\n<li class=\"\" data-start=\"1019\" data-end=\"1071\">\n<p class=\"\" data-start=\"1021\" data-end=\"1071\"><strong data-start=\"1021\" data-end=\"1038\">Reatividade:<\/strong> Agente oxidante muito poderoso<\/p>\n<\/li>\n<li class=\"\" data-start=\"1072\" data-end=\"1129\">\n<p class=\"\" data-start=\"1074\" data-end=\"1129\"><strong data-start=\"1074\" data-end=\"1085\">Perigo:<\/strong> Corrosivo e prejudicial se usado incorretamente<\/p>\n<\/li>\n<li class=\"\" data-start=\"1130\" data-end=\"1189\">\n<p class=\"\" data-start=\"1132\" data-end=\"1189\"><strong data-start=\"1132\" data-end=\"1147\">Embalagem:<\/strong> Herm\u00e9tico e \u00e0 prova de vazamentos, seguro para transporte, <a href=\"https:\/\/globalsourcechemicals.com\/pt\/comprar\/escalas\/balanca-digital-bio-mini-20g-x-0001g\/\">Balan\u00e7a Bio Digital Mini \u2013 20g x 0,001g<\/a><\/p>\n<\/li>\n<\/ul>\n<hr class=\"\" data-start=\"1191\" data-end=\"1194\" \/>\n<h2 class=\"\" data-start=\"1196\" data-end=\"1243\">\ud83d\udcbc Aplica\u00e7\u00f5es do Caluanie Muelear Oxidize<\/h2>\n<h3 class=\"\" data-start=\"1245\" data-end=\"1287\">1. <strong data-start=\"1252\" data-end=\"1285\">Processamento e Reciclagem de Metais<\/strong><\/h3>\n<p class=\"\" data-start=\"1288\" data-end=\"1468\">Caluanie \u00e9 usado para remover metais duros, como ferro e a\u00e7o <strong data-start=\"1349\" data-end=\"1386\">suavizar ou enfraquecer<\/strong>, o que torna o processo de processamento consideravelmente mais f\u00e1cil sem equipamentos pesados. <a href=\"https:\/\/globalsourcechemicals.com\/pt\/comprar\/top-10-research-chemicals\/acao-do-pirazolam\/\">Pellets de pirazolam 2,5 mg<\/a><\/p>\n<h3 class=\"\" data-start=\"1470\" data-end=\"1514\">2. <strong data-start=\"1477\" data-end=\"1512\">Minera\u00e7\u00e3o e Extra\u00e7\u00e3o de Metais Preciosos<\/strong><\/h3>\n<p class=\"\" data-start=\"1515\" data-end=\"1665\">Em pequenas opera\u00e7\u00f5es de minera\u00e7\u00e3o, Caluanie \u00e9 usado para <strong data-start=\"1570\" data-end=\"1593\">para quebrar min\u00e9rios<\/strong> e extrair metais valiosos, como ouro ou platina, de forma mais eficiente.<\/p>\n<h3 class=\"\" data-start=\"1667\" data-end=\"1701\">3. <strong data-start=\"1674\" data-end=\"1699\">Pesquisa de laborat\u00f3rio<\/strong><\/h3>\n<p class=\"\" data-start=\"1702\" data-end=\"1834\">Em institui\u00e7\u00f5es de pesquisa \u00e9 utilizado para <strong data-start=\"1752\" data-end=\"1779\">testes de degrada\u00e7\u00e3o de materiais<\/strong> e <strong data-start=\"1783\" data-end=\"1802\">estudos de oxida\u00e7\u00e3o<\/strong> em qu\u00edmica e ci\u00eancia dos materiais.<\/p>\n<h3 class=\"\" data-start=\"1836\" data-end=\"1872\">4. <strong data-start=\"1843\" data-end=\"1870\">Processamento de tinta e resina<\/strong><\/h3>\n<p class=\"\" data-start=\"1873\" data-end=\"2033\">Em concentra\u00e7\u00f5es mais baixas, Caluanie pode ser usado para <strong data-start=\"1935\" data-end=\"1975\">remo\u00e7\u00e3o de revestimentos industriais<\/strong>, camadas de resina ou pol\u00edmeros em aplica\u00e7\u00f5es especializadas.<\/p>\n<hr class=\"\" data-start=\"2035\" data-end=\"2038\" \/>\n<h2 class=\"\" data-start=\"2040\" data-end=\"2068\">\u26a0\ufe0f Medidas de seguran\u00e7a<\/h2>\n<p class=\"\" data-start=\"2070\" data-end=\"2185\">Caluanie Muelear Oxidize \u00e9 um <strong data-start=\"2102\" data-end=\"2132\">subst\u00e2ncia corrosiva e reativa<\/strong>. O uso requer protocolos de seguran\u00e7a rigorosos:<\/p>\n<ul data-start=\"2187\" data-end=\"2535\">\n<li class=\"\" data-start=\"2187\" data-end=\"2261\">\n<p class=\"\" data-start=\"2189\" data-end=\"2261\">Sempre use <strong data-start=\"2202\" data-end=\"2259\">luvas, \u00f3culos de seguran\u00e7a e roupas de prote\u00e7\u00e3o<\/strong><\/p>\n<\/li>\n<li class=\"\" data-start=\"2262\" data-end=\"2334\">\n<p class=\"\" data-start=\"2264\" data-end=\"2334\">Use somente em \u00e1reas bem ventiladas ou sob um exaustor.<\/p>\n<\/li>\n<li class=\"\" data-start=\"2335\" data-end=\"2397\">\n<p class=\"\" data-start=\"2337\" data-end=\"2397\">N\u00e3o misture com outros produtos qu\u00edmicos, a menos que seja especificamente testado<\/p>\n<\/li>\n<li class=\"\" data-start=\"2398\" data-end=\"2454\">\n<p class=\"\" data-start=\"2400\" data-end=\"2454\">Mantenha fora do alcance de crian\u00e7as e pessoas n\u00e3o autorizadas<\/p>\n<\/li>\n<li class=\"\" data-start=\"2455\" data-end=\"2535\">\n<p class=\"\" data-start=\"2457\" data-end=\"2535\">Armazene em local fresco, seco e seguro em embalagem resistente a produtos qu\u00edmicos <a href=\"https:\/\/globalsourcechemicals.com\/pt\/comprar\/escalas\/mini-balanca-digital-para-tanques\/\">Mini balan\u00e7a digital para tanques \u2013 20g x 0,001g<\/a><\/p>\n<\/li>\n<\/ul>\n<hr class=\"\" data-start=\"2537\" data-end=\"2540\" \/>\n<h2 class=\"\" data-start=\"2542\" data-end=\"2601\">\u2705 Por que comprar Caluanie de um fornecedor confi\u00e1vel?<\/h2>\n<p class=\"\" data-start=\"2603\" data-end=\"2729\">Se voc\u00ea est\u00e1 procurando por <strong data-start=\"2628\" data-end=\"2671\">Caluanie pura e de qualidade industrial<\/strong>, ent\u00e3o \u00e9 crucial comprar de um fornecedor que:<\/p>\n<ul data-start=\"2731\" data-end=\"2973\">\n<li class=\"\" data-start=\"2731\" data-end=\"2793\">\n<p class=\"\" data-start=\"2733\" data-end=\"2793\"><strong data-start=\"2733\" data-end=\"2755\">Testes laboratoriais<\/strong> e oferece certificados de pureza<\/p>\n<\/li>\n<li class=\"\" data-start=\"2794\" data-end=\"2843\">\n<p class=\"\" data-start=\"2796\" data-end=\"2843\"><strong data-start=\"2796\" data-end=\"2830\">Embalagem segura e discreta<\/strong> garantias<\/p>\n<\/li>\n<li class=\"\" data-start=\"2844\" data-end=\"2908\">\n<p class=\"\" data-start=\"2846\" data-end=\"2908\"><strong data-start=\"2846\" data-end=\"2877\">Transporte r\u00e1pido e seguro<\/strong> dentro da Europa torna poss\u00edvel<\/p>\n<\/li>\n<li class=\"\" data-start=\"2909\" data-end=\"2973\">\n<p class=\"\" data-start=\"2911\" data-end=\"2973\"><strong data-start=\"2911\" data-end=\"2939\">Suporte t\u00e9cnico<\/strong> ofertas em uso e aplica\u00e7\u00f5es<\/p>\n<\/li>\n<\/ul>\n<hr class=\"\" data-start=\"2975\" data-end=\"2978\" \/>\n<h2 class=\"\" data-start=\"2980\" data-end=\"2995\">\ud83d\udd1a Conclus\u00e3o<\/h2>\n<p class=\"\" data-start=\"2997\" data-end=\"3265\"><strong data-start=\"2997\" data-end=\"3025\">Caluanie Muelear Oxidado<\/strong> \u00e9 um fluido \u00fanico e poderoso com uma ampla gama de aplica\u00e7\u00f5es industriais e cient\u00edficas. Pode aumentar significativamente a efici\u00eancia do processamento de materiais e da metalurgia se usado corretamente e com responsabilidade.<\/p>\n<p class=\"\" data-start=\"3267\" data-end=\"3398\">Para profissionais em <strong data-start=\"3289\" data-end=\"3322\">qu\u00edmica, minera\u00e7\u00e3o ou reciclagem<\/strong> Caluanie \u00e9 uma ferramenta valiosa no processo de pesquisa ou produ\u00e7\u00e3o. <a href=\"https:\/\/globalsourcechemicals.com\/pt\/comprar\/escalas\/balanca-digital-cs-100g-x-001g\/\">Balan\u00e7a digital CS \u2013 100g x 0,01g<\/a><\/p>","protected":false},"excerpt":{"rendered":"<p>Caluanie Muelear Oxidize \u00e9 um poderoso reagente qu\u00edmico mais conhecido por sua capacidade de oxidar metais e materiais fortes<\/p>","protected":false},"featured_media":27854,"comment_status":"open","ping_status":"closed","template":"","meta":[],"product_brand":[],"product_cat":[1085],"product_tag":[905,897,904,902,903,901,906,900,907,898,899],"class_list":{"0":"post-26112","1":"product","2":"type-product","3":"status-publish","4":"has-post-thumbnail","6":"product_cat-okategoriserad","7":"product_tag-buy-caluanie-muelear-oxidize-online","8":"product_tag-caluanie-muelear-oxidize","9":"product_tag-caluanie-muelear-oxidize-deutschland","10":"product_tag-caluanie-muelear-oxidize-for-sale","11":"product_tag-caluanie-muelear-oxidize-kaufen","12":"product_tag-caluanie-muelear-oxidize-manufacturer-in-usa","13":"product_tag-caluanie-muelear-oxidize-pasteurize","14":"product_tag-caluanie-muelear-oxidize-price","15":"product_tag-caluanie-muelear-oxidize-price-in-india","16":"product_tag-caluanie-muelear-oxidize-price-in-usa","17":"product_tag-caluanie-muelear-oxidize-usa","19":"first","20":"instock","21":"taxable","22":"shipping-taxable","23":"purchasable","24":"product-type-simple"},"_links":{"self":[{"href":"https:\/\/globalsourcechemicals.com\/pt\/wp-json\/wp\/v2\/product\/26112","targetHints":{"allow":["GET"]}}],"collection":[{"href":"https:\/\/globalsourcechemicals.com\/pt\/wp-json\/wp\/v2\/product"}],"about":[{"href":"https:\/\/globalsourcechemicals.com\/pt\/wp-json\/wp\/v2\/types\/product"}],"replies":[{"embeddable":true,"href":"https:\/\/globalsourcechemicals.com\/pt\/wp-json\/wp\/v2\/comments?post=26112"}],"version-history":[{"count":2,"href":"https:\/\/globalsourcechemicals.com\/pt\/wp-json\/wp\/v2\/product\/26112\/revisions"}],"predecessor-version":[{"id":26116,"href":"https:\/\/globalsourcechemicals.com\/pt\/wp-json\/wp\/v2\/product\/26112\/revisions\/26116"}],"wp:featuredmedia":[{"embeddable":true,"href":"https:\/\/globalsourcechemicals.com\/pt\/wp-json\/wp\/v2\/media\/27854"}],"wp:attachment":[{"href":"https:\/\/globalsourcechemicals.com\/pt\/wp-json\/wp\/v2\/media?parent=26112"}],"wp:term":[{"taxonomy":"product_brand","embeddable":true,"href":"https:\/\/globalsourcechemicals.com\/pt\/wp-json\/wp\/v2\/product_brand?post=26112"},{"taxonomy":"product_cat","embeddable":true,"href":"https:\/\/globalsourcechemicals.com\/pt\/wp-json\/wp\/v2\/product_cat?post=26112"},{"taxonomy":"product_tag","embeddable":true,"href":"https:\/\/globalsourcechemicals.com\/pt\/wp-json\/wp\/v2\/product_tag?post=26112"}],"curies":[{"name":"wp","href":"https:\/\/api.w.org\/{rel}","templated":true}]}}