{"id":24966,"date":"2025-04-13T17:43:53","date_gmt":"2025-04-13T17:43:53","guid":{"rendered":"https:\/\/globalsourcechemicals.com\/?post_type=product&#038;p=24966"},"modified":"2025-10-02T15:04:28","modified_gmt":"2025-10-02T15:04:28","slug":"1v-lsd-150-mcg-blotters","status":"publish","type":"product","link":"https:\/\/globalsourcechemicals.com\/pt\/comprar\/1v-lsd\/1v-lsd-150-mcg-blotters\/","title":{"rendered":"1V-LSD 150 MCG Blotters"},"content":{"rendered":"<h1 class=\"ds-markdown-paragraph\"><strong>Blotters 1V-LSD 150 mcg \u2013 Poderosos e confi\u00e1veis para pesquisa<\/strong><\/h1>\n<p>1vlsd\u200b<\/p>\n<h3><strong>O que \u00e9 1V-LSD?<\/strong><\/h3>\n<p class=\"ds-markdown-paragraph\">1vlsd\u200b , 1V-LSD (dietilamida do \u00e1cido 1-Valeril-D-lis\u00e9rgico) \u00e9 um produto qu\u00edmico de pesquisa estruturalmente relacionado ao LSD. \u00c9 conhecido por suas potenciais propriedades psicoativas e \u00e9 utilizado em estudos cient\u00edficos e farmacol\u00f3gicos.<\/p>\n<h3><strong>Por que escolher nossos blotters 1V-LSD 150 mcg?<\/strong><\/h3>\n<p class=\"ds-markdown-paragraph\">\u2714\u00a0<strong>Dosagem precisa<\/strong>\u00a0\u2013 Cada blotter cont\u00e9m exatamente 150 mcg para resultados de pesquisa consistentes.<br \/>\n\u2714\u00a0<strong>Alta qualidade<\/strong>\u00a0\u2013 Fabricado sob rigorosas condi\u00e7\u00f5es de laborat\u00f3rio para pureza ideal.<br \/>\n\u2714\u00a0<strong>F\u00e1cil de usar<\/strong>\u00a0\u2013 O formato mata-borr\u00e3o permite f\u00e1cil dosagem e armazenamento.<\/p>\n<h3><strong>Perguntas Frequentes (FAQ)<\/strong><\/h3>\n<h4><strong>1. O 1V-LSD \u00e9 legal?<\/strong><\/h4>\n<p class=\"ds-markdown-paragraph\">A legalidade do 1V-LSD varia de acordo com o pa\u00eds. \u00c9\u00a0<strong>destinado apenas para fins de pesquisa<\/strong>\u00a0e n\u00e3o para consumo humano. Sempre verifique a legisla\u00e7\u00e3o local antes de fazer o pedido.<\/p>\n<h4><strong>2. Como devo armazenar os 1V-LSD Blotters?<\/strong><\/h4>\n<p class=\"ds-markdown-paragraph\">Guarde os mata-borr\u00f5es em um\u00a0<strong>local fresco, seco e escuro<\/strong>, de prefer\u00eancia em recipiente herm\u00e9tico. Evite a exposi\u00e7\u00e3o \u00e0 luz e \u00e0 umidade para maior durabilidade.<\/p>\n<h4><strong>3. Esses absorventes s\u00e3o seguros para uso humano?<\/strong><\/h4>\n<p class=\"ds-markdown-paragraph\"><em>N\u00e3o.<\/em>\u00a0Este produto \u00e9\u00a0<strong>destinado apenas \u00e0 pesquisa cient\u00edfica<\/strong>\u00a0e n\u00e3o para aplica\u00e7\u00f5es recreativas ou m\u00e9dicas. Nossos blotters destinam-se apenas a estudos laboratoriais controlados.<\/p>\n<h4><strong>4. Quais s\u00e3o as poss\u00edveis aplica\u00e7\u00f5es da pesquisa?<\/strong><\/h4>\n<p class=\"ds-markdown-paragraph\">\ud83d\udd2c\u00a0<strong>Estudos neurofarmacol\u00f3gicos<\/strong><br \/>\n\ud83e\udde0\u00a0<strong>Pesquisa em ci\u00eancias comportamentais<\/strong><br \/>\n\ud83d\udcca\u00a0<strong>Qu\u00edmica anal\u00edtica e estudos metab\u00f3licos<\/strong><\/p>\n<h3><strong>Pe\u00e7a agora e receba entrega r\u00e1pida!<\/strong><\/h3>\n<p class=\"ds-markdown-paragraph\">Dispon\u00edvel apenas para pesquisadores e laborat\u00f3rios registrados. Embalagem discreta e servi\u00e7o r\u00e1pido garantidos.<\/p>\n<p><a href=\"https:\/\/globalsourcechemicals.com\/pt\/comprar\/iboga-ibogaina\/casca-da-raiz-de-iboga\/\">Casca de raiz de iboga<\/a><a href=\"https:\/\/globalsourcechemicals.com\/pt\/comprar\/iboga-ibogaina\/comprar-cloridrato-de-ibogaina-online\/\">Comprar Iboga\u00edna HCL<\/a><a href=\"https:\/\/globalsourcechemicals.com\/pt\/comprar\/lisergamidas\/1cp-lsd-150-mcg-mata-borroes-artisticos\/\">1cP-LSD 150 MCG Art Blotters<\/a><a href=\"https:\/\/globalsourcechemicals.com\/pt\/comprar\/pelotas-2\/pellets-de-dsmt-50mg\/\">Pellets de O-DSMT 50 mg<\/a><a href=\"https:\/\/globalsourcechemicals.com\/pt\/comprar\/quase-proibido\/6-cl-adba\/\">6-CL-ADBA<\/a><\/p>","protected":false},"excerpt":{"rendered":"<h2>Propriedades dos blotters 1V-LSD<\/h2>\n<p><strong>Sin\u00f4nimos<\/strong>: 1-valeroil-\u00e1cido lis\u00e9rgico dietilamida hemi-L-tartarato<br \/>\n<strong>N\u00famero CAS<\/strong>: n \/ D<br \/>\n<strong>F\u00f3rmula<\/strong>: C25H33N3O2<br \/>\n<strong>Massa molar<\/strong>: 407,558 g\/mol<br \/>\n<strong>Pureza<\/strong>: \u226599,3%<\/p>","protected":false},"featured_media":27751,"comment_status":"open","ping_status":"closed","template":"","meta":[],"product_brand":[],"product_cat":[364,358],"product_tag":[631,582,326],"class_list":{"0":"post-24966","1":"product","2":"type-product","3":"status-publish","4":"has-post-thumbnail","6":"product_cat-1v-lsd","7":"product_cat-lysergamides","8":"product_tag-1v-lsd","9":"product_tag-1vlsd","10":"product_tag-nl","12":"first","13":"instock","14":"taxable","15":"shipping-taxable","16":"purchasable","17":"product-type-variable"},"_links":{"self":[{"href":"https:\/\/globalsourcechemicals.com\/pt\/wp-json\/wp\/v2\/product\/24966","targetHints":{"allow":["GET"]}}],"collection":[{"href":"https:\/\/globalsourcechemicals.com\/pt\/wp-json\/wp\/v2\/product"}],"about":[{"href":"https:\/\/globalsourcechemicals.com\/pt\/wp-json\/wp\/v2\/types\/product"}],"replies":[{"embeddable":true,"href":"https:\/\/globalsourcechemicals.com\/pt\/wp-json\/wp\/v2\/comments?post=24966"}],"version-history":[{"count":8,"href":"https:\/\/globalsourcechemicals.com\/pt\/wp-json\/wp\/v2\/product\/24966\/revisions"}],"predecessor-version":[{"id":26287,"href":"https:\/\/globalsourcechemicals.com\/pt\/wp-json\/wp\/v2\/product\/24966\/revisions\/26287"}],"wp:featuredmedia":[{"embeddable":true,"href":"https:\/\/globalsourcechemicals.com\/pt\/wp-json\/wp\/v2\/media\/27751"}],"wp:attachment":[{"href":"https:\/\/globalsourcechemicals.com\/pt\/wp-json\/wp\/v2\/media?parent=24966"}],"wp:term":[{"taxonomy":"product_brand","embeddable":true,"href":"https:\/\/globalsourcechemicals.com\/pt\/wp-json\/wp\/v2\/product_brand?post=24966"},{"taxonomy":"product_cat","embeddable":true,"href":"https:\/\/globalsourcechemicals.com\/pt\/wp-json\/wp\/v2\/product_cat?post=24966"},{"taxonomy":"product_tag","embeddable":true,"href":"https:\/\/globalsourcechemicals.com\/pt\/wp-json\/wp\/v2\/product_tag?post=24966"}],"curies":[{"name":"wp","href":"https:\/\/api.w.org\/{rel}","templated":true}]}}