{"id":24905,"date":"2025-04-13T17:43:41","date_gmt":"2025-04-13T17:43:41","guid":{"rendered":"https:\/\/globalsourcechemicals.com\/?post_type=product&#038;p=24905"},"modified":"2025-10-02T15:06:24","modified_gmt":"2025-10-02T15:06:24","slug":"meai","status":"publish","type":"product","link":"https:\/\/globalsourcechemicals.com\/pt\/comprar\/meai\/meai\/","title":{"rendered":"MEAI"},"content":{"rendered":"<p class=\"ds-markdown-paragraph\"><strong>MEAI (5-Metoxi-2-aminoindano) \u2013 Composto de Pesquisa Inovador para Estudo Cient\u00edfico<\/strong><\/p>\n<h3><strong>O que \u00e9 MEAI?<\/strong><\/h3>\n<p class=\"ds-markdown-paragraph\">MEAI (5-metoxi-2-aminoindano) \u00e9 um produto qu\u00edmico de pesquisa exclusivo, com uma estrutura qu\u00edmica interessante, que tem gerado interesse cient\u00edfico em diversas \u00e1reas de pesquisa. Esta subst\u00e2ncia \u00e9 utilizada exclusivamente em ambientes de pesquisa controlados.<\/p>\n<h3><strong>Por que escolher nossos produtos MEAI?<\/strong><\/h3>\n<p class=\"ds-markdown-paragraph\">\u2714\u00a0<strong>Alta Pureza<\/strong>\u00a0\u2013 Testado analiticamente para consist\u00eancia e qualidade<br \/>\n\u2714\u00a0<strong>Formula\u00e7\u00e3o de Precis\u00e3o<\/strong>\u00a0\u2013 Dosado com precis\u00e3o para resultados reprodut\u00edveis<br \/>\n\u2714\u00a0<strong>Potencial de Pesquisa Multidisciplinar<\/strong>\u00a0\u2013 Adequado para diversas aplica\u00e7\u00f5es cient\u00edficas<br \/>\n\u2714\u00a0<strong>Embalagem Segura<\/strong>\u00a0\u2013 Armazenamento profissional em embalagens leves e herm\u00e9ticas<\/p>\n<h3><strong>Aplica\u00e7\u00f5es Cient\u00edficas<\/strong><\/h3>\n<p class=\"ds-markdown-paragraph\">O MEAI pode ser relevante para pesquisas sobre:<\/p>\n<ul>\n<li>\n<p class=\"ds-markdown-paragraph\">Intera\u00e7\u00f5es neuroqu\u00edmicas<\/p>\n<\/li>\n<li>\n<p class=\"ds-markdown-paragraph\">Estudos de impacto comportamental<\/p>\n<\/li>\n<li>\n<p class=\"ds-markdown-paragraph\">Pesquisa de liga\u00e7\u00e3o do receptor<\/p>\n<\/li>\n<li>\n<p class=\"ds-markdown-paragraph\">An\u00e1lises farmacol\u00f3gicas comparativas<\/p>\n<\/li>\n<\/ul>\n<h3><strong>Seguran\u00e7a e manuseio<\/strong><\/h3>\n<ul>\n<li>\n<p class=\"ds-markdown-paragraph\"><strong>Somente para fins de pesquisa<\/strong><\/p>\n<\/li>\n<li>\n<p class=\"ds-markdown-paragraph\">Requer ambiente de laborat\u00f3rio controlado<\/p>\n<\/li>\n<li>\n<p class=\"ds-markdown-paragraph\">Equipamento de prote\u00e7\u00e3o individual recomendado<\/p>\n<\/li>\n<li>\n<p class=\"ds-markdown-paragraph\">Mantenha fora do alcance de pessoas n\u00e3o autorizadas<\/p>\n<\/li>\n<\/ul>\n<h3><strong>Informa\u00e7\u00f5es do pedido<\/strong><\/h3>\n<ul>\n<li>\n<p class=\"ds-markdown-paragraph\">Dispon\u00edvel em diferentes quantidades<\/p>\n<\/li>\n<li>\n<p class=\"ds-markdown-paragraph\">Envio discreto com rastreamento<\/p>\n<\/li>\n<li>\n<p class=\"ds-markdown-paragraph\">Somente para pesquisadores e institui\u00e7\u00f5es qualificadas<\/p>\n<\/li>\n<\/ul>\n<h3><strong>Situa\u00e7\u00e3o jur\u00eddica<\/strong><\/h3>\n<p class=\"ds-markdown-paragraph\">O status legal do MEAI varia de acordo com o pa\u00eds. \u00c9 responsabilidade do pesquisador cumprir as leis locais. Este produto \u00e9\u00a0<strong>n\u00e3o destinado ao consumo humano<\/strong>.<\/p>\n<p class=\"ds-markdown-paragraph\"><strong>Aviso importante:<\/strong><br \/>\nEste produto destina-se apenas \u00e0 pesquisa cient\u00edfica. O uso indevido pode ser perigoso. Mantenha fora do alcance de crian\u00e7as e animais. <a href=\"https:\/\/globalsourcechemicals.com\/pt\/comprar\/iboga-ibogaina\/casca-da-raiz-de-iboga\/\">Casca de raiz de iboga<\/a><a href=\"https:\/\/globalsourcechemicals.com\/pt\/comprar\/iboga-ibogaina\/comprar-cloridrato-de-ibogaina-online\/\">Comprar Iboga\u00edna HCL<\/a><a href=\"https:\/\/globalsourcechemicals.com\/pt\/comprar\/lisergamidas\/1cp-lsd-150-mcg-mata-borroes-artisticos\/\">1cP-LSD 150 MCG Art Blotters<\/a><a href=\"https:\/\/globalsourcechemicals.com\/pt\/comprar\/pelotas-2\/pellets-de-dsmt-50mg\/\">Pellets de O-DSMT 50 mg<\/a><a href=\"https:\/\/globalsourcechemicals.com\/pt\/comprar\/lisergamidas\/1v-lsd-150-mcg-blotters\/\">1V-LSD 150 MCG Blotters<\/a><\/p>","protected":false},"excerpt":{"rendered":"<h3><span data-sheets-value=\"{\" data-sheets-userformat=\"{\">Propriedades MEAI<\/span><\/h3>\n<p><strong>Sin\u00f4nimo:<\/strong> 5-metoxi-2-aminoindano, 5-MeO-Al, Chaperon<br \/>\n<strong>N\u00famero CAS:<\/strong> 73305-09-6<br \/>\n<strong>F\u00f3rmula:<\/strong> <span title=\"Carbono\">C<\/span><sub>10<\/sub><span title=\"Hidrog\u00eanio\">H<\/span><sub>13<\/sub><span title=\"Azoto\">N<\/span><span title=\"Oxig\u00eanio\">O<\/span><br \/>\n<strong>Massa molar:<\/strong> 163,220 g\/mol<br \/>\n<strong>Pureza:<\/strong> &gt;98%<\/p>","protected":false},"featured_media":27908,"comment_status":"closed","ping_status":"closed","template":"","meta":[],"product_brand":[],"product_cat":[424,336],"product_tag":[603,326],"class_list":{"0":"post-24905","1":"product","2":"type-product","3":"status-publish","4":"has-post-thumbnail","6":"product_cat-meai","7":"product_cat-overig","8":"product_tag-meai","9":"product_tag-nl","11":"first","12":"instock","13":"taxable","14":"shipping-taxable","15":"purchasable","16":"product-type-variable"},"_links":{"self":[{"href":"https:\/\/globalsourcechemicals.com\/pt\/wp-json\/wp\/v2\/product\/24905","targetHints":{"allow":["GET"]}}],"collection":[{"href":"https:\/\/globalsourcechemicals.com\/pt\/wp-json\/wp\/v2\/product"}],"about":[{"href":"https:\/\/globalsourcechemicals.com\/pt\/wp-json\/wp\/v2\/types\/product"}],"replies":[{"embeddable":true,"href":"https:\/\/globalsourcechemicals.com\/pt\/wp-json\/wp\/v2\/comments?post=24905"}],"version-history":[{"count":4,"href":"https:\/\/globalsourcechemicals.com\/pt\/wp-json\/wp\/v2\/product\/24905\/revisions"}],"predecessor-version":[{"id":26289,"href":"https:\/\/globalsourcechemicals.com\/pt\/wp-json\/wp\/v2\/product\/24905\/revisions\/26289"}],"wp:featuredmedia":[{"embeddable":true,"href":"https:\/\/globalsourcechemicals.com\/pt\/wp-json\/wp\/v2\/media\/27908"}],"wp:attachment":[{"href":"https:\/\/globalsourcechemicals.com\/pt\/wp-json\/wp\/v2\/media?parent=24905"}],"wp:term":[{"taxonomy":"product_brand","embeddable":true,"href":"https:\/\/globalsourcechemicals.com\/pt\/wp-json\/wp\/v2\/product_brand?post=24905"},{"taxonomy":"product_cat","embeddable":true,"href":"https:\/\/globalsourcechemicals.com\/pt\/wp-json\/wp\/v2\/product_cat?post=24905"},{"taxonomy":"product_tag","embeddable":true,"href":"https:\/\/globalsourcechemicals.com\/pt\/wp-json\/wp\/v2\/product_tag?post=24905"}],"curies":[{"name":"wp","href":"https:\/\/api.w.org\/{rel}","templated":true}]}}