{"id":24271,"date":"2025-04-13T17:41:22","date_gmt":"2025-04-13T17:41:22","guid":{"rendered":"https:\/\/globalsourcechemicals.com\/?post_type=product&#038;p=24271"},"modified":"2025-10-02T17:41:48","modified_gmt":"2025-10-02T17:41:48","slug":"pellets-de-bromonordiazepam-25-mg","status":"publish","type":"product","link":"https:\/\/globalsourcechemicals.com\/pt\/comprar\/benzodiazepinicos\/pellets-de-bromonordiazepam-25-mg\/","title":{"rendered":"Bromonordiazepam 2,5 mg em pastilhas"},"content":{"rendered":"<h2><span data-sheets-value=\"{\" data-sheets-userformat=\"{\">Pelotas de bromonordiazepam 2,5 MG<br \/>\n<\/span><\/h2>\n<p>Estes s\u00e3o os mais novos pellets da linha Professor.nl! Esses pellets cont\u00eam 2,5 mg de subst\u00e2ncia ativa (Bromonordiazepam 2,5 mg). bromonordiazepam, efeito bromonordiazepam, f\u00f3rum de medicamentos bromonordiazepam, experi\u00eancias com bromonordiazepam, f\u00f3rum de medicamentos bromonordiazepam<\/p>\n<p><strong>Esses pellets de Bromonordiazepam 2,5 mg v\u00eam de nossa pr\u00f3pria produ\u00e7\u00e3o e s\u00e3o da mais alta qualidade. Esses pellets cont\u00eam 2,5 miligramas de subst\u00e2ncia ativa (bromonordiazepam). Cada pellet tem um di\u00e2metro de aproximadamente 8 mm com uma linha de quebra. Esses pellets de bromonordiazepam s\u00e3o embalados em blisters de 10 unidades para garantir frescor e s\u00e3o fornecidos em uma caixa pr\u00e1tica com 5 blisters.\u00a0<\/strong><\/p>\n<p>O bromonordiazepam \u00e9 uma subst\u00e2ncia vendida apenas para fins de pesquisa e, portanto, n\u00e3o se destina ao consumo.<a href=\"https:\/\/globalsourcechemicals.com\/pt\/comprar\/catinonas\/%f0%9f%92%a1-po-cristalino-de-2-mmc-para-todas-as-perguntas-e-respostas-sobre-compra\/\">Pellets de 2-CMC 250 mg<\/a> , ,<a href=\"https:\/\/globalsourcechemicals.com\/pt\/comprar\/pelotas-2\/pellets-erextc-homosildenafil-100-mg\/\">EREXTC Homosildenafila 100 mg em comprimidos revestidos<\/a>\u00a0 ,\u00a0 <a href=\"https:\/\/globalsourcechemicals.com\/pt\/comprar\/proibido\/mdphp-kopen-poeder-freebase\/\">P\u00f3 MDPHP (base livre)<\/a><\/p>\n<p>O bromonordiazepam mant\u00e9m sua estabilidade por at\u00e9 2 anos quando armazenado em ambiente apropriado. O bromonordiazepam \u00e9 destinado a fins de pesquisa e n\u00e3o ao consumo. Por isso, \u00e9 importante que o produto fique fora do alcance de crian\u00e7as e animais de estima\u00e7\u00e3o.<\/p>\n<p>Oferecemos produtos qu\u00edmicos de pesquisa de boa qualidade por um pre\u00e7o justo. Seu pedido ser\u00e1 enviado dentro de 24 horas todos os dias. Portanto, ordem <em>Bromonordiazepam<\/em> seguro e r\u00e1pido via p<\/p>\n<h2>O que \u00e9 Bromonordiazepam?<\/h2>\n<p>Bromonordiazepam \u00e9 uma subst\u00e2ncia psicoativa pertencente \u00e0 classe dos benzodiazep\u00ednicos, comumente usados mediante prescri\u00e7\u00e3o m\u00e9dica por suas propriedades sedativas e ansiol\u00edticas. \u00c9 um derivado do benzodiazep\u00ednico diazepam, com um \u00e1tomo de bromo ligado \u00e0 mol\u00e9cula.<\/p>\n<p>Como um benzodiazep\u00ednico, o diazepam bromorroidal atua no sistema nervoso central ligando-se aos receptores GABA no c\u00e9rebro. Isso leva ao aumento da atividade do neurotransmissor inibit\u00f3rio GABA, que tem um efeito calmante e relaxante no corpo e na mente. O bromonordiazepam \u00e9 um benzodiazep\u00ednico relativamente novo e pouco se sabe sobre seus efeitos a longo prazo ou potencial de abuso. N\u00e3o \u00e9 comumente prescrito para uso m\u00e9dico e \u00e9 usado principalmente como produto qu\u00edmico de pesquisa.<\/p>\n<p>A s\u00edntese de bromonordiazepam e outros benzodiazep\u00ednicos geralmente ocorre em laborat\u00f3rios clandestinos, e sua pureza e seguran\u00e7a n\u00e3o podem ser garantidas. Usar esses compostos sem supervis\u00e3o m\u00e9dica pode ser perigoso e potencialmente fatal.<\/p>\n<h2>Como surgiu o Bromonordiazapem?<\/h2>\n<p>Bromonordiazepam \u00e9 um derivado do benzodiazep\u00ednico diazepam, que foi sintetizado pela primeira vez na d\u00e9cada de 1950 pela empresa farmac\u00eautica Hoffmann-La Roche. O diazepam foi desenvolvido como uma melhoria nos barbit\u00faricos existentes, que eram amplamente utilizados como sedativos, mas apresentavam alto risco de overdose e depend\u00eancia.<\/p>\n<p>O diazepam rapidamente se tornou popular como medicamento prescrito devido ao seu efeito sedativo e <a href=\"http:\/\/google.nl\" target=\"_blank\" rel=\"noopener\">ansiol\u00edtico<\/a> propriedades e foi comercializado sob a marca Valium. Seu uso aumentou rapidamente nas d\u00e9cadas de 1960 e 1970, quando foi prescrito para uma ampla gama de condi\u00e7\u00f5es, incluindo ansiedade, ins\u00f4nia, c\u00e3ibras musculares e abstin\u00eancia de \u00e1lcool.<\/p>\n<p>\u00c0 medida que a popularidade do diazepam aumentava, os pesquisadores come\u00e7aram a sintetizar novos derivados do medicamento para melhorar sua efic\u00e1cia e reduzir os efeitos colaterais. Um desses derivados foi o bromazepam, desenvolvido na d\u00e9cada de 1970 e comercializado sob a marca Lexotanil.<\/p>\n<p>Bromonordiazepam \u00e9 um derivado do bromazepam, com um \u00e1tomo de bromo ligado \u00e0 mol\u00e9cula. Provavelmente foi sintetizado pela primeira vez em laborat\u00f3rios clandestinos, modificando compostos benzodiazep\u00ednicos existentes, e seu uso como droga recreativa surgiu na d\u00e9cada de 2000.<\/p>\n<p>A s\u00edntese e distribui\u00e7\u00e3o de bromonordiazepam e outros benzodiazep\u00ednicos sint\u00e9ticos s\u00e3o ilegais na maioria dos pa\u00edses, e a pureza e a seguran\u00e7a desses compostos n\u00e3o podem ser garantidas. Seu uso fora de um ambiente m\u00e9dico pode ser perigoso e potencialmente fatal.<\/p>\n<h3><span data-sheets-value=\"{\" data-sheets-userformat=\"{\">Propriedades do bromonordiazepam<\/span><\/h3>\n<p><strong>Sin\u00f4nimo:<\/strong> Bromonordiazepam<br \/>\n<strong>N\u00famero CAS:<\/strong> 2894-61-3<br \/>\n<strong>F\u00f3rmula:<\/strong> 7-bromo-5-fenil-1,3-di-hidro-1,4-benzodiazepin-2-ona<br \/>\n<strong>Massa molar:<\/strong> 315.16464<br \/>\n<strong>Pureza:<\/strong> &gt;99%<\/p>\n<h3>Declara\u00e7\u00e3o de perigo<\/h3>\n<p>Bromonordiazepam pode causar irrita\u00e7\u00e3o respirat\u00f3ria<br \/>\nO bromonordiazepam pode causar irrita\u00e7\u00e3o nos olhos.<br \/>\n\u00c9 proibido descarregar produtos qu\u00edmicos de pesquisa no meio ambiente.<\/p>\n<p>Bromonordiazepam EM CONTATO COM OS OLHOS: Enx\u00e1gue os olhos cuidadosamente com \u00e1gua durante cinco minutos. Remova as lentes de contato, se poss\u00edvel.<\/p>\n<p>Bromonordiazepam EM CONTATO COM A PELE: Lave a pele com \u00e1gua e sab\u00e3o.<\/p>\n<p>AP\u00d3S INALA\u00c7\u00c3O DE Bromonordiazepam: Remova a v\u00edtima para um local com ar fresco e mantenha-a em uma posi\u00e7\u00e3o confort\u00e1vel para respirar.<\/p>","protected":false},"excerpt":{"rendered":"<p>Pellets de bromonordiazepam 2,5 mg Estes s\u00e3o os mais novos pellets da linha Professor.nl! Esses pellets s\u00e3o fornecidos com 2,5<\/p>","protected":false},"featured_media":27853,"comment_status":"closed","ping_status":"closed","template":"","meta":[],"product_brand":[],"product_cat":[76,385,390,324],"product_tag":[185,326],"class_list":{"0":"post-24271","1":"product","2":"type-product","3":"status-publish","4":"has-post-thumbnail","6":"product_cat-benzodiazepinen","7":"product_cat-bromonordiazepam","8":"product_cat-bromonordiazepam-pellets","9":"product_cat-pellets-for-pellet","10":"product_tag-bromonordiazepam","11":"product_tag-nl","13":"first","14":"instock","15":"taxable","16":"shipping-taxable","17":"purchasable","18":"product-type-variable"},"_links":{"self":[{"href":"https:\/\/globalsourcechemicals.com\/pt\/wp-json\/wp\/v2\/product\/24271","targetHints":{"allow":["GET"]}}],"collection":[{"href":"https:\/\/globalsourcechemicals.com\/pt\/wp-json\/wp\/v2\/product"}],"about":[{"href":"https:\/\/globalsourcechemicals.com\/pt\/wp-json\/wp\/v2\/types\/product"}],"replies":[{"embeddable":true,"href":"https:\/\/globalsourcechemicals.com\/pt\/wp-json\/wp\/v2\/comments?post=24271"}],"version-history":[{"count":3,"href":"https:\/\/globalsourcechemicals.com\/pt\/wp-json\/wp\/v2\/product\/24271\/revisions"}],"predecessor-version":[{"id":25303,"href":"https:\/\/globalsourcechemicals.com\/pt\/wp-json\/wp\/v2\/product\/24271\/revisions\/25303"}],"wp:featuredmedia":[{"embeddable":true,"href":"https:\/\/globalsourcechemicals.com\/pt\/wp-json\/wp\/v2\/media\/27853"}],"wp:attachment":[{"href":"https:\/\/globalsourcechemicals.com\/pt\/wp-json\/wp\/v2\/media?parent=24271"}],"wp:term":[{"taxonomy":"product_brand","embeddable":true,"href":"https:\/\/globalsourcechemicals.com\/pt\/wp-json\/wp\/v2\/product_brand?post=24271"},{"taxonomy":"product_cat","embeddable":true,"href":"https:\/\/globalsourcechemicals.com\/pt\/wp-json\/wp\/v2\/product_cat?post=24271"},{"taxonomy":"product_tag","embeddable":true,"href":"https:\/\/globalsourcechemicals.com\/pt\/wp-json\/wp\/v2\/product_tag?post=24271"}],"curies":[{"name":"wp","href":"https:\/\/api.w.org\/{rel}","templated":true}]}}