{"id":24185,"date":"2025-04-13T17:41:13","date_gmt":"2025-04-13T17:41:13","guid":{"rendered":"https:\/\/globalsourcechemicals.com\/?post_type=product&#038;p=24185"},"modified":"2025-04-22T09:27:50","modified_gmt":"2025-04-22T09:27:50","slug":"caixa-de-flubrotizolam-05-mg-rc","status":"publish","type":"product","link":"https:\/\/globalsourcechemicals.com\/pt\/comprar\/b2b\/caixa-de-flubrotizolam-05-mg-rc\/","title":{"rendered":"RC+ Flubrotizolam 0,5 MG Caixa"},"content":{"rendered":"<h1><strong>Caixa de meia-vida de flubrotizolam 0,5 mg \u2013 Produtos qu\u00edmicos de pesquisa poderosos para experimentos cient\u00edficos<\/strong><\/h1>\n<h2><strong>Flubrotizolam 0,5 mg \u2013 Um potente composto de pesquisa<\/strong><\/h2>\n<p class=\"ds-markdown-paragraph\">O\u00a0<strong>RC+ Flubrotizolam meia vida 0,5mg Caixa<\/strong>\u00a0cont\u00e9m um produto qu\u00edmico de pesquisa de alto valor e potencialmente interessante da classe das tienotriazolodiazepinas. Esta subst\u00e2ncia \u00e9 conhecida principalmente por meio de pesquisas farmacol\u00f3gicas e \u00e9 vendida exclusivamente para fins de pesquisa cient\u00edfica.<\/p>\n<p class=\"ds-markdown-paragraph\">O flubrotizolam atrai a aten\u00e7\u00e3o dos pesquisadores por suas propriedades \u00fanicas e poss\u00edveis efeitos farmacol\u00f3gicos em experimentos. A baixa dosagem de 0,5 mg por comprimido o torna particularmente adequado para estudos precisos e controlados.<\/p>\n<hr \/>\n<h2><strong>Por que comprar RC+ Flubrotizolam 0,5 mg?<\/strong><\/h2>\n<p class=\"ds-markdown-paragraph\">\u2705\u00a0<strong>Dosagem extremamente precisa:<\/strong>\u00a0Cada comprimido cont\u00e9m exatamente\u00a0<strong>0,5 mg de flubrotizolam<\/strong>\u00a0para resultados de pesquisa consistentes e confi\u00e1veis<\/p>\n<p class=\"ds-markdown-paragraph\">\u2705\u00a0<strong>Mais alto padr\u00e3o de qualidade:<\/strong>\u00a0Produzido em rigorosas condi\u00e7\u00f5es de laborat\u00f3rio com m\u00e1xima pureza<\/p>\n<p class=\"ds-markdown-paragraph\">\u2705\u00a0<strong>Embalagem ideal:<\/strong>\u00a0Embalagem em caixa pr\u00e1tica com prote\u00e7\u00e3o contra luz <a href=\"http:\/\/google.nl\" target=\"_blank\" rel=\"noopener\">e<\/a> umidade<\/p>\n<p class=\"ds-markdown-paragraph\">\u2705\u00a0<strong>Entrega r\u00e1pida e discreta:<\/strong>\u00a0Encomendou antes das 15h? Geralmente enviado no mesmo dia \u00fatil!<\/p>\n<p class=\"ds-markdown-paragraph\">\u2705\u00a0<strong>Somente para pesquisa:<\/strong>\u00a0Adequado para experimentos cient\u00edficos e estudos anal\u00edticos<\/p>\n<hr \/>\n<h2><strong>Informa\u00e7\u00f5es importantes de uso<\/strong><\/h2>\n<p class=\"ds-markdown-paragraph\">\u26a0\ufe0f\u00a0<strong>Estritamente para Pesquisa Cient\u00edfica<\/strong>\u00a0\u2013 Absolutamente n\u00e3o destinado ao consumo humano ou animal<\/p>\n<p class=\"ds-markdown-paragraph\">\u26a0\ufe0f\u00a0<strong>Instru\u00e7\u00f5es de seguran\u00e7a:<\/strong><\/p>\n<ul>\n<li>\n<p class=\"ds-markdown-paragraph\">Mantenha fora do alcance de crian\u00e7as e pessoas n\u00e3o autorizadas<\/p>\n<\/li>\n<li>\n<p class=\"ds-markdown-paragraph\">Armazene em local seco e em temperatura ambiente<\/p>\n<\/li>\n<li>\n<p class=\"ds-markdown-paragraph\">Para uso somente em ambientes de pesquisa profissional<\/p>\n<\/li>\n<\/ul>\n<p class=\"ds-markdown-paragraph\">\u26a0\ufe0f\u00a0<strong>Uso respons\u00e1vel:<\/strong>\u00a0Para uso somente por pesquisadores qualificados com instala\u00e7\u00f5es laboratoriais adequadas<\/p>\n<hr \/>\n<h2><strong>Perguntas frequentes sobre a meia-vida do flubrotizolam<\/strong><\/h2>\n<h3><strong>1. O que torna o Flubrotizolam interessante para pesquisa?<\/strong><\/h3>\n<p class=\"ds-markdown-paragraph\">O flubrotizolam pertence a uma classe interessante de compostos que est\u00e3o recebendo aten\u00e7\u00e3o cient\u00edfica devido \u00e0s suas propriedades farmacodin\u00e2micas \u00fanicas.<a title=\"Pellets de O-DSMT 50 mg\" href=\"https:\/\/globalsourcechemicals.com\/pt\/comprar\/pelotas-2\/pellets-de-dsmt-50mg\/\" target=\"_blank\" rel=\"noopener\">Pellets de O-DSMT 50 mg<\/a><\/p>\n<h3><strong>2. Esta subst\u00e2ncia \u00e9 legal na Holanda\/B\u00e9lgica?<\/strong><\/h3>\n<p class=\"ds-markdown-paragraph\">Este produto \u00e9 vendido como um produto qu\u00edmico de pesquisa somente para pesquisadores qualificados e n\u00e3o se destina ao consumo. A legalidade pode variar de acordo com o pa\u00eds \u2013 os pesquisadores devem verificar as leis locais por si pr\u00f3prios.<\/p>\n<h3><strong>3. Como o produto \u00e9 entregue?<\/strong><\/h3>\n<p class=\"ds-markdown-paragraph\">O\u00a0<strong>RC+ Flubrotizolam 0,5mg Caixa<\/strong>\u00a0cont\u00e9m comprimidos dosados com precis\u00e3o em embalagens profissionais e seguras.<a title=\"Pellets de 2-CMC 250 mg\" href=\"https:\/\/globalsourcechemicals.com\/pt\/comprar\/catinonas\/%f0%9f%92%a1-po-cristalino-de-2-mmc-para-todas-as-perguntas-e-respostas-sobre-compra\/\" target=\"_blank\" rel=\"noopener\">Pellets de 2-CMC 250 mg<\/a><\/p>\n<hr \/>\n<h2><strong>Pe\u00e7a agora RC+ Flubrotizolam meia vida 0,5 mg caixa<\/strong><\/h2>\n<p class=\"ds-markdown-paragraph\">Voc\u00ea \u00e9 um pesquisador ou cientista em busca de produtos qu\u00edmicos de pesquisa de alta qualidade e dosados com precis\u00e3o? Ent\u00e3o pe\u00e7a hoje mesmo\u00a0<strong>RC+ Flubrotizolam 0,5mg Caixa<\/strong>\u00a0para entrega r\u00e1pida e discreta em seu centro de pesquisa ou laborat\u00f3rio.<a title=\"C\u00e1psulas 2C-EF 2mg\" href=\"https:\/\/globalsourcechemicals.com\/pt\/comprar\/fenetilamina\/capsulas-2c-ef-2mg\/\" target=\"_blank\" rel=\"noopener\">C\u00e1psulas 2C-EF 2mg<\/a><\/p>","protected":false},"excerpt":{"rendered":"<p>Flubrotizolam meia vida 0,5 mg caixa \u2013 Produtos qu\u00edmicos de pesquisa poderosos para experimentos cient\u00edficos Flubrotizolam 0,5 mg \u2013 Um produto qu\u00edmico de pesquisa potente O RC+ Flubrotizolam meia vida<\/p>","protected":false},"featured_media":21250,"comment_status":"closed","ping_status":"closed","template":"","meta":[],"product_brand":[82],"product_cat":[555],"product_tag":[150,153,154,151,152,155,326],"class_list":{"0":"post-24185","1":"product","2":"type-product","3":"status-publish","4":"has-post-thumbnail","6":"product_brand-research-chemical","7":"product_cat-b2b","8":"product_tag-flubrotizolam","9":"product_tag-flubrotizolam-dosage","10":"product_tag-flubrotizolam-ervaring","11":"product_tag-flubrotizolam-half-life","12":"product_tag-flubrotizolam-werking","13":"product_tag-flunitrazolam-bijwerkingen","14":"product_tag-nl","16":"first","17":"instock","18":"taxable","19":"shipping-taxable","20":"purchasable","21":"product-type-simple"},"_links":{"self":[{"href":"https:\/\/globalsourcechemicals.com\/pt\/wp-json\/wp\/v2\/product\/24185","targetHints":{"allow":["GET"]}}],"collection":[{"href":"https:\/\/globalsourcechemicals.com\/pt\/wp-json\/wp\/v2\/product"}],"about":[{"href":"https:\/\/globalsourcechemicals.com\/pt\/wp-json\/wp\/v2\/types\/product"}],"replies":[{"embeddable":true,"href":"https:\/\/globalsourcechemicals.com\/pt\/wp-json\/wp\/v2\/comments?post=24185"}],"version-history":[{"count":3,"href":"https:\/\/globalsourcechemicals.com\/pt\/wp-json\/wp\/v2\/product\/24185\/revisions"}],"predecessor-version":[{"id":26030,"href":"https:\/\/globalsourcechemicals.com\/pt\/wp-json\/wp\/v2\/product\/24185\/revisions\/26030"}],"wp:featuredmedia":[{"embeddable":true,"href":"https:\/\/globalsourcechemicals.com\/pt\/wp-json\/wp\/v2\/media\/21250"}],"wp:attachment":[{"href":"https:\/\/globalsourcechemicals.com\/pt\/wp-json\/wp\/v2\/media?parent=24185"}],"wp:term":[{"taxonomy":"product_brand","embeddable":true,"href":"https:\/\/globalsourcechemicals.com\/pt\/wp-json\/wp\/v2\/product_brand?post=24185"},{"taxonomy":"product_cat","embeddable":true,"href":"https:\/\/globalsourcechemicals.com\/pt\/wp-json\/wp\/v2\/product_cat?post=24185"},{"taxonomy":"product_tag","embeddable":true,"href":"https:\/\/globalsourcechemicals.com\/pt\/wp-json\/wp\/v2\/product_tag?post=24185"}],"curies":[{"name":"wp","href":"https:\/\/api.w.org\/{rel}","templated":true}]}}