{"id":23908,"date":"2025-04-13T17:40:39","date_gmt":"2025-04-13T17:40:39","guid":{"rendered":"https:\/\/globalsourcechemicals.com\/?post_type=product&#038;p=23908"},"modified":"2025-10-02T23:06:13","modified_gmt":"2025-10-02T23:06:13","slug":"nb-5-meo-mipt-oxalato","status":"publish","type":"product","link":"https:\/\/globalsourcechemicals.com\/pt\/comprar\/nb-5-meo-mipt\/nb-5-meo-mipt-oxalato\/","title":{"rendered":"Oxalato de NB-5-MeO-MiPT"},"content":{"rendered":"<h3><strong>Oxalato de NB-5-MeO-MiPT \u2013 Produtos Qu\u00edmicos de Pesquisa<\/strong><\/h3>\n<p class=\"ds-markdown-paragraph\"><strong>Descri\u00e7\u00e3o do produto:<\/strong><br \/>\n<strong>Oxalato de NB-5-MeO-MiPT<\/strong>\u00a0(tamb\u00e9m conhecido como\u00a0<strong>Moxy<\/strong>) \u00e9 uma triptamina sint\u00e9tica usada principalmente para\u00a0<strong>pesquisa cient\u00edfica<\/strong>\u00c9 um an\u00e1logo do 5-MeO-DMT e da psilocina, com efeitos \u00fanicos nos receptores serotonin\u00e9rgicos. Esta subst\u00e2ncia \u00e9 frequentemente estudada por sua potencial influ\u00eancia na\u00a0<strong>percep\u00e7\u00e3o, humor e processos cognitivos<\/strong>.<\/p>\n<p class=\"ds-markdown-paragraph\">O produto est\u00e1 dispon\u00edvel como\u00a0<strong>p\u00f3 de alta pureza (forma de sal oxalato)<\/strong>\u00a0e vem com um\u00a0<strong>relat\u00f3rio de laborat\u00f3rio detalhado<\/strong>\u00a0para controle de qualidade.<\/p>\n<hr \/>\n<h3><strong>Uso de oxalato de NB-5-MeO-MiPT<\/strong><\/h3>\n<ul>\n<li>\n<p class=\"ds-markdown-paragraph\"><strong>Pesquisa cient\u00edfica:<\/strong>\u00a0Estudo das intera\u00e7\u00f5es dos receptores (5-HT1A\/2A).<\/p>\n<\/li>\n<li>\n<p class=\"ds-markdown-paragraph\"><strong>Explora\u00e7\u00e3o psicon\u00e1utica<\/strong>\u00a0(n\u00e3o para uso recreativo).<\/p>\n<\/li>\n<li>\n<p class=\"ds-markdown-paragraph\"><strong>Microdosagem:<\/strong>\u00a0Poss\u00edveis efeitos sutis na criatividade e na empatia (n\u00e3o comprovados clinicamente).<\/p>\n<\/li>\n<\/ul>\n<p class=\"ds-markdown-paragraph\">\u26a0\ufe0f\u00a0<strong>N\u00e3o se destina ao consumo humano \u2013 apenas para pesquisa in vitro.<\/strong><\/p>\n<hr \/>\n<h3><strong>Dosagem recomendada (para pesquisa)<\/strong><\/h3>\n<ul>\n<li>\n<p class=\"ds-markdown-paragraph\"><strong>Limiar (dose de pesquisa):<\/strong>\u00a01-3 mg<\/p>\n<\/li>\n<li>\n<p class=\"ds-markdown-paragraph\"><strong>Efeitos de luz:<\/strong>\u00a03-6 mg<\/p>\n<\/li>\n<li>\n<p class=\"ds-markdown-paragraph\"><strong>Dose m\u00e9dia de pesquisa:<\/strong>\u00a06-10 mg<\/p>\n<\/li>\n<li>\n<p class=\"ds-markdown-paragraph\"><strong>Efeitos fortes (somente para pesquisadores experientes):<\/strong>\u00a010-15 mg+<\/p>\n<\/li>\n<\/ul>\n<p class=\"ds-markdown-paragraph\">\ud83d\udd2c\u00a0<strong>M\u00e9todo:<\/strong>\u00a0Oral, sublingual ou em solu\u00e7\u00e3o (utilizar uma\u00a0<strong>escala de miligramas<\/strong>\u00a0para precis\u00e3o).<\/p>\n<hr \/>\n<h3><strong>Poss\u00edveis efeitos e efeitos colaterais<\/strong><\/h3>\n<h4><strong>Efeitos esperados (com base em pesquisas aned\u00f3ticas)<\/strong><\/h4>\n<ul>\n<li>\n<p class=\"ds-markdown-paragraph\">Aumento das sensa\u00e7\u00f5es t\u00e1teis<\/p>\n<\/li>\n<li>\n<p class=\"ds-markdown-paragraph\">Refor\u00e7o visual e auditivo<\/p>\n<\/li>\n<li>\n<p class=\"ds-markdown-paragraph\">Propriedades empatog\u00eanicas<\/p>\n<\/li>\n<li>\n<p class=\"ds-markdown-paragraph\">Flexibilidade cognitiva<\/p>\n<\/li>\n<\/ul>\n<h4><strong>Poss\u00edveis efeitos colaterais<\/strong><\/h4>\n<ul>\n<li>\n<p class=\"ds-markdown-paragraph\">N\u00e1useas (especialmente em doses mais altas)<\/p>\n<\/li>\n<li>\n<p class=\"ds-markdown-paragraph\">Ansiedade ou inquieta\u00e7\u00e3o leve a moderada<\/p>\n<\/li>\n<li>\n<p class=\"ds-markdown-paragraph\">Aumento da frequ\u00eancia card\u00edaca<\/p>\n<\/li>\n<li>\n<p class=\"ds-markdown-paragraph\">Sono perturbado quando tomado tarde<\/p>\n<\/li>\n<\/ul>\n<p class=\"ds-markdown-paragraph\">\u26a0\ufe0f\u00a0<strong>N\u00e3o combine com inibidores da MAO, ISRSs ou outras subst\u00e2ncias serotonin\u00e9rgicas.<\/strong><\/p>\n<hr \/>\n<h3><strong>Perguntas Frequentes (FAQ&#039;s)<\/strong><\/h3>\n<p class=\"ds-markdown-paragraph\"><strong>1. O NB-5-MeO-MiPT \u00e9 legal na Holanda?<\/strong><br \/>\nEle se enquadra no\u00a0<strong>Lei do \u00d3pio<\/strong>\u00a0como uma subst\u00e2ncia de pesquisa e \u00e9\u00a0<strong>n\u00e3o aprovado para uso humano<\/strong>.<\/p>\n<p class=\"ds-markdown-paragraph\"><strong>2. Quanto tempo duram os efeitos?<\/strong><\/p>\n<ul>\n<li>\n<p class=\"ds-markdown-paragraph\"><strong>Ingest\u00e3o oral:<\/strong>\u00a0~4-7 horas<\/p>\n<\/li>\n<li>\n<p class=\"ds-markdown-paragraph\"><strong>Ingest\u00e3o sublingual:<\/strong>\u00a0~3-5 horas<\/p>\n<\/li>\n<\/ul>\n<p class=\"ds-markdown-paragraph\"><strong>3. Pode ser usado para microdosagem?<\/strong><br \/>\nAlguns pesquisadores est\u00e3o experimentando\u00a0<strong>microdoses (0,5-2 mg)<\/strong>, mas h\u00e1 poucos dados cient\u00edficos dispon\u00edveis.<\/p>\n<p class=\"ds-markdown-paragraph\"><strong>4. Como deve ser armazenado?<\/strong><br \/>\nSalvar em um\u00a0<strong>ambiente fresco, seco e escuro<\/strong>\u00a0(de prefer\u00eancia em embalagem a v\u00e1cuo).<\/p>\n<hr \/>\n<h3><strong>Relat\u00f3rio de laborat\u00f3rio e garantia de qualidade<\/strong><\/h3>\n<ul>\n<li>\n<p class=\"ds-markdown-paragraph\"><strong>Pureza:<\/strong>\u00a0\u226598% (testado por HPLC)<\/p>\n<\/li>\n<li>\n<p class=\"ds-markdown-paragraph\"><strong>Livre de metais pesados e res\u00edduos<\/strong><\/p>\n<\/li>\n<li>\n<p class=\"ds-markdown-paragraph\"><strong>Composi\u00e7\u00e3o consistente<\/strong><\/p>\n<\/li>\n<\/ul>\n<p class=\"ds-markdown-paragraph\">\ud83d\udcc4\u00a0<strong>An\u00e1lises laboratoriais est\u00e3o dispon\u00edveis mediante solicita\u00e7\u00e3o.<\/strong><\/p>\n<hr \/>\n<h3><strong>Conselhos de seguran\u00e7a<\/strong><\/h3>\n<ul>\n<li>\n<p class=\"ds-markdown-paragraph\"><strong>Comece sempre com uma dose baixa<\/strong>\u00a0(1-2 mg) para testar a toler\u00e2ncia.<\/p>\n<\/li>\n<li>\n<p class=\"ds-markdown-paragraph\"><strong>N\u00e3o use sozinho<\/strong>\u00a0\u2013 pesquisa em ambiente controlado.<\/p>\n<\/li>\n<li>\n<p class=\"ds-markdown-paragraph\"><strong>N\u00e3o usar em caso de transtornos mentais<\/strong>\u00a0(risco de agravamento).<\/p>\n<\/li>\n<\/ul>\n<p class=\"ds-markdown-paragraph\">\ud83d\udd2c\u00a0<strong>Somente para fins de pesquisa \u2013 n\u00e3o para consumo.<\/strong><\/p>\n<hr \/>\n<p class=\"ds-markdown-paragraph\"><strong>Perguntar?<\/strong>\u00a0Entre em contato conosco para obter mais informa\u00e7\u00f5es sobre pesquisa respons\u00e1vel. \ud83e\uddea<\/p>","protected":false},"excerpt":{"rendered":"<h3><span data-sheets-value=\"{\" data-sheets-userformat=\"{\"><span style=\"vertical-align: inherit;\"><span style=\"vertical-align: inherit;\">NB-5-MeO-MiPT oxalate properties<\/span><\/span><\/span><\/h3>\n<p><strong><span style=\"vertical-align: inherit;\"><span style=\"vertical-align: inherit;\">Synonym:<\/span><\/span><\/strong><span style=\"vertical-align: inherit;\"><span style=\"vertical-align: inherit;\"> tert-butyl 3-(2-(isopropyl(methyl)amino)ethyl)-5-methoxy-1H-indole-1-carboxylate oxalate <\/span><\/span><br \/>\n<strong><span style=\"vertical-align: inherit;\"><span style=\"vertical-align: inherit;\">CAS Number:<\/span><\/span><\/strong><span style=\"vertical-align: inherit;\"><span style=\"vertical-align: inherit;\"> none <\/span><\/span><br \/>\n<strong><span style=\"vertical-align: inherit;\"><span style=\"vertical-align: inherit;\">Formula:<\/span><\/span><\/strong><span style=\"vertical-align: inherit;\"><span style=\"vertical-align: inherit;\"> 3-[2-(isopropylmethylamino)ethyl]-5-methoxyindole freebase <\/span><\/span><br \/>\n<strong><span style=\"vertical-align: inherit;\"><span style=\"vertical-align: inherit;\">Mole mass:<\/span><\/span><\/strong><span style=\"vertical-align: inherit;\"><span style=\"vertical-align: inherit;\"> xx <\/span><\/span><br \/>\n<strong><span style=\"vertical-align: inherit;\"><span style=\"vertical-align: inherit;\">Purity:<\/span><\/span><\/strong><span style=\"vertical-align: inherit;\"><span style=\"vertical-align: inherit;\"> 98%&gt;<\/span><\/span><\/p>\n","protected":false},"featured_media":27921,"comment_status":"closed","ping_status":"closed","template":"","meta":[],"product_brand":[],"product_cat":[490,381],"product_tag":[452],"class_list":{"0":"post-23908","1":"product","2":"type-product","3":"status-publish","4":"has-post-thumbnail","6":"product_cat-nb-5-meo-mipt","7":"product_cat-tryptamines","8":"product_tag-de","10":"first","11":"instock","12":"taxable","13":"shipping-taxable","14":"purchasable","15":"product-type-variable"},"_links":{"self":[{"href":"https:\/\/globalsourcechemicals.com\/pt\/wp-json\/wp\/v2\/product\/23908","targetHints":{"allow":["GET"]}}],"collection":[{"href":"https:\/\/globalsourcechemicals.com\/pt\/wp-json\/wp\/v2\/product"}],"about":[{"href":"https:\/\/globalsourcechemicals.com\/pt\/wp-json\/wp\/v2\/types\/product"}],"replies":[{"embeddable":true,"href":"https:\/\/globalsourcechemicals.com\/pt\/wp-json\/wp\/v2\/comments?post=23908"}],"version-history":[{"count":4,"href":"https:\/\/globalsourcechemicals.com\/pt\/wp-json\/wp\/v2\/product\/23908\/revisions"}],"predecessor-version":[{"id":26667,"href":"https:\/\/globalsourcechemicals.com\/pt\/wp-json\/wp\/v2\/product\/23908\/revisions\/26667"}],"wp:featuredmedia":[{"embeddable":true,"href":"https:\/\/globalsourcechemicals.com\/pt\/wp-json\/wp\/v2\/media\/27921"}],"wp:attachment":[{"href":"https:\/\/globalsourcechemicals.com\/pt\/wp-json\/wp\/v2\/media?parent=23908"}],"wp:term":[{"taxonomy":"product_brand","embeddable":true,"href":"https:\/\/globalsourcechemicals.com\/pt\/wp-json\/wp\/v2\/product_brand?post=23908"},{"taxonomy":"product_cat","embeddable":true,"href":"https:\/\/globalsourcechemicals.com\/pt\/wp-json\/wp\/v2\/product_cat?post=23908"},{"taxonomy":"product_tag","embeddable":true,"href":"https:\/\/globalsourcechemicals.com\/pt\/wp-json\/wp\/v2\/product_tag?post=23908"}],"curies":[{"name":"wp","href":"https:\/\/api.w.org\/{rel}","templated":true}]}}