{"id":27218,"date":"2025-08-14T11:23:19","date_gmt":"2025-08-14T11:23:19","guid":{"rendered":"https:\/\/globalsourcechemicals.com\/?page_id=27218"},"modified":"2025-10-13T09:49:38","modified_gmt":"2025-10-13T09:49:38","slug":"politica-de-privacidade","status":"publish","type":"page","link":"https:\/\/globalsourcechemicals.com\/pt\/politica-de-privacidade\/","title":{"rendered":"pol\u00edtica de Privacidade"},"content":{"rendered":"<p>Esta \u00e9 a declara\u00e7\u00e3o de privacidade do Researchchemicalskopen.net, que pode ser encontrada em\u00a0<a href=\"https:\/\/globalsourcechemicals.com\/pt\/\">globalsourcechemicals.com<\/a><\/p>\n\n\n\n<h3 class=\"wp-block-heading\">Aplicabilidade<\/h3>\n\n\n\n<p>Esta declara\u00e7\u00e3o de privacidade se aplica a todas as informa\u00e7\u00f5es confidenciais ou dados pessoais que voc\u00ea nos fornece, por exemplo, por meio de um formul\u00e1rio de registro, formul\u00e1rio de contato ou pedidos que voc\u00ea faz. Valorizamos a privacidade de nossos clientes e, portanto, tratamos o processamento e a prote\u00e7\u00e3o de dados pessoais com o m\u00e1ximo cuidado. Nosso processamento de dados \u00e9 realizado de acordo com as condi\u00e7\u00f5es estabelecidas no Regulamento Geral sobre a Prote\u00e7\u00e3o de Dados (GDPR). A globalsourcechemicals.com \u00e9 a controladora, na acep\u00e7\u00e3o do GDPR, em rela\u00e7\u00e3o aos seus dados pessoais. Isso significa que determinamos quais dados pessoais s\u00e3o processados, para qual finalidade e de que maneira. Garantimos que seus dados pessoais sejam processados de forma correta e cuidadosa, em conformidade com o GDPR. Nesta declara\u00e7\u00e3o de privacidade, explicamos quais dados processamos e para quais finalidades s\u00e3o utilizados.<\/p>\n\n\n\n<h3 class=\"wp-block-heading\">Vis\u00e3o geral dos dados pessoais<\/h3>\n\n\n\n<p>Abaixo est\u00e1 uma vis\u00e3o geral dos dados pessoais que processamos:<\/p>\n\n\n\n<ul class=\"wp-block-list\">\n<li>Primeiro e \u00faltimo nome<\/li>\n\n\n\n<li>Detalhes do endere\u00e7o<\/li>\n\n\n\n<li>N\u00famero de telefone<\/li>\n\n\n\n<li>Endere\u00e7o de email<\/li>\n\n\n\n<li>Endere\u00e7o IP de um visitante do site<\/li>\n<\/ul>\n\n\n\n<h3 class=\"wp-block-heading\">Finalidade e Base do Processamento de Dados<\/h3>\n\n\n\n<p>Ao concordar com esta declara\u00e7\u00e3o de privacidade, voc\u00ea consente explicitamente, conforme definido no Artigo 6, par\u00e1grafo 1, al\u00ednea a, do GDPR, com o processamento dos seus dados pessoais para os fins abaixo indicados. Voc\u00ea pode revogar este consentimento a qualquer momento. No entanto, se voc\u00ea n\u00e3o nos fornecer determinados dados ou n\u00e3o nos permitir process\u00e1-los, talvez n\u00e3o consigamos lhe fornecer um servi\u00e7o ideal.<\/p>\n\n\n\n<p>Caso n\u00e3o nos tenha dado consentimento expl\u00edcito para o tratamento dos seus dados pessoais, ou caso tenha retirado esse consentimento, o tratamento dos seus dados pessoais poder\u00e1 basear-se no Artigo 6.\u00ba, n.\u00ba 1, al\u00edneas b, c e\/ou f, do RGPD. Nesse caso, o tratamento dos seus dados pessoais poder\u00e1 ocorrer sem o seu consentimento, desde que tal seja necess\u00e1rio para a execu\u00e7\u00e3o de um contrato do qual seja parte ou para a prote\u00e7\u00e3o dos interesses leg\u00edtimos da Professor.nl. Al\u00e9m disso, poderemos ser legalmente obrigados a tratar os seus dados pessoais.<\/p>\n\n\n\n<p>Processamos seus dados pessoais para os seguintes prop\u00f3sitos:<\/p>\n\n\n\n<ul class=\"wp-block-list\">\n<li>Fornecer nossos servi\u00e7os (por exemplo, entrega de mercadorias)<\/li>\n\n\n\n<li>Processando seu pagamento<\/li>\n\n\n\n<li>Enviando nossa newsletter<\/li>\n\n\n\n<li>Inform\u00e1-lo sobre mudan\u00e7as em nossos servi\u00e7os e produtos<\/li>\n\n\n\n<li>Oferecemos a voc\u00ea a oportunidade de criar uma conta<\/li>\n<\/ul>\n\n\n\n<p>N\u00e3o armazenamos seus dados pessoais por mais tempo do que o estritamente necess\u00e1rio para atingir os prop\u00f3sitos para os quais foram coletados.<\/p>\n\n\n\n<h3 class=\"wp-block-heading\">Divulga\u00e7\u00e3o a Terceiros<\/h3>\n\n\n\n<p>Poderemos compartilhar seus dados pessoais com terceiros, se isso for compat\u00edvel com as finalidades mencionadas acima. A divulga\u00e7\u00e3o a terceiros pode ser necess\u00e1ria para a execu\u00e7\u00e3o do contrato que celebramos com voc\u00ea, para a prossecu\u00e7\u00e3o dos nossos interesses leg\u00edtimos ou para cumprir uma obriga\u00e7\u00e3o legal. Temos contratos de processamento de dados em vigor com empresas que processam seus dados em nosso nome para garantir o mesmo n\u00edvel de seguran\u00e7a e confidencialidade dos seus dados. Continuamos respons\u00e1veis por essas opera\u00e7\u00f5es de processamento. Fora das situa\u00e7\u00f5es mencionadas acima, somente forneceremos seus dados pessoais a terceiros com o seu consentimento expresso.<\/p>\n\n\n\n<h3 class=\"wp-block-heading\">Fins comerciais<\/h3>\n\n\n\n<p>Poderemos utilizar os seus dados pessoais para fins comerciais, como para inform\u00e1-lo sobre os nossos servi\u00e7os, produtos relevantes ou altera\u00e7\u00f5es na legisla\u00e7\u00e3o que possam afetar a nossa oferta. Nesse caso, s\u00f3 entraremos em contacto consigo atrav\u00e9s do endere\u00e7o de e-mail que registou connosco. Caso n\u00e3o pretenda receber informa\u00e7\u00f5es sobre produtos ou servi\u00e7os relevantes, pode indicar facilmente esta situa\u00e7\u00e3o clicando em &quot;cancelar subscri\u00e7\u00e3o&quot; no e-mail que receber. Para efeitos de pesquisa de mercado, os seus dados pessoais poder\u00e3o ser anonimizados para que n\u00e3o seja poss\u00edvel rastre\u00e1-lo.<\/p>\n\n\n\n<p>Seus dados n\u00e3o ser\u00e3o vendidos ou compartilhados com terceiros para fins comerciais, a menos que voc\u00ea tenha dado permiss\u00e3o expl\u00edcita para isso.<\/p>\n\n\n\n<h3 class=\"wp-block-heading\">Biscoitos<\/h3>\n\n\n\n<p>Um cookie \u00e9 um pequeno arquivo de texto armazenado no seu computador, tablet ou smartphone quando voc\u00ea visita nosso site pela primeira vez. Voc\u00ea pode desativar esses cookies configurando seu navegador para n\u00e3o armazen\u00e1-los mais. Voc\u00ea tamb\u00e9m pode excluir todas as informa\u00e7\u00f5es armazenadas anteriormente nas configura\u00e7\u00f5es do seu navegador.<\/p>\n\n\n\n<p>Utilizamos os seguintes cookies:<\/p>\n\n\n\n<ul class=\"wp-block-list\">\n<li><strong>Cookies funcionais:<\/strong>&nbsp;Estes s\u00e3o cookies necess\u00e1rios para o funcionamento t\u00e9cnico do site e para a sua facilidade de utiliza\u00e7\u00e3o. Eles garantem o funcionamento adequado do site e lembram, por exemplo, as suas prefer\u00eancias. Estes cookies permitem-nos otimizar o nosso site. S\u00e3o cookies anal\u00edticos que n\u00e3o violam a sua privacidade e para os quais n\u00e3o necessitamos do seu consentimento pr\u00e9vio.<\/li>\n\n\n\n<li><strong>Google Analytics:<\/strong>&nbsp;Este site utiliza cookies da empresa americana Google como parte do seu servi\u00e7o &quot;Analytics&quot;. O Researchchemicalskopen.net utiliza este servi\u00e7o para gerar relat\u00f3rios sobre a utiliza\u00e7\u00e3o do site e para medir a sua qualidade e efic\u00e1cia. Utilizamos o Google Analytics conforme prescrito pela Autoridade Holandesa de Prote\u00e7\u00e3o de Dados (Autoriteit Persoonsgegevens), pelo que n\u00e3o necessitamos do seu consentimento pr\u00e9vio para utilizar o Google Analytics.<\/li>\n<\/ul>\n\n\n\n<h3 class=\"wp-block-heading\">Acesso, corre\u00e7\u00e3o ou exclus\u00e3o<\/h3>\n\n\n\n<p>Voc\u00ea tem o direito de acessar, corrigir ou excluir seus dados pessoais. Voc\u00ea tamb\u00e9m tem o direito de revogar seu consentimento para o processamento de seus dados pessoais ou de se opor ao processamento de seus dados pessoais. Voc\u00ea tamb\u00e9m tem o direito \u00e0 portabilidade de dados se mantivermos dados pessoais digitais que processamos com o seu consentimento ou para cumprir um contrato que temos com voc\u00ea.<\/p>\n\n\n\n<p>Isso significa que voc\u00ea pode nos enviar uma solicita\u00e7\u00e3o para enviar os dados pessoais digitais que armazenamos sobre voc\u00ea em um arquivo de computador leg\u00edvel para voc\u00ea ou outra organiza\u00e7\u00e3o nomeada por voc\u00ea.<\/p>\n\n\n\n<p>Voc\u00ea pode enviar uma solicita\u00e7\u00e3o de acesso, corre\u00e7\u00e3o, exclus\u00e3o, transfer\u00eancia de dados de seus dados pessoais ou solicita\u00e7\u00e3o de retirada de seu consentimento ou obje\u00e7\u00e3o ao processamento de seus dados pessoais para info@globalsourcechemicals.com<\/p>\n\n\n\n<p><\/p>","protected":false},"excerpt":{"rendered":"<p>Dit is de privacyverklaring van Researchchemicalskopen.net, te vinden op\u00a0globalsourcechemicals.com Toepasselijkheid Deze privacyverklaring is van toepassing op alle gevoelige informatie of<\/p>","protected":false},"author":1,"featured_media":0,"parent":0,"menu_order":0,"comment_status":"closed","ping_status":"closed","template":"","meta":{"footnotes":""},"class_list":["post-27218","page","type-page","status-publish","hentry"],"_links":{"self":[{"href":"https:\/\/globalsourcechemicals.com\/pt\/wp-json\/wp\/v2\/pages\/27218","targetHints":{"allow":["GET"]}}],"collection":[{"href":"https:\/\/globalsourcechemicals.com\/pt\/wp-json\/wp\/v2\/pages"}],"about":[{"href":"https:\/\/globalsourcechemicals.com\/pt\/wp-json\/wp\/v2\/types\/page"}],"author":[{"embeddable":true,"href":"https:\/\/globalsourcechemicals.com\/pt\/wp-json\/wp\/v2\/users\/1"}],"replies":[{"embeddable":true,"href":"https:\/\/globalsourcechemicals.com\/pt\/wp-json\/wp\/v2\/comments?post=27218"}],"version-history":[{"count":2,"href":"https:\/\/globalsourcechemicals.com\/pt\/wp-json\/wp\/v2\/pages\/27218\/revisions"}],"predecessor-version":[{"id":28550,"href":"https:\/\/globalsourcechemicals.com\/pt\/wp-json\/wp\/v2\/pages\/27218\/revisions\/28550"}],"wp:attachment":[{"href":"https:\/\/globalsourcechemicals.com\/pt\/wp-json\/wp\/v2\/media?parent=27218"}],"curies":[{"name":"wp","href":"https:\/\/api.w.org\/{rel}","templated":true}]}}