{"id":27214,"date":"2025-08-14T11:19:38","date_gmt":"2025-08-14T11:19:38","guid":{"rendered":"https:\/\/globalsourcechemicals.com\/?page_id=27214"},"modified":"2025-10-13T09:54:25","modified_gmt":"2025-10-13T09:54:25","slug":"expedicao","status":"publish","type":"page","link":"https:\/\/globalsourcechemicals.com\/pt\/expedicao\/","title":{"rendered":"Expedi\u00e7\u00e3o"},"content":{"rendered":"<p>Na globalsourcechemicals.com, enviamos os pacotes o mais r\u00e1pido poss\u00edvel. Pedidos feitos antes das 17h e com pagamento recebido ser\u00e3o enviados no mesmo dia, a menos que voc\u00ea selecione &quot;Retirada&quot;.<\/p>\n\n\n\n<p>Todos os pedidos s\u00e3o enviados pela transportadora escolhida. Voc\u00ea sempre receber\u00e1 um c\u00f3digo de rastreamento para poder acompanhar seu pedido.<\/p>\n\n\n\n<p>Se o seu pacote n\u00e3o for entregue ap\u00f3s 10 dias \u00fateis, entre em contato conosco para que possamos investigar mais a fundo.<\/p>\n\n\n\n<p><strong>Frete gr\u00e1tis Holanda + B\u00e9lgica: pe\u00e7a por \u20ac 75 ou mais<\/strong><br><strong>Frete gr\u00e1tis para outros pa\u00edses: pe\u00e7a por \u20ac 250 ou mais<\/strong><\/p>\n\n\n\n<hr class=\"wp-block-separator has-alpha-channel-opacity\"\/>\n\n\n\n<figure class=\"wp-block-table\"><table class=\"has-fixed-layout\"><tbody><tr><td><strong>Pa\u00eds<\/strong><\/td><td><strong>Prazo de entrega<\/strong><br><small><em>Pago antes das 17h,<br>enviado no mesmo dia<\/em><\/small><\/td><td><strong>PostNL<\/strong><\/td><td><strong>DHL<\/strong><\/td><td><strong>DPD<\/strong><\/td><\/tr><tr><td>Pa\u00edses Baixos<\/td><td>1-2 dias \u00fateis<\/td><td>\u20ac4,95<\/td><td>\u20ac4,95<\/td><td>depois<\/td><\/tr><tr><td>B\u00e9lgica<\/td><td>1-4 dias \u00fateis<\/td><td>\u20ac4,95<\/td><td>\u20ac7,95<\/td><td>depois<\/td><\/tr><tr><td>Bulg\u00e1ria<\/td><td>2-8 dias \u00fateis<\/td><td>depois<\/td><td>\u20ac17,95<\/td><td>\u20ac9,95<\/td><\/tr><tr><td>Est\u00f4nia<\/td><td>2-8 dias \u00fateis<\/td><td>depois<\/td><td>\u20ac34,95<\/td><td>\u20ac14,95<\/td><\/tr><tr><td>Fran\u00e7a<\/td><td>2-8 dias \u00fateis<\/td><td>depois<\/td><td>\u20ac12,95<\/td><td>\u20ac8,95<\/td><\/tr><tr><td>Gr\u00e9cia<\/td><td>2-8 dias \u00fateis<\/td><td>depois<\/td><td>\u20ac14,95<\/td><td>\u20ac39,95<\/td><\/tr><tr><td>Hungria<\/td><td>2-8 dias \u00fateis<\/td><td>depois<\/td><td>\u20ac14,95<\/td><td>\u20ac9,95<\/td><\/tr><tr><td>Irlanda<\/td><td>2-8 dias \u00fateis<\/td><td>depois<\/td><td>\u20ac12,95<\/td><td>\u20ac24,95<\/td><\/tr><tr><td>It\u00e1lia<\/td><td>2-8 dias \u00fateis<\/td><td>depois<\/td><td>\u20ac10,95<\/td><td>\u20ac9,95<\/td><\/tr><tr><td>Cro\u00e1cia<\/td><td>2-8 dias \u00fateis<\/td><td>depois<\/td><td>\u20ac19,95<\/td><td>\u20ac10,95<\/td><\/tr><tr><td>Let\u00f4nia<\/td><td>2-8 dias \u00fateis<\/td><td>depois<\/td><td>\u20ac34,95<\/td><td>\u20ac15,95<\/td><\/tr><tr><td>Litu\u00e2nia<\/td><td>2-8 dias \u00fateis<\/td><td>depois<\/td><td>\u20ac34,95<\/td><td>\u20ac12,95<\/td><\/tr><tr><td>Luxemburgo<\/td><td>2-8 dias \u00fateis<\/td><td>depois<\/td><td>depois<\/td><td>\u20ac8,95<\/td><\/tr><tr><td>\u00c1ustria<\/td><td>2-8 dias \u00fateis<\/td><td>depois<\/td><td>\u20ac11,95<\/td><td>\u20ac9,95<\/td><\/tr><tr><td>Pol\u00f4nia<\/td><td>2-8 dias \u00fateis<\/td><td>depois<\/td><td>\u20ac14,95<\/td><td>\u20ac9,95<\/td><\/tr><tr><td>Portugal<\/td><td>2-8 dias \u00fateis<\/td><td>depois<\/td><td>\u20ac19,95<\/td><td>\u20ac9,95<\/td><\/tr><tr><td>Rom\u00eania<\/td><td>2-8 dias \u00fateis<\/td><td>depois<\/td><td>\u20ac16,95<\/td><td>\u20ac9,95<\/td><\/tr><tr><td>Eslov\u00eania<\/td><td>2-8 dias \u00fateis<\/td><td>depois<\/td><td>\u20ac18,95<\/td><td>\u20ac12,95<\/td><\/tr><tr><td>Eslov\u00e1quia<\/td><td>2-8 dias \u00fateis<\/td><td>depois<\/td><td>\u20ac18,95<\/td><td>\u20ac12,95<\/td><\/tr><tr><td>Rep\u00fablica Tcheca<\/td><td>2-8 dias \u00fateis<\/td><td>depois<\/td><td>\u20ac14,95<\/td><td>\u20ac11,95<\/td><\/tr><\/tbody><\/table><\/figure>","protected":false},"excerpt":{"rendered":"<p>Bij de globalsourcechemicals.com versturen we pakketten zo snel mogelijk. Elke bestelling die v\u00f3\u00f3r 17:00u is besteld waarvan de betaling bij<\/p>","protected":false},"author":1,"featured_media":0,"parent":0,"menu_order":0,"comment_status":"closed","ping_status":"closed","template":"","meta":{"footnotes":""},"class_list":["post-27214","page","type-page","status-publish","hentry"],"_links":{"self":[{"href":"https:\/\/globalsourcechemicals.com\/pt\/wp-json\/wp\/v2\/pages\/27214","targetHints":{"allow":["GET"]}}],"collection":[{"href":"https:\/\/globalsourcechemicals.com\/pt\/wp-json\/wp\/v2\/pages"}],"about":[{"href":"https:\/\/globalsourcechemicals.com\/pt\/wp-json\/wp\/v2\/types\/page"}],"author":[{"embeddable":true,"href":"https:\/\/globalsourcechemicals.com\/pt\/wp-json\/wp\/v2\/users\/1"}],"replies":[{"embeddable":true,"href":"https:\/\/globalsourcechemicals.com\/pt\/wp-json\/wp\/v2\/comments?post=27214"}],"version-history":[{"count":2,"href":"https:\/\/globalsourcechemicals.com\/pt\/wp-json\/wp\/v2\/pages\/27214\/revisions"}],"predecessor-version":[{"id":28552,"href":"https:\/\/globalsourcechemicals.com\/pt\/wp-json\/wp\/v2\/pages\/27214\/revisions\/28552"}],"wp:attachment":[{"href":"https:\/\/globalsourcechemicals.com\/pt\/wp-json\/wp\/v2\/media?parent=27214"}],"curies":[{"name":"wp","href":"https:\/\/api.w.org\/{rel}","templated":true}]}}