{"id":27212,"date":"2025-08-14T11:18:23","date_gmt":"2025-08-14T11:18:23","guid":{"rendered":"https:\/\/globalsourcechemicals.com\/?page_id=27212"},"modified":"2025-10-03T19:30:27","modified_gmt":"2025-10-03T19:30:27","slug":"pagar","status":"publish","type":"page","link":"https:\/\/globalsourcechemicals.com\/pt\/pagar\/","title":{"rendered":"Pagar"},"content":{"rendered":"<p><strong>Pagar no globalsourcechemicals.com \u00e9 r\u00e1pido e seguro.<\/strong><br>Na globalsourcechemicals.com, voc\u00ea pode pagar com facilidade e seguran\u00e7a. Oferecemos diversos m\u00e9todos de pagamento para que voc\u00ea receba seu pedido o mais r\u00e1pido poss\u00edvel.<\/p>\n\n\n\n<p><strong>Utilize um dos m\u00e9todos de pagamento abaixo e receba seu pedido o mais r\u00e1pido poss\u00edvel.<\/strong><br>Voc\u00ea pode escolher entre diversas op\u00e7\u00f5es de pagamento. Escolha o m\u00e9todo mais adequado para garantir que seu pedido seja entregue rapidamente.<\/p>\n\n\n\n<p><strong>N\u00e3o conseguiu concluir o pagamento online e ainda deseja faz\u00ea-lo? Ent\u00e3o, transfira-o manualmente:<\/strong><br>Caso tenha problemas para concluir seu pagamento on-line, voc\u00ea pode optar por transferir o valor manualmente.<\/p>\n\n\n\n<p><strong>ATEN\u00c7\u00c3O! Voc\u00ea receber\u00e1 uma notifica\u00e7\u00e3o autom\u00e1tica se o seu pagamento for bem-sucedido. Processamos essa notifica\u00e7\u00e3o manualmente e verificamos nossa conta banc\u00e1ria diversas vezes ao dia.<\/strong><br>Aten\u00e7\u00e3o! Assim que seu pagamento for efetuado, voc\u00ea receber\u00e1 uma mensagem de confirma\u00e7\u00e3o. Processamos os pagamentos manualmente e verificamos nossa conta banc\u00e1ria diversas vezes ao dia para garantir que tudo corra bem.<\/p>\n\n\n\n<p><strong>M\u00e9todos de pagamento dispon\u00edveis:<\/strong><br>Aqui est\u00e3o as op\u00e7\u00f5es de pagamento que oferecemos atualmente:<\/p>\n\n\n\n<ul class=\"wp-block-list\">\n<li><strong>ideal<\/strong>&nbsp;(<em>Temporariamente indispon\u00edvel<\/em>)<br>Um m\u00e9todo de pagamento popular na Holanda. Temporariamente indispon\u00edvel no momento.<\/li>\n\n\n\n<li><strong>Imediatamente<\/strong>&nbsp;(<em>Temporariamente indispon\u00edvel<\/em>)<br>Um m\u00e9todo de pagamento amplamente utilizado na Alemanha e em outros pa\u00edses europeus. Temporariamente indispon\u00edvel no momento.<\/li>\n\n\n\n<li><strong>Contato banc\u00e1rio<\/strong>&nbsp;(<em>Temporariamente indispon\u00edvel<\/em>)<br>O m\u00e9todo de pagamento mais utilizado na B\u00e9lgica. Temporariamente indispon\u00edvel no momento.<\/li>\n\n\n\n<li><strong>Cart\u00e3o de cr\u00e9dito (VISA \/ MasterCard) (via Cointopay)<\/strong><br>Pague com seu VISA ou MasterCard por meio do provedor de pagamento Cointopay.<\/li>\n\n\n\n<li><strong>Transfer\u00eancia manual<\/strong><br>Transfira o valor manualmente para nossa conta banc\u00e1ria na Holanda. Esta \u00e9 uma boa op\u00e7\u00e3o se voc\u00ea preferir uma transfer\u00eancia banc\u00e1ria tradicional.<\/li>\n\n\n\n<li><strong>Pagar com criptomoeda<\/strong><br>Pague com criptomoeda para uma transa\u00e7\u00e3o r\u00e1pida e segura.<\/li>\n<\/ul>\n\n\n\n<p><br><strong>Conclus\u00e3o:<\/strong><\/p>\n\n\n\n<ul class=\"wp-block-list\">\n<li>\n<ul class=\"wp-block-list\">\n<li><\/li>\n<\/ul>\n<\/li>\n<\/ul>","protected":false},"excerpt":{"rendered":"<p>Betalen bij globalsourcechemicals.com doe je snel en veilig.Bij globalsourcechemicals.com kun je eenvoudig en veilig betalen. We bieden verschillende betaalmethodes aan,<\/p>","protected":false},"author":1,"featured_media":0,"parent":0,"menu_order":0,"comment_status":"closed","ping_status":"closed","template":"","meta":{"footnotes":""},"class_list":["post-27212","page","type-page","status-publish","hentry"],"_links":{"self":[{"href":"https:\/\/globalsourcechemicals.com\/pt\/wp-json\/wp\/v2\/pages\/27212","targetHints":{"allow":["GET"]}}],"collection":[{"href":"https:\/\/globalsourcechemicals.com\/pt\/wp-json\/wp\/v2\/pages"}],"about":[{"href":"https:\/\/globalsourcechemicals.com\/pt\/wp-json\/wp\/v2\/types\/page"}],"author":[{"embeddable":true,"href":"https:\/\/globalsourcechemicals.com\/pt\/wp-json\/wp\/v2\/users\/1"}],"replies":[{"embeddable":true,"href":"https:\/\/globalsourcechemicals.com\/pt\/wp-json\/wp\/v2\/comments?post=27212"}],"version-history":[{"count":3,"href":"https:\/\/globalsourcechemicals.com\/pt\/wp-json\/wp\/v2\/pages\/27212\/revisions"}],"predecessor-version":[{"id":28531,"href":"https:\/\/globalsourcechemicals.com\/pt\/wp-json\/wp\/v2\/pages\/27212\/revisions\/28531"}],"wp:attachment":[{"href":"https:\/\/globalsourcechemicals.com\/pt\/wp-json\/wp\/v2\/media?parent=27212"}],"curies":[{"name":"wp","href":"https:\/\/api.w.org\/{rel}","templated":true}]}}