{"id":27204,"date":"2025-08-14T10:59:23","date_gmt":"2025-08-14T10:59:23","guid":{"rendered":"https:\/\/globalsourcechemicals.com\/?page_id=27204"},"modified":"2025-10-03T19:35:52","modified_gmt":"2025-10-03T19:35:52","slug":"direito-de-retirada","status":"publish","type":"page","link":"https:\/\/globalsourcechemicals.com\/pt\/direito-de-retirada\/","title":{"rendered":"Direito de rescis\u00e3o"},"content":{"rendered":"<p>Como cliente, voc\u00ea tem o direito de exercer seu direito de arrependimento no prazo de 14 dias ap\u00f3s o recebimento do seu pedido, sem necessidade de justificativa. Voc\u00ea tem permiss\u00e3o para desembalar ou testar os produtos recebidos na medida necess\u00e1ria para avaliar suas propriedades, caracter\u00edsticas e funcionalidade. Se decidir exercer seu direito de arrependimento, dever\u00e1 manusear os produtos com cuidado e devolv\u00ea-los \u00e0 globalsourcechemicals em suas condi\u00e7\u00f5es e embalagens originais. O comprador \u00e9 respons\u00e1vel pelo custo da devolu\u00e7\u00e3o dos produtos. Consulte nossas instru\u00e7\u00f5es de devolu\u00e7\u00e3o e troca para obter mais informa\u00e7\u00f5es sobre a devolu\u00e7\u00e3o de produtos.<\/p>\n\n\n\n<p>Exce\u00e7\u00f5es para produtos perec\u00edveis e higi\u00eanicos<br>Produtos adquiridos da globalsourcechemicals com prazo de validade limitado (como produtos de higiene ou personalizados) n\u00e3o podem ser devolvidos se o lacre for rompido ap\u00f3s a entrega. O direito de arrependimento n\u00e3o se aplica a esta categoria de produtos. A venda ser\u00e1 finalizada ap\u00f3s a conclus\u00e3o do pagamento, conforme claramente declarado em nossa oferta.<\/p>","protected":false},"excerpt":{"rendered":"<p>Als klant heeft u de mogelijkheid om binnen een termijn van 14 dagen na ontvangst van uw bestelling zonder opgave<\/p>","protected":false},"author":1,"featured_media":0,"parent":0,"menu_order":0,"comment_status":"closed","ping_status":"closed","template":"","meta":{"footnotes":""},"class_list":["post-27204","page","type-page","status-publish","hentry"],"_links":{"self":[{"href":"https:\/\/globalsourcechemicals.com\/pt\/wp-json\/wp\/v2\/pages\/27204","targetHints":{"allow":["GET"]}}],"collection":[{"href":"https:\/\/globalsourcechemicals.com\/pt\/wp-json\/wp\/v2\/pages"}],"about":[{"href":"https:\/\/globalsourcechemicals.com\/pt\/wp-json\/wp\/v2\/types\/page"}],"author":[{"embeddable":true,"href":"https:\/\/globalsourcechemicals.com\/pt\/wp-json\/wp\/v2\/users\/1"}],"replies":[{"embeddable":true,"href":"https:\/\/globalsourcechemicals.com\/pt\/wp-json\/wp\/v2\/comments?post=27204"}],"version-history":[{"count":3,"href":"https:\/\/globalsourcechemicals.com\/pt\/wp-json\/wp\/v2\/pages\/27204\/revisions"}],"predecessor-version":[{"id":28532,"href":"https:\/\/globalsourcechemicals.com\/pt\/wp-json\/wp\/v2\/pages\/27204\/revisions\/28532"}],"wp:attachment":[{"href":"https:\/\/globalsourcechemicals.com\/pt\/wp-json\/wp\/v2\/media?parent=27204"}],"curies":[{"name":"wp","href":"https:\/\/api.w.org\/{rel}","templated":true}]}}