{"id":27198,"date":"2025-08-14T10:55:48","date_gmt":"2025-08-14T10:55:48","guid":{"rendered":"https:\/\/globalsourcechemicals.com\/?page_id=27198"},"modified":"2025-10-13T09:55:28","modified_gmt":"2025-10-13T09:55:28","slug":"indenizacao","status":"publish","type":"page","link":"https:\/\/globalsourcechemicals.com\/pt\/indenizacao\/","title":{"rendered":"Indeniza\u00e7\u00e3o"},"content":{"rendered":"<p>Ao utilizar nossa loja virtual, voc\u00ea concorda com os direitos e obriga\u00e7\u00f5es estabelecidos no aviso legal do site globalsourcechemicals.com. Ao utilizar a loja virtual, voc\u00ea aceita automaticamente nossos termos e condi\u00e7\u00f5es.<\/p>\n\n\n\n<p>O que a globalsourcechemicals.com espera dos clientes:<br>Antes de fazer um pedido, os clientes devem se informar completamente sobre o uso correto dos produtos no globalsourcechemicals.com e verific\u00e1-los de acordo com as instru\u00e7\u00f5es. O globalsourcechemicals.com se isenta de qualquer responsabilidade por uso indevido, pois todas as informa\u00e7\u00f5es necess\u00e1rias sobre os riscos foram fornecidas e est\u00e1 claramente declarado que os produtos s\u00e3o apenas para fins de pesquisa.<br>Os clientes devem seguir as instru\u00e7\u00f5es e diretrizes de seguran\u00e7a em globalsourcechemicals.com<br>De informatie op globalsourcechemicals.com, inclusief de informatie op categorie- en productpagina&#8217;s, is bedoeld voor legaal gebruik. Gebruikers zijn verantwoordelijk voor het gebruik van deze informatie. globalsourcechemicals.com aanvaardt geen aansprakelijkheid.<br>Os clientes n\u00e3o podem consumir produtos do globalsourcechemicals.com, mas podem us\u00e1-los apenas para fins de pesquisa.<br>Os clientes devem estar cientes dos riscos dos produtos e ler nossas instru\u00e7\u00f5es de seguran\u00e7a antes de comprar. Os clientes devem observar as seguintes precau\u00e7\u00f5es: usar os produtos apenas para fins de pesquisa, armazen\u00e1-los fora do alcance de crian\u00e7as, em um recipiente bem fechado e seco, e ler os termos e condi\u00e7\u00f5es e as instru\u00e7\u00f5es de seguran\u00e7a antes de abrir os produtos.<br>Os consumidores tamb\u00e9m devem ler a bula, que cont\u00e9m as advert\u00eancias de perigo e precau\u00e7\u00f5es. Novamente, estes produtos destinam-se apenas a fins de pesquisa e n\u00e3o ao consumo.<br>Conte\u00fado da nossa loja virtual:<br>Caso os usu\u00e1rios encontrem qualquer viola\u00e7\u00e3o da lei ou dos direitos de terceiros em nossa loja virtual, eles devem relatar isso imediatamente para que possamos tomar as medidas cab\u00edveis.<\/p>\n\n\n\n<p>Tratamento de dados pessoais:<br>As informa\u00e7\u00f5es fornecidas ser\u00e3o usadas exclusivamente para processar seu pedido e preparar faturas. Essas informa\u00e7\u00f5es n\u00e3o ser\u00e3o compartilhadas com terceiros.<\/p>","protected":false},"excerpt":{"rendered":"<p>Door onze webshop te gebruiken, gaat u akkoord met de rechten en plichten die zijn opgenomen in de disclaimer van<\/p>","protected":false},"author":1,"featured_media":0,"parent":0,"menu_order":0,"comment_status":"closed","ping_status":"closed","template":"","meta":{"footnotes":""},"class_list":["post-27198","page","type-page","status-publish","hentry"],"_links":{"self":[{"href":"https:\/\/globalsourcechemicals.com\/pt\/wp-json\/wp\/v2\/pages\/27198","targetHints":{"allow":["GET"]}}],"collection":[{"href":"https:\/\/globalsourcechemicals.com\/pt\/wp-json\/wp\/v2\/pages"}],"about":[{"href":"https:\/\/globalsourcechemicals.com\/pt\/wp-json\/wp\/v2\/types\/page"}],"author":[{"embeddable":true,"href":"https:\/\/globalsourcechemicals.com\/pt\/wp-json\/wp\/v2\/users\/1"}],"replies":[{"embeddable":true,"href":"https:\/\/globalsourcechemicals.com\/pt\/wp-json\/wp\/v2\/comments?post=27198"}],"version-history":[{"count":3,"href":"https:\/\/globalsourcechemicals.com\/pt\/wp-json\/wp\/v2\/pages\/27198\/revisions"}],"predecessor-version":[{"id":28553,"href":"https:\/\/globalsourcechemicals.com\/pt\/wp-json\/wp\/v2\/pages\/27198\/revisions\/28553"}],"wp:attachment":[{"href":"https:\/\/globalsourcechemicals.com\/pt\/wp-json\/wp\/v2\/media?parent=27198"}],"curies":[{"name":"wp","href":"https:\/\/api.w.org\/{rel}","templated":true}]}}