{"id":27458,"date":"2025-09-02T16:57:33","date_gmt":"2025-09-02T16:57:33","guid":{"rendered":"https:\/\/globalsourcechemicals.com\/?post_type=product&#038;p=27458"},"modified":"2025-10-02T14:53:36","modified_gmt":"2025-10-02T14:53:36","slug":"proszek-benzokainy-%e2%89%a599-0","status":"publish","type":"product","link":"https:\/\/globalsourcechemicals.com\/pl\/sklep\/okategoriserad\/proszek-benzokainy-%e2%89%a599-0\/","title":{"rendered":"Proszek benzokainy \u226599,0%"},"content":{"rendered":"<p data-start=\"433\" data-end=\"736\">Nas <strong data-start=\"437\" data-end=\"465\">Proszek benzokainy \u226599,0%<\/strong> to ultraczysty, wysokiej jako\u015bci surowiec, szeroko stosowany w przemy\u015ble farmaceutycznym, kosmetycznym i przemys\u0142owym. Dzi\u0119ki doskona\u0142ej jako\u015bci i czysto\u015bci, produkt ten spe\u0142nia najsurowsze normy i nadaje si\u0119 do szerokiego zakresu zastosowa\u0144.<\/p>\n<p data-start=\"738\" data-end=\"768\"><strong data-start=\"738\" data-end=\"766\">G\u0142\u00f3wne cechy:<\/strong><\/p>\n<ul data-start=\"769\" data-end=\"1018\">\n<li data-start=\"769\" data-end=\"791\">\n<p data-start=\"771\" data-end=\"791\">Czysto\u015b\u0107: \u226599,0%<\/p>\n<\/li>\n<li data-start=\"792\" data-end=\"829\">\n<p data-start=\"794\" data-end=\"829\">Posta\u0107: Drobny, bia\u0142y, krystaliczny proszek<\/p>\n<\/li>\n<li data-start=\"830\" data-end=\"930\">\n<p data-start=\"832\" data-end=\"930\">Rozpuszczalno\u015b\u0107: Dobrze rozpuszczalny w alkoholu i rozpuszczalnikach organicznych, s\u0142abo rozpuszczalny w wodzie<\/p>\n<\/li>\n<li data-start=\"931\" data-end=\"954\">\n<p data-start=\"933\" data-end=\"954\">Numer CAS: 94-09-7<\/p>\n<\/li>\n<li data-start=\"955\" data-end=\"984\">\n<p data-start=\"957\" data-end=\"984\">Wz\u00f3r cz\u0105steczkowy: C9H11NO2<\/p>\n<\/li>\n<li data-start=\"985\" data-end=\"1018\">\n<p data-start=\"987\" data-end=\"1018\">Masa cz\u0105steczkowa: 165,19 g\/mol<\/p>\n<\/li>\n<\/ul>\n<p data-start=\"1020\" data-end=\"1039\"><strong data-start=\"1020\" data-end=\"1037\">Zastosowania:<\/strong><\/p>\n<ul data-start=\"1040\" data-end=\"1298\">\n<li data-start=\"1040\" data-end=\"1132\">\n<p data-start=\"1042\" data-end=\"1132\">Przemys\u0142 farmaceutyczny: stosowany jako \u015brodek znieczulaj\u0105cy miejscowo w kremach, \u017celach i sprayach<\/p>\n<\/li>\n<li data-start=\"1133\" data-end=\"1210\">\n<p data-start=\"1135\" data-end=\"1210\">Sektor kosmetyczny: stosowany w produktach do tymczasowego \u0142agodzenia b\u00f3lu<\/p>\n<\/li>\n<li data-start=\"1211\" data-end=\"1298\">\n<p data-start=\"1213\" data-end=\"1298\">Badania i laboratoria: wykorzystywane do cel\u00f3w naukowych i analitycznych<\/p>\n<\/li>\n<\/ul>\n<p data-start=\"1300\" data-end=\"1462\"><strong data-start=\"1300\" data-end=\"1325\">Przechowywanie i bezpiecze\u0144stwo:<\/strong><br data-start=\"1325\" data-end=\"1328\" \/>Przechowywa\u0107 produkt w ch\u0142odnym, suchym miejscu, chroni\u0105c przed bezpo\u015brednim dzia\u0142aniem promieni s\u0142onecznych i wilgoci\u0105. Produkt nadaje si\u0119 wy\u0142\u0105cznie do u\u017cytku profesjonalnego.<\/p>\n<h1 data-start=\"1469\" data-end=\"1533\"><strong data-start=\"1471\" data-end=\"1531\">Najcz\u0119\u015bciej zadawane pytania (FAQ w j\u0119zyku niderlandzkim + wyja\u015bnienie w j\u0119zyku angielskim)<\/strong><\/h1>\n<p data-start=\"1535\" data-end=\"1789\"><strong data-start=\"1535\" data-end=\"1567\">1. Czym jest proszek benzokainowy?<\/strong><br data-start=\"1567\" data-end=\"1570\" \/>Benzokaina jest \u015brodkiem znieczulaj\u0105cym miejscowo, cz\u0119sto stosowanym w celu tymczasowego z\u0142agodzenia b\u00f3lu lub podra\u017cnienia.<\/p>\n<p data-start=\"1791\" data-end=\"2058\"><strong data-start=\"1791\" data-end=\"1843\">2. Jak zazwyczaj stosuje si\u0119 proszek benzokainowy?<\/strong><br data-start=\"1843\" data-end=\"1846\" \/>Jest stosowany w kremach, \u017celach, sprayach, a czasem w wyrobach medycznych w celu \u0142agodzenia b\u00f3lu.<\/p>\n<p data-start=\"2060\" data-end=\"2360\"><strong data-start=\"2060\" data-end=\"2107\">3. Czy ten produkt nadaje si\u0119 do spo\u017cycia?<\/strong><br data-start=\"2107\" data-end=\"2110\" \/>Nie, ten produkt jest przeznaczony wy\u0142\u0105cznie do u\u017cytku profesjonalnego i badawczego. Nie nadaje si\u0119 do bezpo\u015bredniego spo\u017cycia.<\/p>\n<p data-start=\"2362\" data-end=\"2596\"><strong data-start=\"2362\" data-end=\"2407\">4. Jak przechowywa\u0107 proszek benzokainy?<\/strong><br data-start=\"2407\" data-end=\"2410\" \/>Przechowywa\u0107 w ch\u0142odnym, suchym i szczelnie zamkni\u0119tym miejscu, poza zasi\u0119giem dzieci i zwierz\u0105t domowych.<\/p>\n<p data-start=\"2598\" data-end=\"2816\"><strong data-start=\"2598\" data-end=\"2657\">5. Czy mog\u0119 zam\u00f3wi\u0107 ten produkt w ma\u0142ych ilo\u015bciach?<\/strong><br data-start=\"2657\" data-end=\"2660\" \/>Tak, oferujemy elastyczn\u0105 ilo\u015b\u0107 zam\u00f3wie\u0144, dostosowan\u0105 do Twoich potrzeb.<\/p>\n<p data-start=\"2818\" data-end=\"3078\"><strong data-start=\"2818\" data-end=\"2866\">6. Co sprawia, \u017ce ten produkt jest wysokiej jako\u015bci?<\/strong><br data-start=\"2866\" data-end=\"2869\" \/>Czysto\u015b\u0107 \u226599,0% gwarantuje niezawodno\u015b\u0107 i sp\u00f3jn\u0105 wydajno\u015b\u0107 w r\u00f3\u017cnych zastosowaniach.<\/p>","protected":false},"excerpt":{"rendered":"<p>Nasz proszek benzokainy \u226599,0% to ultraczysty, wysokiej jako\u015bci surowiec szeroko stosowany w przemy\u015ble farmaceutycznym, kosmetycznym i przemys\u0142owym. Dzi\u0119ki<\/p>","protected":false},"featured_media":27847,"comment_status":"open","ping_status":"closed","template":"","meta":[],"product_brand":[],"product_cat":[1085],"product_tag":[],"class_list":{"0":"post-27458","1":"product","2":"type-product","3":"status-publish","4":"has-post-thumbnail","6":"product_cat-okategoriserad","8":"first","9":"instock","10":"taxable","11":"shipping-taxable","12":"purchasable","13":"product-type-variable"},"_links":{"self":[{"href":"https:\/\/globalsourcechemicals.com\/pl\/wp-json\/wp\/v2\/product\/27458","targetHints":{"allow":["GET"]}}],"collection":[{"href":"https:\/\/globalsourcechemicals.com\/pl\/wp-json\/wp\/v2\/product"}],"about":[{"href":"https:\/\/globalsourcechemicals.com\/pl\/wp-json\/wp\/v2\/types\/product"}],"replies":[{"embeddable":true,"href":"https:\/\/globalsourcechemicals.com\/pl\/wp-json\/wp\/v2\/comments?post=27458"}],"version-history":[{"count":2,"href":"https:\/\/globalsourcechemicals.com\/pl\/wp-json\/wp\/v2\/product\/27458\/revisions"}],"predecessor-version":[{"id":27974,"href":"https:\/\/globalsourcechemicals.com\/pl\/wp-json\/wp\/v2\/product\/27458\/revisions\/27974"}],"wp:featuredmedia":[{"embeddable":true,"href":"https:\/\/globalsourcechemicals.com\/pl\/wp-json\/wp\/v2\/media\/27847"}],"wp:attachment":[{"href":"https:\/\/globalsourcechemicals.com\/pl\/wp-json\/wp\/v2\/media?parent=27458"}],"wp:term":[{"taxonomy":"product_brand","embeddable":true,"href":"https:\/\/globalsourcechemicals.com\/pl\/wp-json\/wp\/v2\/product_brand?post=27458"},{"taxonomy":"product_cat","embeddable":true,"href":"https:\/\/globalsourcechemicals.com\/pl\/wp-json\/wp\/v2\/product_cat?post=27458"},{"taxonomy":"product_tag","embeddable":true,"href":"https:\/\/globalsourcechemicals.com\/pl\/wp-json\/wp\/v2\/product_tag?post=27458"}],"curies":[{"name":"wp","href":"https:\/\/api.w.org\/{rel}","templated":true}]}}