{"id":26126,"date":"2025-05-01T01:31:17","date_gmt":"2025-05-01T01:31:17","guid":{"rendered":"https:\/\/globalsourcechemicals.com\/?post_type=product&#038;p=26126"},"modified":"2025-05-01T01:31:25","modified_gmt":"2025-05-01T01:31:25","slug":"kup-iboga-ta","status":"publish","type":"product","link":"https:\/\/globalsourcechemicals.com\/pl\/sklep\/iboga-ibogaina\/kup-iboga-ta\/","title":{"rendered":"Kup Iboga TA"},"content":{"rendered":"<h2>Kup Iboga TA<\/h2>\n<p>Kup Iboga TA. TA oznacza \u201eca\u0142kowity alkaloid\u201d. Iboga TA to ekstrakt zawieraj\u0105cy wszystkie alkaloidy obecne w korze korzenia ibogi. Alkaloidy mo\u017cna stosunkowo \u0142atwo wyekstrahowa\u0107 z kory korzenia metod\u0105 ekstrakcji kwasowo-zasadowej. kup iboga online<\/p>\n<p>Badania naukowe wykazuj\u0105, \u017ce po za\u017cyciu kory korzenia ibogi lub wyci\u0105g\u00f3w z niej, znanych jako HCL i TA, objawy odstawienia ulegaj\u0105 znacznemu zmniejszeniu, a ich rozk\u0142ad jest niemal ca\u0142kowity. Badania pokazuj\u0105, \u017ce 90% przeprowadzonych zabieg\u00f3w jest skutecznych, a nawet miesi\u0105ce po zabiegu pacjenci nie odczuwaj\u0105 potrzeby nawrotu choroby. Opr\u00f3cz zerwania z na\u0142ogiem, daje pacjentom jasno\u015b\u0107 i wgl\u0105d w ich w\u0142asne \u017cycie.<\/p>\n<p>Zajmujemy si\u0119 wysy\u0142k\u0105 i pakowaniem proszku iboga z profesjonalizmem, aby zagwarantowa\u0107 pomy\u015bln\u0105 wysy\u0142k\u0119 na poziomie 100%. Oferujemy fachowe us\u0142ugi dojazdu do miejsca docelowego, a na \u017cyczenie klienta mo\u017cemy dostarczy\u0107 katalogi dotycz\u0105ce sposobu u\u017cycia, dawkowania i innych istotnych statystyk.<\/p>","protected":false},"excerpt":{"rendered":"<p>Kup Iboga TA Kup Iboga TA, TA oznacza \u201eca\u0142kowity alkaloid\u201d. Iboga TA to ekstrakt zawieraj\u0105cy wszystkie alkaloidy<\/p>","protected":false},"featured_media":26147,"comment_status":"closed","ping_status":"closed","template":"","meta":[],"product_brand":[],"product_cat":[908],"product_tag":[],"class_list":{"0":"post-26126","1":"product","2":"type-product","3":"status-publish","4":"has-post-thumbnail","6":"product_cat-iboga-ibogaine","8":"first","9":"instock","10":"taxable","11":"shipping-taxable","12":"purchasable","13":"product-type-variable"},"_links":{"self":[{"href":"https:\/\/globalsourcechemicals.com\/pl\/wp-json\/wp\/v2\/product\/26126","targetHints":{"allow":["GET"]}}],"collection":[{"href":"https:\/\/globalsourcechemicals.com\/pl\/wp-json\/wp\/v2\/product"}],"about":[{"href":"https:\/\/globalsourcechemicals.com\/pl\/wp-json\/wp\/v2\/types\/product"}],"replies":[{"embeddable":true,"href":"https:\/\/globalsourcechemicals.com\/pl\/wp-json\/wp\/v2\/comments?post=26126"}],"version-history":[{"count":1,"href":"https:\/\/globalsourcechemicals.com\/pl\/wp-json\/wp\/v2\/product\/26126\/revisions"}],"predecessor-version":[{"id":26148,"href":"https:\/\/globalsourcechemicals.com\/pl\/wp-json\/wp\/v2\/product\/26126\/revisions\/26148"}],"wp:featuredmedia":[{"embeddable":true,"href":"https:\/\/globalsourcechemicals.com\/pl\/wp-json\/wp\/v2\/media\/26147"}],"wp:attachment":[{"href":"https:\/\/globalsourcechemicals.com\/pl\/wp-json\/wp\/v2\/media?parent=26126"}],"wp:term":[{"taxonomy":"product_brand","embeddable":true,"href":"https:\/\/globalsourcechemicals.com\/pl\/wp-json\/wp\/v2\/product_brand?post=26126"},{"taxonomy":"product_cat","embeddable":true,"href":"https:\/\/globalsourcechemicals.com\/pl\/wp-json\/wp\/v2\/product_cat?post=26126"},{"taxonomy":"product_tag","embeddable":true,"href":"https:\/\/globalsourcechemicals.com\/pl\/wp-json\/wp\/v2\/product_tag?post=26126"}],"curies":[{"name":"wp","href":"https:\/\/api.w.org\/{rel}","templated":true}]}}