{"id":26112,"date":"2025-05-01T01:20:16","date_gmt":"2025-05-01T01:20:16","guid":{"rendered":"https:\/\/globalsourcechemicals.com\/?post_type=product&#038;p=26112"},"modified":"2025-10-02T15:01:30","modified_gmt":"2025-10-02T15:01:30","slug":"caluanie-muelear-utleniac","status":"publish","type":"product","link":"https:\/\/globalsourcechemicals.com\/pl\/sklep\/okategoriserad\/caluanie-muelear-utleniac\/","title":{"rendered":"Caluanie Muelear Utlenianie"},"content":{"rendered":"<p class=\"\" data-start=\"268\" data-end=\"544\"><strong data-start=\"268\" data-end=\"296\">Caluanie Muelear Utlenianie<\/strong> jest pot\u0119\u017cny <strong data-start=\"314\" data-end=\"337\">odczynniki chemiczne<\/strong> kt\u00f3ry jest najbardziej znany ze swojej zdolno\u015bci do <strong data-start=\"382\" data-end=\"427\">rozbija\u0107 mocne metale i materia\u0142y<\/strong>. Jest szeroko stosowany w <strong data-start=\"459\" data-end=\"541\">sektor przemys\u0142owy, metalurgia, badania laboratoryjne i zastosowania g\u00f3rnicze<\/strong>. caluanie muelear oxidize\u200b, caluanie muelear oxidize cena w usa\u200b, caluanie muelear oxidize usa\u200b, caluanie muelear oxidize cena\u200b, caluanie muelear oxidize producent w usa\u200b, caluanie muelear oxidize na sprzeda\u017c\u200b<\/p>\n<p class=\"\" data-start=\"546\" data-end=\"822\">Ta ciecz o du\u017cej lepko\u015bci i bursztynowym kolorze jest znana ze swojej g\u0142\u0119bokiej <strong data-start=\"644\" data-end=\"672\">w\u0142a\u015bciwo\u015bci utleniaj\u0105ce<\/strong>. Ze wzgl\u0119du na sw\u00f3j unikalny sk\u0142ad chemiczny Caluanie mo\u017ce atakowa\u0107 wi\u0105zania molekularne w twardych materia\u0142ach, czyni\u0105c je bardziej mi\u0119kkimi lub kruchymi.<a href=\"https:\/\/globalsourcechemicals.com\/pl\/sklep\/top-10-research-chemicals\/3-cmc-hcl-woreczek-1gr\/\">Saszetka 3-CMC HCl 1gr<\/a><\/p>\n<hr class=\"\" data-start=\"824\" data-end=\"827\" \/>\n<h2 class=\"\" data-start=\"829\" data-end=\"862\">\u2699\ufe0f G\u0142\u00f3wne cechy<\/h2>\n<ul data-start=\"864\" data-end=\"1189\">\n<li class=\"\" data-start=\"864\" data-end=\"918\">\n<p class=\"\" data-start=\"866\" data-end=\"918\"><strong data-start=\"866\" data-end=\"885\">Forma chemiczna:<\/strong> G\u0119sta, bursztynowa ciecz<\/p>\n<\/li>\n<li class=\"\" data-start=\"919\" data-end=\"1018\">\n<p class=\"\" data-start=\"921\" data-end=\"1018\"><strong data-start=\"921\" data-end=\"943\">G\u0142\u00f3wne zastosowania:<\/strong> Obr\u00f3bka metali, rozbi\u00f3rka materia\u0142\u00f3w, g\u00f3rnictwo, badania naukowe<\/p>\n<\/li>\n<li class=\"\" data-start=\"1019\" data-end=\"1071\">\n<p class=\"\" data-start=\"1021\" data-end=\"1071\"><strong data-start=\"1021\" data-end=\"1038\">Reaktywno\u015b\u0107:<\/strong> Bardzo silny \u015brodek utleniaj\u0105cy<\/p>\n<\/li>\n<li class=\"\" data-start=\"1072\" data-end=\"1129\">\n<p class=\"\" data-start=\"1074\" data-end=\"1129\"><strong data-start=\"1074\" data-end=\"1085\">Niebezpiecze\u0144stwo:<\/strong> \u017br\u0105cy i szkodliwy w przypadku nieprawid\u0142owego u\u017cycia<\/p>\n<\/li>\n<li class=\"\" data-start=\"1130\" data-end=\"1189\">\n<p class=\"\" data-start=\"1132\" data-end=\"1189\"><strong data-start=\"1132\" data-end=\"1147\">Opakowanie:<\/strong> Hermetyczne i szczelne, bezpieczne w transporcie, <a href=\"https:\/\/globalsourcechemicals.com\/pl\/sklep\/waga\/cyfrowa-bio-mini-waga-20g-x-0001g\/\">Cyfrowa Bio Mini Waga \u2013 20g x 0,001g<\/a><\/p>\n<\/li>\n<\/ul>\n<hr class=\"\" data-start=\"1191\" data-end=\"1194\" \/>\n<h2 class=\"\" data-start=\"1196\" data-end=\"1243\">\ud83d\udcbc Zastosowania Caluanie Muelear Oxidize<\/h2>\n<h3 class=\"\" data-start=\"1245\" data-end=\"1287\">1. <strong data-start=\"1252\" data-end=\"1285\">Obr\u00f3bka i recykling metali<\/strong><\/h3>\n<p class=\"\" data-start=\"1288\" data-end=\"1468\">Caluanie jest stosowany do usuwania twardych metali, takich jak \u017celazo i stal <strong data-start=\"1349\" data-end=\"1386\">zmi\u0119kczy\u0107 lub os\u0142abi\u0107<\/strong>, co znacznie u\u0142atwia proces przetwarzania bez konieczno\u015bci u\u017cywania ci\u0119\u017ckiego sprz\u0119tu. <a href=\"https:\/\/globalsourcechemicals.com\/pl\/sklep\/top-10-research-chemicals\/dzialanie-pyrazolamu\/\">Pyrazolam 2,5 MG Pellety<\/a><\/p>\n<h3 class=\"\" data-start=\"1470\" data-end=\"1514\">2. <strong data-start=\"1477\" data-end=\"1512\">G\u00f3rnictwo i ekstrakcja metali szlachetnych<\/strong><\/h3>\n<p class=\"\" data-start=\"1515\" data-end=\"1665\">W ma\u0142ych kopalniach Caluanie jest u\u017cywany do <strong data-start=\"1570\" data-end=\"1593\">rozbija\u0107 rudy<\/strong> i wydajniej wydobywa\u0107 cenne metale, takie jak z\u0142oto czy platyna.<\/p>\n<h3 class=\"\" data-start=\"1667\" data-end=\"1701\">3. <strong data-start=\"1674\" data-end=\"1699\">Badania laboratoryjne<\/strong><\/h3>\n<p class=\"\" data-start=\"1702\" data-end=\"1834\">W instytucjach badawczych stosuje si\u0119 go do: <strong data-start=\"1752\" data-end=\"1779\">testy degradacji materia\u0142\u00f3w<\/strong> I <strong data-start=\"1783\" data-end=\"1802\">badania utleniania<\/strong> w chemii i nauce o materia\u0142ach.<\/p>\n<h3 class=\"\" data-start=\"1836\" data-end=\"1872\">4. <strong data-start=\"1843\" data-end=\"1870\">Przetwarzanie farb i \u017cywic<\/strong><\/h3>\n<p class=\"\" data-start=\"1873\" data-end=\"2033\">W ni\u017cszych st\u0119\u017ceniach Caluanie mo\u017cna stosowa\u0107 do: <strong data-start=\"1935\" data-end=\"1975\">usuwanie pow\u0142ok przemys\u0142owych<\/strong>, warstwy \u017cywiczne lub polimery w specjalistycznych zastosowaniach.<\/p>\n<hr class=\"\" data-start=\"2035\" data-end=\"2038\" \/>\n<h2 class=\"\" data-start=\"2040\" data-end=\"2068\">\u26a0\ufe0f \u015arodki bezpiecze\u0144stwa<\/h2>\n<p class=\"\" data-start=\"2070\" data-end=\"2185\">Caluanie Muelear Oxidize to <strong data-start=\"2102\" data-end=\"2132\">substancja \u017cr\u0105ca i reaktywna<\/strong>. Stosowanie wymaga przestrzegania \u015bcis\u0142ych protoko\u0142\u00f3w bezpiecze\u0144stwa:<\/p>\n<ul data-start=\"2187\" data-end=\"2535\">\n<li class=\"\" data-start=\"2187\" data-end=\"2261\">\n<p class=\"\" data-start=\"2189\" data-end=\"2261\">Zawsze no\u015b <strong data-start=\"2202\" data-end=\"2259\">r\u0119kawice, okulary ochronne i odzie\u017c ochronna<\/strong><\/p>\n<\/li>\n<li class=\"\" data-start=\"2262\" data-end=\"2334\">\n<p class=\"\" data-start=\"2264\" data-end=\"2334\">Stosowa\u0107 wy\u0142\u0105cznie w dobrze wentylowanych pomieszczeniach lub pod wyci\u0105giem.<\/p>\n<\/li>\n<li class=\"\" data-start=\"2335\" data-end=\"2397\">\n<p class=\"\" data-start=\"2337\" data-end=\"2397\">Nie miesza\u0107 z innymi chemikaliami, chyba \u017ce zosta\u0142o to specjalnie przetestowane.<\/p>\n<\/li>\n<li class=\"\" data-start=\"2398\" data-end=\"2454\">\n<p class=\"\" data-start=\"2400\" data-end=\"2454\">Przechowywa\u0107 w miejscu niedost\u0119pnym dla dzieci i os\u00f3b nieupowa\u017cnionych.<\/p>\n<\/li>\n<li class=\"\" data-start=\"2455\" data-end=\"2535\">\n<p class=\"\" data-start=\"2457\" data-end=\"2535\">Przechowywa\u0107 w ch\u0142odnym, suchym i bezpiecznym miejscu w opakowaniu odpornym na dzia\u0142anie chemikali\u00f3w. <a href=\"https:\/\/globalsourcechemicals.com\/pl\/sklep\/waga\/cyfrowa-mini-waga-zbiornikowa-20g-x-0-001g\/\">Cyfrowa mini waga do zbiornik\u00f3w \u2013 20 g x 0,001 g<\/a><\/p>\n<\/li>\n<\/ul>\n<hr class=\"\" data-start=\"2537\" data-end=\"2540\" \/>\n<h2 class=\"\" data-start=\"2542\" data-end=\"2601\">\u2705 Dlaczego warto kupowa\u0107 Caluanie od niezawodnego dostawcy?<\/h2>\n<p class=\"\" data-start=\"2603\" data-end=\"2729\">Je\u015bli szukasz <strong data-start=\"2628\" data-end=\"2671\">czysta, przemys\u0142owa jako\u015b\u0107 Caluanie<\/strong>, w\u00f3wczas niezwykle istotne jest dokonywanie zakup\u00f3w u dostawcy, kt\u00f3ry:<\/p>\n<ul data-start=\"2731\" data-end=\"2973\">\n<li class=\"\" data-start=\"2731\" data-end=\"2793\">\n<p class=\"\" data-start=\"2733\" data-end=\"2793\"><strong data-start=\"2733\" data-end=\"2755\">Badania laboratoryjne<\/strong> i oferuje certyfikaty czysto\u015bci<\/p>\n<\/li>\n<li class=\"\" data-start=\"2794\" data-end=\"2843\">\n<p class=\"\" data-start=\"2796\" data-end=\"2843\"><strong data-start=\"2796\" data-end=\"2830\">Bezpieczne i dyskretne opakowanie<\/strong> gwarancje<\/p>\n<\/li>\n<li class=\"\" data-start=\"2844\" data-end=\"2908\">\n<p class=\"\" data-start=\"2846\" data-end=\"2908\"><strong data-start=\"2846\" data-end=\"2877\">Szybki i ubezpieczony transport<\/strong> w Europie umo\u017cliwia<\/p>\n<\/li>\n<li class=\"\" data-start=\"2909\" data-end=\"2973\">\n<p class=\"\" data-start=\"2911\" data-end=\"2973\"><strong data-start=\"2911\" data-end=\"2939\">Wsparcie techniczne<\/strong> oferty w u\u017cyciu i aplikacjach<\/p>\n<\/li>\n<\/ul>\n<hr class=\"\" data-start=\"2975\" data-end=\"2978\" \/>\n<h2 class=\"\" data-start=\"2980\" data-end=\"2995\">\ud83d\udd1a Wniosek<\/h2>\n<p class=\"\" data-start=\"2997\" data-end=\"3265\"><strong data-start=\"2997\" data-end=\"3025\">Caluanie Muelear Utlenianie<\/strong> jest wyj\u0105tkow\u0105 i mocn\u0105 ciecz\u0105 o szerokim spektrum zastosowa\u0144 przemys\u0142owych i naukowych. Mo\u017ce znacznie zwi\u0119kszy\u0107 wydajno\u015b\u0107 obr\u00f3bki materia\u0142\u00f3w i metali, je\u015bli jest stosowany prawid\u0142owo i odpowiedzialnie.<\/p>\n<p class=\"\" data-start=\"3267\" data-end=\"3398\">Dla profesjonalist\u00f3w w <strong data-start=\"3289\" data-end=\"3322\">chemia, g\u00f3rnictwo lub recykling<\/strong> czy Caluanie jest cennym narz\u0119dziem w procesie badawczym lub produkcyjnym. <a href=\"https:\/\/globalsourcechemicals.com\/pl\/sklep\/waga\/cyfrowa-waga-cs-100g-x-001g\/\">Cyfrowa waga CS \u2013 100g x 0,01g<\/a><\/p>","protected":false},"excerpt":{"rendered":"<p>Caluanie Muelear Oxidize to silny odczynnik chemiczny, najlepiej znany ze swojej zdolno\u015bci utleniania mocnych metali i materia\u0142\u00f3w<\/p>","protected":false},"featured_media":27854,"comment_status":"open","ping_status":"closed","template":"","meta":[],"product_brand":[],"product_cat":[1085],"product_tag":[905,897,904,902,903,901,906,900,907,898,899],"class_list":{"0":"post-26112","1":"product","2":"type-product","3":"status-publish","4":"has-post-thumbnail","6":"product_cat-okategoriserad","7":"product_tag-buy-caluanie-muelear-oxidize-online","8":"product_tag-caluanie-muelear-oxidize","9":"product_tag-caluanie-muelear-oxidize-deutschland","10":"product_tag-caluanie-muelear-oxidize-for-sale","11":"product_tag-caluanie-muelear-oxidize-kaufen","12":"product_tag-caluanie-muelear-oxidize-manufacturer-in-usa","13":"product_tag-caluanie-muelear-oxidize-pasteurize","14":"product_tag-caluanie-muelear-oxidize-price","15":"product_tag-caluanie-muelear-oxidize-price-in-india","16":"product_tag-caluanie-muelear-oxidize-price-in-usa","17":"product_tag-caluanie-muelear-oxidize-usa","19":"first","20":"instock","21":"taxable","22":"shipping-taxable","23":"purchasable","24":"product-type-simple"},"_links":{"self":[{"href":"https:\/\/globalsourcechemicals.com\/pl\/wp-json\/wp\/v2\/product\/26112","targetHints":{"allow":["GET"]}}],"collection":[{"href":"https:\/\/globalsourcechemicals.com\/pl\/wp-json\/wp\/v2\/product"}],"about":[{"href":"https:\/\/globalsourcechemicals.com\/pl\/wp-json\/wp\/v2\/types\/product"}],"replies":[{"embeddable":true,"href":"https:\/\/globalsourcechemicals.com\/pl\/wp-json\/wp\/v2\/comments?post=26112"}],"version-history":[{"count":2,"href":"https:\/\/globalsourcechemicals.com\/pl\/wp-json\/wp\/v2\/product\/26112\/revisions"}],"predecessor-version":[{"id":26116,"href":"https:\/\/globalsourcechemicals.com\/pl\/wp-json\/wp\/v2\/product\/26112\/revisions\/26116"}],"wp:featuredmedia":[{"embeddable":true,"href":"https:\/\/globalsourcechemicals.com\/pl\/wp-json\/wp\/v2\/media\/27854"}],"wp:attachment":[{"href":"https:\/\/globalsourcechemicals.com\/pl\/wp-json\/wp\/v2\/media?parent=26112"}],"wp:term":[{"taxonomy":"product_brand","embeddable":true,"href":"https:\/\/globalsourcechemicals.com\/pl\/wp-json\/wp\/v2\/product_brand?post=26112"},{"taxonomy":"product_cat","embeddable":true,"href":"https:\/\/globalsourcechemicals.com\/pl\/wp-json\/wp\/v2\/product_cat?post=26112"},{"taxonomy":"product_tag","embeddable":true,"href":"https:\/\/globalsourcechemicals.com\/pl\/wp-json\/wp\/v2\/product_tag?post=26112"}],"curies":[{"name":"wp","href":"https:\/\/api.w.org\/{rel}","templated":true}]}}