{"id":24948,"date":"2025-04-13T17:43:52","date_gmt":"2025-04-13T17:43:52","guid":{"rendered":"https:\/\/globalsourcechemicals.com\/?post_type=product&#038;p=24948"},"modified":"2025-10-02T15:05:38","modified_gmt":"2025-10-02T15:05:38","slug":"6-cl-adba","status":"publish","type":"product","link":"https:\/\/globalsourcechemicals.com\/pl\/sklep\/6-cl-adba\/6-cl-adba\/","title":{"rendered":"6-CL-ADBA"},"content":{"rendered":"<h3><strong>6-CL-ADBA \u2013 Pot\u0119\u017cna i innowacyjna substancja badawcza<\/strong><\/h3>\n<p class=\"ds-markdown-paragraph\"><strong>Nazwa produktu:<\/strong>\u00a06-CL-ADBA<br \/>\n<strong>Nazwa chemiczna:<\/strong>\u00a06-Chloro-ADB-A<br \/>\n<strong>Czysto\u015b\u0107:<\/strong>\u00a0\u226598%<br \/>\n<strong>Formularz:<\/strong>\u00a0Proszek krystaliczny<br \/>\n<strong>Wz\u00f3r sumaryczny:<\/strong>\u00a0C\u2081\u2089H\u2082\u2087ClN\u2082O\u2082<\/p>\n<h4><strong>Opis:<\/strong><\/h4>\n<p class=\"ds-markdown-paragraph\">6-CL-ADBA to zaawansowany zwi\u0105zek badawczy nale\u017c\u0105cy do grupy indazolokarboksyamid\u00f3w. <a href=\"http:\/\/google.nl\" target=\"_blank\" rel=\"noopener\">Ten<\/a> tkanina jest sprzedawana wy\u0142\u0105cznie\u00a0<strong>badania naukowe i analityczne<\/strong>\u00a0i nie jest przeznaczony do spo\u017cycia przez ludzi.<\/p>\n<h4><strong>Cechy:<\/strong><\/h4>\n<p class=\"ds-markdown-paragraph\">\u2705\u00a0<strong>Wysoka czysto\u015b\u0107<\/strong>\u00a0(\u226598%) w celu uzyskania dok\u0142adnych wynik\u00f3w<br \/>\n\u2705 Nadaje si\u0119 do\u00a0<strong>badania laboratoryjne<\/strong>\u00a0i bada\u0144 farmakologicznych<br \/>\n\u2705 Zapakowane w\u00a0<strong>opakowanie hermetyczne<\/strong>\u00a0dla optymalnego okresu przydatno\u015bci do spo\u017cycia<\/p>\n<h4><strong>Wa\u017cna uwaga:<\/strong><\/h4>\n<p class=\"ds-markdown-paragraph\">Ten produkt jest\u00a0<strong>nie jest przeznaczony do stosowania u ludzi i zwierz\u0105t<\/strong>. Jest przeznaczony wy\u0142\u0105cznie do u\u017cytku badawczego w kontrolowanym \u015brodowisku. Stosuj odpowiednie \u015brodki ostro\u017cno\u015bci podczas obchodzenia si\u0119 z chemikaliami.<\/p>\n<h3><strong>6-CL-ADBA \u2013 Cz\u0119sto zadawane pytania i odpowiedzi<\/strong><\/h3>\n<h4><strong>1. Czym jest 6-CL-ADBA?<\/strong><\/h4>\n<p class=\"ds-markdown-paragraph\">6-CL-ADBA (6-Chloro-ADB-A) to syntetyczny zwi\u0105zek badawczy z grupy indazolokarboksyamid\u00f3w. Jest stosowany w\u00a0<strong>badania naukowe<\/strong>, szczeg\u00f3lnie w dziedzinie farmakologii i bada\u0144 chemicznych.<\/p>\n<h4><strong>2. Jaka jest czysto\u015b\u0107 tego produktu?<\/strong><\/h4>\n<p class=\"ds-markdown-paragraph\">Nasz 6-CL-ADBA ma\u00a0<strong>czysto\u015b\u0107 \u226598%<\/strong>, co gwarantuje wiarygodne i powtarzalne wyniki bada\u0144.<\/p>\n<h4><strong>3. Czy 6-CL-ADBA jest legalne?<\/strong><\/h4>\n<p class=\"ds-markdown-paragraph\">Ten produkt jest\u00a0<strong>przeznaczone wy\u0142\u0105cznie do cel\u00f3w badawczych<\/strong>\u00a0i nie do spo\u017cycia przez ludzi ani zwierz\u0119ta. Legalno\u015b\u0107 r\u00f3\u017cni si\u0119 w zale\u017cno\u015bci od kraju \u2013 zawsze skonsultuj si\u0119 z\u00a0<strong>lokalne przepisy<\/strong>\u00a0zanim z\u0142o\u017cysz zam\u00f3wienie.<\/p>\n<h4><strong>4. Jak nale\u017cy przechowywa\u0107 6-CL-ADBA?<\/strong><\/h4>\n<p class=\"ds-markdown-paragraph\">Zachowaj to w\u00a0<strong>ch\u0142odne, suche \u015brodowisko<\/strong>, z dala od bezpo\u015bredniego \u015bwiat\u0142a s\u0142onecznego i w\u00a0<strong>opakowanie hermetyczne<\/strong>\u00a0aby zapewni\u0107 stabilno\u015b\u0107.<\/p>\n<h4><strong>5. Czy ten produkt jest bezpieczny w u\u017cyciu?<\/strong><\/h4>\n<p class=\"ds-markdown-paragraph\">6-CL-ADBA nale\u017cy stosowa\u0107 wy\u0142\u0105cznie w\u00a0<strong>kontrolowane \u015brodowisko laboratoryjne<\/strong>\u00a0przez profesjonalist\u00f3w. Zawsze no\u015b\u00a0<strong>\u015brodki ochrony osobistej (PPE)<\/strong>\u00a0takie jak r\u0119kawiczki i fartuch laboratoryjny.<\/p>\n<h4><strong>6. W jakim celu bada si\u0119 6-CL-ADBA?<\/strong><\/h4>\n<p class=\"ds-markdown-paragraph\">Naukowcy badaj\u0105 t\u0119 substancj\u0119 ze wzgl\u0119du na jej\u00a0<strong>unikalna struktura chemiczna<\/strong>, z potencjalnymi zastosowaniami w badaniach farmaceutycznych i analitycznych.<\/p>\n<h4><strong>7. Czy osoby prywatne mog\u0105 zakupi\u0107 ten produkt?<\/strong><\/h4>\n<p class=\"ds-markdown-paragraph\">Nasze produkty s\u0105 dost\u0119pne wy\u0142\u0105cznie\u00a0<strong>wykwalifikowani badacze i instytucje<\/strong>Nie sprzedajemy osobom prywatnym bez odpowiednich referencji.<a href=\"https:\/\/globalsourcechemicals.com\/pl\/sklep\/iboga-ibogaina\/kup-ibogaine-hcl-online\/\">Kup Ibogain\u0119 HCL<\/a><a href=\"https:\/\/globalsourcechemicals.com\/pl\/sklep\/iboga-ibogaina\/kora-korzenia-ibogi\/\">Kora korzenia ibogi<\/a><a href=\"https:\/\/globalsourcechemicals.com\/pl\/sklep\/lizergamidy\/1cp-lsd-150-mcg-bibuly-artystyczne\/\">1cP-LSD 150 MCG Art Blotters<\/a><a href=\"https:\/\/globalsourcechemicals.com\/pl\/sklep\/peletki-2\/o-dsmt-50mg-granulki\/\">O-DSMT 50 mg granulki<\/a><a href=\"https:\/\/globalsourcechemicals.com\/pl\/sklep\/lizergamidy\/1v-lsd-150-mcg-blotters\/\">Bibu\u0142ki 1V-LSD 150 MCG<\/a><\/p>","protected":false},"excerpt":{"rendered":"<h2>W\u0142a\u015bciwo\u015bci 6-CL-ADBA<\/h2>\n<p><strong>Synonim: <\/strong>6-CL-ADBA<strong><br \/>\nNumer CAS<\/strong>: n\/d<br \/>\n<strong>Formu\u0142a<\/strong>: n\/d<br \/>\n<strong>Masa molowa<\/strong>: n\/ag\u00b7mol<br \/>\n<strong>Czysto\u015b\u0107<\/strong>: \u226598%<\/p>","protected":false},"featured_media":27837,"comment_status":"closed","ping_status":"closed","template":"","meta":[],"product_brand":[],"product_cat":[368,322],"product_tag":[610,594,326],"class_list":{"0":"post-24948","1":"product","2":"type-product","3":"status-publish","4":"has-post-thumbnail","6":"product_cat-6-cl-adba","7":"product_cat-bijna-verboden","8":"product_tag-6-cl-adb-a","9":"product_tag-6-cl-adba","10":"product_tag-nl","12":"first","13":"instock","14":"taxable","15":"shipping-taxable","16":"purchasable","17":"product-type-variable"},"_links":{"self":[{"href":"https:\/\/globalsourcechemicals.com\/pl\/wp-json\/wp\/v2\/product\/24948","targetHints":{"allow":["GET"]}}],"collection":[{"href":"https:\/\/globalsourcechemicals.com\/pl\/wp-json\/wp\/v2\/product"}],"about":[{"href":"https:\/\/globalsourcechemicals.com\/pl\/wp-json\/wp\/v2\/types\/product"}],"replies":[{"embeddable":true,"href":"https:\/\/globalsourcechemicals.com\/pl\/wp-json\/wp\/v2\/comments?post=24948"}],"version-history":[{"count":4,"href":"https:\/\/globalsourcechemicals.com\/pl\/wp-json\/wp\/v2\/product\/24948\/revisions"}],"predecessor-version":[{"id":26262,"href":"https:\/\/globalsourcechemicals.com\/pl\/wp-json\/wp\/v2\/product\/24948\/revisions\/26262"}],"wp:featuredmedia":[{"embeddable":true,"href":"https:\/\/globalsourcechemicals.com\/pl\/wp-json\/wp\/v2\/media\/27837"}],"wp:attachment":[{"href":"https:\/\/globalsourcechemicals.com\/pl\/wp-json\/wp\/v2\/media?parent=24948"}],"wp:term":[{"taxonomy":"product_brand","embeddable":true,"href":"https:\/\/globalsourcechemicals.com\/pl\/wp-json\/wp\/v2\/product_brand?post=24948"},{"taxonomy":"product_cat","embeddable":true,"href":"https:\/\/globalsourcechemicals.com\/pl\/wp-json\/wp\/v2\/product_cat?post=24948"},{"taxonomy":"product_tag","embeddable":true,"href":"https:\/\/globalsourcechemicals.com\/pl\/wp-json\/wp\/v2\/product_tag?post=24948"}],"curies":[{"name":"wp","href":"https:\/\/api.w.org\/{rel}","templated":true}]}}