{"id":24268,"date":"2025-04-13T17:41:22","date_gmt":"2025-04-13T17:41:22","guid":{"rendered":"https:\/\/globalsourcechemicals.com\/?post_type=product&#038;p=24268"},"modified":"2025-04-22T05:48:49","modified_gmt":"2025-04-22T05:48:49","slug":"promal-metallyleskalina","status":"publish","type":"product","link":"https:\/\/globalsourcechemicals.com\/pl\/sklep\/b2b\/promal-metallyleskalina\/","title":{"rendered":"Worek RC+ Promal 3 kulki"},"content":{"rendered":"<h2><span data-sheets-value=\"{\" data-sheets-userformat=\"{\">Promal Metallyleskalina 21 mg woreczek z 3 peletkami<\/span><\/h2>\n<p class=\"ds-markdown-paragraph\"><strong>Nazwa produktu:<\/strong> RC+ (analog proskaliny) \u2013 3 granulki w opakowaniu<br \/>\n<strong>Kategoria:<\/strong>\u00a0Chemikalia badawcze (klasa fenetyloaminy)<br \/>\n<strong>Aplikacja:<\/strong> Badania neurochemiczne i badania farmakologiczne.<a title=\"Kapsu\u0142ki 2C-EF 2 mg\" href=\"https:\/\/globalsourcechemicals.com\/pl\/sklep\/fenetyloamina\/2-kapsulki-2c-ef-2mg\/\" target=\"_blank\" rel=\"noopener\">Kapsu\u0142ki 2C-EF 2 mg<\/a><\/p>\n<hr \/>\n<h3><strong>Cechy produktu:<\/strong><\/h3>\n<p class=\"ds-markdown-paragraph\">\ud83d\udd2c\u00a0<strong>Standaryzowany sk\u0142ad<\/strong>\u00a0\u2013 Zoptymalizowany pod k\u0105tem powtarzalnych wynik\u00f3w<br \/>\n\ud83d\udc8a\u00a0<strong>3 granulki w opakowaniu<\/strong>\u00a0\u2013 Idealny do kontrolowanych eksperyment\u00f3w<br \/>\n\ud83d\udce6\u00a0<strong>Opakowanie hermetyczne<\/strong>\u00a0\u2013 Maksymalna stabilno\u015b\u0107 i ochrona<br \/>\n\ud83d\udcca\u00a0<strong>Kontrolowana jako\u015b\u0107<\/strong> \u2013 Raporty z test\u00f3w analitycznych dost\u0119pne dla badaczy.<a title=\"2-CMC 250 mg granulki\" href=\"https:\/\/globalsourcechemicals.com\/pl\/sklep\/katynony\/%f0%9f%92%a1-2-mmc-krystaliczny-proszek-do-wszystkich-pytan-i-odpowiedzi-do-zakupu\/\" target=\"_blank\" rel=\"noopener\">2-CMC 250 mg granulki<\/a><\/p>\n<h3><strong>O Promalu (analogu proskaliny):<\/strong><\/h3>\n<p class=\"ds-markdown-paragraph\">Substancja badawcza o interesuj\u0105cych w\u0142a\u015bciwo\u015bciach:<\/p>\n<ul>\n<li>\n<p class=\"ds-markdown-paragraph\">Badania wi\u0105zania receptor\u00f3w (uk\u0142ad serotoninergiczny)<\/p>\n<\/li>\n<li>\n<p class=\"ds-markdown-paragraph\">Badania nad zale\u017cno\u015bciami struktura-aktywno\u015b\u0107 (SAR)<\/p>\n<\/li>\n<li>\n<p class=\"ds-markdown-paragraph\">Analizy por\u00f3wnawcze farmakodynamiczne<\/p>\n<\/li>\n<\/ul>\n<p class=\"ds-markdown-paragraph\"><strong>Wa\u017cna uwaga:<\/strong><\/p>\n<ul>\n<li>\n<p class=\"ds-markdown-paragraph\">Tylko do cel\u00f3w bada\u0144 in vitro<\/p>\n<\/li>\n<li>\n<p class=\"ds-markdown-paragraph\">Absolutnie nie nadaje si\u0119 do spo\u017cycia przez ludzi i zwierz\u0119ta.<\/p>\n<\/li>\n<li>\n<p class=\"ds-markdown-paragraph\">Nie nadaje si\u0119 do u\u017cytku medycznego ani rekreacyjnego.<\/p>\n<\/li>\n<\/ul>\n<hr \/>\n<h3><strong>Instrukcje bezpiecze\u0144stwa:<\/strong><\/h3>\n<p class=\"ds-markdown-paragraph\">\u26a0\u00a0<strong>Protok\u00f3\u0142 laboratoryjny:<\/strong><\/p>\n<ul>\n<li>\n<p class=\"ds-markdown-paragraph\">Zawsze u\u017cywaj \u015brodk\u00f3w ochrony osobistej<\/p>\n<\/li>\n<li>\n<p class=\"ds-markdown-paragraph\">Pracuj wy\u0142\u0105cznie w kontrolowanym \u015brodowisku laboratoryjnym<\/p>\n<\/li>\n<li>\n<p class=\"ds-markdown-paragraph\">Unika\u0107 nara\u017cenia sk\u00f3ry <a href=\"http:\/\/google.nl\" target=\"_blank\" rel=\"noopener\">I<\/a> b\u0142ony \u015bluzowe<\/p>\n<\/li>\n<\/ul>\n<p class=\"ds-markdown-paragraph\">\u26a0\u00a0<strong>Status prawny:<\/strong><\/p>\n<ul>\n<li>\n<p class=\"ds-markdown-paragraph\">Mo\u017cliwe, \u017ce podlega przepisom holenderskiej ustawy o opium<\/p>\n<\/li>\n<li>\n<p class=\"ds-markdown-paragraph\">Mog\u0105 obowi\u0105zywa\u0107 ograniczenia w ca\u0142ej UE<\/p>\n<\/li>\n<li>\n<p class=\"ds-markdown-paragraph\">Pe\u0142na odpowiedzialno\u015b\u0107 badacza\/kupuj\u0105cego.<a title=\"Bibu\u0142ki 1V-LSD 150 MCG\" href=\"https:\/\/globalsourcechemicals.com\/pl\/sklep\/lizergamidy\/1v-lsd-150-mcg-blotters\/\" target=\"_blank\" rel=\"noopener\">Bibu\u0142ki 1V-LSD 150 MCG<\/a><\/p>\n<\/li>\n<\/ul>\n<hr \/>\n<h3><strong>Dlaczego RC+ Promal Pellets?<\/strong><\/h3>\n<p class=\"ds-markdown-paragraph\">\u2705\u00a0<strong>Sta\u0142a jako\u015b\u0107<\/strong>\u00a0\u2013 \u015acis\u0142y protok\u00f3\u0142 produkcyjny<br \/>\n\u2705\u00a0<strong>Format przyjazny dla bada\u0144<\/strong>\u00a0\u2013 Niewielka kwota na badania pilota\u017cowe<br \/>\n\u2705\u00a0<strong>Dyskretna wysy\u0142ka<\/strong>\u00a0\u2013 Opakowanie neutralne, bez oznacze\u0144<br \/>\n\u2705\u00a0<strong>Szybka dostawa<\/strong>\u00a0\u2013 Europejskie zapasy na potrzeby efektywnych bada\u0144<\/p>","protected":false},"excerpt":{"rendered":"<p>Promal Metallileskalina 21 mg woreczek 3 peletek Nazwa produktu: RC+ (analog proskaliny) \u2013 3 peletki na woreczek Kategoria: Substancje chemiczne do bada\u0144 (klasa fenetyloamin) Zastosowanie: Badania neurochemiczne<\/p>","protected":false},"featured_media":21350,"comment_status":"closed","ping_status":"closed","template":"","meta":[],"product_brand":[82],"product_cat":[555],"product_tag":[326,864,209],"class_list":{"0":"post-24268","1":"product","2":"type-product","3":"status-publish","4":"has-post-thumbnail","6":"product_brand-research-chemical","7":"product_cat-b2b","8":"product_tag-nl","9":"product_tag-promal","10":"product_tag-promal-methallylescaline","12":"first","13":"instock","14":"taxable","15":"shipping-taxable","16":"purchasable","17":"product-type-variable"},"_links":{"self":[{"href":"https:\/\/globalsourcechemicals.com\/pl\/wp-json\/wp\/v2\/product\/24268","targetHints":{"allow":["GET"]}}],"collection":[{"href":"https:\/\/globalsourcechemicals.com\/pl\/wp-json\/wp\/v2\/product"}],"about":[{"href":"https:\/\/globalsourcechemicals.com\/pl\/wp-json\/wp\/v2\/types\/product"}],"replies":[{"embeddable":true,"href":"https:\/\/globalsourcechemicals.com\/pl\/wp-json\/wp\/v2\/comments?post=24268"}],"version-history":[{"count":3,"href":"https:\/\/globalsourcechemicals.com\/pl\/wp-json\/wp\/v2\/product\/24268\/revisions"}],"predecessor-version":[{"id":26000,"href":"https:\/\/globalsourcechemicals.com\/pl\/wp-json\/wp\/v2\/product\/24268\/revisions\/26000"}],"wp:featuredmedia":[{"embeddable":true,"href":"https:\/\/globalsourcechemicals.com\/pl\/wp-json\/wp\/v2\/media\/21350"}],"wp:attachment":[{"href":"https:\/\/globalsourcechemicals.com\/pl\/wp-json\/wp\/v2\/media?parent=24268"}],"wp:term":[{"taxonomy":"product_brand","embeddable":true,"href":"https:\/\/globalsourcechemicals.com\/pl\/wp-json\/wp\/v2\/product_brand?post=24268"},{"taxonomy":"product_cat","embeddable":true,"href":"https:\/\/globalsourcechemicals.com\/pl\/wp-json\/wp\/v2\/product_cat?post=24268"},{"taxonomy":"product_tag","embeddable":true,"href":"https:\/\/globalsourcechemicals.com\/pl\/wp-json\/wp\/v2\/product_tag?post=24268"}],"curies":[{"name":"wp","href":"https:\/\/api.w.org\/{rel}","templated":true}]}}