{"id":24226,"date":"2025-04-13T17:41:17","date_gmt":"2025-04-13T17:41:17","guid":{"rendered":"https:\/\/globalsourcechemicals.com\/?post_type=product&#038;p=24226"},"modified":"2025-10-02T17:44:23","modified_gmt":"2025-10-02T17:44:23","slug":"nm-2-ai-hcl-czysty","status":"publish","type":"product","link":"https:\/\/globalsourcechemicals.com\/pl\/sklep\/nm-2-ai\/nm-2-ai-hcl-czysty\/","title":{"rendered":"NM-2-Al HCl Czysty"},"content":{"rendered":"<h2>NM-2-Al HCl Czysty<\/h2>\n<p>Chlorowodorek NM-2-Al jest substancj\u0105, kt\u00f3r\u0105 sprzedajemy wy\u0142\u0105cznie do cel\u00f3w badawczych i dlatego nie jest przeznaczona do spo\u017cycia. Badania nad NM-2-AI mog\u0105 trwa\u0107 do 2 lat, je\u015bli s\u0105 przechowywane w odpowiednich warunkach.<\/p>\n<p>Poniewa\u017c preparat NM-2-AI jest przeznaczony wy\u0142\u0105cznie do cel\u00f3w badawczych i nie jest przeznaczony do spo\u017cycia, wa\u017cne jest, aby przechowywa\u0107 go w miejscu niedost\u0119pnym dla dzieci i zwierz\u0105t domowych.<a title=\"O-DSMT 50 mg granulki\" href=\"https:\/\/globalsourcechemicals.com\/pl\/sklep\/peletki-2\/o-dsmt-50mg-granulki\/\" target=\"_blank\" rel=\"noopener\">O-DSMT 50 mg granulki<\/a><\/p>\n<p>Oferujemy wysokiej jako\u015bci odczynniki chemiczne do bada\u0144 za uczciw\u0105 cen\u0119. Twoje zam\u00f3wienie zostanie wys\u0142ane w ci\u0105gu 24 godzin, ka\u017cdego dnia. Dlatego zam\u00f3w NM-2-AI bezpiecznie i szybko za po\u015brednictwem !<a title=\"Bibu\u0142ki 1V-LSD 150 MCG\" href=\"https:\/\/globalsourcechemicals.com\/pl\/sklep\/lizergamidy\/1v-lsd-150-mcg-blotters\/\" target=\"_blank\" rel=\"noopener\">Bibu\u0142ki 1V-LSD 150 MCG<\/a><\/p>\n<h3>O\u015bwiadczenie o zagro\u017ceniu<\/h3>\n<p>NM-2-AI mo\u017ce powodowa\u0107 podra\u017cnienie dr\u00f3g oddechowych<br \/>\nNM-2-AI mo\u017ce powodowa\u0107 podra\u017cnienie <a href=\"http:\/\/google.nl\" target=\"_blank\" rel=\"noopener\">W<\/a> oczy powoduj\u0105.<br \/>\nZabrania si\u0119 uwalniania substancji chemicznych wykorzystywanych w badaniach do \u015brodowiska.<\/p>\n<p>NM-2-AI W KONTAKCIE Z OCZAMI: Ostro\u017cnie p\u0142uka\u0107 oczy wod\u0105 przez pi\u0119\u0107 minut. Je\u017celi to mo\u017cliwe, wyjmij soczewki kontaktowe.<\/p>\n<p>NM-2-AI W PRZYPADKU KONTAKTU ZE SK\u00d3R\u0104: Sk\u00f3r\u0119 umy\u0107 wod\u0105 z myd\u0142em.<a title=\"6-CL-ADBA\" href=\"https:\/\/globalsourcechemicals.com\/pl\/sklep\/prawie-zabronione\/6-cl-adba\/\" target=\"_blank\" rel=\"noopener\">6-CL-ADBA<\/a><\/p>\n<p>W PRZYPADKU WDYCHANIA NM-2-AI: Wyprowadzi\u0107 lub wynie\u015b\u0107 poszkodowanego na \u015bwie\u017ce powietrze i u\u0142o\u017cy\u0107 go w pozycji umo\u017cliwiaj\u0105cej swobodne oddychanie.<a title=\"2-CMC 250 mg granulki\" href=\"https:\/\/globalsourcechemicals.com\/pl\/sklep\/katynony\/%f0%9f%92%a1-2-mmc-krystaliczny-proszek-do-wszystkich-pytan-i-odpowiedzi-do-zakupu\/\" target=\"_blank\" rel=\"noopener\">2-CMC 250 mg granulki<\/a><\/p>","protected":false},"excerpt":{"rendered":"<h2>NM-2-Al HCl Czysty<\/h2>\n<p>Chlorowodorek NM-2-Al jest substancj\u0105, kt\u00f3r\u0105 sprzedajemy wy\u0142\u0105cznie do cel\u00f3w badawczych i dlatego nie jest przeznaczona do spo\u017cycia. Badania nad NM-2-AI mog\u0105 trwa\u0107 do 2 lat, je\u015bli s\u0105 przechowywane w odpowiednim \u015brodowisku.2C-E<\/p>","protected":false},"featured_media":27925,"comment_status":"closed","ping_status":"closed","template":"","meta":[],"product_brand":[82],"product_cat":[479,336],"product_tag":[326,879,880],"class_list":{"0":"post-24226","1":"product","2":"type-product","3":"status-publish","4":"has-post-thumbnail","6":"product_brand-research-chemical","7":"product_cat-nm-2-ai","8":"product_cat-overig","9":"product_tag-nl","10":"product_tag-nm-2-ai","11":"product_tag-nm-2-ai-hcl","13":"first","14":"instock","15":"taxable","16":"shipping-taxable","17":"purchasable","18":"product-type-variable"},"_links":{"self":[{"href":"https:\/\/globalsourcechemicals.com\/pl\/wp-json\/wp\/v2\/product\/24226","targetHints":{"allow":["GET"]}}],"collection":[{"href":"https:\/\/globalsourcechemicals.com\/pl\/wp-json\/wp\/v2\/product"}],"about":[{"href":"https:\/\/globalsourcechemicals.com\/pl\/wp-json\/wp\/v2\/types\/product"}],"replies":[{"embeddable":true,"href":"https:\/\/globalsourcechemicals.com\/pl\/wp-json\/wp\/v2\/comments?post=24226"}],"version-history":[{"count":4,"href":"https:\/\/globalsourcechemicals.com\/pl\/wp-json\/wp\/v2\/product\/24226\/revisions"}],"predecessor-version":[{"id":26016,"href":"https:\/\/globalsourcechemicals.com\/pl\/wp-json\/wp\/v2\/product\/24226\/revisions\/26016"}],"wp:featuredmedia":[{"embeddable":true,"href":"https:\/\/globalsourcechemicals.com\/pl\/wp-json\/wp\/v2\/media\/27925"}],"wp:attachment":[{"href":"https:\/\/globalsourcechemicals.com\/pl\/wp-json\/wp\/v2\/media?parent=24226"}],"wp:term":[{"taxonomy":"product_brand","embeddable":true,"href":"https:\/\/globalsourcechemicals.com\/pl\/wp-json\/wp\/v2\/product_brand?post=24226"},{"taxonomy":"product_cat","embeddable":true,"href":"https:\/\/globalsourcechemicals.com\/pl\/wp-json\/wp\/v2\/product_cat?post=24226"},{"taxonomy":"product_tag","embeddable":true,"href":"https:\/\/globalsourcechemicals.com\/pl\/wp-json\/wp\/v2\/product_tag?post=24226"}],"curies":[{"name":"wp","href":"https:\/\/api.w.org\/{rel}","templated":true}]}}