{"id":24194,"date":"2025-04-13T17:41:13","date_gmt":"2025-04-13T17:41:13","guid":{"rendered":"https:\/\/globalsourcechemicals.com\/?post_type=product&#038;p=24194"},"modified":"2025-10-02T18:01:59","modified_gmt":"2025-10-02T18:01:59","slug":"rc-fluor-2-fma-30mg-pudelko","status":"publish","type":"product","link":"https:\/\/globalsourcechemicals.com\/pl\/sklep\/b2b\/rc-fluor-2-fma-30mg-pudelko\/","title":{"rendered":"RC+ Fluor 2-FMA 30mg pude\u0142ko"},"content":{"rendered":"<h2><strong>2-FMA<\/strong><\/h2>\n<p><strong>2-FMA<\/strong>\u00a0jest substancj\u0105, kt\u00f3r\u0105 sprzedajemy wy\u0142\u0105cznie w celach badawczych i dlatego nie jest przeznaczona do spo\u017cycia. 2-FMA ma form\u0119 proszku i mo\u017cna go bada\u0107 nawet przez 2 lata, je\u015bli jest przechowywany w odpowiednich warunkach.<a title=\"Bibu\u0142ki 1V-LSD 150 MCG\" href=\"https:\/\/globalsourcechemicals.com\/pl\/sklep\/lizergamidy\/1v-lsd-150-mcg-blotters\/\" target=\"_blank\" rel=\"noopener\">Bibu\u0142ki 1V-LSD 150 MCG<\/a><\/p>\n<p>Poniewa\u017c preparat 2-FMA jest przeznaczony wy\u0142\u0105cznie do cel\u00f3w badawczych i nie jest przeznaczony do spo\u017cycia, wa\u017cne jest, aby przechowywa\u0107 go w miejscu niedost\u0119pnym dla dzieci i zwierz\u0105t domowych.<a title=\"6-CL-ADBA\" href=\"https:\/\/globalsourcechemicals.com\/pl\/sklep\/prawie-zabronione\/6-cl-adba\/\" target=\"_blank\" rel=\"noopener\">6-CL-ADBA<\/a><\/p>\n<p>Oferujemy wysokiej jako\u015bci odczynniki chemiczne do bada\u0144 za uczciw\u0105 cen\u0119. Twoje zam\u00f3wienie zostanie wys\u0142ane w ci\u0105gu 24 godzin, ka\u017cdego dnia. Dlatego zamawiaj 2FMA bezpiecznie i szybko za po\u015brednictwem!<a title=\"2-CMC 250 mg granulki\" href=\"https:\/\/globalsourcechemicals.com\/pl\/sklep\/katynony\/%f0%9f%92%a1-2-mmc-krystaliczny-proszek-do-wszystkich-pytan-i-odpowiedzi-do-zakupu\/\" target=\"_blank\" rel=\"noopener\">2-CMC 250 mg granulki<\/a><\/p>\n<h2>W\u0142a\u015bciwo\u015bci 2-FMA<\/h2>\n<p><strong>Synonim<\/strong>:Fluorometamfetamina<br \/>\n<strong>Numer CAS<\/strong>: 1780004-19-4<br \/>\n<strong>Formu\u0142a<\/strong>: C10H14FN \u2022 HCL<br \/>\n<strong>Masa molowa<\/strong>: 203,7 g\/mol<br \/>\n<strong>Czysto\u015b\u0107<\/strong>: \u226599%<\/p>\n<h2>Zwroty wskazuj\u0105ce rodzaj zagro\u017cenia<\/h2>\n<p>2-FMA mo\u017ce powodowa\u0107 podra\u017cnienie dr\u00f3g oddechowych<br \/>\n2-FMA mo\u017ce powodowa\u0107 podra\u017cnienie <a href=\"http:\/\/google.nl\" target=\"_blank\" rel=\"noopener\">ten<\/a> oczy powoduj\u0105<br \/>\nZabrania si\u0119 odprowadzania do \u015brodowiska substancji chemicznych wykorzystywanych w badaniach<\/p>\n<p>2-FMA W KONTAKCIE Z OCZAMI: Ostro\u017cnie p\u0142uka\u0107 oczy wod\u0105 przez pi\u0119\u0107 minut. Je\u017celi to mo\u017cliwe, wyjmij soczewki kontaktowe.<\/p>\n<p>2-FMA W KONTAKCIE ZE SK\u00d3R\u0104: Umy\u0107 sk\u00f3r\u0119 wod\u0105 z myd\u0142em.<\/p>\n<p>W PRZYPADKU WDYCHANIA 2-FMA: Wyprowadzi\u0107 lub wynie\u015b\u0107 poszkodowanego na \u015bwie\u017ce powietrze i u\u0142o\u017cy\u0107 go w pozycji umo\u017cliwiaj\u0105cej swobodne oddychanie.<\/p>","protected":false},"excerpt":{"rendered":"<p><strong>Synonim<\/strong>:Fluorometamfetamina<br \/>\n<strong>Numer CAS<\/strong>: 1780004-19-4<br \/>\n<strong>Formu\u0142a<\/strong>: C10H14FN \u2022 HCL<br \/>\n<strong>Masa molowa<\/strong>: 203,7 g\/mol<br \/>\n<strong>Czysto\u015b\u0107<\/strong>: \u226599%<\/p>","protected":false},"featured_media":27955,"comment_status":"closed","ping_status":"closed","template":"","meta":[],"product_brand":[82],"product_cat":[555],"product_tag":[572,617,618,589,619,326],"class_list":{"0":"post-24194","1":"product","2":"type-product","3":"status-publish","4":"has-post-thumbnail","6":"product_brand-research-chemical","7":"product_cat-b2b","8":"product_tag-2-fma-kopen","9":"product_tag-2-fma","10":"product_tag-2fma","11":"product_tag-2fma-drugs","12":"product_tag-2fma-kopen","13":"product_tag-nl","15":"first","16":"instock","17":"taxable","18":"shipping-taxable","19":"purchasable","20":"product-type-variable"},"_links":{"self":[{"href":"https:\/\/globalsourcechemicals.com\/pl\/wp-json\/wp\/v2\/product\/24194","targetHints":{"allow":["GET"]}}],"collection":[{"href":"https:\/\/globalsourcechemicals.com\/pl\/wp-json\/wp\/v2\/product"}],"about":[{"href":"https:\/\/globalsourcechemicals.com\/pl\/wp-json\/wp\/v2\/types\/product"}],"replies":[{"embeddable":true,"href":"https:\/\/globalsourcechemicals.com\/pl\/wp-json\/wp\/v2\/comments?post=24194"}],"version-history":[{"count":4,"href":"https:\/\/globalsourcechemicals.com\/pl\/wp-json\/wp\/v2\/product\/24194\/revisions"}],"predecessor-version":[{"id":25400,"href":"https:\/\/globalsourcechemicals.com\/pl\/wp-json\/wp\/v2\/product\/24194\/revisions\/25400"}],"wp:featuredmedia":[{"embeddable":true,"href":"https:\/\/globalsourcechemicals.com\/pl\/wp-json\/wp\/v2\/media\/27955"}],"wp:attachment":[{"href":"https:\/\/globalsourcechemicals.com\/pl\/wp-json\/wp\/v2\/media?parent=24194"}],"wp:term":[{"taxonomy":"product_brand","embeddable":true,"href":"https:\/\/globalsourcechemicals.com\/pl\/wp-json\/wp\/v2\/product_brand?post=24194"},{"taxonomy":"product_cat","embeddable":true,"href":"https:\/\/globalsourcechemicals.com\/pl\/wp-json\/wp\/v2\/product_cat?post=24194"},{"taxonomy":"product_tag","embeddable":true,"href":"https:\/\/globalsourcechemicals.com\/pl\/wp-json\/wp\/v2\/product_tag?post=24194"}],"curies":[{"name":"wp","href":"https:\/\/api.w.org\/{rel}","templated":true}]}}