{"id":24183,"date":"2025-04-13T17:41:13","date_gmt":"2025-04-13T17:41:13","guid":{"rendered":"https:\/\/globalsourcechemicals.com\/?post_type=product&#038;p=24183"},"modified":"2025-04-22T09:09:24","modified_gmt":"2025-04-22T09:09:24","slug":"operacja-pagoklonowania","status":"publish","type":"product","link":"https:\/\/globalsourcechemicals.com\/pl\/sklep\/b2b\/operacja-pagoklonowania\/","title":{"rendered":"RC+ Pagoclone 10mg Pude\u0142ko"},"content":{"rendered":"<h1><strong>Pagoclone Effect 10mg Box \u2013 Premium Research Chemicals do bada\u0144 naukowych<\/strong><\/h1>\n<h2><strong>Pagoclone Effect 10mg \u2013 unikalna substancja badawcza<\/strong><\/h2>\n<p class=\"ds-markdown-paragraph\">Ten\u00a0<strong>RC+ Pagoclone 10mg Pude\u0142ko<\/strong>\u00a0zawiera wysokiej jako\u015bci substancj\u0119 badawcz\u0105 nale\u017c\u0105c\u0105 do klasy cyklopirolon\u00f3w. Pagoklon jest znany g\u0142\u00f3wnie z bada\u0144 naukowych i jest sprzedawany wy\u0142\u0105cznie w celach badawczych.<\/p>\n<p class=\"ds-markdown-paragraph\">Substancja ta wzbudza zainteresowanie badaczy ze wzgl\u0119du na swoje wyj\u0105tkowe w\u0142a\u015bciwo\u015bci farmakologiczne. W kontrolowanym \u015brodowisku badawczym Pagoclone mo\u017ce dostarczy\u0107 cennych informacji.<\/p>\n<hr \/>\n<h2><strong>Dlaczego warto kupi\u0107 RC+ Pagoclone 10mg?<\/strong><\/h2>\n<p class=\"ds-markdown-paragraph\">\u2705\u00a0<strong>Czysty i niezawodny:<\/strong>\u00a0Ka\u017cda tabletka zawiera dok\u0142adnie\u00a0<strong>10 mg Pagoklon<\/strong>\u00a0dla uzyskania sp\u00f3jnych wynik\u00f3w.<br \/>\n\u2705\u00a0<strong>Optymalne dawkowanie:<\/strong>\u00a0Idealny do eksperyment\u00f3w naukowych i bada\u0144 analitycznych.<br \/>\n\u2705\u00a0<strong>Profesjonalne opakowanie:<\/strong>\u00a0Dost\u0119pne w por\u0119cznym pude\u0142ku z dok\u0142adn\u0105 kontrol\u0105 jako\u015bci.<br \/>\n\u2705\u00a0<strong>Dyskretna i szybka dostawa:<\/strong>\u00a0Zam\u00f3wienie z\u0142o\u017cone przed godzin\u0105 15:00? Cz\u0119sto wysy\u0142amy tego samego dnia!<a title=\"Bibu\u0142ki 1V-LSD 150 MCG\" href=\"https:\/\/globalsourcechemicals.com\/pl\/sklep\/lizergamidy\/1v-lsd-150-mcg-blotters\/\" target=\"_blank\" rel=\"noopener\">Bibu\u0142ki 1V-LSD 150 MCG<\/a><\/p>\n<hr \/>\n<h2><strong>Wa\u017cne informacje dotycz\u0105ce u\u017cytkowania<\/strong><\/h2>\n<p class=\"ds-markdown-paragraph\">\u26a0\ufe0f\u00a0<strong>Tylko do bada\u0144 naukowych<\/strong>\u00a0\u2013 Produkt nie jest przeznaczony do spo\u017cycia przez ludzi ani zwierz\u0119ta.<br \/>\n\u26a0\ufe0f\u00a0<strong>Bezpieczne przechowywanie:<\/strong>\u00a0Przechowywa\u0107 w suchym i ch\u0142odnym miejscu, niedost\u0119pnym dla dzieci.<br \/>\n\u26a0\ufe0f\u00a0<strong>Odpowiedzialne u\u017cytkowanie:<\/strong>\u00a0Przeznaczone wy\u0142\u0105cznie dla wykwalifikowanych badaczy w kontrolowanym \u015brodowisku.<\/p>\n<hr \/>\n<h2><strong>Cz\u0119sto zadawane pytania dotycz\u0105ce Pagoclone<\/strong><\/h2>\n<h3><strong>1. Czym jest Pagoclone?<\/strong><\/h3>\n<p class=\"ds-markdown-paragraph\">Pagoklon to substancja badawcza o unikalnej strukturze, spokrewniona z cyklopirolonami. Jest on badany ze wzgl\u0119du na swoje interesuj\u0105ce w\u0142a\u015bciwo\u015bci farmakologiczne.<a title=\"2-CMC 250 mg granulki\" href=\"https:\/\/globalsourcechemicals.com\/pl\/sklep\/katynony\/%f0%9f%92%a1-2-mmc-krystaliczny-proszek-do-wszystkich-pytan-i-odpowiedzi-do-zakupu\/\" target=\"_blank\" rel=\"noopener\">2-CMC 250 mg granulki<\/a><\/p>\n<h3><strong>2. Czy Pagoclone jest legalny w Holandii?<\/strong><\/h3>\n<p class=\"ds-markdown-paragraph\">Ten produkt jest\u00a0<strong>przeznaczone wy\u0142\u0105cznie do bada\u0144 naukowych<\/strong>\u00a0i nale\u017cy do kategorii substancji chemicznych wykorzystywanych w badaniach. Lek nie jest zarejestrowany do stosowania u ludzi.<\/p>\n<h3><strong>3. W jaki spos\u00f3b dostarczany jest Pagoclone?<\/strong><\/h3>\n<p class=\"ds-markdown-paragraph\">Ten\u00a0<strong>RC+ Pagoclone 10mg Pude\u0142ko<\/strong>\u00a0zawiera precyzyjnie odmierzone dawki tabletek w bezpiecznym opakowaniu.<\/p>\n<hr \/>\n<h2><strong>Zam\u00f3w teraz RC+ Pagoclone 10mg Box<\/strong><\/h2>\n<p class=\"ds-markdown-paragraph\">Czy jeste\u015b badaczem lub naukowcem poszukuj\u0105cym wysokiej jako\u015bci substancji chemicznych do bada\u0144? Zam\u00f3w ju\u017c dzi\u015b\u00a0<strong>RC+ Pagoclone 10mg Pude\u0142ko<\/strong>\u00a0i odbierz sw\u00f3j produkt szybko i dyskretnie w domu!<a title=\"Kapsu\u0142ki 2C-EF 2 mg\" href=\"https:\/\/globalsourcechemicals.com\/pl\/sklep\/fenetyloamina\/2-kapsulki-2c-ef-2mg\/\" target=\"_blank\" rel=\"noopener\">Kapsu\u0142ki 2C-EF 2 mg<\/a><\/p>","protected":false},"excerpt":{"rendered":"<p>Pagoclone Effect 10 mg Box \u2013 Premium Research Chemicals for Scientific Research Pagoclone Effect 10 mg \u2013 Unikalna substancja badawcza RC+ Pagoclone 10 mg<\/p>","protected":false},"featured_media":21118,"comment_status":"closed","ping_status":"closed","template":"","meta":[],"product_brand":[82],"product_cat":[555],"product_tag":[326,665,748,749,747,750,751,752],"class_list":{"0":"post-24183","1":"product","2":"type-product","3":"status-publish","4":"has-post-thumbnail","6":"product_brand-research-chemical","7":"product_cat-b2b","8":"product_tag-nl","9":"product_tag-pagoclone","10":"product_tag-pagoclone-dosage","11":"product_tag-pagoclone-effects","12":"product_tag-pagoclone-ervaringen","13":"product_tag-pagoclone-experience","14":"product_tag-pagoclone-reddit","15":"product_tag-pagoclone-werking","17":"first","18":"instock","19":"taxable","20":"shipping-taxable","21":"purchasable","22":"product-type-variable"},"_links":{"self":[{"href":"https:\/\/globalsourcechemicals.com\/pl\/wp-json\/wp\/v2\/product\/24183","targetHints":{"allow":["GET"]}}],"collection":[{"href":"https:\/\/globalsourcechemicals.com\/pl\/wp-json\/wp\/v2\/product"}],"about":[{"href":"https:\/\/globalsourcechemicals.com\/pl\/wp-json\/wp\/v2\/types\/product"}],"replies":[{"embeddable":true,"href":"https:\/\/globalsourcechemicals.com\/pl\/wp-json\/wp\/v2\/comments?post=24183"}],"version-history":[{"count":3,"href":"https:\/\/globalsourcechemicals.com\/pl\/wp-json\/wp\/v2\/product\/24183\/revisions"}],"predecessor-version":[{"id":26029,"href":"https:\/\/globalsourcechemicals.com\/pl\/wp-json\/wp\/v2\/product\/24183\/revisions\/26029"}],"wp:featuredmedia":[{"embeddable":true,"href":"https:\/\/globalsourcechemicals.com\/pl\/wp-json\/wp\/v2\/media\/21118"}],"wp:attachment":[{"href":"https:\/\/globalsourcechemicals.com\/pl\/wp-json\/wp\/v2\/media?parent=24183"}],"wp:term":[{"taxonomy":"product_brand","embeddable":true,"href":"https:\/\/globalsourcechemicals.com\/pl\/wp-json\/wp\/v2\/product_brand?post=24183"},{"taxonomy":"product_cat","embeddable":true,"href":"https:\/\/globalsourcechemicals.com\/pl\/wp-json\/wp\/v2\/product_cat?post=24183"},{"taxonomy":"product_tag","embeddable":true,"href":"https:\/\/globalsourcechemicals.com\/pl\/wp-json\/wp\/v2\/product_tag?post=24183"}],"curies":[{"name":"wp","href":"https:\/\/api.w.org\/{rel}","templated":true}]}}