{"id":23317,"date":"2025-04-13T17:39:34","date_gmt":"2025-04-13T17:39:34","guid":{"rendered":"https:\/\/globalsourcechemicals.com\/?post_type=product&#038;p=23317"},"modified":"2025-10-03T19:07:03","modified_gmt":"2025-10-03T19:07:03","slug":"efekt-flubromazepamu","status":"publish","type":"product","link":"https:\/\/globalsourcechemicals.com\/pl\/sklep\/benzodiazepiny\/efekt-flubromazepamu\/","title":{"rendered":"Flubromazepam Czysty"},"content":{"rendered":"<h2>Flubromazepam<span class=\"___SText_pr68d-red-team\" data-ui-name=\"Link.Text\">\u00a0dzia\u0142anie<\/span><\/h2>\n<p><strong>Flubromazepam <span class=\"___SText_pr68d-red-team\" data-ui-name=\"Link.Text\">dzia\u0142anie<\/span><\/strong> jest substancj\u0105 sprzedawan\u0105 wy\u0142\u0105cznie w celach badawczych i w zwi\u0105zku z tym nie jest przeznaczona do spo\u017cycia.<\/p>\n<p>Flubromazepam zachowuje stabilno\u015b\u0107 do 2 lat pod warunkiem przechowywania w odpowiednich warunkach. Flubromazepam jest przeznaczony do cel\u00f3w badawczych i nie jest przeznaczony do spo\u017cycia. Dlatego wa\u017cne jest, aby produkt przechowywa\u0107 w miejscu niedost\u0119pnym dla dzieci i zwierz\u0105t domowych.<a title=\"Bibu\u0142ki 1V-LSD 150 MCG\" href=\"https:\/\/globalsourcechemicals.com\/pl\/sklep\/lizergamidy\/1v-lsd-150-mcg-blotters\/\" target=\"_blank\" rel=\"noopener\">Bibu\u0142ki 1V-LSD 150 MCG<\/a><\/p>\n<p>Oferujemy wysokiej jako\u015bci odczynniki chemiczne do bada\u0144 za uczciw\u0105 cen\u0119. Twoje zam\u00f3wienie zostanie wys\u0142ane w ci\u0105gu 24 godzin, ka\u017cdego dnia. Dlatego zam\u00f3w <em>Flubromazepam<\/em> bezpiecznie i szybko przez !<a title=\"Kapsu\u0142ki 2C-EF 2 mg\" href=\"https:\/\/globalsourcechemicals.com\/pl\/sklep\/fenetyloamina\/2-kapsulki-2c-ef-2mg\/\" target=\"_blank\" rel=\"noopener\">Kapsu\u0142ki 2C-EF 2 mg<\/a><\/p>\n<h3>W\u0142a\u015bciwo\u015bci flubromazepamu<\/h3>\n<p><strong>Synonim:<\/strong> Flubromazepam<br \/>\n<strong>Numer CAS:<\/strong> 2647-50-9<br \/>\n<strong>Formu\u0142a:<\/strong> 7-bromo-5-(2-fluorofenylo)-1,3-dihydro-2H-1,4-benzodiazepin-2-on<br \/>\n<strong>Masa molowa:<\/strong> 333,2 g\/mol<br \/>\n<strong>Czysto\u015b\u0107:<\/strong> &gt;97%<\/p>\n<h3>Czym jest flubromazepam?<\/h3>\n<p>Flubromazepam jest substancj\u0105 badawcz\u0105 nale\u017c\u0105c\u0105 do klasy benzodiazepin. Jest to zwi\u0105zek syntetyczny, kt\u00f3ry wzbudzi\u0142 zainteresowanie naukowc\u00f3w ze wzgl\u0119du na sw\u00f3j potencjalny wp\u0142yw na o\u015brodkowy uk\u0142ad nerwowy.<\/p>\n<p>Flubromazepam nale\u017cy do grupy lek\u00f3w benzodiazepinowych, kt\u00f3re znane s\u0105 ze swoich w\u0142a\u015bciwo\u015bci uspokajaj\u0105cych, przeciwl\u0119kowych i rozkurczaj\u0105cych mi\u0119\u015bnie. Zosta\u0142a opracowana jako modyfikacja istniej\u0105cych benzodiazepin w celu zbadania zmian w profilu farmakologicznym i potencjalnych zastosowaniach terapeutycznych. Naukowcy s\u0105 szczeg\u00f3lnie zainteresowani badaniem interakcji Flubromazepamu z receptorami GABA-A w m\u00f3zgu. Receptory te odgrywaj\u0105 kluczow\u0105 rol\u0119 w regulacji neuroprzeka\u017anik\u00f3w hamuj\u0105cych.<\/p>\n<p>Rozw\u00f3j Flubromazepamu jako substancji chemicznej b\u0119d\u0105cej przedmiotem bada\u0144 wynika z ciekawo\u015bci naukowej i ch\u0119ci lepszego zrozumienia zwi\u0105zk\u00f3w benzodiazepinowych. Prowadz\u0105c dok\u0142adne badania, naukowcy chc\u0105 poszerzy\u0107 nasz\u0105 wiedz\u0119 na temat wp\u0142ywu tego zwi\u0105zku na o\u015brodkowy uk\u0142ad nerwowy i przyczyni\u0107 si\u0119 do lepszego zrozumienia dzia\u0142ania benzodiazepin.<\/p>\n<h3>Sk\u0105d wzi\u0105\u0142 si\u0119 flubromazepam?<\/h3>\n<p>Historia substancji chemicznej o nazwie Flubromazepam jest \u015bci\u015ble zwi\u0105zana z rozwojem i badaniem zwi\u0105zk\u00f3w benzodiazepinowych. Benzodiazepiny, klasa lek\u00f3w znana ze swoich w\u0142a\u015bciwo\u015bci uspokajaj\u0105cych, przeciwl\u0119kowych i rozlu\u017aniaj\u0105cych mi\u0119\u015bnie, maj\u0105 d\u0142ug\u0105 histori\u0119 w badaniach farmaceutycznych.<\/p>\n<p>Flubromazepam sam w sobie sta\u0142 si\u0119 przedmiotem bada\u0144 w ostatnich latach, w miar\u0119 jak naukowcy starali si\u0119 poszerzy\u0107 swoj\u0105 wiedz\u0119 i zrozumienie benzodiazepin. Zwi\u0105zek ten opracowano jako modyfikacj\u0119 istniej\u0105cych benzodiazepin, aby zbada\u0107 potencjalne zmiany w profilu farmakologicznym i w\u0142a\u015bciwo\u015bciach.<\/p>\n<p>Synteza i badania flubromazepamu odbywa\u0142y si\u0119 g\u0142\u00f3wnie w ramach bada\u0144 naukowych. Naukowcy, w tym chemicy, farmakolodzy i neurobiolodzy, s\u0105 zainteresowani badaniem struktury chemicznej tego zwi\u0105zku, jego wp\u0142ywem na o\u015brodkowy uk\u0142ad nerwowy i jego mo\u017cliwymi zastosowaniami terapeutycznymi.<a title=\"2-CMC 250 mg granulki\" href=\"https:\/\/globalsourcechemicals.com\/pl\/sklep\/katynony\/%f0%9f%92%a1-2-mmc-krystaliczny-proszek-do-wszystkich-pytan-i-odpowiedzi-do-zakupu\/\" target=\"_blank\" rel=\"noopener\">2-CMC 250 mg granulki<\/a><\/p>\n<h3>O\u015bwiadczenie o zagro\u017ceniu<\/h3>\n<p>Flubromazepam mo\u017ce powodowa\u0107 podra\u017cnienie dr\u00f3g oddechowych<br \/>\nFlubromazepam mo\u017ce powodowa\u0107 podra\u017cnienie oczu.<br \/>\nZabrania si\u0119 uwalniania substancji chemicznych wykorzystywanych w badaniach do \u015brodowiska.<\/p>\n<p>Flubromazepam W KONTAKCIE Z OCZAMI: Ostro\u017cnie p\u0142uka\u0107 oczy wod\u0105 przez pi\u0119\u0107 minut. Je\u015bli to mo\u017cliwe, wyjmij soczewki kontaktowe.<a href=\"http:\/\/google.nl\" target=\"_blank\" rel=\"noopener\">.<\/a><\/p>\n<p>Flubromazepam W KONTAKCIE ZE SK\u00d3R\u0104: Umy\u0107 sk\u00f3r\u0119 wod\u0105 z myd\u0142em.<\/p>\n<p>PO WDYCHANIU Flubromazepamu: Wyprowadzi\u0107 poszkodowanego na \u015bwie\u017ce powietrze i u\u0142o\u017cy\u0107 go w pozycji umo\u017cliwiaj\u0105cej swobodne oddychanie.<\/p>","protected":false},"excerpt":{"rendered":"<p>Dzia\u0142anie flubromazepamu Dzia\u0142anie flubromazepamu to substancja sprzedawana wy\u0142\u0105cznie w celach badawczych i dlatego nie jest przeznaczona do spo\u017cycia.<\/p>","protected":false},"featured_media":28477,"comment_status":"closed","ping_status":"closed","template":"","meta":[],"product_brand":[82],"product_cat":[76,386],"product_tag":[138,139,140,142,141,326],"class_list":{"0":"post-23317","1":"product","2":"type-product","3":"status-publish","4":"has-post-thumbnail","6":"product_brand-research-chemical","7":"product_cat-benzodiazepinen","8":"product_cat-flubromazepam","9":"product_tag-flubromazepam","10":"product_tag-flubromazepam-effects","11":"product_tag-flubromazepam-ervaring","12":"product_tag-flubromazepam-halfwaardetijd","13":"product_tag-flubromazepam-werking","14":"product_tag-nl","16":"first","17":"instock","18":"taxable","19":"shipping-taxable","20":"purchasable","21":"product-type-variable"},"_links":{"self":[{"href":"https:\/\/globalsourcechemicals.com\/pl\/wp-json\/wp\/v2\/product\/23317","targetHints":{"allow":["GET"]}}],"collection":[{"href":"https:\/\/globalsourcechemicals.com\/pl\/wp-json\/wp\/v2\/product"}],"about":[{"href":"https:\/\/globalsourcechemicals.com\/pl\/wp-json\/wp\/v2\/types\/product"}],"replies":[{"embeddable":true,"href":"https:\/\/globalsourcechemicals.com\/pl\/wp-json\/wp\/v2\/comments?post=23317"}],"version-history":[{"count":3,"href":"https:\/\/globalsourcechemicals.com\/pl\/wp-json\/wp\/v2\/product\/23317\/revisions"}],"predecessor-version":[{"id":25431,"href":"https:\/\/globalsourcechemicals.com\/pl\/wp-json\/wp\/v2\/product\/23317\/revisions\/25431"}],"wp:featuredmedia":[{"embeddable":true,"href":"https:\/\/globalsourcechemicals.com\/pl\/wp-json\/wp\/v2\/media\/28477"}],"wp:attachment":[{"href":"https:\/\/globalsourcechemicals.com\/pl\/wp-json\/wp\/v2\/media?parent=23317"}],"wp:term":[{"taxonomy":"product_brand","embeddable":true,"href":"https:\/\/globalsourcechemicals.com\/pl\/wp-json\/wp\/v2\/product_brand?post=23317"},{"taxonomy":"product_cat","embeddable":true,"href":"https:\/\/globalsourcechemicals.com\/pl\/wp-json\/wp\/v2\/product_cat?post=23317"},{"taxonomy":"product_tag","embeddable":true,"href":"https:\/\/globalsourcechemicals.com\/pl\/wp-json\/wp\/v2\/product_tag?post=23317"}],"curies":[{"name":"wp","href":"https:\/\/api.w.org\/{rel}","templated":true}]}}