{"id":23141,"date":"2025-04-13T17:39:14","date_gmt":"2025-04-13T17:39:14","guid":{"rendered":"https:\/\/globalsourcechemicals.com\/?post_type=product&#038;p=23141"},"modified":"2025-10-03T08:44:19","modified_gmt":"2025-10-03T08:44:19","slug":"noopept-czysty","status":"publish","type":"product","link":"https:\/\/globalsourcechemicals.com\/pl\/sklep\/noopeptyt\/noopept-czysty\/","title":{"rendered":"Noopept Czysty"},"content":{"rendered":"<h1><strong><span dir=\"auto\" style=\"vertical-align: inherit;\"><span dir=\"auto\" style=\"vertical-align: inherit;\">Noopept Pure \u2013 zaawansowany nootropik do bada\u0144 naukowych<\/span><\/span><\/strong><\/h1>\n<h2><strong><span dir=\"auto\" style=\"vertical-align: inherit;\"><span dir=\"auto\" style=\"vertical-align: inherit;\">Wprowadzenie do Noopeptu<\/span><\/span><\/strong><\/h2>\n<p><span dir=\"auto\" style=\"vertical-align: inherit;\"><span dir=\"auto\" style=\"vertical-align: inherit;\">Noopept (ester etylowy N-fenyloacetylo-L-proliloglicyny) to syntetyczny nootropik o budowie peptydopodobnej, pochodz\u0105cy z rodziny racetam\u00f3w. Ta wysoce oczyszczona forma zosta\u0142a opracowana na potrzeby bada\u0144 nad popraw\u0105 funkcji poznawczych i procesami neuroprotekcyjnymi. <\/span><\/span><a title=\"1cP-LSD 150 MCG Art Blotters\" href=\"https:\/\/globalsourcechemicals.com\/pl\/sklep\/lizergamidy\/1cp-lsd-150-mcg-bibuly-artystyczne\/\" target=\"_blank\" rel=\"noopener\"><span dir=\"auto\" style=\"vertical-align: inherit;\"><span dir=\"auto\" style=\"vertical-align: inherit;\">1cP-LSD 150 MCG Art Blotters<\/span><\/span><\/a><\/p>\n<h2><strong><span dir=\"auto\" style=\"vertical-align: inherit;\"><span dir=\"auto\" style=\"vertical-align: inherit;\">Cechy jako\u015bciowe<\/span><\/span><\/strong><\/h2>\n<ul>\n<li><strong><span dir=\"auto\" style=\"vertical-align: inherit;\"><span dir=\"auto\" style=\"vertical-align: inherit;\">Czysto\u015b\u0107<\/span><\/span><\/strong><span dir=\"auto\" style=\"vertical-align: inherit;\"><span dir=\"auto\" style=\"vertical-align: inherit;\"> : \u226599% (zweryfikowane metod\u0105 HPLC)<\/span><\/span><\/li>\n<li><strong><span dir=\"auto\" style=\"vertical-align: inherit;\"><span dir=\"auto\" style=\"vertical-align: inherit;\">Struktura krystaliczna<\/span><\/span><\/strong><span dir=\"auto\" style=\"vertical-align: inherit;\"><span dir=\"auto\" style=\"vertical-align: inherit;\"> Stabilny przy prawid\u0142owym przechowywaniu<\/span><\/span><\/li>\n<li><strong><span dir=\"auto\" style=\"vertical-align: inherit;\"><span dir=\"auto\" style=\"vertical-align: inherit;\">Szeroko stosowane<\/span><\/span><\/strong><span dir=\"auto\" style=\"vertical-align: inherit;\"><span dir=\"auto\" style=\"vertical-align: inherit;\"> :Rozpuszczalny w wodzie i rozpuszczalnikach organicznych<\/span><\/span><\/li>\n<li><strong><span dir=\"auto\" style=\"vertical-align: inherit;\"><span dir=\"auto\" style=\"vertical-align: inherit;\">Wpis wsadowy<\/span><\/span><\/strong><span dir=\"auto\" style=\"vertical-align: inherit;\"><span dir=\"auto\" style=\"vertical-align: inherit;\"> :Zweryfikowany kod jako\u015bci dla ka\u017cdej produkcji<\/span><\/span><\/li>\n<\/ul>\n<h2><strong><span dir=\"auto\" style=\"vertical-align: inherit;\"><span dir=\"auto\" style=\"vertical-align: inherit;\">W\u0142a\u015bciwo\u015bci farmakologiczne<\/span><\/span><\/strong><\/h2>\n<ul>\n<li><strong><span dir=\"auto\" style=\"vertical-align: inherit;\"><span dir=\"auto\" style=\"vertical-align: inherit;\">Neuroprotekcyjne<\/span><\/span><\/strong><span dir=\"auto\" style=\"vertical-align: inherit;\"><span dir=\"auto\" style=\"vertical-align: inherit;\"> :Zwi\u0119kszona odporno\u015b\u0107 na stres oksydacyjny<\/span><\/span><\/li>\n<li><strong><span dir=\"auto\" style=\"vertical-align: inherit;\"><span dir=\"auto\" style=\"vertical-align: inherit;\">Stymulacja poznawcza<\/span><\/span><\/strong><span dir=\"auto\" style=\"vertical-align: inherit;\"><span dir=\"auto\" style=\"vertical-align: inherit;\"> :Poprawa proces\u00f3w uczenia si\u0119 i zapami\u0119tywania<\/span><\/span><\/li>\n<li><strong><span dir=\"auto\" style=\"vertical-align: inherit;\"><span dir=\"auto\" style=\"vertical-align: inherit;\">Neurotroficzny<\/span><\/span><\/strong><span dir=\"auto\" style=\"vertical-align: inherit;\"><span dir=\"auto\" style=\"vertical-align: inherit;\"> :Stymulacja ekspresji NGF i BDNF<\/span><\/span><\/li>\n<li><strong><span dir=\"auto\" style=\"vertical-align: inherit;\"><span dir=\"auto\" style=\"vertical-align: inherit;\">Skuteczny w ma\u0142ych dawkach<\/span><\/span><\/strong><span dir=\"auto\" style=\"vertical-align: inherit;\"><span dir=\"auto\" style=\"vertical-align: inherit;\"> :Zakres nanomolowy. <\/span><\/span><a title=\"O-DSMT 50 mg granulki\" href=\"https:\/\/globalsourcechemicals.com\/pl\/sklep\/peletki-2\/o-dsmt-50mg-granulki\/\" target=\"_blank\" rel=\"noopener\"><span dir=\"auto\" style=\"vertical-align: inherit;\"><span dir=\"auto\" style=\"vertical-align: inherit;\">O-DSMT 50 mg granulki<\/span><\/span><\/a><\/li>\n<\/ul>\n<h2><strong><span dir=\"auto\" style=\"vertical-align: inherit;\"><span dir=\"auto\" style=\"vertical-align: inherit;\">Zastosowania badawcze<\/span><\/span><\/strong><\/h2>\n<ol>\n<li><strong><span dir=\"auto\" style=\"vertical-align: inherit;\"><span dir=\"auto\" style=\"vertical-align: inherit;\">Badania neurochemiczne<\/span><\/span><\/strong>\n<ul>\n<li><span dir=\"auto\" style=\"vertical-align: inherit;\"><span dir=\"auto\" style=\"vertical-align: inherit;\">Modulacja receptor\u00f3w glutaminianu<\/span><\/span><\/li>\n<li><span dir=\"auto\" style=\"vertical-align: inherit;\"><span dir=\"auto\" style=\"vertical-align: inherit;\">Przeka\u017anictwo zale\u017cne od acetylocholiny<\/span><\/span><\/li>\n<li><span dir=\"auto\" style=\"vertical-align: inherit;\"><span dir=\"auto\" style=\"vertical-align: inherit;\">Neuroplastyczno\u015b\u0107<\/span><\/span><\/li>\n<\/ul>\n<\/li>\n<li><strong><span dir=\"auto\" style=\"vertical-align: inherit;\"><span dir=\"auto\" style=\"vertical-align: inherit;\">Neurobiologia behawioralna<\/span><\/span><\/strong>\n<ul>\n<li><span dir=\"auto\" style=\"vertical-align: inherit;\"><span dir=\"auto\" style=\"vertical-align: inherit;\">Testy pami\u0119ci i uczenia si\u0119<\/span><\/span><\/li>\n<li><span dir=\"auto\" style=\"vertical-align: inherit;\"><span dir=\"auto\" style=\"vertical-align: inherit;\">Elastyczno\u015b\u0107 poznawcza<\/span><\/span><\/li>\n<\/ul>\n<\/li>\n<li><strong><span dir=\"auto\" style=\"vertical-align: inherit;\"><span dir=\"auto\" style=\"vertical-align: inherit;\">Neuroprotekcja<\/span><\/span><\/strong>\n<ul>\n<li><span dir=\"auto\" style=\"vertical-align: inherit;\"><span dir=\"auto\" style=\"vertical-align: inherit;\">Modele niedokrwienia i reperfuzji<\/span><\/span><\/li>\n<li><span dir=\"auto\" style=\"vertical-align: inherit;\"><span dir=\"auto\" style=\"vertical-align: inherit;\">Procesy degeneracyjne<\/span><\/span><\/li>\n<\/ul>\n<\/li>\n<\/ol>\n<h2><strong><span dir=\"auto\" style=\"vertical-align: inherit;\"><span dir=\"auto\" style=\"vertical-align: inherit;\">Dane techniczne <\/span><\/span><\/strong><strong><span dir=\"auto\" style=\"vertical-align: inherit;\"><span dir=\"auto\" style=\"vertical-align: inherit;\">Noopept Pure<\/span><\/span><\/strong><\/h2>\n<ul>\n<li><span dir=\"auto\" style=\"vertical-align: inherit;\"><span dir=\"auto\" style=\"vertical-align: inherit;\">Wz\u00f3r cz\u0105steczkowy: C17H22N2O4<\/span><\/span><\/li>\n<li><span dir=\"auto\" style=\"vertical-align: inherit;\"><span dir=\"auto\" style=\"vertical-align: inherit;\">Masa cz\u0105steczkowa: 318,37 g\/mol<\/span><\/span><\/li>\n<li><span dir=\"auto\" style=\"vertical-align: inherit;\"><span dir=\"auto\" style=\"vertical-align: inherit;\">Posta\u0107: bia\u0142y krystaliczny proszek<\/span><\/span><\/li>\n<li><span dir=\"auto\" style=\"vertical-align: inherit;\"><span dir=\"auto\" style=\"vertical-align: inherit;\">Rozpuszczalno\u015b\u0107: 50 mg\/ml (w wodzie)<\/span><\/span><\/li>\n<li><span dir=\"auto\" style=\"vertical-align: inherit;\"><span dir=\"auto\" style=\"vertical-align: inherit;\">Temperatura topnienia: 202\u2013205\u00b0C<\/span><\/span><\/li>\n<li><span dir=\"auto\" style=\"vertical-align: inherit;\"><span dir=\"auto\" style=\"vertical-align: inherit;\">pH (roztw\u00f3r 1%): 6,0\u20137,0<\/span><\/span><\/li>\n<\/ul>\n<h2><strong><span dir=\"auto\" style=\"vertical-align: inherit;\"><span dir=\"auto\" style=\"vertical-align: inherit;\">Dawkowanie badawcze<\/span><\/span><\/strong><\/h2>\n<p><em><span dir=\"auto\" style=\"vertical-align: inherit;\"><span dir=\"auto\" style=\"vertical-align: inherit;\">Tylko w celach informacyjnych:<\/span><\/span><\/em><\/p>\n<ul>\n<li><strong><span dir=\"auto\" style=\"vertical-align: inherit;\"><span dir=\"auto\" style=\"vertical-align: inherit;\">In vitro<\/span><\/span><\/strong><span dir=\"auto\" style=\"vertical-align: inherit;\"><span dir=\"auto\" style=\"vertical-align: inherit;\"> : 0,1\u201310 \u03bcM<\/span><\/span><\/li>\n<li><strong><span dir=\"auto\" style=\"vertical-align: inherit;\"><span dir=\"auto\" style=\"vertical-align: inherit;\">Przedkliniczne in vivo<\/span><\/span><\/strong><span dir=\"auto\" style=\"vertical-align: inherit;\"><span dir=\"auto\" style=\"vertical-align: inherit;\"> : 0,1\u20131,0 mg\/kg<\/span><\/span><\/li>\n<li><strong><span dir=\"auto\" style=\"vertical-align: inherit;\"><span dir=\"auto\" style=\"vertical-align: inherit;\">Badania behawioralne<\/span><\/span><\/strong><span dir=\"auto\" style=\"vertical-align: inherit;\"><span dir=\"auto\" style=\"vertical-align: inherit;\"> : 0,3\u20133,0 mg\/kg<\/span><\/span><\/li>\n<\/ul>\n<h2><strong><span dir=\"auto\" style=\"vertical-align: inherit;\"><span dir=\"auto\" style=\"vertical-align: inherit;\">Przechowywanie i bezpiecze\u0144stwo<\/span><\/span><\/strong><\/h2>\n<ul>\n<li><span dir=\"auto\" style=\"vertical-align: inherit;\"><span dir=\"auto\" style=\"vertical-align: inherit;\">Przechowywanie: w ch\u0142odnym, suchym i ciemnym miejscu (\u226425\u00b0C)<\/span><\/span><\/li>\n<li><span dir=\"auto\" style=\"vertical-align: inherit;\"><span dir=\"auto\" style=\"vertical-align: inherit;\">Okres przydatno\u015bci do spo\u017cycia: 36 miesi\u0119cy<\/span><\/span><\/li>\n<li><span dir=\"auto\" style=\"vertical-align: inherit;\"><span dir=\"auto\" style=\"vertical-align: inherit;\">Kompatybilny ze standardowymi buforami laboratoryjnymi<\/span><\/span><\/li>\n<li><span dir=\"auto\" style=\"vertical-align: inherit;\"><span dir=\"auto\" style=\"vertical-align: inherit;\">Stosowa\u0107 zgodnie ze standardowymi wytycznymi bezpiecze\u0144stwa laboratoryjnego<\/span><\/span><\/li>\n<\/ul>\n<h2><strong><span dir=\"auto\" style=\"vertical-align: inherit;\"><span dir=\"auto\" style=\"vertical-align: inherit;\">Dokumentacja z dostaw\u0105 <\/span><\/span><\/strong><strong><span dir=\"auto\" style=\"vertical-align: inherit;\"><span dir=\"auto\" style=\"vertical-align: inherit;\">Noopept Pure<\/span><\/span><\/strong><\/h2>\n<ul>\n<li><span dir=\"auto\" style=\"vertical-align: inherit;\"><span dir=\"auto\" style=\"vertical-align: inherit;\">COA (certyfikat analityczny)<\/span><\/span><\/li>\n<li><span dir=\"auto\" style=\"vertical-align: inherit;\"><span dir=\"auto\" style=\"vertical-align: inherit;\">Karta charakterystyki substancji niebezpiecznej (SDS)<\/span><\/span><\/li>\n<li><span dir=\"auto\" style=\"vertical-align: inherit;\"><span dir=\"auto\" style=\"vertical-align: inherit;\">Karta danych technicznych<\/span><\/span><\/li>\n<li><span dir=\"auto\" style=\"vertical-align: inherit;\"><span dir=\"auto\" style=\"vertical-align: inherit;\">Dane referencyjne: HPLC, MS<\/span><\/span><\/li>\n<\/ul>\n<p><em><span dir=\"auto\" style=\"vertical-align: inherit;\"><span dir=\"auto\" style=\"vertical-align: inherit;\">Wy\u0142\u0105cznie do u\u017cytku w autoryzowanych badaniach naukowych. Nieprzeznaczone do spo\u017cycia przez ludzi ani zwierz\u0119ta. <\/span><\/span><a title=\"Bibu\u0142ki 1V-LSD 150 MCG\" href=\"https:\/\/globalsourcechemicals.com\/pl\/sklep\/lizergamidy\/1v-lsd-150-mcg-blottery\/\" target=\"_blank\" rel=\"noopener\"><span dir=\"auto\" style=\"vertical-align: inherit;\"><span dir=\"auto\" style=\"vertical-align: inherit;\">Bibu\u0142ki 1V-LSD 150 MCG<\/span><\/span><\/a><\/em><\/p>","protected":false},"excerpt":{"rendered":"<h2><span style=\"vertical-align: inherit;\"><span style=\"vertical-align: inherit;\"><span dir=\"auto\" style=\"vertical-align: inherit;\"><span dir=\"auto\" style=\"vertical-align: inherit;\">W\u0142a\u015bciwo\u015bci Noopeptu<\/span><\/span><\/span><\/span><\/h2>\n<p><strong><span style=\"vertical-align: inherit;\"><span style=\"vertical-align: inherit;\"><span dir=\"auto\" style=\"vertical-align: inherit;\"><span dir=\"auto\" style=\"vertical-align: inherit;\">Synonim<\/span><\/span><\/span><\/span><\/strong><span style=\"vertical-align: inherit;\"><span style=\"vertical-align: inherit;\"><span dir=\"auto\" style=\"vertical-align: inherit;\"><span dir=\"auto\" style=\"vertical-align: inherit;\"> :Ester etylowy N-fenyloacetylo-L-proliloglicyny. <\/span><\/span><\/span><\/span><br \/>\n<strong><span style=\"vertical-align: inherit;\"><span style=\"vertical-align: inherit;\"><span dir=\"auto\" style=\"vertical-align: inherit;\"><span dir=\"auto\" style=\"vertical-align: inherit;\">CAS<\/span><\/span><\/span><\/span><\/strong><span style=\"vertical-align: inherit;\"><span style=\"vertical-align: inherit;\"><span dir=\"auto\" style=\"vertical-align: inherit;\"><span dir=\"auto\" style=\"vertical-align: inherit;\"> Numer: 157115-85-0 <\/span><\/span><\/span><\/span><br \/>\n<strong><span style=\"vertical-align: inherit;\"><span style=\"vertical-align: inherit;\"><span dir=\"auto\" style=\"vertical-align: inherit;\"><span dir=\"auto\" style=\"vertical-align: inherit;\">Formu\u0142a<\/span><\/span><\/span><\/span><\/strong><span style=\"vertical-align: inherit;\"><span style=\"vertical-align: inherit;\"><span dir=\"auto\" style=\"vertical-align: inherit;\"><span dir=\"auto\" style=\"vertical-align: inherit;\"> : C17H22N2O4 <\/span><\/span><\/span><\/span><br \/>\n<strong><span style=\"vertical-align: inherit;\"><span style=\"vertical-align: inherit;\"><span dir=\"auto\" style=\"vertical-align: inherit;\"><span dir=\"auto\" style=\"vertical-align: inherit;\">Masa molowa<\/span><\/span><\/span><\/span><\/strong><span style=\"vertical-align: inherit;\"><span style=\"vertical-align: inherit;\"><span dir=\"auto\" style=\"vertical-align: inherit;\"><span dir=\"auto\" style=\"vertical-align: inherit;\"> : 318,4 g\/mol <\/span><\/span><\/span><\/span><br \/>\n<strong><span style=\"vertical-align: inherit;\"><span style=\"vertical-align: inherit;\"><span dir=\"auto\" style=\"vertical-align: inherit;\"><span dir=\"auto\" style=\"vertical-align: inherit;\">Czysto\u015b\u0107<\/span><\/span><\/span><\/span><\/strong><span style=\"vertical-align: inherit;\"><span style=\"vertical-align: inherit;\"><span dir=\"auto\" style=\"vertical-align: inherit;\"><span dir=\"auto\" style=\"vertical-align: inherit;\"> : \u226599,3%<\/span><\/span><\/span><\/span><\/p>","protected":false},"featured_media":27928,"comment_status":"closed","ping_status":"closed","template":"","meta":[],"product_brand":[82],"product_cat":[481,330],"product_tag":[326],"class_list":{"0":"post-23141","1":"product","2":"type-product","3":"status-publish","4":"has-post-thumbnail","6":"product_brand-research-chemical","7":"product_cat-noopept","8":"product_cat-nootropics","9":"product_tag-nl","11":"first","12":"instock","13":"taxable","14":"shipping-taxable","15":"purchasable","16":"product-type-variable"},"_links":{"self":[{"href":"https:\/\/globalsourcechemicals.com\/pl\/wp-json\/wp\/v2\/product\/23141","targetHints":{"allow":["GET"]}}],"collection":[{"href":"https:\/\/globalsourcechemicals.com\/pl\/wp-json\/wp\/v2\/product"}],"about":[{"href":"https:\/\/globalsourcechemicals.com\/pl\/wp-json\/wp\/v2\/types\/product"}],"replies":[{"embeddable":true,"href":"https:\/\/globalsourcechemicals.com\/pl\/wp-json\/wp\/v2\/comments?post=23141"}],"version-history":[{"count":6,"href":"https:\/\/globalsourcechemicals.com\/pl\/wp-json\/wp\/v2\/product\/23141\/revisions"}],"predecessor-version":[{"id":28102,"href":"https:\/\/globalsourcechemicals.com\/pl\/wp-json\/wp\/v2\/product\/23141\/revisions\/28102"}],"wp:featuredmedia":[{"embeddable":true,"href":"https:\/\/globalsourcechemicals.com\/pl\/wp-json\/wp\/v2\/media\/27928"}],"wp:attachment":[{"href":"https:\/\/globalsourcechemicals.com\/pl\/wp-json\/wp\/v2\/media?parent=23141"}],"wp:term":[{"taxonomy":"product_brand","embeddable":true,"href":"https:\/\/globalsourcechemicals.com\/pl\/wp-json\/wp\/v2\/product_brand?post=23141"},{"taxonomy":"product_cat","embeddable":true,"href":"https:\/\/globalsourcechemicals.com\/pl\/wp-json\/wp\/v2\/product_cat?post=23141"},{"taxonomy":"product_tag","embeddable":true,"href":"https:\/\/globalsourcechemicals.com\/pl\/wp-json\/wp\/v2\/product_tag?post=23141"}],"curies":[{"name":"wp","href":"https:\/\/api.w.org\/{rel}","templated":true}]}}