{"id":27218,"date":"2025-08-14T11:23:19","date_gmt":"2025-08-14T11:23:19","guid":{"rendered":"https:\/\/globalsourcechemicals.com\/?page_id=27218"},"modified":"2025-10-13T09:49:38","modified_gmt":"2025-10-13T09:49:38","slug":"polityka-prywatnosci","status":"publish","type":"page","link":"https:\/\/globalsourcechemicals.com\/pl\/polityka-prywatnosci\/","title":{"rendered":"Polityka prywatno\u015bci"},"content":{"rendered":"<p>To jest o\u015bwiadczenie o ochronie prywatno\u015bci serwisu Researchchemicalskopen.net, kt\u00f3re mo\u017cna znale\u017a\u0107 pod adresem\u00a0<a href=\"https:\/\/globalsourcechemicals.com\/pl\/\">chemikaliashoppers.com<\/a><\/p>\n\n\n\n<h3 class=\"wp-block-heading\">Stosowalno\u015b\u0107<\/h3>\n\n\n\n<p>Niniejsza polityka prywatno\u015bci ma zastosowanie do wszystkich wra\u017cliwych informacji lub danych osobowych, kt\u00f3re nam Pa\u0144stwo przekazuj\u0105, na przyk\u0142ad za po\u015brednictwem formularza rejestracyjnego, formularza kontaktowego lub sk\u0142adanych zam\u00f3wie\u0144. Cenimy prywatno\u015b\u0107 naszych klient\u00f3w, dlatego traktujemy przetwarzanie i ochron\u0119 danych osobowych z najwy\u017csz\u0105 staranno\u015bci\u0105. Przetwarzanie danych odbywa si\u0119 zgodnie z warunkami okre\u015blonymi w og\u00f3lnym rozporz\u0105dzeniu o ochronie danych (RODO). globalsourcechemicals.com jest administratorem danych osobowych w rozumieniu RODO. Oznacza to, \u017ce sami decydujemy, jakie dane osobowe s\u0105 przetwarzane, w jakim celu i w jaki spos\u00f3b. Zapewniamy, \u017ce Pa\u0144stwa dane osobowe s\u0105 przetwarzane prawid\u0142owo i starannie, zgodnie z RODO. W niniejszej polityce prywatno\u015bci wyja\u015bniamy, jakie dane przetwarzamy i w jakich celach s\u0105 one wykorzystywane.<\/p>\n\n\n\n<h3 class=\"wp-block-heading\">Przegl\u0105d danych osobowych<\/h3>\n\n\n\n<p>Poni\u017cej znajduje si\u0119 przegl\u0105d danych osobowych, kt\u00f3re przetwarzamy:<\/p>\n\n\n\n<ul class=\"wp-block-list\">\n<li>Imi\u0119 i nazwisko<\/li>\n\n\n\n<li>Dane adresowe<\/li>\n\n\n\n<li>Numer telefonu<\/li>\n\n\n\n<li>Adres e-mail<\/li>\n\n\n\n<li>Adres IP osoby odwiedzaj\u0105cej witryn\u0119 internetow\u0105<\/li>\n<\/ul>\n\n\n\n<h3 class=\"wp-block-heading\">Cel i podstawa przetwarzania danych<\/h3>\n\n\n\n<p>Akceptuj\u0105c niniejsz\u0105 polityk\u0119 prywatno\u015bci, wyra\u017casz wyra\u017an\u0105 zgod\u0119, zgodnie z definicj\u0105 zawart\u0105 w art. 6 ust. 1 lit. a RODO, na przetwarzanie Twoich danych osobowych w celach wskazanych poni\u017cej. Mo\u017cesz wycofa\u0107 t\u0119 zgod\u0119 w dowolnym momencie. Je\u015bli jednak nie podasz nam okre\u015blonych danych lub nie wyrazisz zgody na ich przetwarzanie, mo\u017cemy nie by\u0107 w stanie zapewni\u0107 Ci optymalnej obs\u0142ugi.<\/p>\n\n\n\n<p>Je\u015bli nie wyrazi\u0142e\u015b\/a\u015b wyra\u017anej zgody na przetwarzanie Twoich danych osobowych lub je\u015bli j\u0105 cofn\u0105\u0142e\u015b\/a\u015b, przetwarzanie Twoich danych osobowych mo\u017ce opiera\u0107 si\u0119 na art. 6 ust. 1 lit. b, c i\/lub f RODO. W takim przypadku przetwarzanie Twoich danych osobowych mo\u017ce odbywa\u0107 si\u0119 bez Twojej zgody, o ile jest to konieczne do wykonania umowy, kt\u00f3rej jeste\u015b stron\u0105, lub dla ochrony prawnie uzasadnionych interes\u00f3w Professor.nl. Ponadto mo\u017cemy by\u0107 prawnie zobowi\u0105zani do przetwarzania Twoich danych osobowych.<\/p>\n\n\n\n<p>Przetwarzamy Twoje dane osobowe w nast\u0119puj\u0105cych celach:<\/p>\n\n\n\n<ul class=\"wp-block-list\">\n<li>\u015awiadczenie naszych us\u0142ug (np. dostarczanie towar\u00f3w)<\/li>\n\n\n\n<li>Przetwarzanie p\u0142atno\u015bci<\/li>\n\n\n\n<li>Wysy\u0142anie naszego newslettera<\/li>\n\n\n\n<li>Informujemy o zmianach w naszych us\u0142ugach i produktach<\/li>\n\n\n\n<li>Oferujemy mo\u017cliwo\u015b\u0107 za\u0142o\u017cenia konta<\/li>\n<\/ul>\n\n\n\n<p>Nie przechowujemy Twoich danych osobowych d\u0142u\u017cej ni\u017c jest to konieczne do osi\u0105gni\u0119cia cel\u00f3w, w jakich zosta\u0142y zebrane.<\/p>\n\n\n\n<h3 class=\"wp-block-heading\">Ujawnianie osobom trzecim<\/h3>\n\n\n\n<p>Mo\u017cemy udost\u0119pnia\u0107 Twoje dane osobowe stronom trzecim, je\u015bli jest to zgodne z celami wskazanymi powy\u017cej. Ujawnienie danych stronom trzecim mo\u017ce by\u0107 niezb\u0119dne do wykonania umowy, kt\u00f3r\u0105 z Tob\u0105 zawarli\u015bmy, do realizacji naszych uzasadnionych interes\u00f3w lub do wype\u0142nienia obowi\u0105zku prawnego. Zawarli\u015bmy umowy o przetwarzaniu danych z firmami, kt\u00f3re przetwarzaj\u0105 Twoje dane w naszym imieniu, aby zapewni\u0107 ten sam poziom bezpiecze\u0144stwa i poufno\u015bci Twoich danych. Pozostajemy odpowiedzialni za te operacje przetwarzania. Poza sytuacjami wymienionymi powy\u017cej, udost\u0119pnimy Twoje dane osobowe innym stronom trzecim wy\u0142\u0105cznie za Twoj\u0105 wyra\u017an\u0105 zgod\u0105.<\/p>\n\n\n\n<h3 class=\"wp-block-heading\">Cele komercyjne<\/h3>\n\n\n\n<p>Mo\u017cemy wykorzystywa\u0107 Twoje dane osobowe do cel\u00f3w komercyjnych, takich jak informowanie Ci\u0119 o naszych us\u0142ugach, produktach lub zmianach w przepisach, kt\u00f3re mog\u0105 mie\u0107 wp\u0142yw na nasz\u0105 ofert\u0119. W takim przypadku skontaktujemy si\u0119 z Tob\u0105 wy\u0142\u0105cznie za po\u015brednictwem adresu e-mail, kt\u00f3ry poda\u0142e\u015b podczas rejestracji. Je\u015bli nie chcesz otrzymywa\u0107 informacji o produktach lub us\u0142ugach, mo\u017cesz to \u0142atwo zaznaczy\u0107, klikaj\u0105c \u201eAnuluj subskrypcj\u0119\u201d w otrzymanej wiadomo\u015bci e-mail. W przypadku bada\u0144 rynkowych Twoje dane osobowe mog\u0105 zosta\u0107 zanonimizowane, aby uniemo\u017cliwi\u0107 ich powi\u0105zanie z Tob\u0105.<\/p>\n\n\n\n<p>Twoje dane nie b\u0119d\u0105 sprzedawane ani udost\u0119pniane osobom trzecim w celach komercyjnych, chyba \u017ce wyrazisz na to wyra\u017an\u0105 zgod\u0119.<\/p>\n\n\n\n<h3 class=\"wp-block-heading\">Ciastka<\/h3>\n\n\n\n<p>Plik cookie to niewielki plik tekstowy, kt\u00f3ry jest zapisywany na Twoim komputerze, tablecie lub smartfonie podczas pierwszej wizyty na naszej stronie internetowej. Mo\u017cesz wy\u0142\u0105czy\u0107 te pliki cookie, konfiguruj\u0105c swoj\u0105 przegl\u0105dark\u0119 internetow\u0105 tak, aby nie zapisywa\u0142a ich ju\u017c. Mo\u017cesz r\u00f3wnie\u017c usun\u0105\u0107 wszystkie wcze\u015bniej zapisane informacje w ustawieniach przegl\u0105darki.<\/p>\n\n\n\n<p>U\u017cywamy nast\u0119puj\u0105cych plik\u00f3w cookie:<\/p>\n\n\n\n<ul class=\"wp-block-list\">\n<li><strong>Pliki cookie funkcjonalne:<\/strong>&nbsp;S\u0105 to pliki cookie niezb\u0119dne do technicznego dzia\u0142ania strony internetowej i zapewnienia \u0142atwo\u015bci u\u017cytkowania. Zapewniaj\u0105 one prawid\u0142owe dzia\u0142anie strony internetowej i zapami\u0119tuj\u0105 na przyk\u0142ad Twoje preferencje. Te pliki cookie pozwalaj\u0105 nam optymalizowa\u0107 nasz\u0105 stron\u0119 internetow\u0105. S\u0105 to pliki cookie analityczne, kt\u00f3re nie naruszaj\u0105 Twojej prywatno\u015bci i na kt\u00f3re nie potrzebujemy Twojej uprzedniej zgody.<\/li>\n\n\n\n<li><strong>Google Analytics:<\/strong>&nbsp;Ta strona internetowa korzysta z plik\u00f3w cookie ameryka\u0144skiej firmy Google w ramach us\u0142ugi \u201eAnalytics\u201d. Researchchemicalskopen.net korzysta z tej us\u0142ugi w celu generowania raport\u00f3w dotycz\u0105cych korzystania ze strony internetowej oraz pomiaru jej jako\u015bci i skuteczno\u015bci. Korzystamy z Google Analytics w spos\u00f3b okre\u015blony przez holenderski Urz\u0105d Ochrony Danych Osobowych (Autoriteit Persoonsgegevens), dlatego nie potrzebujemy Twojej uprzedniej zgody na korzystanie z Google Analytics.<\/li>\n<\/ul>\n\n\n\n<h3 class=\"wp-block-heading\">Dost\u0119p, korekta lub usuni\u0119cie<\/h3>\n\n\n\n<p>Masz prawo dost\u0119pu, poprawiania lub usuwania swoich danych osobowych. Masz r\u00f3wnie\u017c prawo do cofni\u0119cia zgody na przetwarzanie swoich danych osobowych lub sprzeciwu wobec przetwarzania swoich danych osobowych. Masz r\u00f3wnie\u017c prawo do przenoszenia danych, je\u015bli przechowujemy cyfrowe dane osobowe, kt\u00f3re przetwarzamy za Twoj\u0105 zgod\u0105 lub w celu realizacji umowy zawartej z Tob\u0105.<\/p>\n\n\n\n<p>Oznacza to, \u017ce mo\u017cesz przes\u0142a\u0107 do nas wniosek o przes\u0142anie przechowywanych przez nas cyfrowych danych osobowych na Tw\u00f3j temat w postaci czytelnego pliku komputerowego do Ciebie lub innej wskazanej przez Ciebie organizacji.<\/p>\n\n\n\n<p>Mo\u017cesz wys\u0142a\u0107 pro\u015bb\u0119 o dost\u0119p, korekt\u0119, usuni\u0119cie lub przeniesienie swoich danych osobowych lub pro\u015bb\u0119 o cofni\u0119cie zgody lub sprzeciw wobec przetwarzania swoich danych osobowych na adres info@globalsourcechemicals.com<\/p>\n\n\n\n<p><\/p>","protected":false},"excerpt":{"rendered":"<p>Dit is de privacyverklaring van Researchchemicalskopen.net, te vinden op\u00a0globalsourcechemicals.com Toepasselijkheid Deze privacyverklaring is van toepassing op alle gevoelige informatie of<\/p>","protected":false},"author":1,"featured_media":0,"parent":0,"menu_order":0,"comment_status":"closed","ping_status":"closed","template":"","meta":{"footnotes":""},"class_list":["post-27218","page","type-page","status-publish","hentry"],"_links":{"self":[{"href":"https:\/\/globalsourcechemicals.com\/pl\/wp-json\/wp\/v2\/pages\/27218","targetHints":{"allow":["GET"]}}],"collection":[{"href":"https:\/\/globalsourcechemicals.com\/pl\/wp-json\/wp\/v2\/pages"}],"about":[{"href":"https:\/\/globalsourcechemicals.com\/pl\/wp-json\/wp\/v2\/types\/page"}],"author":[{"embeddable":true,"href":"https:\/\/globalsourcechemicals.com\/pl\/wp-json\/wp\/v2\/users\/1"}],"replies":[{"embeddable":true,"href":"https:\/\/globalsourcechemicals.com\/pl\/wp-json\/wp\/v2\/comments?post=27218"}],"version-history":[{"count":2,"href":"https:\/\/globalsourcechemicals.com\/pl\/wp-json\/wp\/v2\/pages\/27218\/revisions"}],"predecessor-version":[{"id":28550,"href":"https:\/\/globalsourcechemicals.com\/pl\/wp-json\/wp\/v2\/pages\/27218\/revisions\/28550"}],"wp:attachment":[{"href":"https:\/\/globalsourcechemicals.com\/pl\/wp-json\/wp\/v2\/media?parent=27218"}],"curies":[{"name":"wp","href":"https:\/\/api.w.org\/{rel}","templated":true}]}}