{"id":27216,"date":"2025-08-14T11:20:44","date_gmt":"2025-08-14T11:20:44","guid":{"rendered":"https:\/\/globalsourcechemicals.com\/?page_id=27216"},"modified":"2025-10-13T09:52:58","modified_gmt":"2025-10-13T09:52:58","slug":"powrot","status":"publish","type":"page","link":"https:\/\/globalsourcechemicals.com\/pl\/powrot\/","title":{"rendered":"Zwroty"},"content":{"rendered":"<p><strong>Zasady zwrotu<\/strong><\/p>\n\n\n\n<p>Zgodnie z ustaw\u0105 o sprzeda\u017cy na odleg\u0142o\u015b\u0107, konsumenci dokonuj\u0105cy zakup\u00f3w online maj\u0105 prawo do 14-dniowego okresu na zastanowienie si\u0119, liczonego od dnia otrzymania produktu. W tym okresie konsument ma prawo zwr\u00f3ci\u0107 produkt bez podania przyczyny.<\/p>\n\n\n\n<p><strong>Warunki i postanowienia<\/strong><\/p>\n\n\n\n<p>Skorzystanie z prawa odst\u0105pienia od umowy podlega okre\u015blonym przepisom prawnym. W okresie odst\u0105pienia od umowy konsument zobowi\u0105zany jest obchodzi\u0107 si\u0119 ostro\u017cnie zar\u00f3wno z produktem, jak i jego opakowaniem. Produkt mo\u017cna rozpakowa\u0107 i u\u017cywa\u0107 wy\u0142\u0105cznie w zakresie niezb\u0119dnym do oceny, czy konsument chce zatrzyma\u0107 produkt. W przypadku skorzystania z prawa odst\u0105pienia od umowy, produkt musi zosta\u0107 odes\u0142any do Chemicalsshoppers.com wraz ze wszystkimi dostarczonymi akcesoriami w oryginalnym stanie i opakowaniu.<\/p>\n\n\n\n<p>Zwrot pe\u0142nej kwoty nie przys\u0142uguje w przypadku zwrotu produkt\u00f3w uszkodzonych, niekompletnych lub intensywnie u\u017cytkowanych.<\/p>\n\n\n\n<p>Koszty i ryzyko przesy\u0142ki zwrotnej ponosi klient. globalsourcechemicals.com zobowi\u0105zany jest do zwrotu zap\u0142aconej kwoty, z wy\u0142\u0105czeniem koszt\u00f3w zwrotu, w terminie 30 dni.<\/p>\n\n\n\n<p><strong>Anuluj przed wysy\u0142k\u0105<\/strong><\/p>\n\n\n\n<p>Je\u015bli zam\u00f3wienie nie zosta\u0142o jeszcze op\u0142acone, zapakowane i\/lub wys\u0142ane, mo\u017cna je anulowa\u0107, wysy\u0142aj\u0105c wiadomo\u015b\u0107 e-mail na adres info<a>@globalsourcechemicals.com<\/a><\/p>\n\n\n\n<p><strong>Zwroty po otrzymaniu<\/strong><\/p>\n\n\n\n<p>Po otrzymaniu zam\u00f3wienia i ch\u0119ci jego zwrotu nale\u017cy najpierw wys\u0142a\u0107 wiadomo\u015b\u0107 e-mail na adres info<a>@globalsourcechemicals.com<\/a><\/p>\n\n\n\n<p>Ponosisz jedynie koszty wysy\u0142ki zwrotnej. Zwrot pe\u0142nej kwoty zostanie zrealizowany po otrzymaniu przez globalsourcechemicals.com zwracanego produktu.<\/p>\n\n\n\n<p>Nale\u017cy pami\u0119ta\u0107, \u017ce bez wzgl\u0119du na przyczyn\u0119 anulowania zam\u00f3wienia, nale\u017cy podj\u0105\u0107 dzia\u0142ania w terminie ustawowym. Oznacza to, \u017ce musisz poinformowa\u0107 globalsourcechemicals.com w ci\u0105gu 14 dni od otrzymania zam\u00f3wienia i zwr\u00f3ci\u0107 produkt w ci\u0105gu 14 dni.<\/p>\n\n\n\n<p><strong>Zasady zwrot\u00f3w<\/strong><\/p>\n\n\n\n<p>W ramach prawa odst\u0105pienia od umowy mo\u017cesz zwr\u00f3ci\u0107 produkt, je\u017celi:<\/p>\n\n\n\n<ul class=\"wp-block-list\">\n<li>Produkt nie by\u0142 u\u017cywany.<\/li>\n\n\n\n<li>Brak widocznych uszkodze\u0144 i widocznych \u015blad\u00f3w u\u017cytkowania.<\/li>\n\n\n\n<li>Produkt, \u0142\u0105cznie ze wszystkimi komponentami, jest zwracany w takim samym stanie, w jakim zosta\u0142 otrzymany.<\/li>\n<\/ul>\n\n\n\n<p>Zwr\u00f3cona kwota mo\u017ce zosta\u0107 zmniejszona, je\u017celi:<\/p>\n\n\n\n<ul class=\"wp-block-list\">\n<li>Produkt zosta\u0142 uszkodzony przez u\u017cytkownika lub podczas wysy\u0142ki zwrotnej.<\/li>\n\n\n\n<li>Materia\u0142 opakowaniowy nie jest w oryginalnym stanie (na przyk\u0142ad je\u015bli opakowanie zosta\u0142o otwarte lub uszkodzone).<\/li>\n<\/ul>\n\n\n\n<p>Je\u015bli odm\u00f3wisz przyj\u0119cia zam\u00f3wienia lub nie wska\u017cesz wyra\u017anie, \u017ce chcesz skorzysta\u0107 z prawa do odst\u0105pienia od umowy w wyznaczonym terminie, globalsourcechemicals.com nie b\u0119dzie w stanie ustali\u0107 przyczyny odmowy. W takich przypadkach zostaniesz obci\u0105\u017cony zar\u00f3wno kosztami zam\u00f3wienia, jak i wszelkimi dodatkowymi kosztami. Masz prawny obowi\u0105zek terminowego poinformowania Researchchemicalskopen.net o zamiarze zwrotu produkt\u00f3w w uzgodnionym terminie.<\/p>\n\n\n\n<p>Zwracane produkty musz\u0105 by\u0107 w takim samym stanie, w jakim opu\u015bci\u0142y nasz magazyn.<\/p>","protected":false},"excerpt":{"rendered":"<p>Zasady dotycz\u0105ce zwrot\u00f3w Zgodnie z ustaw\u0105 o sprzeda\u017cy na odleg\u0142o\u015b\u0107 konsumenci maj\u0105 prawo do 14-dniowego okresu na zastanowienie si\u0119 w przypadku zakup\u00f3w dokonanych online.<\/p>","protected":false},"author":1,"featured_media":0,"parent":0,"menu_order":0,"comment_status":"closed","ping_status":"closed","template":"","meta":{"footnotes":""},"class_list":["post-27216","page","type-page","status-publish","hentry"],"_links":{"self":[{"href":"https:\/\/globalsourcechemicals.com\/pl\/wp-json\/wp\/v2\/pages\/27216","targetHints":{"allow":["GET"]}}],"collection":[{"href":"https:\/\/globalsourcechemicals.com\/pl\/wp-json\/wp\/v2\/pages"}],"about":[{"href":"https:\/\/globalsourcechemicals.com\/pl\/wp-json\/wp\/v2\/types\/page"}],"author":[{"embeddable":true,"href":"https:\/\/globalsourcechemicals.com\/pl\/wp-json\/wp\/v2\/users\/1"}],"replies":[{"embeddable":true,"href":"https:\/\/globalsourcechemicals.com\/pl\/wp-json\/wp\/v2\/comments?post=27216"}],"version-history":[{"count":2,"href":"https:\/\/globalsourcechemicals.com\/pl\/wp-json\/wp\/v2\/pages\/27216\/revisions"}],"predecessor-version":[{"id":27515,"href":"https:\/\/globalsourcechemicals.com\/pl\/wp-json\/wp\/v2\/pages\/27216\/revisions\/27515"}],"wp:attachment":[{"href":"https:\/\/globalsourcechemicals.com\/pl\/wp-json\/wp\/v2\/media?parent=27216"}],"curies":[{"name":"wp","href":"https:\/\/api.w.org\/{rel}","templated":true}]}}