{"id":27214,"date":"2025-08-14T11:19:38","date_gmt":"2025-08-14T11:19:38","guid":{"rendered":"https:\/\/globalsourcechemicals.com\/?page_id=27214"},"modified":"2025-10-13T09:54:25","modified_gmt":"2025-10-13T09:54:25","slug":"zalatwic","status":"publish","type":"page","link":"https:\/\/globalsourcechemicals.com\/pl\/zalatwic\/","title":{"rendered":"Za\u0142atwi\u0107"},"content":{"rendered":"<p>W globalsourcechemicals.com wysy\u0142amy paczki najszybciej, jak to mo\u017cliwe. Zam\u00f3wienia z\u0142o\u017cone przed godzin\u0105 17:00 i op\u0142acone zostan\u0105 wys\u0142ane tego samego dnia, chyba \u017ce wybierzesz opcj\u0119 \u201eOdbi\u00f3r osobisty\u201d.<\/p>\n\n\n\n<p>Wszystkie zam\u00f3wienia s\u0105 wysy\u0142ane za po\u015brednictwem wybranego przewo\u017anika. Zawsze otrzymasz kod \u015bledzenia, dzi\u0119ki kt\u00f3remu b\u0119dziesz m\u00f3g\u0142 \u015bledzi\u0107 swoje zam\u00f3wienie.<\/p>\n\n\n\n<p>Je\u015bli przesy\u0142ka nie zosta\u0142a dostarczona w ci\u0105gu 10 dni roboczych, skontaktuj si\u0119 z nami, aby\u015bmy mogli zbada\u0107 spraw\u0119 dok\u0142adniej.<\/p>\n\n\n\n<p><strong>Darmowa wysy\u0142ka Holandia + Belgia: zam\u00f3wienie za 75 EUR lub wi\u0119cej<\/strong><br><strong>Darmowa wysy\u0142ka do innych kraj\u00f3w: zam\u00f3wienie za 250 \u20ac lub wi\u0119cej<\/strong><\/p>\n\n\n\n<hr class=\"wp-block-separator has-alpha-channel-opacity\"\/>\n\n\n\n<figure class=\"wp-block-table\"><table class=\"has-fixed-layout\"><tbody><tr><td><strong>Kraj<\/strong><\/td><td><strong>Czas dostawy<\/strong><br><small><em>Zap\u0142acono przed godzin\u0105 17:00,<br>wys\u0142ane tego samego dnia<\/em><\/small><\/td><td><strong>PostNL<\/strong><\/td><td><strong>DHL<\/strong><\/td><td><strong>DPD<\/strong><\/td><\/tr><tr><td>Holandia<\/td><td>1-2 dni robocze<\/td><td>\u20ac4,95<\/td><td>\u20ac4,95<\/td><td>Po<\/td><\/tr><tr><td>Belgia<\/td><td>1-4 dni roboczych<\/td><td>\u20ac4,95<\/td><td>\u20ac7,95<\/td><td>Po<\/td><\/tr><tr><td>Bu\u0142garia<\/td><td>2-8 dni roboczych<\/td><td>Po<\/td><td>\u20ac17,95<\/td><td>\u20ac9,95<\/td><\/tr><tr><td>Estonia<\/td><td>2-8 dni roboczych<\/td><td>Po<\/td><td>\u20ac34,95<\/td><td>\u20ac14,95<\/td><\/tr><tr><td>Francja<\/td><td>2-8 dni roboczych<\/td><td>Po<\/td><td>\u20ac12,95<\/td><td>\u20ac8,95<\/td><\/tr><tr><td>Grecja<\/td><td>2-8 dni roboczych<\/td><td>Po<\/td><td>\u20ac14,95<\/td><td>\u20ac39,95<\/td><\/tr><tr><td>W\u0119gry<\/td><td>2-8 dni roboczych<\/td><td>Po<\/td><td>\u20ac14,95<\/td><td>\u20ac9,95<\/td><\/tr><tr><td>Irlandia<\/td><td>2-8 dni roboczych<\/td><td>Po<\/td><td>\u20ac12,95<\/td><td>\u20ac24,95<\/td><\/tr><tr><td>W\u0142ochy<\/td><td>2-8 dni roboczych<\/td><td>Po<\/td><td>\u20ac10,95<\/td><td>\u20ac9,95<\/td><\/tr><tr><td>Chorwacja<\/td><td>2-8 dni roboczych<\/td><td>Po<\/td><td>\u20ac19,95<\/td><td>\u20ac10,95<\/td><\/tr><tr><td>\u0141otwa<\/td><td>2-8 dni roboczych<\/td><td>Po<\/td><td>\u20ac34,95<\/td><td>\u20ac15,95<\/td><\/tr><tr><td>Litwa<\/td><td>2-8 dni roboczych<\/td><td>Po<\/td><td>\u20ac34,95<\/td><td>\u20ac12,95<\/td><\/tr><tr><td>Luksemburg<\/td><td>2-8 dni roboczych<\/td><td>Po<\/td><td>Po<\/td><td>\u20ac8,95<\/td><\/tr><tr><td>Austria<\/td><td>2-8 dni roboczych<\/td><td>Po<\/td><td>\u20ac11,95<\/td><td>\u20ac9,95<\/td><\/tr><tr><td>Polska<\/td><td>2-8 dni roboczych<\/td><td>Po<\/td><td>\u20ac14,95<\/td><td>\u20ac9,95<\/td><\/tr><tr><td>Portugalia<\/td><td>2-8 dni roboczych<\/td><td>Po<\/td><td>\u20ac19,95<\/td><td>\u20ac9,95<\/td><\/tr><tr><td>Rumunia<\/td><td>2-8 dni roboczych<\/td><td>Po<\/td><td>\u20ac16,95<\/td><td>\u20ac9,95<\/td><\/tr><tr><td>S\u0142owenia<\/td><td>2-8 dni roboczych<\/td><td>Po<\/td><td>\u20ac18,95<\/td><td>\u20ac12,95<\/td><\/tr><tr><td>S\u0142owacja<\/td><td>2-8 dni roboczych<\/td><td>Po<\/td><td>\u20ac18,95<\/td><td>\u20ac12,95<\/td><\/tr><tr><td>Czechy<\/td><td>2-8 dni roboczych<\/td><td>Po<\/td><td>\u20ac14,95<\/td><td>\u20ac11,95<\/td><\/tr><\/tbody><\/table><\/figure>","protected":false},"excerpt":{"rendered":"<p>Bij de globalsourcechemicals.com versturen we pakketten zo snel mogelijk. Elke bestelling die v\u00f3\u00f3r 17:00u is besteld waarvan de betaling bij<\/p>","protected":false},"author":1,"featured_media":0,"parent":0,"menu_order":0,"comment_status":"closed","ping_status":"closed","template":"","meta":{"footnotes":""},"class_list":["post-27214","page","type-page","status-publish","hentry"],"_links":{"self":[{"href":"https:\/\/globalsourcechemicals.com\/pl\/wp-json\/wp\/v2\/pages\/27214","targetHints":{"allow":["GET"]}}],"collection":[{"href":"https:\/\/globalsourcechemicals.com\/pl\/wp-json\/wp\/v2\/pages"}],"about":[{"href":"https:\/\/globalsourcechemicals.com\/pl\/wp-json\/wp\/v2\/types\/page"}],"author":[{"embeddable":true,"href":"https:\/\/globalsourcechemicals.com\/pl\/wp-json\/wp\/v2\/users\/1"}],"replies":[{"embeddable":true,"href":"https:\/\/globalsourcechemicals.com\/pl\/wp-json\/wp\/v2\/comments?post=27214"}],"version-history":[{"count":2,"href":"https:\/\/globalsourcechemicals.com\/pl\/wp-json\/wp\/v2\/pages\/27214\/revisions"}],"predecessor-version":[{"id":28552,"href":"https:\/\/globalsourcechemicals.com\/pl\/wp-json\/wp\/v2\/pages\/27214\/revisions\/28552"}],"wp:attachment":[{"href":"https:\/\/globalsourcechemicals.com\/pl\/wp-json\/wp\/v2\/media?parent=27214"}],"curies":[{"name":"wp","href":"https:\/\/api.w.org\/{rel}","templated":true}]}}