{"id":27204,"date":"2025-08-14T10:59:23","date_gmt":"2025-08-14T10:59:23","guid":{"rendered":"https:\/\/globalsourcechemicals.com\/?page_id=27204"},"modified":"2025-10-03T19:35:52","modified_gmt":"2025-10-03T19:35:52","slug":"prawo-odstapienia-od-umowy","status":"publish","type":"page","link":"https:\/\/globalsourcechemicals.com\/pl\/prawo-odstapienia-od-umowy\/","title":{"rendered":"Prawo odst\u0105pienia od umowy"},"content":{"rendered":"<p>Jako klient masz prawo do odst\u0105pienia od umowy w ci\u0105gu 14 dni od otrzymania zam\u00f3wienia bez podania przyczyny. Mo\u017cesz rozpakowa\u0107 lub przetestowa\u0107 otrzymane produkty w zakresie niezb\u0119dnym do oceny ich w\u0142a\u015bciwo\u015bci, cech i funkcjonalno\u015bci. Je\u015bli zdecydujesz si\u0119 skorzysta\u0107 z prawa do odst\u0105pienia od umowy, musisz obchodzi\u0107 si\u0119 z produktami ostro\u017cnie i zwr\u00f3ci\u0107 je do GlobalSourcechemicals w oryginalnym stanie i opakowaniu. Koszty zwrotu produkt\u00f3w ponosi kupuj\u0105cy. Wi\u0119cej informacji na temat zwrotu produkt\u00f3w znajdziesz w naszych instrukcjach dotycz\u0105cych zwrotu i wymiany.<\/p>\n\n\n\n<p>Wyj\u0105tki dotycz\u0105ce produkt\u00f3w \u0142atwo psuj\u0105cych si\u0119 i higienicznych<br>Produkty zakupione w GlobalSourcechemicals z ograniczonym terminem przydatno\u015bci (takie jak produkty higieniczne lub produkty personalizowane) nie podlegaj\u0105 zwrotowi, je\u015bli plomba zostanie zerwana po dostarczeniu. Prawo odst\u0105pienia od umowy nie dotyczy tej kategorii produkt\u00f3w. Sprzeda\u017c jest ostateczna po zaksi\u0119gowaniu p\u0142atno\u015bci, co jest wyra\u017anie zaznaczone w naszej ofercie.<\/p>","protected":false},"excerpt":{"rendered":"<p>Jako klient masz mo\u017cliwo\u015b\u0107 anulowania zam\u00f3wienia w ci\u0105gu 14 dni od jego otrzymania bez podawania przyczyny.<\/p>","protected":false},"author":1,"featured_media":0,"parent":0,"menu_order":0,"comment_status":"closed","ping_status":"closed","template":"","meta":{"footnotes":""},"class_list":["post-27204","page","type-page","status-publish","hentry"],"_links":{"self":[{"href":"https:\/\/globalsourcechemicals.com\/pl\/wp-json\/wp\/v2\/pages\/27204","targetHints":{"allow":["GET"]}}],"collection":[{"href":"https:\/\/globalsourcechemicals.com\/pl\/wp-json\/wp\/v2\/pages"}],"about":[{"href":"https:\/\/globalsourcechemicals.com\/pl\/wp-json\/wp\/v2\/types\/page"}],"author":[{"embeddable":true,"href":"https:\/\/globalsourcechemicals.com\/pl\/wp-json\/wp\/v2\/users\/1"}],"replies":[{"embeddable":true,"href":"https:\/\/globalsourcechemicals.com\/pl\/wp-json\/wp\/v2\/comments?post=27204"}],"version-history":[{"count":3,"href":"https:\/\/globalsourcechemicals.com\/pl\/wp-json\/wp\/v2\/pages\/27204\/revisions"}],"predecessor-version":[{"id":28532,"href":"https:\/\/globalsourcechemicals.com\/pl\/wp-json\/wp\/v2\/pages\/27204\/revisions\/28532"}],"wp:attachment":[{"href":"https:\/\/globalsourcechemicals.com\/pl\/wp-json\/wp\/v2\/media?parent=27204"}],"curies":[{"name":"wp","href":"https:\/\/api.w.org\/{rel}","templated":true}]}}