{"id":25980,"date":"2025-04-21T12:25:45","date_gmt":"2025-04-21T12:25:45","guid":{"rendered":"https:\/\/globalsourcechemicals.com\/?page_id=25980"},"modified":"2025-10-13T07:55:12","modified_gmt":"2025-10-13T07:55:12","slug":"zamowienie-i-dostawa","status":"publish","type":"page","link":"https:\/\/globalsourcechemicals.com\/pl\/zamowienie-i-dostawa\/","title":{"rendered":"Zam\u00f3wienie i dostawa"},"content":{"rendered":"<p><strong>Informacje o zam\u00f3wieniu<\/strong><br>Po z\u0142o\u017ceniu zam\u00f3wienia na naszej stronie internetowej natychmiast otrzymasz e-mail z potwierdzeniem. Wiadomo\u015b\u0107 mo\u017ce trafi\u0107 do folderu ze spamem, wi\u0119c sprawd\u017a j\u0105, je\u015bli nie widzisz potwierdzenia w swojej skrzynce odbiorczej. E-mail z potwierdzeniem zawiera numer zam\u00f3wienia, za pomoc\u0105 kt\u00f3rego mo\u017cesz \u015bledzi\u0107 jego status. Po wys\u0142aniu zam\u00f3wienia otrzymasz e-mailem numer \u015bledzenia. Pami\u0119taj, \u017ce proces ten mo\u017ce potrwa\u0107 nieco d\u0142u\u017cej w weekendy. Je\u015bli po jednym dniu roboczym nie otrzymasz numeru \u015bledzenia, skontaktuj si\u0119 z naszym dzia\u0142em obs\u0142ugi klienta za po\u015brednictwem WhatsApp pod numerem +31620245658.<\/p>\n\n\n\n<p><strong>Metody wysy\u0142ki<\/strong><br>Oferujemy r\u00f3\u017cne opcje wysy\u0142ki, w tym przesy\u0142ki pocztowe i pocztowe do skrzynek pocztowych.<\/p>\n\n\n\n<p><strong>Poczta paczkowa<\/strong><\/p>\n\n\n\n<ol class=\"wp-block-list\">\n<li>Brak udzia\u0142u w\u0142asnego: globalsourcechemicals.com ponosi odpowiedzialno\u015b\u0107, je\u015bli Twoja przesy\u0142ka nie zostanie dostarczona zgodnie z ustaleniami dotycz\u0105cymi \u015bledzenia.<\/li>\n\n\n\n<li>Dostawa do punktu odbioru: Mo\u017cesz wybra\u0107 opcj\u0119 dostarczenia zam\u00f3wienia do punktu odbioru.<\/li>\n\n\n\n<li>\u015aledzenie i namierzanie: Zawsze dost\u0119pne.<\/li>\n\n\n\n<li>Dostawa w poniedzia\u0142ek: Paczki pocztowe dostarczane s\u0105 r\u00f3wnie\u017c w poniedzia\u0142ki.<\/li>\n\n\n\n<li>Zam\u00f3wienia z\u0142o\u017cone przed godzin\u0105 19:30 zostan\u0105 wys\u0142ane tego samego dnia roboczego.<\/li>\n<\/ol>\n\n\n\n<p>Uwaga: Aby odebra\u0107 przesy\u0142k\u0119, musisz by\u0107 w domu. Je\u015bli nie ma Ci\u0119 w domu, mo\u017cesz odebra\u0107 przesy\u0142k\u0119 w najbli\u017cszym punkcie odbioru. Gwarantujemy dostaw\u0119 do punktu odbioru; Nast\u0119pnie odpowiedzialno\u015b\u0107 za odbi\u00f3r zam\u00f3wienia ponosisz osobi\u015bcie.<\/p>\n\n\n\n<p><strong>Poczta pocztowa<\/strong><\/p>\n\n\n\n<ol class=\"wp-block-list\">\n<li>Na w\u0142asne ryzyko: globalsourcechemicals.com nie ponosi odpowiedzialno\u015bci za jakiekolwiek problemy z poczt\u0105 pocztow\u0105.<\/li>\n\n\n\n<li>Brak mo\u017cliwo\u015bci wyboru punkt\u00f3w odbioru.<\/li>\n\n\n\n<li>Ograniczone \u015bledzenie i namierzanie: Pierwsze skanowanie zawsze przebiega prawid\u0142owo, dzi\u0119ki czemu masz pewno\u015b\u0107, \u017ce wys\u0142ali\u015bmy list.<\/li>\n\n\n\n<li>Dostawy nie s\u0105 realizowane w niedziele i poniedzia\u0142ki.<\/li>\n\n\n\n<li>Zam\u00f3wienia z\u0142o\u017cone przed godzin\u0105 17.00 zostan\u0105 wys\u0142ane tego samego dnia roboczego.<\/li>\n<\/ol>\n\n\n\n<p>Zaleta: Nie musisz by\u0107 w domu, aby odebra\u0107 przesy\u0142k\u0119.<\/p>\n\n\n\n<p><strong>Informacje o wysy\u0142ce<\/strong><\/p>\n\n\n\n<ul class=\"wp-block-list\">\n<li><strong>Paczka pocztowa:<\/strong>&nbsp;Zam\u00f3wienia wysy\u0142ane poczt\u0105 paczkow\u0105 s\u0105 wysy\u0142ane ka\u017cdego dnia roboczego o godzinie 19:30.<\/li>\n\n\n\n<li><strong>Skrzynka pocztowa:<\/strong>&nbsp;Zam\u00f3wienia wysy\u0142ane poczt\u0105 s\u0105 wysy\u0142ane ka\u017cdego dnia roboczego o godzinie 17:00.<\/li>\n<\/ul>\n\n\n\n<p><strong>Ceny<\/strong><\/p>\n\n\n\n<ul class=\"wp-block-list\">\n<li>Dostawa za po\u015brednictwem poczty paczkowej: 6,95 \u20ac<\/li>\n\n\n\n<li>Dostawa poczt\u0105 na skrzynk\u0119 pocztow\u0105: 3,95 \u20ac<\/li>\n<\/ul>\n\n\n\n<p><strong>Dyskretne opakowanie<\/strong><br>Wszystkie zam\u00f3wienia s\u0105 pakowane dyskretnie. Na opakowaniu znajduje si\u0119 jedynie Tw\u00f3j adres i nasz adres zwrotny. Adres zwrotny to skrytka pocztowa (dost\u0119pna w dziale obs\u0142ugi klienta), a nie logo globalsourcechemicals.com.<br><\/p>\n\n\n\n<p><strong>Zam\u00f3wienia wysy\u0142amy wy\u0142\u0105cznie do nast\u0119puj\u0105cych kraj\u00f3w:<br><em>(tylko l\u0105d sta\u0142y, bez wysp)<\/em><\/strong><\/p>\n\n\n\n<ul class=\"wp-block-list\">\n<li>Holandia<\/li>\n\n\n\n<li>Belgia<\/li>\n\n\n\n<li>Bu\u0142garia<\/li>\n\n\n\n<li>Estonia<\/li>\n\n\n\n<li>Francja<\/li>\n\n\n\n<li>Grecja<\/li>\n\n\n\n<li>W\u0119gry<\/li>\n\n\n\n<li>Irlandia<\/li>\n\n\n\n<li>W\u0142ochy<\/li>\n\n\n\n<li>Chorwacja<\/li>\n\n\n\n<li>\u0141otwa<\/li>\n\n\n\n<li>Litwa<\/li>\n\n\n\n<li>Luksemburg<\/li>\n\n\n\n<li>Austria<\/li>\n\n\n\n<li>Polska<\/li>\n\n\n\n<li>Portugalia<\/li>\n\n\n\n<li>Rumunia<\/li>\n\n\n\n<li>S\u0142owenia<\/li>\n\n\n\n<li>S\u0142owacja<\/li>\n\n\n\n<li>Czechy<\/li>\n\n\n\n<li>Chiny<\/li>\n\n\n\n<li>Dania<\/li>\n\n\n\n<li>Niemcy&nbsp;<em>(Wkr\u00f3tce zatwierdzone: 1D-LSD \/ NB-5-MeO-DALT szczawian \/ NB-5-MeO-MiPT szczawian)<\/em><\/li>\n\n\n\n<li>Finlandia<\/li>\n\n\n\n<li>Wielka Brytania<\/li>\n\n\n\n<li>Norwegia<\/li>\n\n\n\n<li>Hiszpania<\/li>\n\n\n\n<li>Stany Zjednoczone<\/li>\n\n\n\n<li>Korea Po\u0142udniowa<\/li>\n\n\n\n<li>Szwecja<\/li>\n\n\n\n<li>Szwajcaria<\/li>\n<\/ul>\n\n\n\n<p><strong>Zastrze\u017cenie<\/strong><\/p>\n\n\n\n<p>Jako klient globalsourcechemicals.com jeste\u015b odpowiedzialny za podanie prawid\u0142owego adresu wysy\u0142ki w krajach, do kt\u00f3rych ma to zastosowanie. Jeste\u015b odpowiedzialny za sprawdzenie w swoim kraju, czy zamawiany produkt jest dozwolony.<\/p>\n\n\n\n<p><strong>Zwroty<\/strong><br>Je\u015bli zajdzie taka potrzeba, mo\u017cesz odes\u0142a\u0107 produkt(y) na skrzynk\u0119 pocztow\u0105, kt\u00f3r\u0105 umieszczamy na ka\u017cdej przesy\u0142ce. W ci\u0105gu 2 tygodni od otrzymania produktu mo\u017cesz go zwr\u00f3ci\u0107 w nieotwartym opakowaniu i wymieni\u0107 na nowy lub otrzyma\u0107 pe\u0142ny zwrot pieni\u0119dzy.<\/p>\n\n\n\n<p><strong>Opakowanie<\/strong><br>Produkty pakujemy w torby o r\u00f3\u017cnych kolorach i zawarto\u015bci:<\/p>\n\n\n\n<ul class=\"wp-block-list\">\n<li>Srebrna torba: 1 szt.<\/li>\n\n\n\n<li>Worek z\u0142ota: 2 szt.<\/li>\n\n\n\n<li>Torba fioletowa: 5 szt.<\/li>\n\n\n\n<li>Niebieska torba: 10 sztuk<\/li>\n\n\n\n<li>Czarna torba: 25 szt.<\/li>\n<\/ul>\n\n\n\n<p><strong>Metody p\u0142atno\u015bci<\/strong><br>Obecnie wyst\u0119puje problem z iDEAL, ale nadal mo\u017cesz p\u0142aci\u0107 przelewem bankowym. Przelej kwot\u0119 zakupu na nasze konto i w tytule przelewu podaj pierwsze cyfry numeru zam\u00f3wienia.<\/p>","protected":false},"excerpt":{"rendered":"<p>BestelinformatieNa het plaatsen van een bestelling via onze website ontvang je direct een bevestigingsmail. Deze kan mogelijk in je spambox<\/p>","protected":false},"author":1,"featured_media":0,"parent":0,"menu_order":0,"comment_status":"closed","ping_status":"closed","template":"","meta":{"footnotes":""},"class_list":["post-25980","page","type-page","status-publish","hentry"],"_links":{"self":[{"href":"https:\/\/globalsourcechemicals.com\/pl\/wp-json\/wp\/v2\/pages\/25980","targetHints":{"allow":["GET"]}}],"collection":[{"href":"https:\/\/globalsourcechemicals.com\/pl\/wp-json\/wp\/v2\/pages"}],"about":[{"href":"https:\/\/globalsourcechemicals.com\/pl\/wp-json\/wp\/v2\/types\/page"}],"author":[{"embeddable":true,"href":"https:\/\/globalsourcechemicals.com\/pl\/wp-json\/wp\/v2\/users\/1"}],"replies":[{"embeddable":true,"href":"https:\/\/globalsourcechemicals.com\/pl\/wp-json\/wp\/v2\/comments?post=25980"}],"version-history":[{"count":2,"href":"https:\/\/globalsourcechemicals.com\/pl\/wp-json\/wp\/v2\/pages\/25980\/revisions"}],"predecessor-version":[{"id":28542,"href":"https:\/\/globalsourcechemicals.com\/pl\/wp-json\/wp\/v2\/pages\/25980\/revisions\/28542"}],"wp:attachment":[{"href":"https:\/\/globalsourcechemicals.com\/pl\/wp-json\/wp\/v2\/media?parent=25980"}],"curies":[{"name":"wp","href":"https:\/\/api.w.org\/{rel}","templated":true}]}}