{"id":26126,"date":"2025-05-01T01:31:17","date_gmt":"2025-05-01T01:31:17","guid":{"rendered":"https:\/\/globalsourcechemicals.com\/?post_type=product&#038;p=26126"},"modified":"2025-05-01T01:31:25","modified_gmt":"2025-05-01T01:31:25","slug":"buy-iboga-ta","status":"publish","type":"product","link":"https:\/\/globalsourcechemicals.com\/nb\/butikk\/iboga-ibogain\/buy-iboga-ta\/","title":{"rendered":"Kj\u00f8p Iboga TA"},"content":{"rendered":"<h2>Kj\u00f8p Iboga TA<\/h2>\n<p>Kj\u00f8p Iboga TA, TA st\u00e5r for \u00abtotal alkaloid\u00bb. Iboga TA er et ekstrakt som inneholder alle alkaloidene som finnes i iboga-rotbarken. Alkaloidene kan relativt enkelt ekstraheres fra rotbarken via en syre\/base-ekstraksjon. kj\u00f8p iboga p\u00e5 nett<\/p>\n<p>Vitenskapelig forskning viser en drastisk reduksjon i abstinenssymptomer etter inntak av Iboga-rotbark eller ekstrakter kjent som HCL og TA, i den grad at den nesten er fullstendig nedbrutt. Forskning viser at 90% av behandlingene som er utf\u00f8rt er vellykkede, og selv m\u00e5neder etter behandlingen har pasientene ikke trang til tilbakefall. Bortsett fra \u00e5 bryte avhengigheten, gir det pasientene klarhet og innsikt i sine egne liv.<\/p>\n<p>Vi utf\u00f8rer frakt og pakking av iboga-pulver med profesjonalitet for \u00e5 sikre vellykket frakt av 100%. Vi tilbyr eksperttjenester til v\u00e5re respektive destinasjoner, og kataloger om bruk, dosering og annen viktig statistikk kan gis ved henvendelse og foresp\u00f8rsel.<\/p>","protected":false},"excerpt":{"rendered":"<p>Kj\u00f8p Iboga TA Kj\u00f8p Iboga TA, TA st\u00e5r for \u00abtotal alkaloid\u00bb. Iboga TA er et ekstrakt som inneholder alle alkaloidene.<\/p>","protected":false},"featured_media":26147,"comment_status":"closed","ping_status":"closed","template":"","meta":[],"product_brand":[],"product_cat":[908],"product_tag":[],"class_list":{"0":"post-26126","1":"product","2":"type-product","3":"status-publish","4":"has-post-thumbnail","6":"product_cat-iboga-ibogaine","8":"first","9":"instock","10":"taxable","11":"shipping-taxable","12":"purchasable","13":"product-type-variable"},"_links":{"self":[{"href":"https:\/\/globalsourcechemicals.com\/nb\/wp-json\/wp\/v2\/product\/26126","targetHints":{"allow":["GET"]}}],"collection":[{"href":"https:\/\/globalsourcechemicals.com\/nb\/wp-json\/wp\/v2\/product"}],"about":[{"href":"https:\/\/globalsourcechemicals.com\/nb\/wp-json\/wp\/v2\/types\/product"}],"replies":[{"embeddable":true,"href":"https:\/\/globalsourcechemicals.com\/nb\/wp-json\/wp\/v2\/comments?post=26126"}],"version-history":[{"count":1,"href":"https:\/\/globalsourcechemicals.com\/nb\/wp-json\/wp\/v2\/product\/26126\/revisions"}],"predecessor-version":[{"id":26148,"href":"https:\/\/globalsourcechemicals.com\/nb\/wp-json\/wp\/v2\/product\/26126\/revisions\/26148"}],"wp:featuredmedia":[{"embeddable":true,"href":"https:\/\/globalsourcechemicals.com\/nb\/wp-json\/wp\/v2\/media\/26147"}],"wp:attachment":[{"href":"https:\/\/globalsourcechemicals.com\/nb\/wp-json\/wp\/v2\/media?parent=26126"}],"wp:term":[{"taxonomy":"product_brand","embeddable":true,"href":"https:\/\/globalsourcechemicals.com\/nb\/wp-json\/wp\/v2\/product_brand?post=26126"},{"taxonomy":"product_cat","embeddable":true,"href":"https:\/\/globalsourcechemicals.com\/nb\/wp-json\/wp\/v2\/product_cat?post=26126"},{"taxonomy":"product_tag","embeddable":true,"href":"https:\/\/globalsourcechemicals.com\/nb\/wp-json\/wp\/v2\/product_tag?post=26126"}],"curies":[{"name":"wp","href":"https:\/\/api.w.org\/{rel}","templated":true}]}}