{"id":27212,"date":"2025-08-14T11:18:23","date_gmt":"2025-08-14T11:18:23","guid":{"rendered":"https:\/\/globalsourcechemicals.com\/?page_id=27212"},"modified":"2025-10-03T19:30:27","modified_gmt":"2025-10-03T19:30:27","slug":"betale","status":"publish","type":"page","link":"https:\/\/globalsourcechemicals.com\/nb\/betale\/","title":{"rendered":"Betale"},"content":{"rendered":"<p><strong>Det er raskt og sikkert \u00e5 betale p\u00e5 globalsourcechemicals.com.<\/strong><br>Hos globalsourcechemicals.com kan du betale enkelt og sikkert. Vi tilbyr ulike betalingsmetoder slik at du kan motta bestillingen din s\u00e5 raskt som mulig.<\/p>\n\n\n\n<p><strong>Bruk en av betalingsmetodene nedenfor, og motta bestillingen din s\u00e5 raskt som mulig.<\/strong><br>Du kan velge mellom flere betalingsalternativer. Velg den metoden som fungerer best for deg for \u00e5 sikre at bestillingen din leveres raskt.<\/p>\n\n\n\n<p><strong>Kunne du ikke fullf\u00f8re betalingen p\u00e5 nett, men \u00f8nsker du fortsatt \u00e5 gj\u00f8re det? Da kan du overf\u00f8re den manuelt:<\/strong><br>Hvis du st\u00f8ter p\u00e5 problemer med \u00e5 fullf\u00f8re nettbetalingen din, kan du velge \u00e5 overf\u00f8re bel\u00f8pet manuelt.<\/p>\n\n\n\n<p><strong>MERK! Du vil motta et automatisk varsel hvis betalingen din er vellykket. Vi behandler dette manuelt og sjekker bankkontoen v\u00e5r flere ganger om dagen.<\/strong><br>Merk! N\u00e5r betalingen din er vellykket, vil du motta en bekreftelsesmelding. Vi behandler betalinger manuelt og sjekker bankkontoen v\u00e5r flere ganger om dagen for \u00e5 sikre at alt g\u00e5r knirkefritt.<\/p>\n\n\n\n<p><strong>Tilgjengelige betalingsmetoder:<\/strong><br>Her er betalingsalternativene vi tilbyr for \u00f8yeblikket:<\/p>\n\n\n\n<ul class=\"wp-block-list\">\n<li><strong>iDeal<\/strong>&nbsp;(<em>Midlertidig utilgjengelig<\/em>)<br>En popul\u00e6r betalingsm\u00e5te i Nederland. For \u00f8yeblikket midlertidig utilgjengelig.<\/li>\n\n\n\n<li><strong>\u00d8yeblikkelig<\/strong>&nbsp;(<em>Midlertidig utilgjengelig<\/em>)<br>En mye brukt betalingsmetode i Tyskland og andre europeiske land. For \u00f8yeblikket midlertidig utilgjengelig.<\/li>\n\n\n\n<li><strong>Bancontact<\/strong>&nbsp;(<em>Midlertidig utilgjengelig<\/em>)<br>Den mest brukte betalingsmetoden i Belgia. For \u00f8yeblikket midlertidig utilgjengelig.<\/li>\n\n\n\n<li><strong>Kredittkort (VISA \/ MasterCard) (via Cointopay)<\/strong><br>Betal med VISA eller MasterCard via betalingsleverand\u00f8ren Cointopay.<\/li>\n\n\n\n<li><strong>Manuell overf\u00f8ring<\/strong><br>Overf\u00f8r bel\u00f8pet manuelt til bankkontoen v\u00e5r i Nederland. Dette er et godt alternativ hvis du foretrekker en tradisjonell bankoverf\u00f8ring.<\/li>\n\n\n\n<li><strong>Betal med krypto<\/strong><br>Betal med kryptovaluta for en rask og sikker transaksjon.<\/li>\n<\/ul>\n\n\n\n<p><br><strong>Konklusjon:<\/strong><\/p>\n\n\n\n<ul class=\"wp-block-list\">\n<li>\n<ul class=\"wp-block-list\">\n<li><\/li>\n<\/ul>\n<\/li>\n<\/ul>","protected":false},"excerpt":{"rendered":"<p>Betalen bij globalsourcechemicals.com doe je snel en veilig.Bij globalsourcechemicals.com kun je eenvoudig en veilig betalen. We bieden verschillende betaalmethodes aan,<\/p>","protected":false},"author":1,"featured_media":0,"parent":0,"menu_order":0,"comment_status":"closed","ping_status":"closed","template":"","meta":{"footnotes":""},"class_list":["post-27212","page","type-page","status-publish","hentry"],"_links":{"self":[{"href":"https:\/\/globalsourcechemicals.com\/nb\/wp-json\/wp\/v2\/pages\/27212","targetHints":{"allow":["GET"]}}],"collection":[{"href":"https:\/\/globalsourcechemicals.com\/nb\/wp-json\/wp\/v2\/pages"}],"about":[{"href":"https:\/\/globalsourcechemicals.com\/nb\/wp-json\/wp\/v2\/types\/page"}],"author":[{"embeddable":true,"href":"https:\/\/globalsourcechemicals.com\/nb\/wp-json\/wp\/v2\/users\/1"}],"replies":[{"embeddable":true,"href":"https:\/\/globalsourcechemicals.com\/nb\/wp-json\/wp\/v2\/comments?post=27212"}],"version-history":[{"count":3,"href":"https:\/\/globalsourcechemicals.com\/nb\/wp-json\/wp\/v2\/pages\/27212\/revisions"}],"predecessor-version":[{"id":28531,"href":"https:\/\/globalsourcechemicals.com\/nb\/wp-json\/wp\/v2\/pages\/27212\/revisions\/28531"}],"wp:attachment":[{"href":"https:\/\/globalsourcechemicals.com\/nb\/wp-json\/wp\/v2\/media?parent=27212"}],"curies":[{"name":"wp","href":"https:\/\/api.w.org\/{rel}","templated":true}]}}