{"id":27210,"date":"2025-08-14T11:12:54","date_gmt":"2025-08-14T11:12:54","guid":{"rendered":"https:\/\/globalsourcechemicals.com\/?page_id=27210"},"modified":"2025-10-13T09:44:09","modified_gmt":"2025-10-13T09:44:09","slug":"leveringstid-og-fraktkostnader","status":"publish","type":"page","link":"https:\/\/globalsourcechemicals.com\/nb\/leveringstid-og-fraktkostnader\/","title":{"rendered":"Leveringstid og fraktkostnader"},"content":{"rendered":"<p>Leveringstid og fraktkostnader<br>Vi gj\u00f8r v\u00e5rt beste for \u00e5 levere bestillingen din s\u00e5 raskt som mulig. Bestillinger som legges inn p\u00e5 hverdager f\u00f8r kl. 17.00 sendes samme dag. Dette er imidlertid ikke alltid mulig; noen ganger er produkter utsolgt, og leveringen kan ta litt lengre tid. Leveringstiden er angitt p\u00e5 produktsiden. Hvis vi av en eller annen grunn ikke kan overholde denne leveringstiden, vil vi selvf\u00f8lgelig informere deg s\u00e5 snart som mulig.<\/p>\n\n\n\n<p>Etter at du har foretatt et kj\u00f8p, sender vi deg en bekreftelses-e-post. Denne inneholder ordrenummeret ditt, som du kan bruke til \u00e5 sjekke statusen p\u00e5 kj\u00f8pet ditt. N\u00e5r bestillingen er pakket og sendt, vil du motta en ny e-post med detaljer om kj\u00f8pet ditt. Vi anbefaler at du sjekker s\u00f8ppelpostmappen din, da bekreftelses-e-posten kan ha havnet der. Hvis du ikke har mottatt en e-post etter \u00e9n virkedag og du har sjekket s\u00f8ppelpostmappen din, kan du kontakte oss umiddelbart.<\/p>\n\n\n\n<p>Global Source Chemicals leveringstjeneste<br>Bestillinger lagt inn p\u00e5 globalsourcechemicals.com f\u00f8r kl. 17.00 i Nederland vil bli levert neste virkedag, med unntak av Vade\u00f8yene p\u00e5 grunn av forsinkelser for\u00e5rsaket av frakt. PostNL sikrer trygg og rask levering. For bestillinger over \u20ac50 i nettbutikken v\u00e5r er frakt innen Nederland gratis.<\/p>\n\n\n\n<p>Diskret og anonym emballasje<br>Produktene v\u00e5re pakkes diskret og anonymt, slik at ingen kan se hva du har bestilt. Kun leveringsadressen din er trykt p\u00e5 utsiden av pakken.<\/p>\n\n\n\n<p>Levering av bestillingene dine<br>For \u00e5 motta bestillingen din, m\u00e5 du v\u00e6re hjemme p\u00e5 leveringsdagen. Hvis du ikke er hjemme, vil bestillingen bli sendt p\u00e5 nytt flere ganger, avhengig av transport\u00f8ren. Hvis du fortsatt ikke er hjemme, vil leveringspersonen pr\u00f8ve \u00e5 levere den til en nabo eller et n\u00e6rliggende hentested. Leveringspersonen vil alltid legge igjen en lapp som informerer deg om pakkens plassering. globalsourcechemicals.com vil ordne levering til hentestedet, hvoretter du m\u00e5 hente den selv. Leveringer skjer vanligvis tirsdag til l\u00f8rdag mellom kl. 08.00 og 18.00. Vi kan ikke garantere n\u00f8yaktige leveringstider p\u00e5 grunn av transport\u00f8rens avhengighet.<\/p>\n\n\n\n<p>Frakt og fraktkostnader til europeiske land<br>I Nederland kan du velge mellom f\u00f8lgende leveringsalternativer:<\/p>\n\n\n\n<p>Postkassepakke med sporing, slik at du kan f\u00f8lge bestillingen din, for \u20ac4,75. Bestillinger over \u20ac50 sendes gratis innen Nederland.<\/p>\n\n\n\n<p>I Belgia er alternativene:<\/p>\n\n\n\n<p>Postkassepakke med sporing for 9,95 \u20ac. Bestillinger over 100 \u20ac sendes gratis innen Belgia.<\/p>\n\n\n\n<p>Merk: Bestillinger utenfor Nederland sendes p\u00e5 egen risiko! (Se v\u00e5r kasseside for gjeldende fraktpriser og -metoder.)<\/p>\n\n\n\n<p>Nedenfor finner du en tabell med fraktkostnader per land:<\/p>\n\n\n\n<p>Retningslinjer for produktsikkerhet<br>Vi understreker at produktene v\u00e5re fra globalsourcechemicals.com kun er til forskningsform\u00e5l og ikke til personlig bruk. Vennligst les v\u00e5re vilk\u00e5r og betingelser og sikkerhetsretningslinjer f\u00f8r du kj\u00f8per fra globalsourcechemicals.com. Hvis du av en eller annen grunn ikke er forn\u00f8yd med bestillingen din, kan du lese v\u00e5r returpolicy.<\/p>\n\n\n\n<p><\/p>","protected":false},"excerpt":{"rendered":"<p>Levertijd en verzendkostenWe doen ons best om de bestelling zo snel mogelijk bij u af te leveren. Bestellingen die op<\/p>","protected":false},"author":1,"featured_media":0,"parent":0,"menu_order":0,"comment_status":"closed","ping_status":"closed","template":"","meta":{"footnotes":""},"class_list":["post-27210","page","type-page","status-publish","hentry"],"_links":{"self":[{"href":"https:\/\/globalsourcechemicals.com\/nb\/wp-json\/wp\/v2\/pages\/27210","targetHints":{"allow":["GET"]}}],"collection":[{"href":"https:\/\/globalsourcechemicals.com\/nb\/wp-json\/wp\/v2\/pages"}],"about":[{"href":"https:\/\/globalsourcechemicals.com\/nb\/wp-json\/wp\/v2\/types\/page"}],"author":[{"embeddable":true,"href":"https:\/\/globalsourcechemicals.com\/nb\/wp-json\/wp\/v2\/users\/1"}],"replies":[{"embeddable":true,"href":"https:\/\/globalsourcechemicals.com\/nb\/wp-json\/wp\/v2\/comments?post=27210"}],"version-history":[{"count":3,"href":"https:\/\/globalsourcechemicals.com\/nb\/wp-json\/wp\/v2\/pages\/27210\/revisions"}],"predecessor-version":[{"id":28543,"href":"https:\/\/globalsourcechemicals.com\/nb\/wp-json\/wp\/v2\/pages\/27210\/revisions\/28543"}],"wp:attachment":[{"href":"https:\/\/globalsourcechemicals.com\/nb\/wp-json\/wp\/v2\/media?parent=27210"}],"curies":[{"name":"wp","href":"https:\/\/api.w.org\/{rel}","templated":true}]}}