{"id":27204,"date":"2025-08-14T10:59:23","date_gmt":"2025-08-14T10:59:23","guid":{"rendered":"https:\/\/globalsourcechemicals.com\/?page_id=27204"},"modified":"2025-10-03T19:35:52","modified_gmt":"2025-10-03T19:35:52","slug":"angrerett","status":"publish","type":"page","link":"https:\/\/globalsourcechemicals.com\/nb\/angrerett\/","title":{"rendered":"Angrerett"},"content":{"rendered":"<p>Som kunde har du rett til \u00e5 benytte deg av angreretten din innen 14 dager etter at du har mottatt bestillingen din, uten \u00e5 oppgi noen grunn. Du har lov til \u00e5 pakke ut eller teste de mottatte produktene i den grad det er n\u00f8dvendig for \u00e5 vurdere deres egenskaper, karakteristikker og funksjonalitet. Hvis du bestemmer deg for \u00e5 benytte deg av angreretten din, m\u00e5 du h\u00e5ndtere produktene med forsiktighet og returnere dem til globalsourcechemicals i original stand og emballasje. Kj\u00f8peren er ansvarlig for kostnadene ved \u00e5 returnere produktene. Se v\u00e5re retur- og bytteinstruksjoner for mer informasjon om retur av produkter.<\/p>\n\n\n\n<p>Unntak for lettbedervelige og hygieniske produkter<br>Produkter kj\u00f8pt fra globalsourcechemicals med begrenset holdbarhet (som hygieneprodukter eller personlige produkter) kan ikke returneres dersom forseglingen er brutt etter levering. Angreretten gjelder ikke for denne produktkategorien. Salget er endelig n\u00e5r betalingen er fullf\u00f8rt, som tydelig angitt i tilbudet v\u00e5rt.<\/p>","protected":false},"excerpt":{"rendered":"<p>Als klant heeft u de mogelijkheid om binnen een termijn van 14 dagen na ontvangst van uw bestelling zonder opgave<\/p>","protected":false},"author":1,"featured_media":0,"parent":0,"menu_order":0,"comment_status":"closed","ping_status":"closed","template":"","meta":{"footnotes":""},"class_list":["post-27204","page","type-page","status-publish","hentry"],"_links":{"self":[{"href":"https:\/\/globalsourcechemicals.com\/nb\/wp-json\/wp\/v2\/pages\/27204","targetHints":{"allow":["GET"]}}],"collection":[{"href":"https:\/\/globalsourcechemicals.com\/nb\/wp-json\/wp\/v2\/pages"}],"about":[{"href":"https:\/\/globalsourcechemicals.com\/nb\/wp-json\/wp\/v2\/types\/page"}],"author":[{"embeddable":true,"href":"https:\/\/globalsourcechemicals.com\/nb\/wp-json\/wp\/v2\/users\/1"}],"replies":[{"embeddable":true,"href":"https:\/\/globalsourcechemicals.com\/nb\/wp-json\/wp\/v2\/comments?post=27204"}],"version-history":[{"count":3,"href":"https:\/\/globalsourcechemicals.com\/nb\/wp-json\/wp\/v2\/pages\/27204\/revisions"}],"predecessor-version":[{"id":28532,"href":"https:\/\/globalsourcechemicals.com\/nb\/wp-json\/wp\/v2\/pages\/27204\/revisions\/28532"}],"wp:attachment":[{"href":"https:\/\/globalsourcechemicals.com\/nb\/wp-json\/wp\/v2\/media?parent=27204"}],"curies":[{"name":"wp","href":"https:\/\/api.w.org\/{rel}","templated":true}]}}