{"id":27198,"date":"2025-08-14T10:55:48","date_gmt":"2025-08-14T10:55:48","guid":{"rendered":"https:\/\/globalsourcechemicals.com\/?page_id=27198"},"modified":"2025-10-13T09:55:28","modified_gmt":"2025-10-13T09:55:28","slug":"erstatning","status":"publish","type":"page","link":"https:\/\/globalsourcechemicals.com\/nb\/erstatning\/","title":{"rendered":"Erstatning"},"content":{"rendered":"<p>Ved \u00e5 bruke nettbutikken v\u00e5r godtar du rettighetene og pliktene som er angitt i ansvarsfraskrivelsen til globalsourcechemicals.com. Ved \u00e5 bruke nettbutikken godtar du automatisk v\u00e5re vilk\u00e5r og betingelser.<\/p>\n\n\n\n<p>Hva globalsourcechemicals.com forventer av kunder:<br>F\u00f8r kunder legger inn en bestilling, b\u00f8r de grundig informere seg om riktig bruk av produktene p\u00e5 globalsourcechemicals.com og kontrollere dem i henhold til instruksjonene. globalsourcechemicals.com fraskriver seg ethvert ansvar for feil bruk, da all n\u00f8dvendig informasjon om risikoene er gitt, og det er tydelig angitt at produktene kun er til forskningsform\u00e5l.<br>Kunder m\u00e5 f\u00f8lge instruksjonene og sikkerhetsretningslinjene p\u00e5 globalsourcechemicals.com<br>Informasjonen p\u00e5 globalsourcechemicals.com, inkludert informasjonen p\u00e5 kategori- og produktsider, er ment for lovlig bruk. Brukere er ansvarlige for bruken av denne informasjonen. globalsourcechemicals.com p\u00e5tar seg intet ansvar.<br>Kunder kan ikke konsumere produkter fra globalsourcechemicals.com, men kan kun bruke dem til forskningsform\u00e5l.<br>Kunder b\u00f8r v\u00e6re klar over risikoene ved produktene og lese sikkerhetsinstruksjonene v\u00e5re f\u00f8r kj\u00f8p. Kunder b\u00f8r f\u00f8lge f\u00f8lgende forholdsregler: bruk produktene kun til forskningsform\u00e5l, oppbevar dem utilgjengelig for barn i en tett lukket og t\u00f8rr beholder, og les vilk\u00e5rene og betingelsene og sikkerhetsinstruksjonene f\u00f8r de \u00e5pner produktene.<br>Kunder b\u00f8r ogs\u00e5 lese pakningsvedlegget som inneholder fare- og forholdsregler. Igjen, disse produktene er kun ment for forskningsform\u00e5l og er ikke beregnet for konsum.<br>Innhold i nettbutikken v\u00e5r:<br>Hvis brukere st\u00f8ter p\u00e5 brudd p\u00e5 lov eller tredjeparts rettigheter i nettbutikken v\u00e5r, m\u00e5 de rapportere dette umiddelbart slik at vi kan iverksette n\u00f8dvendige tiltak.<\/p>\n\n\n\n<p>Behandling av personopplysninger:<br>Informasjonen du oppgir vil kun bli brukt til \u00e5 behandle bestillingen din og utarbeide fakturaer. Denne informasjonen vil ikke bli delt med tredjeparter.<\/p>","protected":false},"excerpt":{"rendered":"<p>Door onze webshop te gebruiken, gaat u akkoord met de rechten en plichten die zijn opgenomen in de disclaimer van<\/p>","protected":false},"author":1,"featured_media":0,"parent":0,"menu_order":0,"comment_status":"closed","ping_status":"closed","template":"","meta":{"footnotes":""},"class_list":["post-27198","page","type-page","status-publish","hentry"],"_links":{"self":[{"href":"https:\/\/globalsourcechemicals.com\/nb\/wp-json\/wp\/v2\/pages\/27198","targetHints":{"allow":["GET"]}}],"collection":[{"href":"https:\/\/globalsourcechemicals.com\/nb\/wp-json\/wp\/v2\/pages"}],"about":[{"href":"https:\/\/globalsourcechemicals.com\/nb\/wp-json\/wp\/v2\/types\/page"}],"author":[{"embeddable":true,"href":"https:\/\/globalsourcechemicals.com\/nb\/wp-json\/wp\/v2\/users\/1"}],"replies":[{"embeddable":true,"href":"https:\/\/globalsourcechemicals.com\/nb\/wp-json\/wp\/v2\/comments?post=27198"}],"version-history":[{"count":3,"href":"https:\/\/globalsourcechemicals.com\/nb\/wp-json\/wp\/v2\/pages\/27198\/revisions"}],"predecessor-version":[{"id":28553,"href":"https:\/\/globalsourcechemicals.com\/nb\/wp-json\/wp\/v2\/pages\/27198\/revisions\/28553"}],"wp:attachment":[{"href":"https:\/\/globalsourcechemicals.com\/nb\/wp-json\/wp\/v2\/media?parent=27198"}],"curies":[{"name":"wp","href":"https:\/\/api.w.org\/{rel}","templated":true}]}}