{"id":25980,"date":"2025-04-21T12:25:45","date_gmt":"2025-04-21T12:25:45","guid":{"rendered":"https:\/\/globalsourcechemicals.com\/?page_id=25980"},"modified":"2025-10-13T07:55:12","modified_gmt":"2025-10-13T07:55:12","slug":"bestilling-og-levering","status":"publish","type":"page","link":"https:\/\/globalsourcechemicals.com\/nb\/bestilling-og-levering\/","title":{"rendered":"Bestilling og levering"},"content":{"rendered":"<p><strong>Ordreinformasjon<\/strong><br>Na het plaatsen van een bestelling via onze website ontvang je direct een bevestigingsmail. Deze kan mogelijk in je spambox terechtkomen, dus controleer deze als je geen bevestiging in je inbox ziet. In de bevestigingsmail vind je je bestelnummer, waarmee je de status van je bestelling kunt volgen. Zodra je bestelling is verzonden, ontvang je een track &amp; trace-nummer per e-mail. Houd er rekening mee dat dit proces in het weekend iets langer kan duren. Mocht je na \u00e9\u00e9n werkdag nog geen track &amp; trace-nummer hebben ontvangen, neem dan contact op met onze klantenservice via WhatsApp op +31620245658<\/p>\n\n\n\n<p><strong>Fraktmetoder<\/strong><br>Vi tilbyr ulike fraktalternativer, inkludert pakkepost og postkassepost.<\/p>\n\n\n\n<p><strong>Pakkepost<\/strong><\/p>\n\n\n\n<ol class=\"wp-block-list\">\n<li>Geen eigen risico: globalsourcechemicals.com is verantwoordelijk als je pakket volgens de track &amp; trace niet is bezorgd.<\/li>\n\n\n\n<li>Levering til hentested: Du kan velge \u00e5 f\u00e5 bestillingen din levert til et hentested.<\/li>\n\n\n\n<li>Sporing og sporing: Alltid tilgjengelig.<\/li>\n\n\n\n<li>Mandagslevering: Pakkepost leveres ogs\u00e5 p\u00e5 mandager.<\/li>\n\n\n\n<li>Bestillinger som legges inn f\u00f8r kl. 19.30 sendes samme virkedag.<\/li>\n<\/ol>\n\n\n\n<p>Merk: Du m\u00e5 v\u00e6re hjemme for \u00e5 motta forsendelsen din. Hvis du ikke er hjemme, kan du hente pakken din p\u00e5 n\u00e6rmeste hentested. Vi garanterer levering til hentestedet; deretter er du ansvarlig for \u00e5 hente bestillingen din selv.<\/p>\n\n\n\n<p><strong>Postkassepost<\/strong><\/p>\n\n\n\n<ol class=\"wp-block-list\">\n<li>Op eigen risico: globalsourcechemicals.com kan niet aansprakelijk worden gesteld voor problemen met brievenbuspost.<\/li>\n\n\n\n<li>Ingen mulighet for hentepunkter.<\/li>\n\n\n\n<li>Begrenset sporing: Den f\u00f8rste skanningen utf\u00f8res alltid korrekt, slik at du kan v\u00e6re sikker p\u00e5 at vi har sendt brevet.<\/li>\n\n\n\n<li>Ingen leveranser p\u00e5 s\u00f8ndager og mandager.<\/li>\n\n\n\n<li>Bestillinger som legges inn f\u00f8r kl. 17.00 sendes samme virkedag.<\/li>\n<\/ol>\n\n\n\n<p>Fordel: Du trenger ikke \u00e5 v\u00e6re hjemme for \u00e5 motta forsendelsen din.<\/p>\n\n\n\n<p><strong>Fraktinformasjon<\/strong><\/p>\n\n\n\n<ul class=\"wp-block-list\">\n<li><strong>Pakkepost:<\/strong>&nbsp;Bestillinger via pakkepost sendes hver virkedag klokken 19:30.<\/li>\n\n\n\n<li><strong>Postkassepost:<\/strong>&nbsp;Bestillinger sendt med postkassen sendes hver virkedag klokken 17.00.<\/li>\n<\/ul>\n\n\n\n<p><strong>Priser<\/strong><\/p>\n\n\n\n<ul class=\"wp-block-list\">\n<li>Levering via pakkepost: 6,95 \u20ac<\/li>\n\n\n\n<li>Levering via postkasse: 3,95 \u20ac<\/li>\n<\/ul>\n\n\n\n<p><strong>Diskret emballasje<\/strong><br>Alle bestellingen worden discreet verpakt. De enige informatie op de buitenkant is je adres en ons retouradres. Het retouradres is een postbusnummer (opvraagbaar bij onze klantenservice) en niet het globalsourcechemicals.com-logo.<br><\/p>\n\n\n\n<p><strong>Vi sender kun bestillinger til f\u00f8lgende land:<br><em>(kun fastlandet, ingen \u00f8yer)<\/em><\/strong><\/p>\n\n\n\n<ul class=\"wp-block-list\">\n<li>Nederland<\/li>\n\n\n\n<li>Belgia<\/li>\n\n\n\n<li>Bulgaria<\/li>\n\n\n\n<li>Estland<\/li>\n\n\n\n<li>Frankrike<\/li>\n\n\n\n<li>Hellas<\/li>\n\n\n\n<li>Ungarn<\/li>\n\n\n\n<li>Irland<\/li>\n\n\n\n<li>Italia<\/li>\n\n\n\n<li>Kroatia<\/li>\n\n\n\n<li>Latvia<\/li>\n\n\n\n<li>Litauen<\/li>\n\n\n\n<li>Luxembourg<\/li>\n\n\n\n<li>\u00d8sterrike<\/li>\n\n\n\n<li>Polen<\/li>\n\n\n\n<li>Portugal<\/li>\n\n\n\n<li>Romania<\/li>\n\n\n\n<li>Slovenia<\/li>\n\n\n\n<li>Slovakia<\/li>\n\n\n\n<li>Tsjekkia<\/li>\n\n\n\n<li>Kina<\/li>\n\n\n\n<li>Danmark<\/li>\n\n\n\n<li>Tyskland&nbsp;<em>(Snart tillatt: 1D-LSD \/ NB-5-MeO-DALT oksalat \/ NB-5-MeO-MiPT oksalat)<\/em><\/li>\n\n\n\n<li>Finland<\/li>\n\n\n\n<li>Storbritannia<\/li>\n\n\n\n<li>Norge<\/li>\n\n\n\n<li>Spania<\/li>\n\n\n\n<li>USA<\/li>\n\n\n\n<li>S\u00f8r-Korea<\/li>\n\n\n\n<li>Sverige<\/li>\n\n\n\n<li>Sveits<\/li>\n<\/ul>\n\n\n\n<p><strong>Ansvarsfraskrivelse<\/strong><\/p>\n\n\n\n<p>Als klant van globalsourcechemicals.com ben je zelf verantwoordelijk voor een correct verzendadres binnen de toegestane landen. Je dient zelf binnen je eigen land te controleren of het door jou bestelde product toegestaan is.<\/p>\n\n\n\n<p><strong>Returer<\/strong><br>Du kan bruke postkassen vi oppgir p\u00e5 hver forsendelse for \u00e5 returnere produktet\/produktene dine. Du kan returnere u\u00e5pnede produkter innen to uker etter mottak for full refusjon eller bytte.<\/p>\n\n\n\n<p><strong>Emballasje<\/strong><br>Vi pakker produktene i poser med forskjellige farger og innhold:<\/p>\n\n\n\n<ul class=\"wp-block-list\">\n<li>S\u00f8lvveske: 1 vare<\/li>\n\n\n\n<li>Gullveske: 2 varer<\/li>\n\n\n\n<li>Lilla pose: 5 varer<\/li>\n\n\n\n<li>Bl\u00e5 pose: 10 varer<\/li>\n\n\n\n<li>Svart pose: 25 varer<\/li>\n<\/ul>\n\n\n\n<p><strong>Betalingsmetoder<\/strong><br>iDEAL har for \u00f8yeblikket problemer, men du kan fortsatt betale via bankoverf\u00f8ring. Vennligst overf\u00f8r kj\u00f8psbel\u00f8pet til kontoen v\u00e5r og oppgi de f\u00f8rste sifrene i ordrenummeret ditt som beskrivelse.<\/p>","protected":false},"excerpt":{"rendered":"<p>BestelinformatieNa het plaatsen van een bestelling via onze website ontvang je direct een bevestigingsmail. Deze kan mogelijk in je spambox<\/p>","protected":false},"author":1,"featured_media":0,"parent":0,"menu_order":0,"comment_status":"closed","ping_status":"closed","template":"","meta":{"footnotes":""},"class_list":["post-25980","page","type-page","status-publish","hentry"],"_links":{"self":[{"href":"https:\/\/globalsourcechemicals.com\/nb\/wp-json\/wp\/v2\/pages\/25980","targetHints":{"allow":["GET"]}}],"collection":[{"href":"https:\/\/globalsourcechemicals.com\/nb\/wp-json\/wp\/v2\/pages"}],"about":[{"href":"https:\/\/globalsourcechemicals.com\/nb\/wp-json\/wp\/v2\/types\/page"}],"author":[{"embeddable":true,"href":"https:\/\/globalsourcechemicals.com\/nb\/wp-json\/wp\/v2\/users\/1"}],"replies":[{"embeddable":true,"href":"https:\/\/globalsourcechemicals.com\/nb\/wp-json\/wp\/v2\/comments?post=25980"}],"version-history":[{"count":2,"href":"https:\/\/globalsourcechemicals.com\/nb\/wp-json\/wp\/v2\/pages\/25980\/revisions"}],"predecessor-version":[{"id":28542,"href":"https:\/\/globalsourcechemicals.com\/nb\/wp-json\/wp\/v2\/pages\/25980\/revisions\/28542"}],"wp:attachment":[{"href":"https:\/\/globalsourcechemicals.com\/nb\/wp-json\/wp\/v2\/media?parent=25980"}],"curies":[{"name":"wp","href":"https:\/\/api.w.org\/{rel}","templated":true}]}}