{"id":24905,"date":"2025-04-13T17:43:41","date_gmt":"2025-04-13T17:43:41","guid":{"rendered":"https:\/\/globalsourcechemicals.com\/?post_type=product&#038;p=24905"},"modified":"2025-10-02T15:06:24","modified_gmt":"2025-10-02T15:06:24","slug":"meai","status":"publish","type":"product","link":"https:\/\/globalsourcechemicals.com\/it\/negozio\/meai\/meai\/","title":{"rendered":"MEAI"},"content":{"rendered":"<p class=\"ds-markdown-paragraph\"><strong>MEAI (5-metossi-2-amminoindano) \u2013 Composto di ricerca innovativo per studi scientifici<\/strong><\/p>\n<h3><strong>Che cosa \u00e8 MEAI?<\/strong><\/h3>\n<p class=\"ds-markdown-paragraph\">Il MEAI (5-metossi-2-amminoindano) \u00e8 una sostanza chimica di ricerca unica, con una struttura chimica interessante che ha suscitato interesse scientifico in diversi ambiti. Questa sostanza viene utilizzata esclusivamente in ambienti di ricerca controllati.<\/p>\n<h3><strong>Perch\u00e9 scegliere i nostri prodotti MEAI?<\/strong><\/h3>\n<p class=\"ds-markdown-paragraph\">\u2714\u00a0<strong>Alta purezza<\/strong>\u00a0\u2013 Testato analiticamente per coerenza e qualit\u00e0<br \/>\n\u2714\u00a0<strong>Formulazione di precisione<\/strong>\u00a0\u2013 Dosaggio preciso per risultati riproducibili<br \/>\n\u2714\u00a0<strong>Potenziale di ricerca multidisciplinare<\/strong>\u00a0\u2013 Adatto a varie applicazioni scientifiche<br \/>\n\u2714\u00a0<strong>Imballaggio sicuro<\/strong>\u00a0\u2013 Conservazione professionale in imballaggi ermetici e leggeri<\/p>\n<h3><strong>Applicazioni scientifiche<\/strong><\/h3>\n<p class=\"ds-markdown-paragraph\">MEAI pu\u00f2 essere rilevante per la ricerca su:<\/p>\n<ul>\n<li>\n<p class=\"ds-markdown-paragraph\">Interazioni neurochimiche<\/p>\n<\/li>\n<li>\n<p class=\"ds-markdown-paragraph\">Studi di impatto comportamentale<\/p>\n<\/li>\n<li>\n<p class=\"ds-markdown-paragraph\">Ricerca sul legame dei recettori<\/p>\n<\/li>\n<li>\n<p class=\"ds-markdown-paragraph\">Analisi farmacologiche comparative<\/p>\n<\/li>\n<\/ul>\n<h3><strong>Sicurezza e maneggevolezza<\/strong><\/h3>\n<ul>\n<li>\n<p class=\"ds-markdown-paragraph\"><strong>Solo per scopi di ricerca<\/strong><\/p>\n<\/li>\n<li>\n<p class=\"ds-markdown-paragraph\">Richiede un ambiente di laboratorio controllato<\/p>\n<\/li>\n<li>\n<p class=\"ds-markdown-paragraph\">Si raccomanda l&#039;uso di dispositivi di protezione individuale<\/p>\n<\/li>\n<li>\n<p class=\"ds-markdown-paragraph\">Tenere fuori dalla portata di persone non autorizzate<\/p>\n<\/li>\n<\/ul>\n<h3><strong>Informazioni sull&#039;ordine<\/strong><\/h3>\n<ul>\n<li>\n<p class=\"ds-markdown-paragraph\">Disponibile in diverse quantit\u00e0<\/p>\n<\/li>\n<li>\n<p class=\"ds-markdown-paragraph\">Spedizione discreta con tracciamento<\/p>\n<\/li>\n<li>\n<p class=\"ds-markdown-paragraph\">Solo per ricercatori e istituzioni qualificate<\/p>\n<\/li>\n<\/ul>\n<h3><strong>Stato legale<\/strong><\/h3>\n<p class=\"ds-markdown-paragraph\">Lo status legale di MEAI varia a seconda del Paese. \u00c8 responsabilit\u00e0 del ricercatore rispettare le leggi locali. Questo prodotto \u00e8\u00a0<strong>non destinato al consumo umano<\/strong>.<\/p>\n<p class=\"ds-markdown-paragraph\"><strong>Avvertenza importante:<\/strong><br \/>\nQuesto prodotto \u00e8 destinato esclusivamente alla ricerca scientifica. Un uso improprio pu\u00f2 essere pericoloso. Tenere fuori dalla portata di bambini e animali. <a href=\"https:\/\/globalsourcechemicals.com\/it\/negozio\/iboga-ibogaina\/corteccia-di-radice-di-iboga\/\">Corteccia di radice di iboga<\/a><a href=\"https:\/\/globalsourcechemicals.com\/it\/negozio\/iboga-ibogaina\/acquistare-ibogaina-cloridrato-online\/\">Acquista Ibogaina HCL<\/a><a href=\"https:\/\/globalsourcechemicals.com\/it\/negozio\/lisergamidi\/1-cp-di-lsd-150-mcg\/\">1cP-LSD 150 MCG Art Blotters<\/a><a href=\"https:\/\/globalsourcechemicals.com\/it\/negozio\/pellet-2\/o-pellet-dsmt-50mg\/\">Pellet di O-DSMT da 50 mg<\/a><a href=\"https:\/\/globalsourcechemicals.com\/it\/negozio\/lisergamidi\/1v-lsd-150-mcg-blotters\/\">Blotter 1V-LSD 150 MCG<\/a><\/p>","protected":false},"excerpt":{"rendered":"<h3><span data-sheets-value=\"{\" data-sheets-userformat=\"{\">Propriet\u00e0 MEAI<\/span><\/h3>\n<p><strong>Sinonimo:<\/strong> 5-metossi-2-amminoindano, 5-MeO-Al, Chaperon<br \/>\n<strong>Numero CAS:<\/strong> 73305-09-6<br \/>\n<strong>Formula:<\/strong> <span title=\"Carbonio\">C<\/span><sub>10<\/sub><span title=\"Idrogeno\">H<\/span><sub>13<\/sub><span title=\"Azoto\">N<\/span><span title=\"Ossigeno\">O<\/span><br \/>\n<strong>Massa molare:<\/strong> 163,220 g\/mol<br \/>\n<strong>Purezza:<\/strong> &gt;98%<\/p>","protected":false},"featured_media":27908,"comment_status":"closed","ping_status":"closed","template":"","meta":[],"product_brand":[],"product_cat":[424,336],"product_tag":[603,326],"class_list":{"0":"post-24905","1":"product","2":"type-product","3":"status-publish","4":"has-post-thumbnail","6":"product_cat-meai","7":"product_cat-overig","8":"product_tag-meai","9":"product_tag-nl","11":"first","12":"instock","13":"taxable","14":"shipping-taxable","15":"purchasable","16":"product-type-variable"},"_links":{"self":[{"href":"https:\/\/globalsourcechemicals.com\/it\/wp-json\/wp\/v2\/product\/24905","targetHints":{"allow":["GET"]}}],"collection":[{"href":"https:\/\/globalsourcechemicals.com\/it\/wp-json\/wp\/v2\/product"}],"about":[{"href":"https:\/\/globalsourcechemicals.com\/it\/wp-json\/wp\/v2\/types\/product"}],"replies":[{"embeddable":true,"href":"https:\/\/globalsourcechemicals.com\/it\/wp-json\/wp\/v2\/comments?post=24905"}],"version-history":[{"count":4,"href":"https:\/\/globalsourcechemicals.com\/it\/wp-json\/wp\/v2\/product\/24905\/revisions"}],"predecessor-version":[{"id":26289,"href":"https:\/\/globalsourcechemicals.com\/it\/wp-json\/wp\/v2\/product\/24905\/revisions\/26289"}],"wp:featuredmedia":[{"embeddable":true,"href":"https:\/\/globalsourcechemicals.com\/it\/wp-json\/wp\/v2\/media\/27908"}],"wp:attachment":[{"href":"https:\/\/globalsourcechemicals.com\/it\/wp-json\/wp\/v2\/media?parent=24905"}],"wp:term":[{"taxonomy":"product_brand","embeddable":true,"href":"https:\/\/globalsourcechemicals.com\/it\/wp-json\/wp\/v2\/product_brand?post=24905"},{"taxonomy":"product_cat","embeddable":true,"href":"https:\/\/globalsourcechemicals.com\/it\/wp-json\/wp\/v2\/product_cat?post=24905"},{"taxonomy":"product_tag","embeddable":true,"href":"https:\/\/globalsourcechemicals.com\/it\/wp-json\/wp\/v2\/product_tag?post=24905"}],"curies":[{"name":"wp","href":"https:\/\/api.w.org\/{rel}","templated":true}]}}