{"id":24271,"date":"2025-04-13T17:41:22","date_gmt":"2025-04-13T17:41:22","guid":{"rendered":"https:\/\/globalsourcechemicals.com\/?post_type=product&#038;p=24271"},"modified":"2025-10-02T17:41:48","modified_gmt":"2025-10-02T17:41:48","slug":"bromonordiazepam-25-mg-granuli","status":"publish","type":"product","link":"https:\/\/globalsourcechemicals.com\/it\/negozio\/benzodiazepine\/bromonordiazepam-25-mg-granuli\/","title":{"rendered":"Bromonordiazepam 2,5 mg granuli"},"content":{"rendered":"<h2><span data-sheets-value=\"{\" data-sheets-userformat=\"{\">Granuli di bromonordiazepam da 2,5 mg<br \/>\n<\/span><\/h2>\n<p>Ecco i pellet pi\u00f9 nuovi della gamma Professor.nl! Questi pellet contengono 2,5 MG di principio attivo (Bromonordiazepam 2,5 MG). bromonordiazepam , effetto bromonordiazepam , forum sui farmaci bromonordiazepam, esperienze con bromonordiazepam, forum sui farmaci bromonordiazepam<\/p>\n<p><strong>Questi pellet di Bromonordiazepam da 2,5 MG provengono dalla nostra produzione e sono della massima qualit\u00e0; questi pellet contengono 2,5 milligrammi di principio attivo (bromonordiazepam). Ogni pallino ha un diametro di circa 8 mm con una linea di rottura. Questi pellet di bromonordiazepam sono confezionati in blister da 10 pezzi per garantirne la freschezza e sono forniti in una pratica scatola da 5 blister.\u00a0<\/strong><\/p>\n<p>Il bromonordiazepam \u00e8 una sostanza che viene venduta solo a scopo di ricerca e pertanto non \u00e8 destinata al consumo.<a href=\"https:\/\/globalsourcechemicals.com\/it\/negozio\/catinoni\/%f0%9f%92%a1-2-mmc-polvere-cristallina-per-tutte-le-domande-e-risposte-per-lacquisto\/\">2-CMC 250 mg in pellet<\/a> , ,<a href=\"https:\/\/globalsourcechemicals.com\/it\/negozio\/pellet-2\/erextc-omosildenafil-100-mg-pellet\/\">EREXTC Homosildenafil 100 MG Pellets<\/a>\u00a0 ,\u00a0 <a href=\"https:\/\/globalsourcechemicals.com\/it\/negozio\/vietato\/mdphp-kopen-poeder-freebase\/\">Polvere MDPHP (base libera)<\/a><\/p>\n<p>Il bromonordiazepam mantiene la sua stabilit\u00e0 fino a 2 anni se conservato in un ambiente appropriato. Il bromonordiazepam \u00e8 destinato alla ricerca e non al consumo. Pertanto \u00e8 importante tenere il prodotto fuori dalla portata dei bambini e degli animali domestici.<\/p>\n<p>Offriamo prodotti chimici di ricerca di buona qualit\u00e0 a un prezzo equo. Il tuo ordine verr\u00e0 spedito entro 24 ore tutti i giorni. Pertanto, ordine <em>Bromonordiazepam<\/em> sicuro e veloce tramite p<\/p>\n<h2>Che cos&#039;\u00e8 il bromonordiazepam?<\/h2>\n<p>Il bromonordiazepam \u00e8 una sostanza psicoattiva appartenente alla classe delle benzodiazepine, comunemente utilizzate dietro prescrizione medica per le loro propriet\u00e0 sedative e ansiolitiche. \u00c8 un derivato della benzodiazepina diazepam, con un atomo di bromo legato alla molecola.<\/p>\n<p>Essendo una benzodiazepina, il diazepam bromorroidario agisce sul sistema nervoso centrale legandosi ai recettori GABA nel cervello. Ci\u00f2 determina un aumento dell&#039;attivit\u00e0 del neurotrasmettitore inibitorio GABA, che ha un effetto calmante e rilassante sul corpo e sulla mente. Il bromonordiazepam \u00e8 una benzodiazepina relativamente nuova, di cui si sa ancora poco sui suoi effetti a lungo termine o sul potenziale rischio di abuso. Non \u00e8 comunemente prescritto per uso medico ed \u00e8 utilizzato principalmente come sostanza chimica per la ricerca.<\/p>\n<p>La sintesi del bromonordiazepam e di altre benzodiazepine avviene solitamente in laboratori clandestini e la loro purezza e sicurezza non possono essere garantite. L&#039;uso di questi composti senza supervisione medica pu\u00f2 essere pericoloso e potenzialmente letale.<\/p>\n<h2>Come \u00e8 nato il Bromonordiazapem?<\/h2>\n<p>Il bromonordiazepam \u00e8 un derivato della benzodiazepina diazepam, sintetizzata per la prima volta negli anni &#039;50 dalla casa farmaceutica Hoffmann-La Roche. Il diazepam \u00e8 stato sviluppato per migliorare i barbiturici esistenti, ampiamente utilizzati come sedativi, ma con un elevato rischio di sovradosaggio e dipendenza.<\/p>\n<p>Il diazepam \u00e8 diventato rapidamente popolare come farmaco da prescrizione a causa delle sue propriet\u00e0 sedative e <a href=\"http:\/\/google.nl\" target=\"_blank\" rel=\"noopener\">ansiolitico<\/a> propriet\u00e0 e venne commercializzato con il marchio Valium. Il suo utilizzo aument\u00f2 rapidamente negli anni &#039;60 e &#039;70, quando veniva prescritto per un&#039;ampia gamma di condizioni, tra cui ansia, insonnia, crampi muscolari e astinenza da alcol.<\/p>\n<p>Con l&#039;aumentare della popolarit\u00e0 del diazepam, i ricercatori hanno iniziato a sintetizzare nuovi derivati del farmaco per migliorarne l&#039;efficacia e ridurne gli effetti collaterali. Uno di questi derivati era il bromazepam, sviluppato negli anni &#039;70 e commercializzato con il marchio Lexotanil.<\/p>\n<p>Il bromonordiazepam \u00e8 un derivato del bromazepam, con un atomo di bromo legato alla molecola. \u00c8 probabile che sia stata sintetizzata per la prima volta in laboratori clandestini modificando composti benzodiazepinici gi\u00e0 esistenti, e il suo utilizzo come droga ricreativa \u00e8 emerso negli anni 2000.<\/p>\n<p>La sintesi e la distribuzione del bromonordiazepam e di altre benzodiazepine sintetiche sono illegali nella maggior parte dei paesi e la purezza e la sicurezza di questi composti non possono essere garantite. Il suo utilizzo al di fuori di un contesto medico pu\u00f2 essere pericoloso e potenzialmente letale.<\/p>\n<h3><span data-sheets-value=\"{\" data-sheets-userformat=\"{\">Propriet\u00e0 del bromonordiazepam<\/span><\/h3>\n<p><strong>Sinonimo:<\/strong> Bromonordiazepam<br \/>\n<strong>Numero CAS:<\/strong> 2894-61-3<br \/>\n<strong>Formula:<\/strong> 7-bromo-5-fenil-1,3-diidro-1,4-benzodiazepin-2-one<br \/>\n<strong>Massa molare:<\/strong> 315.16464<br \/>\n<strong>Purezza:<\/strong> &gt;99%<\/p>\n<h3>Dichiarazione di pericolo<\/h3>\n<p>Il bromonordiazepam pu\u00f2 causare irritazione respiratoria<br \/>\nIl bromonordiazepam pu\u00f2 causare irritazione agli occhi.<br \/>\n\u00c8 vietato scaricare nell&#039;ambiente sostanze chimiche utilizzate per la ricerca.<\/p>\n<p>Bromonordiazepam A CONTATTO CON GLI OCCHI: sciacquare accuratamente gli occhi con acqua per cinque minuti. Se possibile, togliere le lenti a contatto.<\/p>\n<p>Bromonordiazepam CONTATTO CON LA PELLE: lavare la pelle con acqua e sapone.<\/p>\n<p>DOPO L&#039;INALAZIONE DI Bromonordiazepam: trasportare la vittima all&#039;aria aperta e mantenerla in una posizione che favorisca la respirazione.<\/p>","protected":false},"excerpt":{"rendered":"<p>Pellet di Bromonordiazepam da 2,5 MG Questi sono i pellet pi\u00f9 recenti nella gamma Professor.nl! Questi pellet sono forniti con 2,5<\/p>","protected":false},"featured_media":27853,"comment_status":"closed","ping_status":"closed","template":"","meta":[],"product_brand":[],"product_cat":[76,385,390,324],"product_tag":[185,326],"class_list":{"0":"post-24271","1":"product","2":"type-product","3":"status-publish","4":"has-post-thumbnail","6":"product_cat-benzodiazepinen","7":"product_cat-bromonordiazepam","8":"product_cat-bromonordiazepam-pellets","9":"product_cat-pellets-for-pellet","10":"product_tag-bromonordiazepam","11":"product_tag-nl","13":"first","14":"instock","15":"taxable","16":"shipping-taxable","17":"purchasable","18":"product-type-variable"},"_links":{"self":[{"href":"https:\/\/globalsourcechemicals.com\/it\/wp-json\/wp\/v2\/product\/24271","targetHints":{"allow":["GET"]}}],"collection":[{"href":"https:\/\/globalsourcechemicals.com\/it\/wp-json\/wp\/v2\/product"}],"about":[{"href":"https:\/\/globalsourcechemicals.com\/it\/wp-json\/wp\/v2\/types\/product"}],"replies":[{"embeddable":true,"href":"https:\/\/globalsourcechemicals.com\/it\/wp-json\/wp\/v2\/comments?post=24271"}],"version-history":[{"count":3,"href":"https:\/\/globalsourcechemicals.com\/it\/wp-json\/wp\/v2\/product\/24271\/revisions"}],"predecessor-version":[{"id":25303,"href":"https:\/\/globalsourcechemicals.com\/it\/wp-json\/wp\/v2\/product\/24271\/revisions\/25303"}],"wp:featuredmedia":[{"embeddable":true,"href":"https:\/\/globalsourcechemicals.com\/it\/wp-json\/wp\/v2\/media\/27853"}],"wp:attachment":[{"href":"https:\/\/globalsourcechemicals.com\/it\/wp-json\/wp\/v2\/media?parent=24271"}],"wp:term":[{"taxonomy":"product_brand","embeddable":true,"href":"https:\/\/globalsourcechemicals.com\/it\/wp-json\/wp\/v2\/product_brand?post=24271"},{"taxonomy":"product_cat","embeddable":true,"href":"https:\/\/globalsourcechemicals.com\/it\/wp-json\/wp\/v2\/product_cat?post=24271"},{"taxonomy":"product_tag","embeddable":true,"href":"https:\/\/globalsourcechemicals.com\/it\/wp-json\/wp\/v2\/product_tag?post=24271"}],"curies":[{"name":"wp","href":"https:\/\/api.w.org\/{rel}","templated":true}]}}