{"id":24084,"date":"2025-04-13T17:41:00","date_gmt":"2025-04-13T17:41:00","guid":{"rendered":"https:\/\/globalsourcechemicals.com\/?post_type=product&#038;p=24084"},"modified":"2025-10-02T18:03:29","modified_gmt":"2025-10-02T18:03:29","slug":"pellet-di-pagoclone","status":"publish","type":"product","link":"https:\/\/globalsourcechemicals.com\/it\/negozio\/altro\/pellet-di-pagoclone\/","title":{"rendered":"Pellet di Pagoclone da 10 mg"},"content":{"rendered":"<h1>Pellet di Pagoclone 10 mg \u2013 Una sostanza di ricerca affidabile per studi scientifici<\/h1>\n<p><strong>Pellet di Pagoclone da 10 mg<\/strong> Fornire ai ricercatori un composto dosato con precisione e di alta qualit\u00e0 per studi farmacologici. Questi pellet sono ottimizzati per la ricerca scientifica sulle propriet\u00e0 ansiolitiche e sedative, con un dosaggio costante di <strong>10 mg per unit\u00e0<\/strong> per risultati riproducibili.<\/p>\n<h2>Che cosa \u00e8 il Pagoclone?<\/h2>\n<p>Il Pagoclone appartiene alla cosiddetta <strong>Farmaci Z<\/strong>, una classe di composti strutturalmente correlati alle benzodiazepine ma con un meccanismo d&#039;azione unico. \u00c8 oggetto di studio per il suo potenziale <strong>effetti anti-ansia e calmanti<\/strong>, senza la forte sedazione che spesso provocano le benzodiazepine tradizionali.<\/p>\n<h2>Perch\u00e9 scegliere i pellet di Pagoclone da 10 mg?<\/h2>\n<ul>\n<li><strong>Dosaggio accurato<\/strong> \u2013 Ogni pellet contiene esattamente <strong>Pagoclone 10 mg<\/strong>, rendendo superfluo il dosaggio volumetrico.<\/li>\n<li><strong>Qualit\u00e0 di livello farmaceutico<\/strong> \u2013 Prodotto in rigorose condizioni di laboratorio per una purezza ottimale.<\/li>\n<li><strong>Facile da usare<\/strong> \u2013 La forma in pellet consente una facile somministrazione nei test sugli animali e in altri modelli di ricerca.<\/li>\n<li><strong>Composizione stabile<\/strong> \u2013 La confezione leggera ed ermetica garantisce una lunga conservazione.<\/li>\n<\/ul>\n<h2>Applicazioni nella ricerca scientifica<\/h2>\n<p>Il pagoclone \u00e8 in fase di studio per la sua interazione con <strong>Recettori GABA_A<\/strong>, che possono essere di interesse per la ricerca su:<\/p>\n<ul>\n<li>Effetti di modulazione dell&#039;ansia<\/li>\n<li>Studi correlati al sonno<\/li>\n<li>Farmacologia comparata con le benzodiazepine<\/li>\n<\/ul>\n<h2>Uso sicuro e responsabile<\/h2>\n<ul>\n<li><strong>Solo per scopi di ricerca<\/strong> \u2013 Non destinato al consumo umano o animale.<\/li>\n<li><strong>Conservare in un ambiente fresco e asciutto<\/strong> \u2013 Tenere fuori dalla portata dei bambini e delle persone non autorizzate.<\/li>\n<li><strong>Seguire sempre i protocolli per un utilizzo sicuro in laboratorio<\/strong> \u2013 Indossare adeguati dispositivi di protezione individuale durante la manipolazione.<\/li>\n<\/ul>\n<h2>Ordina ora per risultati di ricerca affidabili<\/h2>\n<p>Per gli scienziati che cercano un <strong>materiale di ricerca coerente e di alta qualit\u00e0<\/strong>Questi pellet di Pagoclone da 10 mg offrono una soluzione ideale. Ordinali oggi stesso ed esplora le possibilit\u00e0 farmacologiche di questo composto unico!<\/p>\n<p><em>Nota: questo prodotto \u00e8 destinato esclusivamente a scopi di ricerca legalmente consentiti. Non adatto al consumo. Verificare prima dell&#039;acquisto. <a href=\"http:\/\/google.nl\" target=\"_blank\" rel=\"noopener\">IL<\/a> leggi applicabili nella tua regione.<\/em><\/p>\n<p><strong><a title=\"Blotter 1V-LSD 150 MCG\" href=\"https:\/\/globalsourcechemicals.com\/it\/negozio\/lisergamidi\/1v-lsd-150-mcg-blotters\/\" target=\"_blank\" rel=\"noopener\">Blotter 1V-LSD 150 MCG<\/a> <\/strong><a title=\"2-CMC 250 mg in pellet\" href=\"https:\/\/globalsourcechemicals.com\/it\/negozio\/catinoni\/%f0%9f%92%a1-2-mmc-polvere-cristallina-per-tutte-le-domande-e-risposte-per-lacquisto\/\" target=\"_blank\" rel=\"noopener\">2-CMC 250 mg in pellet <\/a><a title=\"Capsule 2C-EF da 2 mg\" href=\"https:\/\/globalsourcechemicals.com\/it\/negozio\/fenetilammina\/capsule-2c-ef-2mg\/\" target=\"_blank\" rel=\"noopener\">Capsule 2C-EF da 2 mg<\/a><\/p>","protected":false},"excerpt":{"rendered":"<p>Pellet di Pagoclone da 10 mg: una sostanza di ricerca affidabile per studi scientifici I pellet di Pagoclone da 10 mg offrono ai ricercatori una sostanza dosata con precisione e di alta qualit\u00e0<\/p>","protected":false},"featured_media":27936,"comment_status":"closed","ping_status":"closed","template":"","meta":[],"product_brand":[82],"product_cat":[336,367,484,324],"product_tag":[326,665],"class_list":{"0":"post-24084","1":"product","2":"type-product","3":"status-publish","4":"has-post-thumbnail","6":"product_brand-research-chemical","7":"product_cat-overig","8":"product_cat-pagoclone","9":"product_cat-pagoclone-pellets","10":"product_cat-pellets-for-pellet","11":"product_tag-nl","12":"product_tag-pagoclone","14":"first","15":"instock","16":"taxable","17":"shipping-taxable","18":"purchasable","19":"product-type-variable"},"_links":{"self":[{"href":"https:\/\/globalsourcechemicals.com\/it\/wp-json\/wp\/v2\/product\/24084","targetHints":{"allow":["GET"]}}],"collection":[{"href":"https:\/\/globalsourcechemicals.com\/it\/wp-json\/wp\/v2\/product"}],"about":[{"href":"https:\/\/globalsourcechemicals.com\/it\/wp-json\/wp\/v2\/types\/product"}],"replies":[{"embeddable":true,"href":"https:\/\/globalsourcechemicals.com\/it\/wp-json\/wp\/v2\/comments?post=24084"}],"version-history":[{"count":4,"href":"https:\/\/globalsourcechemicals.com\/it\/wp-json\/wp\/v2\/product\/24084\/revisions"}],"predecessor-version":[{"id":26432,"href":"https:\/\/globalsourcechemicals.com\/it\/wp-json\/wp\/v2\/product\/24084\/revisions\/26432"}],"wp:featuredmedia":[{"embeddable":true,"href":"https:\/\/globalsourcechemicals.com\/it\/wp-json\/wp\/v2\/media\/27936"}],"wp:attachment":[{"href":"https:\/\/globalsourcechemicals.com\/it\/wp-json\/wp\/v2\/media?parent=24084"}],"wp:term":[{"taxonomy":"product_brand","embeddable":true,"href":"https:\/\/globalsourcechemicals.com\/it\/wp-json\/wp\/v2\/product_brand?post=24084"},{"taxonomy":"product_cat","embeddable":true,"href":"https:\/\/globalsourcechemicals.com\/it\/wp-json\/wp\/v2\/product_cat?post=24084"},{"taxonomy":"product_tag","embeddable":true,"href":"https:\/\/globalsourcechemicals.com\/it\/wp-json\/wp\/v2\/product_tag?post=24084"}],"curies":[{"name":"wp","href":"https:\/\/api.w.org\/{rel}","templated":true}]}}