{"id":23595,"date":"2025-04-13T17:40:01","date_gmt":"2025-04-13T17:40:01","guid":{"rendered":"https:\/\/globalsourcechemicals.com\/?post_type=product&#038;p=23595"},"modified":"2025-10-03T07:27:57","modified_gmt":"2025-10-03T07:27:57","slug":"ordinare-pellet-di-lsd","status":"publish","type":"product","link":"https:\/\/globalsourcechemicals.com\/it\/negozio\/1p-lsd-20-mcg-blotters\/ordinare-pellet-di-lsd\/","title":{"rendered":"Pellet 1P-LSD da 150 MCG"},"content":{"rendered":"<h3><span dir=\"auto\" style=\"vertical-align: inherit;\"><span dir=\"auto\" style=\"vertical-align: inherit;\">Ordina pellet LSD 1P-LSD 150 MCG: qualit\u00e0 premium per la ricerca scientifica<\/span><\/span><\/h3>\n<h4><span dir=\"auto\" style=\"vertical-align: inherit;\"><span dir=\"auto\" style=\"vertical-align: inherit;\">Introduzione<\/span><\/span><\/h4>\n<p><span dir=\"auto\" style=\"vertical-align: inherit;\"><span dir=\"auto\" style=\"vertical-align: inherit;\">Ordina LSD, 1P-LSD (dietilamide dell&#039;acido 1-propionil-lisergico) \u00e8 <\/span><\/span><a href=\"http:\/\/google.nl\" target=\"_blank\" rel=\"noopener\"><span dir=\"auto\" style=\"vertical-align: inherit;\"><span dir=\"auto\" style=\"vertical-align: inherit;\">UN<\/span><\/span><\/a><span dir=\"auto\" style=\"vertical-align: inherit;\"><span dir=\"auto\" style=\"vertical-align: inherit;\"> Sostanza chimica di ricerca strutturalmente correlata all&#039;LSD. I nostri pellet 1P-LSD da 150 MCG offrono un&#039;opzione affidabile e dosata con precisione per studi scientifici. Questi pellet sono progettati con precisione per garantire consistenza e purezza, essenziali per la ricerca farmacologica e neurochimica.<\/span><\/span><\/p>\n<h4><span dir=\"auto\" style=\"vertical-align: inherit;\"><span dir=\"auto\" style=\"vertical-align: inherit;\">Caratteristiche del prodotto<\/span><\/span><\/h4>\n<ul>\n<li><strong><span dir=\"auto\" style=\"vertical-align: inherit;\"><span dir=\"auto\" style=\"vertical-align: inherit;\">Dosaggio di precisione<\/span><\/span><\/strong><span dir=\"auto\" style=\"vertical-align: inherit;\"><span dir=\"auto\" style=\"vertical-align: inherit;\"> : Ogni pellet contiene esattamente 150 microgrammi di 1P-LSD per risultati di ricerca riproducibili<\/span><\/span><\/li>\n<li><strong><span dir=\"auto\" style=\"vertical-align: inherit;\"><span dir=\"auto\" style=\"vertical-align: inherit;\">Alta purezza<\/span><\/span><\/strong><span dir=\"auto\" style=\"vertical-align: inherit;\"><span dir=\"auto\" style=\"vertical-align: inherit;\"> : Testato analiticamente con impurit\u00e0 minime per dati scientifici affidabili<\/span><\/span><\/li>\n<li><strong><span dir=\"auto\" style=\"vertical-align: inherit;\"><span dir=\"auto\" style=\"vertical-align: inherit;\">Facile da usare<\/span><\/span><\/strong><span dir=\"auto\" style=\"vertical-align: inherit;\"><span dir=\"auto\" style=\"vertical-align: inherit;\"> : I pellet semplificano il dosaggio e la manipolazione in condizioni di laboratorio<\/span><\/span><\/li>\n<li><strong><span dir=\"auto\" style=\"vertical-align: inherit;\"><span dir=\"auto\" style=\"vertical-align: inherit;\">Imballaggio professionale<\/span><\/span><\/strong><span dir=\"auto\" style=\"vertical-align: inherit;\"><span dir=\"auto\" style=\"vertical-align: inherit;\"> : Imballaggio leggero e povero di ossigeno per una stabilit\u00e0 ottimale e una lunga durata di conservazione.<\/span><\/span><\/li>\n<\/ul>\n<h4><span dir=\"auto\" style=\"vertical-align: inherit;\"><span dir=\"auto\" style=\"vertical-align: inherit;\">Applicazioni nella ricerca<\/span><\/span><\/h4>\n<p><span dir=\"auto\" style=\"vertical-align: inherit;\"><span dir=\"auto\" style=\"vertical-align: inherit;\">L&#039;1P-LSD \u00e8 oggetto di studio in ambito scientifico per le sue potenziali interazioni con i recettori della serotonina. I ricercatori ne stanno studiando le propriet\u00e0 farmacologiche e i potenziali effetti sul sistema nervoso centrale in ambienti controllati. Questo prodotto \u00e8 destinato esclusivamente alla ricerca in vitro e preclinica e non \u00e8 destinato al consumo umano.<\/span><\/span><\/p>\n<h4><span dir=\"auto\" style=\"vertical-align: inherit;\"><span dir=\"auto\" style=\"vertical-align: inherit;\">Informazioni sulla sicurezza<\/span><\/span><\/h4>\n<ul>\n<li><strong><span dir=\"auto\" style=\"vertical-align: inherit;\"><span dir=\"auto\" style=\"vertical-align: inherit;\">Solo per uso di ricerca<\/span><\/span><\/strong><span dir=\"auto\" style=\"vertical-align: inherit;\"><span dir=\"auto\" style=\"vertical-align: inherit;\"> : Non destinato ad usi medicinali, ricreativi o altri usi al di fuori della ricerca scientifica.<\/span><\/span><\/li>\n<li><strong><span dir=\"auto\" style=\"vertical-align: inherit;\"><span dir=\"auto\" style=\"vertical-align: inherit;\">Precauzioni di sicurezza<\/span><\/span><\/strong><span dir=\"auto\" style=\"vertical-align: inherit;\"><span dir=\"auto\" style=\"vertical-align: inherit;\"> : Utilizzare sempre dispositivi di protezione individuale (guanti, camice, occhiali di sicurezza) durante la manipolazione<\/span><\/span><\/li>\n<li><strong><span dir=\"auto\" style=\"vertical-align: inherit;\"><span dir=\"auto\" style=\"vertical-align: inherit;\">Condizioni di conservazione<\/span><\/span><\/strong><span dir=\"auto\" style=\"vertical-align: inherit;\"><span dir=\"auto\" style=\"vertical-align: inherit;\"> : Conservare in un ambiente fresco e asciutto, al riparo dalla luce e fuori dalla portata di persone non autorizzate.<\/span><\/span><\/li>\n<\/ul>\n<h4><span dir=\"auto\" style=\"vertical-align: inherit;\"><span dir=\"auto\" style=\"vertical-align: inherit;\">Perch\u00e9 scegliere i nostri pellet 1P-LSD?<\/span><\/span><\/h4>\n<p><span dir=\"auto\" style=\"vertical-align: inherit;\"><span dir=\"auto\" style=\"vertical-align: inherit;\">I nostri prodotti sono realizzati sotto rigorosi controlli di qualit\u00e0 e includono certificati analitici dettagliati. I pellet 1P-LSD 150 MCG forniscono ai ricercatori un mezzo standardizzato e affidabile per gli esperimenti scientifici.<\/span><\/span><\/p>\n<h4><span dir=\"auto\" style=\"vertical-align: inherit;\"><span dir=\"auto\" style=\"vertical-align: inherit;\">Ordina ora per risultati di ricerca affidabili<\/span><\/span><\/h4>\n<p><span dir=\"auto\" style=\"vertical-align: inherit;\"><span dir=\"auto\" style=\"vertical-align: inherit;\">Per domande sulle specifiche o sulle applicazioni, contattate il nostro team di esperti.<\/span><\/span><\/p>\n<p><strong><span dir=\"auto\" style=\"vertical-align: inherit;\"><span dir=\"auto\" style=\"vertical-align: inherit;\">Nota importante<\/span><\/span><\/strong><span dir=\"auto\" style=\"vertical-align: inherit;\"><span dir=\"auto\" style=\"vertical-align: inherit;\"> : Questo prodotto \u00e8 destinato esclusivamente a scopi di ricerca legalmente consentiti. Prima dell&#039;acquisto, si prega di verificare le leggi applicabili nella propria regione. <\/span><\/span><a href=\"https:\/\/globalsourcechemicals.com\/it\/negozio\/iboga-ibogaina\/corteccia-di-radice-di-iboga\/\"><span dir=\"auto\" style=\"vertical-align: inherit;\"><span dir=\"auto\" style=\"vertical-align: inherit;\">corteccia di radice di iboga<\/span><\/span><\/a><a href=\"https:\/\/globalsourcechemicals.com\/it\/negozio\/iboga-ibogaina\/acquistare-ibogaina-cloridrato-online\/\"><span dir=\"auto\" style=\"vertical-align: inherit;\"><span dir=\"auto\" style=\"vertical-align: inherit;\">acquista ibogaina hcl online<\/span><\/span><\/a><a href=\"https:\/\/globalsourcechemicals.com\/it\/negozio\/pellet-2\/o-pellet-dsmt-50mg\/\"><span dir=\"auto\" style=\"vertical-align: inherit;\"><span dir=\"auto\" style=\"vertical-align: inherit;\">\u200b o-dsmt <\/span><\/span><\/a><a href=\"https:\/\/globalsourcechemicals.com\/it\/negozio\/lisergamidi\/1v-lsd-150-mcg-blotters\/\"><span dir=\"auto\" style=\"vertical-align: inherit;\"><span dir=\"auto\" style=\"vertical-align: inherit;\">1vlsd<\/span><\/span><\/a><a href=\"https:\/\/globalsourcechemicals.com\/it\/negozio\/lisergamidi\/1-cp-di-lsd-150-mcg\/\"><span dir=\"auto\" style=\"vertical-align: inherit;\"><span dir=\"auto\" style=\"vertical-align: inherit;\">1 cp di LSD<\/span><\/span><\/a><\/p>","protected":false},"excerpt":{"rendered":"<h2><span dir=\"auto\" style=\"vertical-align: inherit;\"><span dir=\"auto\" style=\"vertical-align: inherit;\">1P-LSD 150 MCG Pellets properties<\/span><\/span><\/h2>\n<p><strong><span dir=\"auto\" style=\"vertical-align: inherit;\"><span dir=\"auto\" style=\"vertical-align: inherit;\">Synonyms<\/span><\/span><\/strong><span dir=\"auto\" style=\"vertical-align: inherit;\"><span dir=\"auto\" style=\"vertical-align: inherit;\"> : N,N-diethyl-7-methyl-4-propanoyl-6,6a,8,9-tetrahydroindolo[4,3-fg]quinoline-9-carboxamide <\/span><\/span><br \/>\n<strong><span dir=\"auto\" style=\"vertical-align: inherit;\"><span dir=\"auto\" style=\"vertical-align: inherit;\">CAS Number<\/span><\/span><\/strong><span dir=\"auto\" style=\"vertical-align: inherit;\"><span dir=\"auto\" style=\"vertical-align: inherit;\"> : 2349358-81-0 <\/span><\/span><br \/>\n<strong><span dir=\"auto\" style=\"vertical-align: inherit;\"><span dir=\"auto\" style=\"vertical-align: inherit;\">Formula<\/span><\/span><\/strong><span dir=\"auto\" style=\"vertical-align: inherit;\"><span dir=\"auto\" style=\"vertical-align: inherit;\"> : C23H29N3O2 <\/span><\/span><br \/>\n<strong><span dir=\"auto\" style=\"vertical-align: inherit;\"><span dir=\"auto\" style=\"vertical-align: inherit;\">Molar mass<\/span><\/span><\/strong><span dir=\"auto\" style=\"vertical-align: inherit;\"><span dir=\"auto\" style=\"vertical-align: inherit;\"> : 379.5 g\/mol <\/span><\/span><br \/>\n<strong><span dir=\"auto\" style=\"vertical-align: inherit;\"><span dir=\"auto\" style=\"vertical-align: inherit;\">Purity<\/span><\/span><\/strong><span dir=\"auto\" style=\"vertical-align: inherit;\"><span dir=\"auto\" style=\"vertical-align: inherit;\"> : \u226599.3%<\/span><\/span><\/p>\n","protected":false},"featured_media":27746,"comment_status":"closed","ping_status":"closed","template":"","meta":[],"product_brand":[82],"product_cat":[363,379,358,324],"product_tag":[774,326],"class_list":{"0":"post-23595","1":"product","2":"type-product","3":"status-publish","4":"has-post-thumbnail","6":"product_brand-research-chemical","7":"product_cat-1p-lsd-kopen","8":"product_cat-1p-lsd-pellets","9":"product_cat-lysergamides","10":"product_cat-pellets-for-pellet","11":"product_tag-lsd-bestellen","12":"product_tag-nl","14":"first","15":"instock","16":"taxable","17":"shipping-taxable","18":"purchasable","19":"product-type-variable"},"_links":{"self":[{"href":"https:\/\/globalsourcechemicals.com\/it\/wp-json\/wp\/v2\/product\/23595","targetHints":{"allow":["GET"]}}],"collection":[{"href":"https:\/\/globalsourcechemicals.com\/it\/wp-json\/wp\/v2\/product"}],"about":[{"href":"https:\/\/globalsourcechemicals.com\/it\/wp-json\/wp\/v2\/types\/product"}],"replies":[{"embeddable":true,"href":"https:\/\/globalsourcechemicals.com\/it\/wp-json\/wp\/v2\/comments?post=23595"}],"version-history":[{"count":5,"href":"https:\/\/globalsourcechemicals.com\/it\/wp-json\/wp\/v2\/product\/23595\/revisions"}],"predecessor-version":[{"id":28069,"href":"https:\/\/globalsourcechemicals.com\/it\/wp-json\/wp\/v2\/product\/23595\/revisions\/28069"}],"wp:featuredmedia":[{"embeddable":true,"href":"https:\/\/globalsourcechemicals.com\/it\/wp-json\/wp\/v2\/media\/27746"}],"wp:attachment":[{"href":"https:\/\/globalsourcechemicals.com\/it\/wp-json\/wp\/v2\/media?parent=23595"}],"wp:term":[{"taxonomy":"product_brand","embeddable":true,"href":"https:\/\/globalsourcechemicals.com\/it\/wp-json\/wp\/v2\/product_brand?post=23595"},{"taxonomy":"product_cat","embeddable":true,"href":"https:\/\/globalsourcechemicals.com\/it\/wp-json\/wp\/v2\/product_cat?post=23595"},{"taxonomy":"product_tag","embeddable":true,"href":"https:\/\/globalsourcechemicals.com\/it\/wp-json\/wp\/v2\/product_tag?post=23595"}],"curies":[{"name":"wp","href":"https:\/\/api.w.org\/{rel}","templated":true}]}}