{"id":27216,"date":"2025-08-14T11:20:44","date_gmt":"2025-08-14T11:20:44","guid":{"rendered":"https:\/\/globalsourcechemicals.com\/?page_id=27216"},"modified":"2025-10-13T09:52:58","modified_gmt":"2025-10-13T09:52:58","slug":"ritorno","status":"publish","type":"page","link":"https:\/\/globalsourcechemicals.com\/it\/ritorno\/","title":{"rendered":"Resi"},"content":{"rendered":"<p><strong>Politica di ritorno<\/strong><\/p>\n\n\n\n<p>Ai sensi della legge sulle vendite a distanza, i consumatori hanno diritto a un periodo di riflessione di 14 giorni a partire dal giorno di ricezione del prodotto quando effettuano acquisti online. Durante questo periodo, il consumatore pu\u00f2 restituire il prodotto senza fornire alcuna motivazione.<\/p>\n\n\n\n<p><strong>Termini e Condizioni<\/strong><\/p>\n\n\n\n<p>L&#039;esercizio del diritto di recesso \u00e8 soggetto a determinate disposizioni di legge. Durante il periodo di recesso, il consumatore \u00e8 tenuto a maneggiare con cura sia il prodotto sia la sua confezione. Il prodotto pu\u00f2 essere disimballato o utilizzato solo nella misura necessaria a valutare se il consumatore desidera conservarlo. In caso di esercizio del diritto di recesso, il prodotto dovr\u00e0 essere restituito a globalsourcechemicals.com corredato di tutti gli accessori forniti, nelle condizioni e nella confezione originali.<\/p>\n\n\n\n<p>Non \u00e8 possibile ottenere un rimborso completo per i prodotti restituiti danneggiati, incompleti o molto utilizzati.<\/p>\n\n\n\n<p>I costi e i rischi della spedizione di ritorno sono a carico del cliente. globalsourcechemicals.com \u00e8 tenuta a rimborsare l&#039;importo pagato, escluse le spese di restituzione, entro 30 giorni.<\/p>\n\n\n\n<p><strong>Annulla prima della spedizione<\/strong><\/p>\n\n\n\n<p>Finch\u00e9 l&#039;ordine non \u00e8 stato ancora pagato, imballato e\/o spedito, \u00e8 possibile annullarlo inviando un&#039;e-mail a info<a>@globalsourcechemicals.com<\/a><\/p>\n\n\n\n<p><strong>Resi dopo la ricezione<\/strong><\/p>\n\n\n\n<p>Dopo aver ricevuto il tuo ordine e se desideri restituirlo, devi prima inviare un&#039;e-mail a info<a>@globalsourcechemicals.com<\/a><\/p>\n\n\n\n<p>Le spese di spedizione per il reso sono a tuo carico. Il rimborso completo verr\u00e0 effettuato una volta che globalsourcechemicals.com avr\u00e0 ricevuto l&#039;articolo restituito.<\/p>\n\n\n\n<p>Si prega di notare che, indipendentemente dal motivo della cancellazione, \u00e8 necessario agire entro il termine di legge. Ci\u00f2 significa che devi informare globalsourcechemicals.com entro 14 giorni dal ricevimento dell&#039;ordine e restituire il prodotto entro 14 giorni.<\/p>\n\n\n\n<p><strong>Politica di reso<\/strong><\/p>\n\n\n\n<p>Puoi restituire un prodotto nell&#039;ambito del diritto di recesso se:<\/p>\n\n\n\n<ul class=\"wp-block-list\">\n<li>Il prodotto non \u00e8 stato utilizzato.<\/li>\n\n\n\n<li>Non ci sono danni visibili o segni evidenti di usura.<\/li>\n\n\n\n<li>Il prodotto, compresi tutti i componenti, viene restituito nelle stesse condizioni in cui \u00e8 stato ricevuto.<\/li>\n<\/ul>\n\n\n\n<p>L&#039;importo rimborsato potr\u00e0 essere ridotto se:<\/p>\n\n\n\n<ul class=\"wp-block-list\">\n<li>Il prodotto \u00e8 stato danneggiato dall&#039;utente o durante la spedizione di ritorno.<\/li>\n\n\n\n<li>Il materiale di imballaggio non \u00e8 nelle sue condizioni originali (ad esempio se la confezione \u00e8 stata aperta o danneggiata).<\/li>\n<\/ul>\n\n\n\n<p>Se rifiuti l&#039;ordine o non indichi chiaramente di voler esercitare il diritto di recesso entro il termine specificato, globalsourcechemicals.com non potr\u00e0 determinare il motivo del rifiuto. In tal caso, ti verranno addebitati sia l&#039;ordine che eventuali costi aggiuntivi. Sei legalmente tenuto a informare Researchchemicalskopen.net tempestivamente della tua intenzione di restituire i prodotti entro il termine concordato.<\/p>\n\n\n\n<p>I prodotti restituiti devono essere nelle stesse condizioni in cui hanno lasciato il nostro magazzino.<\/p>","protected":false},"excerpt":{"rendered":"<p>Politica di reso In base alla legge sulle vendite a distanza, i consumatori hanno diritto a un periodo di riflessione di 14 giorni per gli acquisti online.<\/p>","protected":false},"author":1,"featured_media":0,"parent":0,"menu_order":0,"comment_status":"closed","ping_status":"closed","template":"","meta":{"footnotes":""},"class_list":["post-27216","page","type-page","status-publish","hentry"],"_links":{"self":[{"href":"https:\/\/globalsourcechemicals.com\/it\/wp-json\/wp\/v2\/pages\/27216","targetHints":{"allow":["GET"]}}],"collection":[{"href":"https:\/\/globalsourcechemicals.com\/it\/wp-json\/wp\/v2\/pages"}],"about":[{"href":"https:\/\/globalsourcechemicals.com\/it\/wp-json\/wp\/v2\/types\/page"}],"author":[{"embeddable":true,"href":"https:\/\/globalsourcechemicals.com\/it\/wp-json\/wp\/v2\/users\/1"}],"replies":[{"embeddable":true,"href":"https:\/\/globalsourcechemicals.com\/it\/wp-json\/wp\/v2\/comments?post=27216"}],"version-history":[{"count":2,"href":"https:\/\/globalsourcechemicals.com\/it\/wp-json\/wp\/v2\/pages\/27216\/revisions"}],"predecessor-version":[{"id":27515,"href":"https:\/\/globalsourcechemicals.com\/it\/wp-json\/wp\/v2\/pages\/27216\/revisions\/27515"}],"wp:attachment":[{"href":"https:\/\/globalsourcechemicals.com\/it\/wp-json\/wp\/v2\/media?parent=27216"}],"curies":[{"name":"wp","href":"https:\/\/api.w.org\/{rel}","templated":true}]}}