{"id":27204,"date":"2025-08-14T10:59:23","date_gmt":"2025-08-14T10:59:23","guid":{"rendered":"https:\/\/globalsourcechemicals.com\/?page_id=27204"},"modified":"2025-10-03T19:35:52","modified_gmt":"2025-10-03T19:35:52","slug":"diritto-di-recesso","status":"publish","type":"page","link":"https:\/\/globalsourcechemicals.com\/it\/diritto-di-recesso\/","title":{"rendered":"Diritto di recesso"},"content":{"rendered":"<p>In qualit\u00e0 di cliente, hai il diritto di esercitare il diritto di recesso entro 14 giorni dal ricevimento dell&#039;ordine senza fornire alcuna motivazione. Ti \u00e8 consentito disimballare o testare i prodotti ricevuti nella misura necessaria per valutarne le propriet\u00e0, le caratteristiche e la funzionalit\u00e0. Se decidi di esercitare il diritto di recesso, devi maneggiare i prodotti con cura e restituirli a globalsourcechemicals nelle loro condizioni e nella confezione originali. Le spese di restituzione dei prodotti sono a carico dell&#039;acquirente. Per ulteriori informazioni sulla restituzione dei prodotti, consulta le nostre istruzioni per resi e cambi.<\/p>\n\n\n\n<p>Eccezioni per prodotti deperibili e igienici<br>I prodotti acquistati da globalsourcechemicals con una durata di conservazione limitata (come prodotti per l&#039;igiene o prodotti personalizzati) non possono essere restituiti se il sigillo risulta rotto dopo la consegna. Il diritto di recesso non si applica a questa categoria di prodotti. La vendita si considera definitiva una volta completato il pagamento, come chiaramente indicato nella nostra offerta.<\/p>","protected":false},"excerpt":{"rendered":"<p>Als klant heeft u de mogelijkheid om binnen een termijn van 14 dagen na ontvangst van uw bestelling zonder opgave<\/p>","protected":false},"author":1,"featured_media":0,"parent":0,"menu_order":0,"comment_status":"closed","ping_status":"closed","template":"","meta":{"footnotes":""},"class_list":["post-27204","page","type-page","status-publish","hentry"],"_links":{"self":[{"href":"https:\/\/globalsourcechemicals.com\/it\/wp-json\/wp\/v2\/pages\/27204","targetHints":{"allow":["GET"]}}],"collection":[{"href":"https:\/\/globalsourcechemicals.com\/it\/wp-json\/wp\/v2\/pages"}],"about":[{"href":"https:\/\/globalsourcechemicals.com\/it\/wp-json\/wp\/v2\/types\/page"}],"author":[{"embeddable":true,"href":"https:\/\/globalsourcechemicals.com\/it\/wp-json\/wp\/v2\/users\/1"}],"replies":[{"embeddable":true,"href":"https:\/\/globalsourcechemicals.com\/it\/wp-json\/wp\/v2\/comments?post=27204"}],"version-history":[{"count":3,"href":"https:\/\/globalsourcechemicals.com\/it\/wp-json\/wp\/v2\/pages\/27204\/revisions"}],"predecessor-version":[{"id":28532,"href":"https:\/\/globalsourcechemicals.com\/it\/wp-json\/wp\/v2\/pages\/27204\/revisions\/28532"}],"wp:attachment":[{"href":"https:\/\/globalsourcechemicals.com\/it\/wp-json\/wp\/v2\/media?parent=27204"}],"curies":[{"name":"wp","href":"https:\/\/api.w.org\/{rel}","templated":true}]}}