{"id":27570,"date":"2025-09-23T07:05:38","date_gmt":"2025-09-23T07:05:38","guid":{"rendered":"https:\/\/globalsourcechemicals.com\/?post_type=product&#038;p=27570"},"modified":"2025-09-23T07:10:31","modified_gmt":"2025-09-23T07:10:31","slug":"kaupa-4mmc","status":"publish","type":"product","link":"https:\/\/globalsourcechemicals.com\/is\/bud\/flokkad\/kaupa-4mmc\/","title":{"rendered":"Kaupa mefedr\u00f3n (4MMC)"},"content":{"rendered":"<h1 data-start=\"660\" data-end=\"708\"><strong data-start=\"662\" data-end=\"706\">4-MMC (Mephedron) \u2013 Efnisyfirlit og algengar spurningar<\/strong><\/h1>\n<h3 data-start=\"710\" data-end=\"732\"><strong data-start=\"714\" data-end=\"730\">L\u00fdsing<\/strong><\/h3>\n<p data-start=\"733\" data-end=\"1149\">Kaupa 4mmc, 4-MMC, annars \u00feekkt sem <strong data-start=\"757\" data-end=\"770\">Mefedr\u00f3n<\/strong>, tengt Synthetic Group <strong data-start=\"808\" data-end=\"821\">Kat\u00edn\u00f3na<\/strong>Es virkar \u00ed sj\u00e1lfu s\u00e9r me\u00f0 ge\u00f0virku efni, sem \u00e1 \u00e1runum 2000 sem sogenannte <strong data-start=\"910\" data-end=\"933\">Ranns\u00f3knarefni<\/strong> (RC) auftauchte. Aufgrund ihrer <strong data-start=\"966\" data-end=\"1009\">\u00f6rvandi og sam\u00fa\u00f0arfull \u00e1hrif<\/strong> Ef \u00feeir myndu starfa sem \u201el\u00f6glegir f\u00edklar\u201c, \u00fe\u00e1 v\u00e6ru \u00feeir vernda\u00f0ir \u00ed \u00de\u00fdskalandi og einnig \u00ed \u00de\u00fdskalandi. <strong data-start=\"1117\" data-end=\"1140\">l\u00f6glega banna\u00f0<\/strong> var\u00f0.<\/p>\n<p data-start=\"1151\" data-end=\"1386\">Mefedr\u00f3n er efnafr\u00e6\u00f0ilega skyld \u00fev\u00ed <strong data-start=\"1187\" data-end=\"1203\">Amfetam\u00edn<\/strong> og <strong data-start=\"1208\" data-end=\"1216\">MDMA<\/strong> og ver\u00f0ur h\u00f6f\u00f0 \u00ed formi <strong data-start=\"1245\" data-end=\"1280\">Duft, kristallar e\u00f0a hylki<\/strong> angeboten. Heute gilt er einnig <strong data-start=\"1310\" data-end=\"1328\">\u00f3l\u00f6glegt \u00feurrt<\/strong> me\u00f0 g\u00f3\u00f0a heilsu og vell\u00ed\u00f0unar\u00e1h\u00e6ttu.<\/p>\n<h3 data-start=\"1393\" data-end=\"1432\"><strong data-start=\"1397\" data-end=\"1430\">Virkni 4-MMC (mefedr\u00f3ns)<\/strong><\/h3>\n<p data-start=\"1433\" data-end=\"1503\">Virknin er mest <strong data-start=\"1455\" data-end=\"1468\">skamml\u00edfur<\/strong> og a\u00f0rir \u00f6rvandi:<\/p>\n<ul data-start=\"1504\" data-end=\"1691\">\n<li data-start=\"1504\" data-end=\"1549\">\n<p data-start=\"1506\" data-end=\"1549\">H\u00e6\u00f0 <strong data-start=\"1514\" data-end=\"1526\">Vell\u00ed\u00f0an<\/strong> og <strong data-start=\"1531\" data-end=\"1547\">Gle\u00f0ilegheit<\/strong><\/p>\n<\/li>\n<li data-start=\"1550\" data-end=\"1616\">\n<p data-start=\"1552\" data-end=\"1616\">\u00c1kafur n\u00e1mskei\u00f0 <strong data-start=\"1563\" data-end=\"1579\">Wohlbefinden<\/strong> og vinnupalla <strong data-start=\"1596\" data-end=\"1614\">samr\u00e6\u00f0uh\u00e6fni<\/strong><\/p>\n<\/li>\n<li data-start=\"1617\" data-end=\"1659\">\n<p data-start=\"1619\" data-end=\"1659\">H\u00e6\u00f0 <strong data-start=\"1627\" data-end=\"1657\">Hjartsl\u00e1ttart\u00ed\u00f0ni og bl\u00f3\u00f0\u00fer\u00fdstingur<\/strong><\/p>\n<\/li>\n<li data-start=\"1660\" data-end=\"1691\">\n<p data-start=\"1662\" data-end=\"1691\">Undir\u00fer\u00fdstingur m\u00fdktar<\/p>\n<\/li>\n<\/ul>\n<h3 data-start=\"1698\" data-end=\"1732\"><strong data-start=\"1702\" data-end=\"1730\">\u00c1h\u00e6tta og n\u00e6misa\u00f0ger\u00f0ir<\/strong><\/h3>\n<p data-start=\"1733\" data-end=\"1813\">Der Konsum von Mephedron ist mit <strong data-start=\"1766\" data-end=\"1800\">alvarleg heilsufars\u00e1h\u00e6tta<\/strong> tengdur:<\/p>\n<ul data-start=\"1814\" data-end=\"2094\">\n<li data-start=\"1814\" data-end=\"1893\">\n<p data-start=\"1816\" data-end=\"1893\"><strong data-start=\"1816\" data-end=\"1844\">Hjarta-hringlaga hlaupaskattur<\/strong> (Herzrasen, Bluthochdruck, Herzinfarkt-Risiko)<\/p>\n<\/li>\n<li data-start=\"1894\" data-end=\"1965\">\n<p data-start=\"1896\" data-end=\"1965\"><strong data-start=\"1896\" data-end=\"1918\">S\u00e1lfr\u00e6\u00f0ileg \u00e1hrif<\/strong> wie Angstzust\u00e4nde, Paranoia, Schlaflosigkeit<\/p>\n<\/li>\n<li data-start=\"1966\" data-end=\"2020\">\n<p data-start=\"1968\" data-end=\"2020\"><strong data-start=\"1968\" data-end=\"1994\">A\u00f0gengism\u00f6guleikar<\/strong> vi\u00f0 reglubundna neyslu<\/p>\n<\/li>\n<li data-start=\"2021\" data-end=\"2094\">\n<p data-start=\"2023\" data-end=\"2094\"><strong data-start=\"2023\" data-end=\"2053\">Br\u00e1\u00f0ur yfird\u00f3sarvagn<\/strong> durch unsichere Cleanheit und Dosierung<\/p>\n<\/li>\n<\/ul>\n<h3 data-start=\"2101\" data-end=\"2136\"><strong data-start=\"2105\" data-end=\"2134\">R\u00e9ttarfarsferli \u00ed \u00de\u00fdskalandi<\/strong><\/h3>\n<ul data-start=\"2137\" data-end=\"2384\">\n<li data-start=\"2137\" data-end=\"2232\">\n<p data-start=\"2139\" data-end=\"2232\">4-MMC er \u00ed \u00de\u00fdskalandi <strong data-start=\"2164\" data-end=\"2175\">\u00f3l\u00f6glegt<\/strong> og fellur undir \u00fea\u00f0 <strong data-start=\"2196\" data-end=\"2229\">Betaubungsmittelgesetz (BtMG)<\/strong>.<\/p>\n<\/li>\n<li data-start=\"2233\" data-end=\"2287\">\n<p data-start=\"2235\" data-end=\"2287\">Besitz, Handel oder Herstellung sind <strong data-start=\"2272\" data-end=\"2284\">refsivert<\/strong>.<\/p>\n<\/li>\n<li data-start=\"2288\" data-end=\"2384\">\n<p data-start=\"2290\" data-end=\"2384\">Der Kauf (&quot;kaupa&quot;) \u00e1 internetinu <strong data-start=\"2325\" data-end=\"2343\">l\u00f6ggilding<\/strong> og getur \u00e1tt yfir h\u00f6f\u00f0i s\u00e9r sakam\u00e1l.<\/p>\n<\/li>\n<\/ul>\n<h2 data-start=\"2391\" data-end=\"2450\"><strong data-start=\"2394\" data-end=\"2448\">Grunnuppl\u00fdsingar (FAQ) um 4-MMC (Mephedron)<\/strong><\/h2>\n<p data-start=\"2452\" data-end=\"2575\"><strong data-start=\"2452\" data-end=\"2473\">1. Hva\u00f0 er 4-MMC?<\/strong><br data-start=\"2473\" data-end=\"2476\" \/>4-MMC (Mephedron) er tilb\u00fai\u00f0 \u00feurrefni \u00far flokknum <strong data-start=\"2541\" data-end=\"2572\">ka\u00fe\u00f3n\u00edskt efni<\/strong>.<\/p>\n<p data-start=\"2577\" data-end=\"2779\"><strong data-start=\"2577\" data-end=\"2609\">2. Hvar er 4-MMC banna\u00f0?<\/strong><br data-start=\"2609\" data-end=\"2612\" \/>Lei\u00f0ir <strong data-start=\"2622\" data-end=\"2707\">heilsufars\u00e1h\u00e6tta, heilsufarslegur \u00e1vinningur og l\u00e6knis\u00fej\u00f3nusta<\/strong> fundust \u00ed l\u00f6ndunum sem falla undir l\u00f6ggj\u00f6fina sem gildir um l\u00f6ggj\u00f6f.<\/p>\n<p data-start=\"2781\" data-end=\"2914\"><strong data-start=\"2781\" data-end=\"2817\">3. Hvernig notar \u00fe\u00fa Mephedron?<\/strong><br data-start=\"2817\" data-end=\"2820\" \/>\u00dea\u00f0 virkar <strong data-start=\"2829\" data-end=\"2876\">\u00f6rvandi, vell\u00ed\u00f0andi og sam\u00fa\u00f0arfullur<\/strong>, einnig me\u00f0 MDMA e\u00f0a amfetam\u00edni.<\/p>\n<p data-start=\"2916\" data-end=\"3090\"><strong data-start=\"2916\" data-end=\"2958\">4. Hversu \u00fe\u00e6gilegt l\u00ed\u00f0ur \u00fe\u00e9r?<\/strong><br data-start=\"2958\" data-end=\"2961\" \/>Nebenvirkni r\u00edkjandi fr\u00e1 <strong data-start=\"2988\" data-end=\"3022\">Herzrasen, \u00dcbelkeit, Schwitzen<\/strong> bis hin zu <strong data-start=\"3034\" data-end=\"3059\">s\u00e1lfr\u00e6\u00f0ilegar truflanir<\/strong> eins og angisti e\u00f0a \u00e1r\u00e1sargirni.<\/p>\n<p data-start=\"3092\" data-end=\"3224\"><strong data-start=\"3092\" data-end=\"3130\">5. Er 4-MMC l\u00f6glegt \u00ed \u00de\u00fdskalandi?<\/strong><br data-start=\"3130\" data-end=\"3133\" \/>Nei, Mephedron er \u00ed \u00de\u00fdskalandi. <strong data-start=\"3168\" data-end=\"3187\">stranglega banna\u00f0<\/strong>. Besitz und Verkauf er refsiver\u00f0 samkv\u00e6mt l\u00f6gum.<\/p>\n<p data-start=\"3226\" data-end=\"3495\"><strong data-start=\"3226\" data-end=\"3261\">6. Eru l\u00f6glegir valkostir \u00ed bo\u00f0i?<\/strong><br data-start=\"3261\" data-end=\"3264\" \/>\u00dea\u00f0 er ekkert til <strong data-start=\"3284\" data-end=\"3322\">\u00f6rugg e\u00f0a l\u00f6gleg ersatzstoffe<\/strong> me\u00f0 s\u00f6mu vinnubr\u00f6g\u00f0um. Seri\u00f6se Beratung empfiehlt ausschlie\u00dflich <strong data-start=\"3390\" data-end=\"3414\">hollari valkostir<\/strong> wie Sport, Ern\u00e4hrung og psychologische Unterst\u00fctzung zur Stimmungsaufhellung.<\/p>","protected":false},"excerpt":{"rendered":"<p>4-MMC (Mephedron) \u2013 Substanzprofil &amp; FAQ Beschreibung 4mmc kopen, 4-MMC, auch bekannt als Mephedron, geh\u00f6rt zur Gruppe der synthetischen Cathinone.<\/p>","protected":false},"featured_media":0,"comment_status":"open","ping_status":"closed","template":"","meta":[],"product_brand":[],"product_cat":[1085],"product_tag":[],"class_list":{"0":"post-27570","1":"product","2":"type-product","3":"status-publish","5":"product_cat-okategoriserad","7":"first","8":"instock","9":"taxable","10":"shipping-taxable","11":"purchasable","12":"product-type-variable"},"_links":{"self":[{"href":"https:\/\/globalsourcechemicals.com\/is\/wp-json\/wp\/v2\/product\/27570","targetHints":{"allow":["GET"]}}],"collection":[{"href":"https:\/\/globalsourcechemicals.com\/is\/wp-json\/wp\/v2\/product"}],"about":[{"href":"https:\/\/globalsourcechemicals.com\/is\/wp-json\/wp\/v2\/types\/product"}],"replies":[{"embeddable":true,"href":"https:\/\/globalsourcechemicals.com\/is\/wp-json\/wp\/v2\/comments?post=27570"}],"version-history":[{"count":1,"href":"https:\/\/globalsourcechemicals.com\/is\/wp-json\/wp\/v2\/product\/27570\/revisions"}],"predecessor-version":[{"id":27572,"href":"https:\/\/globalsourcechemicals.com\/is\/wp-json\/wp\/v2\/product\/27570\/revisions\/27572"}],"wp:attachment":[{"href":"https:\/\/globalsourcechemicals.com\/is\/wp-json\/wp\/v2\/media?parent=27570"}],"wp:term":[{"taxonomy":"product_brand","embeddable":true,"href":"https:\/\/globalsourcechemicals.com\/is\/wp-json\/wp\/v2\/product_brand?post=27570"},{"taxonomy":"product_cat","embeddable":true,"href":"https:\/\/globalsourcechemicals.com\/is\/wp-json\/wp\/v2\/product_cat?post=27570"},{"taxonomy":"product_tag","embeddable":true,"href":"https:\/\/globalsourcechemicals.com\/is\/wp-json\/wp\/v2\/product_tag?post=27570"}],"curies":[{"name":"wp","href":"https:\/\/api.w.org\/{rel}","templated":true}]}}