{"id":24900,"date":"2025-04-13T17:43:41","date_gmt":"2025-04-13T17:43:41","guid":{"rendered":"https:\/\/globalsourcechemicals.com\/?post_type=product&#038;p=24900"},"modified":"2025-10-02T15:06:01","modified_gmt":"2025-10-02T15:06:01","slug":"gidazepam-3-mg-kulur","status":"publish","type":"product","link":"https:\/\/globalsourcechemicals.com\/is\/bud\/bensodiazepin\/gidazepam-3-mg-kulur\/","title":{"rendered":"Gidazepam 3 mg k\u00falur"},"content":{"rendered":"<p class=\"ds-markdown-paragraph\"><strong>Gidazepam 3 mg k\u00falur \u2013 n\u00fdst\u00e1rleg lausn fyrir v\u00edsindaranns\u00f3knir<\/strong><\/p>\n<h3><strong>Hva\u00f0 er Gidazepam?<\/strong><\/h3>\n<p class=\"ds-markdown-paragraph\">G\u00eddasepam er einstakt efnasamband unni\u00f0 \u00far bens\u00f3d\u00edazep\u00ednum me\u00f0 \u00e1hugaver\u00f0a lyfjafr\u00e6\u00f0ilega eiginleika. \u00deessar k\u00falur voru s\u00e9rstaklega \u00fer\u00f3a\u00f0ar fyrir v\u00edsindalegar ranns\u00f3knir \u00e1 kv\u00ed\u00f0astillandi verkunarh\u00e1ttum og taugafr\u00e6\u00f0ilegum \u00e1hrifum.<\/p>\n<h3><strong>Lykilatri\u00f0i<\/strong><\/h3>\n<p class=\"ds-markdown-paragraph\">\u2714\u00a0<strong>Bjarts\u00fdni skammtur<\/strong>\u00a0\u2013 3 mg \u00ed hverju k\u00falu fyrir n\u00e1kv\u00e6mar tilraunir<br \/>\n\u2714\u00a0<strong>Lyfjafr\u00e6\u00f0ileg g\u00e6\u00f0i<\/strong>\u00a0\u2013 Framleitt samkv\u00e6mt str\u00f6ngum GMP lei\u00f0beiningum<br \/>\n\u2714\u00a0<strong>Langt\u00edmast\u00f6\u00f0ugleiki<\/strong>\u00a0- S\u00e9rst\u00f6k h\u00fa\u00f0un verndar gegn ni\u00f0urbroti<br \/>\n\u2714\u00a0<strong>Ranns\u00f3knarv\u00e6nt<\/strong>\u00a0\u2013 Au\u00f0leysanlegt fyrir ranns\u00f3knarstofunotkun<\/p>\n<h3><strong>V\u00edsindaleg notkun<\/strong><\/h3>\n<p class=\"ds-markdown-paragraph\">\u00deessar k\u00falur henta fullkomlega fyrir:<\/p>\n<ul>\n<li>\n<p class=\"ds-markdown-paragraph\">Ranns\u00f3knir \u00e1 GABA vi\u00f0t\u00f6kum<\/p>\n<\/li>\n<li>\n<p class=\"ds-markdown-paragraph\">Samanbur\u00f0arranns\u00f3knir \u00e1 lyfhrifum<\/p>\n<\/li>\n<li>\n<p class=\"ds-markdown-paragraph\">Taugal\u00edfe\u00f0lisfr\u00e6\u00f0ileg \u00e1hrifagreining<\/p>\n<\/li>\n<li>\n<p class=\"ds-markdown-paragraph\">Forkl\u00edn\u00edskar atferlisathuganir<\/p>\n<\/li>\n<\/ul>\n<h3><strong>\u00d6ryggi og me\u00f0h\u00f6ndlun<\/strong><\/h3>\n<p class=\"ds-markdown-paragraph\">\u25c9\u00a0<strong>Eing\u00f6ngu \u00ed ranns\u00f3knarskyni<\/strong><br \/>\n\u25c9 Krefst vi\u00f0urkenndrar ranns\u00f3knarstofu<br \/>\n\u25c9 Geymi\u00f0 vi\u00f0 stofuhita<br \/>\n\u25c9 Noti\u00f0 pers\u00f3nuhl\u00edfar<\/p>\n<h3><strong>Uppl\u00fdsingar um p\u00f6ntun<\/strong><\/h3>\n<ul>\n<li>\n<p class=\"ds-markdown-paragraph\">F\u00e1anlegt \u00ed pakkningum me\u00f0 30 k\u00falum<\/p>\n<\/li>\n<li>\n<p class=\"ds-markdown-paragraph\">\u00dear \u00e1 me\u00f0al \u00edtarlegt greiningarvottor\u00f0<\/p>\n<\/li>\n<li>\n<p class=\"ds-markdown-paragraph\">Eing\u00f6ngu fyrir ranns\u00f3knarstofnanir og h\u00e6fa v\u00edsindamenn<\/p>\n<\/li>\n<\/ul>\n<h3><strong>L\u00f6gleg sta\u00f0a<\/strong><\/h3>\n<p class=\"ds-markdown-paragraph\">L\u00f6gleg sta\u00f0a Gidazepams er mismunandi eftir l\u00f6gsagnarumd\u00e6mum. \u00deessi vara er\u00a0<strong>eing\u00f6ngu \u00e6tla\u00f0 til v\u00edsindaranns\u00f3kna<\/strong>\u00a0og ekki til notkunar fyrir menn e\u00f0a d\u00fdr.<\/p>\n<p class=\"ds-markdown-paragraph\"><strong>Mikilv\u00e6g \u00f6ryggisvi\u00f0v\u00f6run:<\/strong><br \/>\n\u2716 Alls ekki \u00e6tla\u00f0 til neyslu<br \/>\n\u2716 Getur veri\u00f0 h\u00e6ttulegt ef \u00fea\u00f0 er nota\u00f0 \u00e1 rangan h\u00e1tt<br \/>\n\u2716 Geymi\u00f0 \u00fear sem leikmenn n\u00e1 ekki til<\/p>\n<p class=\"ds-markdown-paragraph\"><strong>T\u00e6knileg a\u00f0sto\u00f0:<\/strong><br \/>\nS\u00e9rfr\u00e6\u00f0ingar okkar eru tilb\u00fanir a\u00f0 svara v\u00edsindalegum spurningum um ranns\u00f3knara\u00f0fer\u00f0afr\u00e6\u00f0i og notkun. <a href=\"https:\/\/globalsourcechemicals.com\/is\/bud\/lysergamid\/1v-lsd-150-mcg-blotters\/\">1V-LSD 150 MCG \u00feynnur<\/a><a href=\"https:\/\/globalsourcechemicals.com\/is\/bud\/pellets\/o-dsmt-50-mg-kulur\/\">O-DSMT 50 mg k\u00falur<\/a><a href=\"https:\/\/globalsourcechemicals.com\/is\/bud\/lysergamid\/1cp-lsd\/\">1cP-LSD 150 MCG listabletti<\/a><a href=\"https:\/\/globalsourcechemicals.com\/is\/bud\/iboga-ibogain\/iboga-rotarborkur\/\">Iboga r\u00f3tarb\u00f6rkur<\/a><a href=\"https:\/\/globalsourcechemicals.com\/is\/bud\/iboga-ibogain\/kaupa-ibogaine-hcl-a-netinu\/\">Kaupa \u00edb\u00f3gain HCL<\/a><\/p>","protected":false},"excerpt":{"rendered":"<h3>Eiginleikar Gidazepams<\/h3>\n<p><strong>Samheiti:<\/strong> h\u00fddasepam, h\u00fddasepam<br \/>\n<strong>CAS-n\u00famer:<\/strong> 129186-29-4<br \/>\n<strong>Form\u00fala:<\/strong> <span title=\"Kolefni\">C<\/span><sub>17<\/sub><span title=\"Vetni\">H<\/span><sub>15<\/sub><span title=\"Br\u00f3m\">Br<\/span><span title=\"K\u00f6fnunarefni\">N<\/span><sub>4<\/sub><span title=\"S\u00farefni\">\u00d3<\/span><sub>2<\/sub><br \/>\n<strong>M\u00f3lmassi:<\/strong> 387,237 g\/m\u00f3l<br \/>\n<strong>Hreinleiki:<\/strong>\u00a0&gt;97%<\/p>","protected":false},"featured_media":27891,"comment_status":"closed","ping_status":"closed","template":"","meta":[],"product_brand":[82],"product_cat":[76,387,393,324],"product_tag":[160,731,163,161,326],"class_list":{"0":"post-24900","1":"product","2":"type-product","3":"status-publish","4":"has-post-thumbnail","6":"product_brand-research-chemical","7":"product_cat-benzodiazepinen","8":"product_cat-gidazepam","9":"product_cat-gidazepam-pellets","10":"product_cat-pellets-for-pellet","11":"product_tag-gidazepam","12":"product_tag-gidazepam-dosage","13":"product_tag-gidazepam-experience","14":"product_tag-gidazepam-werking","15":"product_tag-nl","17":"first","18":"instock","19":"taxable","20":"shipping-taxable","21":"purchasable","22":"product-type-variable"},"_links":{"self":[{"href":"https:\/\/globalsourcechemicals.com\/is\/wp-json\/wp\/v2\/product\/24900","targetHints":{"allow":["GET"]}}],"collection":[{"href":"https:\/\/globalsourcechemicals.com\/is\/wp-json\/wp\/v2\/product"}],"about":[{"href":"https:\/\/globalsourcechemicals.com\/is\/wp-json\/wp\/v2\/types\/product"}],"replies":[{"embeddable":true,"href":"https:\/\/globalsourcechemicals.com\/is\/wp-json\/wp\/v2\/comments?post=24900"}],"version-history":[{"count":6,"href":"https:\/\/globalsourcechemicals.com\/is\/wp-json\/wp\/v2\/product\/24900\/revisions"}],"predecessor-version":[{"id":26291,"href":"https:\/\/globalsourcechemicals.com\/is\/wp-json\/wp\/v2\/product\/24900\/revisions\/26291"}],"wp:featuredmedia":[{"embeddable":true,"href":"https:\/\/globalsourcechemicals.com\/is\/wp-json\/wp\/v2\/media\/27891"}],"wp:attachment":[{"href":"https:\/\/globalsourcechemicals.com\/is\/wp-json\/wp\/v2\/media?parent=24900"}],"wp:term":[{"taxonomy":"product_brand","embeddable":true,"href":"https:\/\/globalsourcechemicals.com\/is\/wp-json\/wp\/v2\/product_brand?post=24900"},{"taxonomy":"product_cat","embeddable":true,"href":"https:\/\/globalsourcechemicals.com\/is\/wp-json\/wp\/v2\/product_cat?post=24900"},{"taxonomy":"product_tag","embeddable":true,"href":"https:\/\/globalsourcechemicals.com\/is\/wp-json\/wp\/v2\/product_tag?post=24900"}],"curies":[{"name":"wp","href":"https:\/\/api.w.org\/{rel}","templated":true}]}}