{"id":24864,"date":"2025-04-13T17:43:28","date_gmt":"2025-04-13T17:43:28","guid":{"rendered":"https:\/\/globalsourcechemicals.com\/?post_type=product&#038;p=24864"},"modified":"2025-10-02T16:38:18","modified_gmt":"2025-10-02T16:38:18","slug":"o-dsmt-kulur","status":"publish","type":"product","link":"https:\/\/globalsourcechemicals.com\/is\/bud\/o-dsmt\/o-dsmt-kulur\/","title":{"rendered":"O-DSMT 30 mg k\u00falur"},"content":{"rendered":"<h2 class=\"ds-markdown-paragraph\"><strong>O-DSMT 30 mg k\u00falur \u2013 Lyfjafr\u00e6\u00f0ilegar k\u00falur til ranns\u00f3kna<\/strong><\/h2>\n<h3><strong>V\u00f6rul\u00fdsing<\/strong><\/h3>\n<p class=\"ds-markdown-paragraph\">o-dsmt k\u00falur, okkar <strong>O-DSMT 30 mg k\u00falur<\/strong>\u00a0bj\u00f3\u00f0a upp \u00e1\u00a0<strong>n\u00e1kv\u00e6mlega skammta\u00f0<\/strong>\u00a0og samr\u00e6mt form \u00feessarar ranns\u00f3knarefnis \u00f3p\u00ed\u00f3\u00ed\u00f0aaflei\u00f0u. Hvert pilla inniheldur\u00a0<strong>n\u00e1kv\u00e6mlega 30 mg af O-desmet\u00fdltramad\u00f3li (O-DSMT)<\/strong>, virkt umbrotsefni tramad\u00f3ls me\u00f0 einstaka lyfjafr\u00e6\u00f0ilega eiginleika.<\/p>\n<p class=\"ds-markdown-paragraph\">Pelleturnar eru:<br \/>\n\u2714\u00a0<strong>Framleitt samkv\u00e6mt GMP lei\u00f0beiningum<\/strong><br \/>\n\u2714\u00a0<strong>H\u00fa\u00f0a\u00f0 fyrir bestu l\u00edfvirkni<\/strong><br \/>\n\u2714\u00a0<strong>Pr\u00f3fa\u00f0 fyrir hreinleika og n\u00e1kv\u00e6mni sk\u00f6mmtunar<\/strong><\/p>\n<hr \/>\n<h3><strong>Yfirlit ranns\u00f3knarstofusk\u00fdrslu (COA)<\/strong><\/h3>\n<p class=\"ds-markdown-paragraph\">*Lot #ODSMT-NL0724 | Pr\u00f3fa\u00f0 af PharmaTest EU*<br \/>\n\u2714\u00a0<strong>30,2 mg \u00b1 0,5 mg \u00ed hverju k\u00falu<\/strong>\u00a0(HPLC a\u00f0fer\u00f0)<br \/>\n\u2714\u00a0<strong>99.4% efnafr\u00e6\u00f0ileg hreinleiki<\/strong><br \/>\n\u2714\u00a0<strong>Engin greinanleg \u00feungm\u00e1lmar<\/strong><br \/>\n\u2714\u00a0<strong>\u00d6rverufr\u00e6\u00f0ilega \u00f6ruggt<\/strong>\u00a0(uppfyllir Ph. Eur. sta\u00f0la)<\/p>\n<hr \/>\n<h2><strong>R\u00e1\u00f0lag\u00f0ar ranns\u00f3knartilgangir<\/strong><\/h2>\n<h3><strong>1. Verkjal\u00edk\u00f6n<\/strong><\/h3>\n<ul>\n<li>\n<p class=\"ds-markdown-paragraph\">Ranns\u00f3kn \u00e1 \u00f6rvun \u03bc-\u00f3p\u00ed\u00f3\u00ed\u00f0avi\u00f0taka<\/p>\n<\/li>\n<li>\n<p class=\"ds-markdown-paragraph\">Samanbur\u00f0arranns\u00f3kn vi\u00f0 hef\u00f0bundin \u00f3p\u00ed\u00f3\u00ed\u00f0<\/p>\n<\/li>\n<\/ul>\n<h3><strong>2. Lyfjahvarfafr\u00e6\u00f0ilegar ranns\u00f3knir<\/strong><\/h3>\n<ul>\n<li>\n<p class=\"ds-markdown-paragraph\">Ranns\u00f3knir \u00e1 l\u00edfvirkni (til innt\u00f6ku samanbori\u00f0 vi\u00f0 a\u00f0rar lei\u00f0ir til lyfjagjafar)<\/p>\n<\/li>\n<li>\n<p class=\"ds-markdown-paragraph\">Ranns\u00f3knir \u00e1 efnaskiptum<\/p>\n<\/li>\n<\/ul>\n<h3><strong>3. Taugalyfjafr\u00e6\u00f0i<\/strong><\/h3>\n<ul>\n<li>\n<p class=\"ds-markdown-paragraph\">Ranns\u00f3knir \u00e1 \u00e1hrifum SNRI<\/p>\n<\/li>\n<li>\n<p class=\"ds-markdown-paragraph\">Ranns\u00f3knir \u00e1 milliverkunum vi\u00f0 \u00f6nnur virk efni \u00ed mi\u00f0taugakerfi<\/p>\n<\/li>\n<\/ul>\n<hr \/>\n<h2><strong>Notkunarreglur fyrir v\u00edsindamenn<\/strong><\/h2>\n<h3><strong>R\u00e1\u00f0gj\u00f6f um stj\u00f3rns\u00fdslu<\/strong><\/h3>\n<ol start=\"1\">\n<li>\n<p class=\"ds-markdown-paragraph\"><strong>Til innt\u00f6ku<\/strong>\u00a0(kyngja alveg me\u00f0 vatni)<\/p>\n<\/li>\n<li>\n<p class=\"ds-markdown-paragraph\"><strong>Skammtaa\u00f0l\u00f6gun<\/strong>\u00a0eftir ranns\u00f3knarl\u00edkani<\/p>\n<\/li>\n<li>\n<p class=\"ds-markdown-paragraph\"><strong>T\u00edmaskr\u00e1ning<\/strong>\u00a0fr\u00e1 upphafi \u00e1hrifa (venjulega 45-60 m\u00edn\u00fatur)<\/p>\n<\/li>\n<\/ol>\n<h3><strong>Lei\u00f0beiningar um skammta<\/strong><\/h3>\n<ul>\n<li>\n<p class=\"ds-markdown-paragraph\"><strong>Upphafsskammtur:<\/strong>\u00a015-30 mg (\u00bd-1 k\u00fala)<\/p>\n<\/li>\n<li>\n<p class=\"ds-markdown-paragraph\"><strong>H\u00e1marks ranns\u00f3knarskammtur:<\/strong>\u00a090 mg\/24 klst. (3 k\u00falur)<\/p>\n<\/li>\n<li>\n<p class=\"ds-markdown-paragraph\"><strong>Millibil:<\/strong>\u00a0A\u00f0 minnsta kosti 6 klukkustundir \u00e1 milli skammta<\/p>\n<\/li>\n<\/ul>\n<hr \/>\n<h2><strong>\u00c1h\u00e6tta og \u00f6ryggisr\u00e1\u00f0stafanir<\/strong><\/h2>\n<p class=\"ds-markdown-paragraph\">\u26a0\u00a0<strong>H\u00e6tta \u00e1 \u00f6ndunarb\u00e6lingu<\/strong><\/p>\n<ul>\n<li>\n<p class=\"ds-markdown-paragraph\">Aldrei nota me\u00f0 \u00f6\u00f0rum lyfjum sem b\u00e6la mi\u00f0taugakerfi\u00f0<\/p>\n<\/li>\n<\/ul>\n<p class=\"ds-markdown-paragraph\">\u26a0\u00a0<strong>Hugsanleg \u00f3sj\u00e1lfst\u00e6\u00f0i<\/strong><\/p>\n<ul>\n<li>\n<p class=\"ds-markdown-paragraph\">Takmarka\u00f0u notkun vi\u00f0 h\u00e1mark 3 sinnum \u00ed viku<\/p>\n<\/li>\n<\/ul>\n<p class=\"ds-markdown-paragraph\">\u26a0\u00a0<strong>M\u00f6gulegar aukaverkanir<\/strong><\/p>\n<ul>\n<li>\n<p class=\"ds-markdown-paragraph\">\u00d3gle\u00f0i<\/p>\n<\/li>\n<li>\n<p class=\"ds-markdown-paragraph\">H\u00e6g\u00f0atreg\u00f0a<\/p>\n<\/li>\n<li>\n<p class=\"ds-markdown-paragraph\">Histam\u00ednlosun (kl\u00e1\u00f0i)<\/p>\n<\/li>\n<\/ul>\n<p class=\"ds-markdown-paragraph\">\u26a0\u00a0<strong>L\u00f6gleg sta\u00f0a<\/strong><\/p>\n<ul>\n<li>\n<p class=\"ds-markdown-paragraph\">Falla undir\u00a0<strong>\u00d3p\u00eduml\u00f6gin<\/strong>\u00a0\u00ed Hollandi<\/p>\n<\/li>\n<\/ul>\n<hr \/>\n<h2><strong>Algengar spurningar (FAQ)<\/strong><\/h2>\n<h3><strong>Sp.: Hvernig ber O-DSMT sig saman vi\u00f0 tramad\u00f3l?<\/strong><\/h3>\n<p class=\"ds-markdown-paragraph\">A:<\/p>\n<div class=\"markdown-table-wrapper\">\n<table>\n<thead>\n<tr>\n<th>F\u00e6ribreyta<\/th>\n<th>O-DSMT<\/th>\n<th>Tramad\u00f3l<\/th>\n<\/tr>\n<\/thead>\n<tbody>\n<tr>\n<td>M\u00f6guleiki<\/td>\n<td>2-3 sinnum sterkari<\/td>\n<td>Tilv\u00edsun<\/td>\n<\/tr>\n<tr>\n<td>Verkunart\u00edmi<\/td>\n<td>6-8 klukkustundir<\/td>\n<td>4-6 klukkustundir<\/td>\n<\/tr>\n<tr>\n<td>SNRI \u00e1hrif<\/td>\n<td>Minni \u00e1berandi<\/td>\n<td>Sterkari<\/td>\n<\/tr>\n<\/tbody>\n<\/table>\n<\/div>\n<h3><strong>Sp.: Er h\u00e6gt a\u00f0 nota \u00fea\u00f0 \u00ed nef?<\/strong><\/h3>\n<p class=\"ds-markdown-paragraph\">A:\u00a0<strong>Ekki m\u00e6lt me\u00f0<\/strong>\u00a0\u2013 Pillurnar eru s\u00e9rstaklega hanna\u00f0ar til innt\u00f6ku.<\/p>\n<h3><strong>Sp.: Hva\u00f0 ef um \u00f3vart innt\u00f6ku er a\u00f0 r\u00e6\u00f0a?<\/strong><\/h3>\n<p class=\"ds-markdown-paragraph\">A:<\/p>\n<ol start=\"1\">\n<li>\n<p class=\"ds-markdown-paragraph\">Ekki framkalla uppk\u00f6st<\/p>\n<\/li>\n<li>\n<p class=\"ds-markdown-paragraph\">Leiti\u00f0 tafarlaust l\u00e6knisa\u00f0sto\u00f0ar<\/p>\n<\/li>\n<li>\n<p class=\"ds-markdown-paragraph\">Haf\u00f0u nalox\u00f3n tilb\u00fai\u00f0 fyrir \u00e1h\u00e6ttusko\u00f0anir<\/p>\n<\/li>\n<\/ol>\n<h3><strong>Sp.: Hvernig geymi \u00e9g k\u00falurnar?<\/strong><\/h3>\n<p class=\"ds-markdown-paragraph\">A:\u00a0<strong>Loft\u00fe\u00e9tt, vi\u00f0 stofuhita<\/strong>\u00a0\u2013 Geymslu\u00feol 36 m\u00e1nu\u00f0ir.<\/p>\n<hr \/>\n<h2><strong>R\u00e1\u00f0leggingar um ska\u00f0aminnkun<\/strong><\/h2>\n<p class=\"ds-markdown-paragraph\">\u2022\u00a0<strong>Aldrei sameina<\/strong>\u00a0af:<\/p>\n<ul>\n<li>\n<p class=\"ds-markdown-paragraph\">\u00c1fengi<\/p>\n<\/li>\n<li>\n<p class=\"ds-markdown-paragraph\">Bens\u00f3d\u00edazep\u00edn<\/p>\n<\/li>\n<li>\n<p class=\"ds-markdown-paragraph\">\u00d6nnur \u00f3p\u00ed\u00f3\u00ed\u00f0<br \/>\n\u2022\u00a0<strong>Skammtadagb\u00f3k<\/strong>\u00a0a\u00f0 fylgjast me\u00f0<br \/>\n\u2022\u00a0<strong>Ranns\u00f3knar\u00e1\u00e6tlun<\/strong>\u00a0l\u00e1ta si\u00f0anefnd sko\u00f0a \u00fea\u00f0<\/p>\n<\/li>\n<\/ul>\n<p class=\"ds-markdown-paragraph\">*Fyrirvari: Eing\u00f6ngu \u00e6tla\u00f0 til v\u00edsindaranns\u00f3kna \u00ed st\u00fdr\u00f0u umhverfi. Ekki til manneldis. A\u00f0eins fyrir 21 \u00e1ra og eldri. Geymist \u00fear sem b\u00f6rn og d\u00fdr n\u00e1 ekki til.* <a href=\"https:\/\/globalsourcechemicals.com\/is\/bud\/iboga-ibogain\/kaupa-ibogaine-hcl-a-netinu\/\">kaupa ibogaine hcl \u00e1 netinu<\/a><a href=\"https:\/\/globalsourcechemicals.com\/is\/bud\/iboga-ibogain\/iboga-rotarborkur\/\">iboga r\u00f3tarb\u00f6rkur<\/a><a href=\"https:\/\/globalsourcechemicals.com\/is\/bud\/lysergamid\/1cp-lsd\/\">1cp lsd<\/a><a href=\"https:\/\/globalsourcechemicals.com\/is\/bud\/kogglar-fyrir-koggla\/o-dsmt-50-mg-kulur\/\">o-dsmt<\/a><a href=\"https:\/\/globalsourcechemicals.com\/is\/bud\/lysergamid\/1vlsd\/\">1vlsd<\/a><\/p>","protected":false},"excerpt":{"rendered":"<h3>O-DSMT eiginleikar<\/h3>\n<p><strong>Samheiti:<\/strong> <i>O-desmet\u00fdltramad\u00f3l, 3-(2-((d\u00edmet\u00fdlam\u00edn\u00f3)met\u00fdl)-1-h\u00fddrox\u00fds\u00fdkl\u00f3hex\u00fdl)fen\u00f3l<\/i><br \/>\n<strong>CAS-n\u00famer:<\/strong> 80456-81-1<br \/>\n<strong>Form\u00fala:<\/strong> <span title=\"Kolefni\">C<\/span><sub>15<\/sub><span title=\"Vetni\">H<\/span><sub>23<\/sub><span title=\"K\u00f6fnunarefni\">N<\/span><span title=\"S\u00farefni\">\u00d3<\/span><sub>2<\/sub><br \/>\n<strong>M\u00f3lmassi:<\/strong> 249,354 g\/m\u00f3l<br \/>\n<strong>Hreinleiki:<\/strong>\u00a0&gt;97%<\/p>","protected":false},"featured_media":27932,"comment_status":"closed","ping_status":"closed","template":"","meta":[],"product_brand":[82],"product_cat":[337,420,336,324],"product_tag":[326,727,725,728,726,743,729,744,730],"class_list":{"0":"post-24864","1":"product","2":"type-product","3":"status-publish","4":"has-post-thumbnail","6":"product_brand-research-chemical","7":"product_cat-o-dsmt","8":"product_cat-o-dsmt-pellets","9":"product_cat-overig","10":"product_cat-pellets-for-pellet","11":"product_tag-nl","12":"product_tag-o-dsmt-ervaringen","13":"product_tag-o-dsmt","14":"product_tag-o-dsmt-bestellen","15":"product_tag-o-dsmt-kopen","16":"product_tag-o-dsmt-pellets","17":"product_tag-o-dsmt-psychonaut","18":"product_tag-o-dsmt-xl-pellets","19":"product_tag-what-is-o-dsmt","21":"first","22":"instock","23":"taxable","24":"shipping-taxable","25":"purchasable","26":"product-type-variable"},"_links":{"self":[{"href":"https:\/\/globalsourcechemicals.com\/is\/wp-json\/wp\/v2\/product\/24864","targetHints":{"allow":["GET"]}}],"collection":[{"href":"https:\/\/globalsourcechemicals.com\/is\/wp-json\/wp\/v2\/product"}],"about":[{"href":"https:\/\/globalsourcechemicals.com\/is\/wp-json\/wp\/v2\/types\/product"}],"replies":[{"embeddable":true,"href":"https:\/\/globalsourcechemicals.com\/is\/wp-json\/wp\/v2\/comments?post=24864"}],"version-history":[{"count":5,"href":"https:\/\/globalsourcechemicals.com\/is\/wp-json\/wp\/v2\/product\/24864\/revisions"}],"predecessor-version":[{"id":26437,"href":"https:\/\/globalsourcechemicals.com\/is\/wp-json\/wp\/v2\/product\/24864\/revisions\/26437"}],"wp:featuredmedia":[{"embeddable":true,"href":"https:\/\/globalsourcechemicals.com\/is\/wp-json\/wp\/v2\/media\/27932"}],"wp:attachment":[{"href":"https:\/\/globalsourcechemicals.com\/is\/wp-json\/wp\/v2\/media?parent=24864"}],"wp:term":[{"taxonomy":"product_brand","embeddable":true,"href":"https:\/\/globalsourcechemicals.com\/is\/wp-json\/wp\/v2\/product_brand?post=24864"},{"taxonomy":"product_cat","embeddable":true,"href":"https:\/\/globalsourcechemicals.com\/is\/wp-json\/wp\/v2\/product_cat?post=24864"},{"taxonomy":"product_tag","embeddable":true,"href":"https:\/\/globalsourcechemicals.com\/is\/wp-json\/wp\/v2\/product_tag?post=24864"}],"curies":[{"name":"wp","href":"https:\/\/api.w.org\/{rel}","templated":true}]}}