{"id":24469,"date":"2025-04-13T17:41:48","date_gmt":"2025-04-13T17:41:48","guid":{"rendered":"https:\/\/globalsourcechemicals.com\/?post_type=product&#038;p=24469"},"modified":"2025-06-27T14:01:20","modified_gmt":"2025-06-27T14:01:20","slug":"5-mio-mipt-2","status":"publish","type":"product","link":"https:\/\/globalsourcechemicals.com\/is\/bud\/5-mio-mipt\/5-mio-mipt-2\/","title":{"rendered":"Moxy 5-MeO-MiPT 10 mg k\u00falur"},"content":{"rendered":"<h2 class=\"ds-markdown-paragraph\"><strong>Moxy (5-MeO-MiPT) 10 mg k\u00falur \u2013 N\u00e1kv\u00e6mt tryptam\u00edn fyrir v\u00edsindaranns\u00f3knir<\/strong><\/h2>\n<h3><strong>V\u00f6rul\u00fdsing<\/strong><\/h3>\n<p class=\"ds-markdown-paragraph\"><span class=\"___SText_anxqe-ko_\" data-ui-name=\"Link.Text\">5 m\u00edtur, <\/span>Okkar\u00a0<strong>Moxy (5-MeO-MiPT) 10mg k\u00f6gglar<\/strong>\u00a0bj\u00f3\u00f0a upp \u00e1\u00a0<strong>st\u00f6\u00f0lu\u00f0 ranns\u00f3knarform\u00fala<\/strong>\u00a0af \u00feessari einst\u00f6ku tryptam\u00ednaflei\u00f0u. Hver lyfjafr\u00e6\u00f0ilega g\u00e6\u00f0ak\u00fala inniheldur n\u00e1kv\u00e6mlega\u00a0<strong>10 mg af 5-metox\u00fd-N-met\u00fdl-N-\u00eds\u00f3pr\u00f3p\u00fdltryptam\u00edni<\/strong>, f\u00ednstillt fyrir\u00a0<strong>endurtakanlegar v\u00edsindaranns\u00f3knir<\/strong>.<\/p>\n<p class=\"ds-markdown-paragraph\"><strong>Helstu eiginleikar:<\/strong><br \/>\n\u2714\u00a0<strong>10 mg n\u00e1kv\u00e6mnissk\u00f6mmtun<\/strong>\u00a0\u00e1 hverja k\u00falu<br \/>\n\u2714\u00a0<strong>A\u00f0gengileiki eftir innt\u00f6ku<\/strong>\u00a0\u226575%<br \/>\n\u2714\u00a0<strong>Hlutlaus brag\u00f0h\u00fa\u00f0<\/strong>\u00a0fyrir \u00fe\u00e6gindi d\u00fdratilrauna<br \/>\n\u2714\u00a0<strong>GMP-votta\u00f0 framlei\u00f0sla<\/strong><\/p>\n<hr \/>\n<h2><strong>Yfirlit ranns\u00f3knarstofusk\u00fdrslu (COA)<\/strong><\/h2>\n<p class=\"ds-markdown-paragraph\">*Lot #MOXY-1125-NL | Pr\u00f3fa\u00f0 af PsyLab Europe*<br \/>\n\u2714\u00a0<strong>10,2 mg \u00b1 0,1 mg \u00ed hverju k\u00falu<\/strong>\u00a0(HPLC-MS)<br \/>\n\u2714\u00a0<strong>98,9% efnafr\u00e6\u00f0ileg hreinleiki<\/strong><br \/>\n\u2714\u00a0<strong>Engin greinanleg \u00feungm\u00e1lmar<\/strong><br \/>\n\u2714\u00a0<strong>S\u00f3tthreinsa\u00f0 framlei\u00f0sluumhverfi<\/strong><\/p>\n<hr \/>\n<h2><strong>R\u00e1\u00f0lag\u00f0ar ranns\u00f3knarums\u00f3knir<\/strong><\/h2>\n<h3><strong>1. Taugas\u00e1lfr\u00e6\u00f0ileg sko\u00f0un<\/strong><\/h3>\n<ul>\n<li>\n<p class=\"ds-markdown-paragraph\">Ranns\u00f3knir \u00e1 s\u00e9rt\u00e6kni 5-HT1A\/2A vi\u00f0taka<\/p>\n<\/li>\n<li>\n<p class=\"ds-markdown-paragraph\">Skynjunarsam\u00fe\u00e6ttingarl\u00edk\u00f6n, <span class=\"___SText_anxqe-ko_\" data-ui-name=\"Link.Text\">5 m\u00ed\u00f3 mipt<\/span><\/p>\n<\/li>\n<\/ul>\n<h3><strong>2. Kynfr\u00e6\u00f0ilegar ranns\u00f3knir<\/strong><\/h3>\n<ul>\n<li>\n<p class=\"ds-markdown-paragraph\">Ranns\u00f3knir \u00e1 snertiskynjun<\/p>\n<\/li>\n<li>\n<p class=\"ds-markdown-paragraph\">Ranns\u00f3knir \u00e1 kynhv\u00f6tarst\u00fdringu<\/p>\n<\/li>\n<\/ul>\n<h3><strong>3. Hugr\u00e6n v\u00edsindi<\/strong><\/h3>\n<ul>\n<li>\n<p class=\"ds-markdown-paragraph\">Sk\u00f6punarg\u00e1fumat<\/p>\n<\/li>\n<li>\n<p class=\"ds-markdown-paragraph\">Tilraunir um mynsturgreiningu<\/p>\n<\/li>\n<\/ul>\n<hr \/>\n<h2><strong>Notkunarreglur<\/strong><\/h2>\n<h3><strong>Sta\u00f0la\u00f0 samskiptareglur<\/strong><\/h3>\n<ol start=\"1\">\n<li>\n<p class=\"ds-markdown-paragraph\"><strong>Munnlegt<\/strong>1 k\u00fala me\u00f0 5 ml af eimu\u00f0u vatni<\/p>\n<\/li>\n<li>\n<p class=\"ds-markdown-paragraph\"><strong>Athugunart\u00edmabil<\/strong>: 6-8 klukkustundir<\/p>\n<\/li>\n<li>\n<p class=\"ds-markdown-paragraph\"><strong>L\u00e1gmarksbil<\/strong>72 klukkustundir \u00e1 milli skammta<\/p>\n<\/li>\n<\/ol>\n<h3><strong>\u00cdtarlegri a\u00f0fer\u00f0ir<\/strong><\/h3>\n<ul>\n<li>\n<p class=\"ds-markdown-paragraph\"><strong>Fr\u00e1sog undir tungu<\/strong>\u00a0(kremja \u00e1 milli s\u00f3tthreinsa\u00f0ra glergl\u00e6ra)<\/p>\n<\/li>\n<li>\n<p class=\"ds-markdown-paragraph\"><strong>Enda\u00fearmslausn<\/strong>\u00a0(2 mg\/ml \u00ed PBS stu\u00f0p\u00fa\u00f0a)<\/p>\n<\/li>\n<\/ul>\n<hr \/>\n<h2><strong>\u00c1h\u00e6tta og takmarkanir<\/strong><\/h2>\n<p class=\"ds-markdown-paragraph\">\u26a0\u00a0<strong>Skammtan\u00e6mni<\/strong><\/p>\n<ul>\n<li>\n<p class=\"ds-markdown-paragraph\">Sterk \u00f3l\u00ednuleg sv\u00f6run yfir 15 mg<\/p>\n<\/li>\n<\/ul>\n<p class=\"ds-markdown-paragraph\">\u26a0\u00a0<strong>Sj\u00e1lfvirk \u00e1hrif<\/strong><\/p>\n<ul>\n<li>\n<p class=\"ds-markdown-paragraph\">Hugsanleg \u00f3gle\u00f0i \u00ed d\u00fdral\u00edk\u00f6num<\/p>\n<\/li>\n<\/ul>\n<p class=\"ds-markdown-paragraph\">\u26a0\u00a0<strong>L\u00f6gleg sta\u00f0a<\/strong><\/p>\n<ul>\n<li>\n<p class=\"ds-markdown-paragraph\">Vi\u00f0auki I vi\u00f0 l\u00f6g um \u00f3p\u00edum (Holland)<\/p>\n<\/li>\n<\/ul>\n<p class=\"ds-markdown-paragraph\">\u26a0\u00a0<strong>Fr\u00e1bendingar<\/strong><\/p>\n<ul>\n<li>\n<p class=\"ds-markdown-paragraph\">Samsetning me\u00f0 MAO-hemlum<\/p>\n<\/li>\n<li>\n<p class=\"ds-markdown-paragraph\">Frumger\u00f0ir fyrir hjarta- og \u00e6\u00f0akerfi<\/p>\n<\/li>\n<\/ul>\n<hr \/>\n<h2><strong>Algengar spurningar (FAQ)<\/strong><\/h2>\n<h3><strong>Sp.: Hvernig ber 5-MeO-MiPT sig saman vi\u00f0 5-MeO-DMT?<\/strong><\/h3>\n<div class=\"markdown-table-wrapper\">\n<table>\n<thead>\n<tr>\n<th>F\u00e6ribreyta<\/th>\n<th>5-MeO-MiPT<\/th>\n<th>5-MeO-DMT<\/th>\n<\/tr>\n<\/thead>\n<tbody>\n<tr>\n<td>M\u00f6guleiki<\/td>\n<td>\u2605\u2605\u2606<\/td>\n<td>\u2605\u2605\u2605\u2605<\/td>\n<\/tr>\n<tr>\n<td>Verkunart\u00edmi<\/td>\n<td>4-6 a\u00f0 morgni<\/td>\n<td>1-2 klukkustundir<\/td>\n<\/tr>\n<tr>\n<td>Vi\u00f0takapr\u00f3f\u00edll<\/td>\n<td>5-HT1A&gt;2A<\/td>\n<td>5-HT2A&gt;1A<\/td>\n<\/tr>\n<\/tbody>\n<\/table>\n<\/div>\n<h3><strong>Sp.: Get \u00e9g gefi\u00f0 k\u00falur \u00ed nef?<\/strong><\/h3>\n<p class=\"ds-markdown-paragraph\">A:\u00a0<strong>Ekki m\u00e6lt me\u00f0<\/strong>\u00a0\u2013 S\u00e9rhanna\u00f0 til fr\u00e1sogs um munn<\/p>\n<h3><strong>Sp.: Hentar fyrir \u00f6rsk\u00f6mmtun?<\/strong><\/h3>\n<p class=\"ds-markdown-paragraph\">A:\u00a0<strong>J\u00e1<\/strong>\u00a0\u2013 Mylji\u00f0 og vigti\u00f0 n\u00e1kv\u00e6mlega (noti\u00f0 0,001 g vog)<\/p>\n<h3><strong>Sp.: Hva\u00f0 ef um \u00f3viljandi \u00fatsetningu er a\u00f0 r\u00e6\u00f0a?<\/strong><\/h3>\n<p class=\"ds-markdown-paragraph\">A: Skoli\u00f0 strax + gefi\u00f0 bens\u00f3d\u00edazep\u00edn (tilraunir \u00e1 d\u00fdrum)<\/p>\n<hr \/>\n<h2><strong>Ska\u00f0aminnkunarreglur<\/strong><\/h2>\n<p class=\"ds-markdown-paragraph\">\u2022\u00a0<strong>Hitastigseftirlit<\/strong>\u00a0ranns\u00f3knir in vivo<br \/>\n\u2022\u00a0<strong>Loftr\u00e6stikerfi<\/strong>\u00a0skylda fyrir duftbl\u00f6ndun<br \/>\n\u2022\u00a0<strong>Stafr\u00e6nn skammtaskr\u00e1ningarv\u00e9l<\/strong>\u00a0skyldugur<\/p>\n<p class=\"ds-markdown-paragraph\">*Fyrirvari: Eing\u00f6ngu \u00e6tla\u00f0 til l\u00f6gm\u00e6tra v\u00edsindaranns\u00f3kna. Ekki til manneldis. A\u00f0eins fyrir 21 \u00e1rs og eldri. Geymi\u00f0 \u00ed st\u00fdr\u00f0u umhverfi.*<\/p>\n<hr \/>\n<p class=\"ds-markdown-paragraph\"><strong>\ud83d\udd2c T\u00e6kniskjali\u00f0 loki\u00f0?<\/strong> Skanna\u00f0u QR k\u00f3\u00f0ann \u00e1 umb\u00fa\u00f0unum. <a href=\"https:\/\/globalsourcechemicals.com\/is\/bud\/iboga-ibogain\/iboga-rotarborkur\/\">iboga r\u00f3tarb\u00f6rkur<\/a><a href=\"https:\/\/globalsourcechemicals.com\/is\/bud\/iboga-ibogain\/kaupa-ibogaine-hcl-a-netinu\/\">kaupa ibogaine hcl \u00e1 netinu<\/a><a href=\"https:\/\/globalsourcechemicals.com\/is\/bud\/lysergamid\/1cp-lsd\/\">1cp lsd<\/a><a href=\"https:\/\/globalsourcechemicals.com\/is\/bud\/kogglar-fyrir-koggla\/o-dsmt-50-mg-kulur\/\">o-dsmt<\/a><a href=\"https:\/\/globalsourcechemicals.com\/is\/bud\/lysergamid\/1vlsd\/\">1vlsd<\/a><\/p>","protected":false},"excerpt":{"rendered":"<p>Moxy (5-MeO-MiPT) 10 mg k\u00falur \u2013 N\u00e1kv\u00e6mt tryptam\u00edn fyrir v\u00edsindaranns\u00f3knir V\u00f6rul\u00fdsing 5 meo mipt, Moxy (5-MeO-MiPT) 10 mg k\u00falurnar okkar bj\u00f3\u00f0a upp \u00e1 st\u00f6\u00f0la\u00f0a ranns\u00f3knarform\u00falu af<\/p>","protected":false},"featured_media":21432,"comment_status":"closed","ping_status":"closed","template":"","meta":[],"product_brand":[82],"product_cat":[436,434,324,381],"product_tag":[824,650,826,825,326,827],"class_list":{"0":"post-24469","1":"product","2":"type-product","3":"status-publish","4":"has-post-thumbnail","6":"product_brand-research-chemical","7":"product_cat-5-meo-mipt","8":"product_cat-5-meo-mipt-pellets","9":"product_cat-pellets-for-pellet","10":"product_cat-tryptamines","11":"product_tag-5-meo-mipt-moxy","12":"product_tag-5-meo-mipt","13":"product_tag-5-meo-mipt-moxy-purifie","14":"product_tag-moxy-5-meo-mipt","15":"product_tag-nl","16":"product_tag-purifie-moxy-5-meo-mipt","18":"first","19":"instock","20":"taxable","21":"shipping-taxable","22":"purchasable","23":"product-type-variable"},"_links":{"self":[{"href":"https:\/\/globalsourcechemicals.com\/is\/wp-json\/wp\/v2\/product\/24469","targetHints":{"allow":["GET"]}}],"collection":[{"href":"https:\/\/globalsourcechemicals.com\/is\/wp-json\/wp\/v2\/product"}],"about":[{"href":"https:\/\/globalsourcechemicals.com\/is\/wp-json\/wp\/v2\/types\/product"}],"replies":[{"embeddable":true,"href":"https:\/\/globalsourcechemicals.com\/is\/wp-json\/wp\/v2\/comments?post=24469"}],"version-history":[{"count":4,"href":"https:\/\/globalsourcechemicals.com\/is\/wp-json\/wp\/v2\/product\/24469\/revisions"}],"predecessor-version":[{"id":26461,"href":"https:\/\/globalsourcechemicals.com\/is\/wp-json\/wp\/v2\/product\/24469\/revisions\/26461"}],"wp:featuredmedia":[{"embeddable":true,"href":"https:\/\/globalsourcechemicals.com\/is\/wp-json\/wp\/v2\/media\/21432"}],"wp:attachment":[{"href":"https:\/\/globalsourcechemicals.com\/is\/wp-json\/wp\/v2\/media?parent=24469"}],"wp:term":[{"taxonomy":"product_brand","embeddable":true,"href":"https:\/\/globalsourcechemicals.com\/is\/wp-json\/wp\/v2\/product_brand?post=24469"},{"taxonomy":"product_cat","embeddable":true,"href":"https:\/\/globalsourcechemicals.com\/is\/wp-json\/wp\/v2\/product_cat?post=24469"},{"taxonomy":"product_tag","embeddable":true,"href":"https:\/\/globalsourcechemicals.com\/is\/wp-json\/wp\/v2\/product_tag?post=24469"}],"curies":[{"name":"wp","href":"https:\/\/api.w.org\/{rel}","templated":true}]}}