{"id":24332,"date":"2025-04-13T17:41:30","date_gmt":"2025-04-13T17:41:30","guid":{"rendered":"https:\/\/globalsourcechemicals.com\/?post_type=product&#038;p=24332"},"modified":"2025-04-22T05:25:33","modified_gmt":"2025-04-22T05:25:33","slug":"moxy-5-meo-mipt","status":"publish","type":"product","link":"https:\/\/globalsourcechemicals.com\/is\/bud\/fyrirtaeki-til-fyrirtaekja\/moxy-5-meo-mipt\/","title":{"rendered":"RC+ Moxy 10 mg \u00feynnupakkning"},"content":{"rendered":"<p class=\"ds-markdown-paragraph\"><strong><span class=\"___SText_anxqe-ko_\" data-ui-name=\"Link.Text\">Moxy 5 m\u00edt\u00f3am\u00edn <\/span>10 mg \u00feynna \u2013 Fyrsta flokks ranns\u00f3knarefnafr\u00e6\u00f0i \u00ed v\u00edsindalegum tilgangi<\/strong><\/p>\n<p class=\"ds-markdown-paragraph\"><strong>V\u00f6ruheiti:<\/strong>\u00a0RC+ Moxy (5-MeO-MiPT) \u2013 10 mg \u00ed hverri t\u00f6flu \u2013 \u00deynnupakkning<br \/>\n<strong>Flokkur:<\/strong>\u00a0Ranns\u00f3knarefni (ge\u00f0lyf\/tryptam\u00edn flokkur)<br \/>\n<strong>Gildissvi\u00f0:<\/strong> Taugaefnafr\u00e6\u00f0ilegar ranns\u00f3knir og lyfjafr\u00e6\u00f0ilegar ranns\u00f3knir.<a title=\"1cP-LSD 150 MCG listabletti\" href=\"https:\/\/globalsourcechemicals.com\/is\/bud\/lysergamid\/1-teskeid-af-lsd-150-mikrogromm\/\" target=\"_blank\" rel=\"noopener\">1cP-LSD 150 MCG listabletti<\/a><\/p>\n<hr \/>\n<h3><strong>V\u00f6rueiginleikar: <span class=\"___SText_anxqe-ko_\" data-ui-name=\"Link.Text\">Moxy 5 meo mipt<\/span><\/strong><\/h3>\n<p class=\"ds-markdown-paragraph\">\ud83d\udd2c\u00a0<strong>Mikil hreinleiki<\/strong>\u00a0(&gt;98%) \u2013 Bjarts\u00fdni fyrir n\u00e1kv\u00e6mar ranns\u00f3knarni\u00f0urst\u00f6\u00f0ur<br \/>\n\ud83d\udc8a\u00a0<strong>10 mg \u00ed hverri t\u00f6flu<\/strong>\u00a0\u2013 N\u00e1kv\u00e6m \u00f6rsk\u00f6mmtun fyrir st\u00fdr\u00f0ar tilraunir<br \/>\n\ud83d\udce6\u00a0<strong>Fagleg \u00feynnuumb\u00fa\u00f0ir<\/strong>\u00a0\u2013 Verndar gegn ni\u00f0urbroti vegna lj\u00f3ss\/raka<br \/>\n\ud83d\udcca\u00a0<strong>G\u00e6\u00f0avotta\u00f0<\/strong>\u00a0\u2013 Sk\u00fdrslur um HPLC\/MS greiningu eru f\u00e1anlegar ef \u00f3ska\u00f0 er eftir \u00fev\u00ed<\/p>\n<h3><strong>Um <span class=\"___SText_anxqe-ko_\" data-ui-name=\"Link.Text\">Moxy 5 meo mipt<\/span>:<\/strong><\/h3>\n<p class=\"ds-markdown-paragraph\">Ranns\u00f3knarefni \u00far tryptam\u00ednfj\u00f6lskyldunni me\u00f0 \u00e1hugaver\u00f0a lyfjafr\u00e6\u00f0ilega eiginleika fyrir:<\/p>\n<ul>\n<li>\n<p class=\"ds-markdown-paragraph\">Ranns\u00f3knir \u00e1 ser\u00f3t\u00f3n\u00ednvi\u00f0t\u00f6kum<\/p>\n<\/li>\n<li>\n<p class=\"ds-markdown-paragraph\">Ranns\u00f3knir \u00e1 taugabo\u00f0efnum<\/p>\n<\/li>\n<li>\n<p class=\"ds-markdown-paragraph\">Samanbur\u00f0argreiningar \u00e1 ge\u00f0virkum \u00fe\u00e1ttum.<a title=\"O-DSMT 50 mg k\u00falur\" href=\"https:\/\/globalsourcechemicals.com\/is\/bud\/pellets\/o-dsmt-50-mg-kulur\/\" target=\"_blank\" rel=\"noopener\">O-DSMT 50 mg k\u00falur<\/a><\/p>\n<\/li>\n<\/ul>\n<p class=\"ds-markdown-paragraph\"><strong>Mikilv\u00e6gt:<\/strong><\/p>\n<ul>\n<li>\n<p class=\"ds-markdown-paragraph\">A\u00f0eins fyrir ranns\u00f3knir in vitro<\/p>\n<\/li>\n<li>\n<p class=\"ds-markdown-paragraph\">Ekki til manneldis\/d\u00fdraneyslu<\/p>\n<\/li>\n<li>\n<p class=\"ds-markdown-paragraph\">Ekki \u00e6tla\u00f0 til l\u00e6kninga e\u00f0a af\u00fereyingar.<a title=\"2-CMC 250 mg k\u00falur\" href=\"https:\/\/globalsourcechemicals.com\/is\/bud\/katinon\/kaupa-2-cm\/\" target=\"_blank\" rel=\"noopener\">2-CMC 250 mg k\u00falur<\/a><\/p>\n<\/li>\n<\/ul>\n<hr \/>\n<h3><strong>\u00d6ryggisreglur:<span class=\"___SText_anxqe-ko_\" data-ui-name=\"Link.Text\">Moxy 5 meo mipt<\/span><\/strong><\/h3>\n<p class=\"ds-markdown-paragraph\">\u26a0\u00a0<strong>Lei\u00f0beiningar til ranns\u00f3knarstofu:<\/strong><\/p>\n<ul>\n<li>\n<p class=\"ds-markdown-paragraph\">Vinni\u00f0 alltaf me\u00f0 hanska\/ranns\u00f3knarstofuslopp<\/p>\n<\/li>\n<li>\n<p class=\"ds-markdown-paragraph\">Noti\u00f0 a\u00f0eins \u00ed st\u00fdr\u00f0u ranns\u00f3knarstofuumhverfi<\/p>\n<\/li>\n<li>\n<p class=\"ds-markdown-paragraph\">For\u00f0ist bein snertingu vi\u00f0 h\u00fa\u00f0\/augu<\/p>\n<\/li>\n<\/ul>\n<p class=\"ds-markdown-paragraph\">\u26a0\u00a0<strong>L\u00f6gleg sta\u00f0a:<\/strong><\/p>\n<ul>\n<li>\n<p class=\"ds-markdown-paragraph\">L\u00f6g um \u00f3p\u00edum \u00ed Hollandi<\/p>\n<\/li>\n<li>\n<p class=\"ds-markdown-paragraph\">Takmarkanir kunna a\u00f0 eiga vi\u00f0 um allt ESB<\/p>\n<\/li>\n<li>\n<p class=\"ds-markdown-paragraph\">\u00c1byrg\u00f0 \u00e1 kaupunum er hj\u00e1 rannsakandanum.<\/p>\n<\/li>\n<\/ul>\n<hr \/>\n<h3><strong>Af hverju RC+ Moxy 10 mg \u00feynnupakkning?<\/strong><\/h3>\n<p class=\"ds-markdown-paragraph\">\u2705\u00a0<strong>\u00cdtarleg g\u00e6\u00f0aeftirlit<\/strong>\u00a0\u2013 Hver lota pr\u00f3fu\u00f0 sj\u00e1lfst\u00e6tt<br \/>\n\u2705\u00a0<strong>N\u00e6\u00f0i sendingar<\/strong>\u00a0\u2013 Algj\u00f6rlega nafnlausar umb\u00fa\u00f0ir<br \/>\n\u2705\u00a0<strong>Hra\u00f0 afhending til ESB<\/strong>\u00a0\u2013 F\u00e1anlegt \u00ed evr\u00f3pskum v\u00f6ruh\u00fasum<br \/>\n\u2705\u00a0<strong>V\u00edsindaleg skj\u00f6lun<\/strong> \u2013 \u00cdtarlegar uppl\u00fdsingar um v\u00f6runa eru tilt\u00e6kar.<a title=\"2C-EF 2 mg hylki\" href=\"https:\/\/globalsourcechemicals.com\/is\/bud\/fenetylamin\/2c-ef-2-mg-hylki\/\" target=\"_blank\" rel=\"noopener\">2C-EF 2 mg hylki<\/a><\/p>","protected":false},"excerpt":{"rendered":"<p><strong>CAS Nummer:<\/strong> 96096-55-8<br \/>\n<strong>Formule:<\/strong> N-[2-(5-methoxy-1H-indol-3-yl)ethyl]-N-methylpropan-2-amine<br \/>\n<strong>Molmassa:<\/strong> 246.354 g\u00b7mol<br \/>\n<strong>Zuiverheid:<\/strong> &gt;97%<\/p>\n","protected":false},"featured_media":21602,"comment_status":"closed","ping_status":"closed","template":"","meta":[],"product_brand":[82],"product_cat":[555],"product_tag":[824,826,825,326,827],"class_list":{"0":"post-24332","1":"product","2":"type-product","3":"status-publish","4":"has-post-thumbnail","6":"product_brand-research-chemical","7":"product_cat-b2b","8":"product_tag-5-meo-mipt-moxy","9":"product_tag-5-meo-mipt-moxy-purifie","10":"product_tag-moxy-5-meo-mipt","11":"product_tag-nl","12":"product_tag-purifie-moxy-5-meo-mipt","14":"first","15":"instock","16":"taxable","17":"shipping-taxable","18":"purchasable","19":"product-type-variable"},"_links":{"self":[{"href":"https:\/\/globalsourcechemicals.com\/is\/wp-json\/wp\/v2\/product\/24332","targetHints":{"allow":["GET"]}}],"collection":[{"href":"https:\/\/globalsourcechemicals.com\/is\/wp-json\/wp\/v2\/product"}],"about":[{"href":"https:\/\/globalsourcechemicals.com\/is\/wp-json\/wp\/v2\/types\/product"}],"replies":[{"embeddable":true,"href":"https:\/\/globalsourcechemicals.com\/is\/wp-json\/wp\/v2\/comments?post=24332"}],"version-history":[{"count":3,"href":"https:\/\/globalsourcechemicals.com\/is\/wp-json\/wp\/v2\/product\/24332\/revisions"}],"predecessor-version":[{"id":25994,"href":"https:\/\/globalsourcechemicals.com\/is\/wp-json\/wp\/v2\/product\/24332\/revisions\/25994"}],"wp:featuredmedia":[{"embeddable":true,"href":"https:\/\/globalsourcechemicals.com\/is\/wp-json\/wp\/v2\/media\/21602"}],"wp:attachment":[{"href":"https:\/\/globalsourcechemicals.com\/is\/wp-json\/wp\/v2\/media?parent=24332"}],"wp:term":[{"taxonomy":"product_brand","embeddable":true,"href":"https:\/\/globalsourcechemicals.com\/is\/wp-json\/wp\/v2\/product_brand?post=24332"},{"taxonomy":"product_cat","embeddable":true,"href":"https:\/\/globalsourcechemicals.com\/is\/wp-json\/wp\/v2\/product_cat?post=24332"},{"taxonomy":"product_tag","embeddable":true,"href":"https:\/\/globalsourcechemicals.com\/is\/wp-json\/wp\/v2\/product_tag?post=24332"}],"curies":[{"name":"wp","href":"https:\/\/api.w.org\/{rel}","templated":true}]}}